{"id":966,"date":"2018-11-23T06:01:58","date_gmt":"2018-11-23T06:01:58","guid":{"rendered":"http:\/\/www.related.dk\/macao-tradekit\/om-macao\/omraader\/"},"modified":"2018-11-23T06:05:02","modified_gmt":"2018-11-23T06:05:02","slug":"omraader","status":"publish","type":"page","link":"https:\/\/www.related.dk\/macao-tradekit\/om-macao\/omraader\/?lang=no","title":{"rendered":"Omr\u00e5der"},"content":{"rendered":"<div class=\"vce-row-container\"><div class=\"vce-row vce-row--col-gap-30 vce-row-columns--top vce-row-content--top\" id=\"el-30f0d799\" data-vce-do-apply=\"all el-30f0d799\"><div class=\"vce-row-content\" data-vce-element-content=\"true\"><div class=\"vce-col vce-col--md-auto vce-col--xs-1 vce-col--xs-last vce-col--xs-first vce-col--sm-last vce-col--sm-first vce-col--md-last vce-col--lg-last vce-col--xl-last vce-col--md-first vce-col--lg-first vce-col--xl-first\" id=\"el-316bbe93\" data-vce-do-apply=\"background border el-316bbe93\"><div class=\"vce-col-inner\" data-vce-element-content=\"true\" data-vce-do-apply=\"padding margin  el-316bbe93\"><section class=\"vce-hero-section-container vce-hero-section-media--xs vce-hero-section-media--sm vce-hero-section-media--md vce-hero-section-media--lg\"><div class=\"vce vce-hero-section vce-hero-section--alignment-start\" id=\"el-cced931c\" data-vce-do-apply=\"margin background border  el-cced931c\"><div class=\"vce-hero-section--wrap-row vce-hero-section--background-position-center-center\" style=\"background-image: url('https:\/\/www.related.dk\/macao-tradekit\/wp-content\/uploads\/2018\/11\/Banner_MTB_Jacob_Photo-0320.jpg');\"><div class=\"vce-hero-section--wrap\"><div class=\"vce-hero-section--content\" data-vce-do-apply=\"padding el-cced931c\"><div class=\"vce-hero-section--content-container\"><h1><strong>OMR\u00c5DER<\/strong><\/h1><p>Macao er delt inn i fire omr\u00e5der som til sammen dekker et areal p\u00e5 cirka 30,5 kvadratkilometer.<\/p><\/div><\/div><\/div><\/div><\/div><\/section><\/div><\/div><\/div><\/div><\/div><div class=\"vce-row-container\"><div class=\"vce-row vce-row--col-gap-30 vce-row-columns--top vce-row-content--top\" id=\"el-f36e30fb\" data-vce-do-apply=\"all el-f36e30fb\"><div class=\"vce-row-content\" data-vce-element-content=\"true\"><div class=\"vce-col vce-col--md-auto vce-col--xs-1 vce-col--xs-last vce-col--xs-first vce-col--sm-last vce-col--sm-first vce-col--md-last vce-col--lg-last vce-col--xl-last vce-col--md-first vce-col--lg-first vce-col--xl-first\" id=\"el-930551cd\" data-vce-do-apply=\"background border el-930551cd\"><div class=\"vce-col-inner\" data-vce-element-content=\"true\" data-vce-do-apply=\"padding margin  el-930551cd\"><div class=\"vce-text-block\"><div class=\"vce-text-block-wrapper vce\" id=\"el-72f50a31\" data-vce-do-apply=\"all el-72f50a31\"><h3>Macao-halv\u00f8ya<\/h3><p>Macao-halv\u00f8ya er Macaos hjerte og huser blant annet byens historiske sentrum, som i 2005 ble innlemmet i UNESCOS verdensarvliste. Her finner du i alt 8 torg og 22 historiske bygninger \u2013 inkludert atskillige kirker, et bibliotek, festningsanlegg, en kirkeg\u00e5rd, et teater, et universitet og mye mer.<\/p><h3>Taipa<\/h3><p>Taipa er en skattkiste av butikker, tradisjonelle kafeer, suvenirbutikker og mye mer. Omr\u00e5det er spesielt kjent for sine portugisiske vibber med pastellfargede hus og rolige gater \u2013 og omr\u00e5det skjuler ogs\u00e5 et stort utvalg lekre portugisiske restauranter.<\/p><h3>Coloane<\/h3><p>I Coloanes smale gater kan man oppleve en bit av det gamle Macao, og omr\u00e5det er kjennetegnet av gr\u00f8nne omgivelser, tradisjonelle landsbyer samt strender og bukter. To av omr\u00e5dets mest bes\u00f8kte steder er St. Francis Xavier-kapellet og Tam Kong-templet, som er dedikert til sj\u00f8farernes gud Tam Kong. P\u00e5 torget foran kapellet finner du flere anbefalelsesverdige restauranter som serverer b\u00e5de portugisisk og kinesisk mat. G\u00e5r du langs elven bort til Tam Kong-templet, kan du oppleve de lokales livsstil og hus bygget p\u00e5 p\u00e5ler i vannet.<\/p><h3>Cotai<\/h3><p>Cotai ligger mellom Taipa og Coloane. Her finner du de store internasjonale resort- og hotellkjedene, som for eksempel The Venetian, Four Seasons, Banyan Tree, JW Marriot, The Ritz-Carlton, Wynn og MGM. <\/p><\/div><\/div><\/div><\/div><\/div><\/div><\/div><div class=\"vce-row-container\"><div class=\"vce-row vce-row--col-gap-30 vce-row-columns--top vce-row-content--top\" id=\"el-724ab308\" data-vce-do-apply=\"all el-724ab308\"><div class=\"vce-row-content\" data-vce-element-content=\"true\"><div class=\"vce-col vce-col--md-auto vce-col--xs-1 vce-col--xs-last vce-col--xs-first vce-col--sm-last vce-col--sm-first vce-col--md-last vce-col--lg-last vce-col--xl-last vce-col--md-first vce-col--lg-first vce-col--xl-first\" id=\"el-1df27e59\" data-vce-do-apply=\"background border el-1df27e59\"><div class=\"vce-col-inner\" data-vce-element-content=\"true\" data-vce-do-apply=\"padding margin  el-1df27e59\"><div class=\"vce-google-maps vce-google-maps--align-left\"><div class=\"vce-google-maps-wrapper vce vce-google-maps--width-custom vce-google-maps-proportional\" id=\"el-b32001eb\" data-vce-do-apply=\"all el-b32001eb\" style=\"width: 1600px; height: auto;\"><div class=\"vce-google-maps-inner\" style=\"padding-bottom: 75%;\"><iframe loading=\"lazy\" src=\"https:\/\/www.google.com\/maps\/embed?pb=!1m14!1m12!1m3!1d223107.6947029463!2d113.50276886288114!3d22.226749360030087!2m3!1f0!2f0!3f0!3m2!1i1024!2i768!4f13.1!5e0!3m2!1sda!2sdk!4v1542715948494\" width=\"600\" height=\"450\" frameborder=\"0\" style=\"border: 0px; pointer-events: none;\" allowfullscreen=\"\"><\/iframe><\/div><\/div><\/div><\/div><\/div><\/div><\/div><\/div>\n","protected":false},"excerpt":{"rendered":"<p>OMR\u00c5DERMacao er delt inn i fire omr\u00e5der som til sammen dekker et areal p\u00e5 cirka 30,5 kvadratkilometer.Macao-halv\u00f8yaMacao-halv\u00f8ya er Macaos hjerte og huser blant annet byens historiske sentrum, som i 2005 ble innlemmet i UNESCOS verdensarvliste. Her finner du i alt 8 torg og 22 historiske bygninger \u2013 inkludert atskillige kirker, et bibliotek, festningsanlegg, en kirkeg\u00e5rd, &hellip; <\/p>\n<p class=\"link-more\"><a href=\"https:\/\/www.related.dk\/macao-tradekit\/om-macao\/omraader\/?lang=no\" class=\"more-link\">L\u00e6s videre<span class=\"screen-reader-text\"> &#8220;Omr\u00e5der&#8221;<\/span><\/a><\/p>\n","protected":false},"author":2,"featured_media":0,"parent":963,"menu_order":0,"comment_status":"closed","ping_status":"closed","template":"","meta":[],"_links":{"self":[{"href":"https:\/\/www.related.dk\/macao-tradekit\/wp-json\/wp\/v2\/pages\/966"}],"collection":[{"href":"https:\/\/www.related.dk\/macao-tradekit\/wp-json\/wp\/v2\/pages"}],"about":[{"href":"https:\/\/www.related.dk\/macao-tradekit\/wp-json\/wp\/v2\/types\/page"}],"author":[{"embeddable":true,"href":"https:\/\/www.related.dk\/macao-tradekit\/wp-json\/wp\/v2\/users\/2"}],"replies":[{"embeddable":true,"href":"https:\/\/www.related.dk\/macao-tradekit\/wp-json\/wp\/v2\/comments?post=966"}],"version-history":[{"count":1,"href":"https:\/\/www.related.dk\/macao-tradekit\/wp-json\/wp\/v2\/pages\/966\/revisions"}],"predecessor-version":[{"id":968,"href":"https:\/\/www.related.dk\/macao-tradekit\/wp-json\/wp\/v2\/pages\/966\/revisions\/968"}],"up":[{"embeddable":true,"href":"https:\/\/www.related.dk\/macao-tradekit\/wp-json\/wp\/v2\/pages\/963"}],"wp:attachment":[{"href":"https:\/\/www.related.dk\/macao-tradekit\/wp-json\/wp\/v2\/media?parent=966"}],"curies":[{"name":"wp","href":"https:\/\/api.w.org\/{rel}","templated":true}]}}