{"id":963,"date":"2018-11-23T05:58:56","date_gmt":"2018-11-23T05:58:56","guid":{"rendered":"http:\/\/www.related.dk\/macao-tradekit\/om-macao\/"},"modified":"2018-11-23T06:01:19","modified_gmt":"2018-11-23T06:01:19","slug":"om-macao","status":"publish","type":"page","link":"https:\/\/www.related.dk\/macao-tradekit\/om-macao\/?lang=no","title":{"rendered":"Om Macao"},"content":{"rendered":"<div class=\"vce-row-container\"><div class=\"vce-row vce-row--col-gap-30 vce-row-columns--top vce-row-content--top\" id=\"el-c50d730d\" data-vce-do-apply=\"all el-c50d730d\"><div class=\"vce-row-content\" data-vce-element-content=\"true\"><div class=\"vce-col vce-col--md-auto vce-col--xs-1 vce-col--xs-last vce-col--xs-first vce-col--sm-last vce-col--sm-first vce-col--md-last vce-col--lg-last vce-col--xl-last vce-col--md-first vce-col--lg-first vce-col--xl-first\" id=\"el-4d2604ae\" data-vce-do-apply=\"background border el-4d2604ae\"><div class=\"vce-col-inner\" data-vce-element-content=\"true\" data-vce-do-apply=\"padding margin  el-4d2604ae\"><section class=\"vce-hero-section-container vce-hero-section-media--xs vce-hero-section-media--sm vce-hero-section-media--md vce-hero-section-media--lg\"><div class=\"vce vce-hero-section vce-hero-section--alignment-start\" id=\"el-516aa834\" data-vce-do-apply=\"margin background border  el-516aa834\"><div class=\"vce-hero-section--wrap-row vce-hero-section--background-position-center-center\" style=\"background-image: url('https:\/\/www.related.dk\/macao-tradekit\/wp-content\/uploads\/2018\/11\/Banner_330_2.jpg');\"><div class=\"vce-hero-section--wrap\"><div class=\"vce-hero-section--content\" data-vce-do-apply=\"padding el-516aa834\"><div class=\"vce-hero-section--content-container\"><h1><strong>OM MACAO<\/strong><\/h1><\/div><\/div><\/div><\/div><\/div><\/section><\/div><\/div><\/div><\/div><\/div><div class=\"vce-row-container\"><div class=\"vce-row vce-row--col-gap-30 vce-row-columns--top vce-row-content--top\" id=\"el-adc3a57a\" data-vce-do-apply=\"all el-adc3a57a\"><div class=\"vce-row-content\" data-vce-element-content=\"true\"><div class=\"vce-col vce-col--md-auto vce-col--xs-1 vce-col--xs-last vce-col--xs-first vce-col--sm-last vce-col--sm-first vce-col--md-last vce-col--lg-last vce-col--xl-last vce-col--md-first vce-col--lg-first vce-col--xl-first\" id=\"el-565497c5\" data-vce-do-apply=\"background border el-565497c5\"><div class=\"vce-col-inner\" data-vce-element-content=\"true\" data-vce-do-apply=\"padding margin  el-565497c5\"><div class=\"vce-text-block\"><div class=\"vce-text-block-wrapper vce\" id=\"el-1a996115\" data-vce-do-apply=\"all el-1a996115\"><p>Macao ligger omkring 60 km vest for Hongkong og best\u00e5r av Macao-halv\u00f8ya samt \u00f8yene Taipa og Coloane. Macao-halv\u00f8ya, som er Macaos hjerte og blant annet huser \u00f8ystatens historiske sentrum, er forbundet med Taipa med tre broer. Mellom Taipa og Coloane har flere store internasjonale resorter etablert seg p\u00e5 innvunne land \u2013 i et nytt omr\u00e5de kalt Cotai.<\/p><p>Portugiserne kom til Macao i midten av det 16. \u00e5rhundre, og i dag er byens arkitektur, kunst, religion, tradisjoner og matkultur fremdeles p\u00e5virket av b\u00e5de kinesisk, vestlig og portugisisk kultur. Macao ble i 1999 en spesiell administrativ region under Folkerepublikken Kina. I 2005 ble Macaos historiske sentrum opptatt p\u00e5 UNESCOS verdensarvliste, mens Macao i 2017 blev tatt opp som medlem av UNESCO Creative Cities Network (UCCN) innen gastronomi.<\/p><\/div><\/div><\/div><\/div><\/div><\/div><\/div><div class=\"vce-row-container\"><div class=\"vce-row vce-row--col-gap-30 vce-row-columns--top vce-row-content--top\" id=\"el-f80202c9\" data-vce-do-apply=\"all el-f80202c9\"><div class=\"vce-row-content\" data-vce-element-content=\"true\"><div class=\"vce-col vce-col--md-auto vce-col--xs-1 vce-col--xs-last vce-col--xs-first vce-col--sm-last vce-col--sm-first vce-col--md-last vce-col--lg-last vce-col--xl-last vce-col--md-first vce-col--lg-first vce-col--xl-first\" id=\"el-56f3e1ff\" data-vce-do-apply=\"background border el-56f3e1ff\"><div class=\"vce-col-inner\" data-vce-element-content=\"true\" data-vce-do-apply=\"padding margin  el-56f3e1ff\"><div class=\"vce-google-maps vce-google-maps--align-left\"><div class=\"vce-google-maps-wrapper vce vce-google-maps--width-custom vce-google-maps-proportional\" id=\"el-a1c29746\" data-vce-do-apply=\"all el-a1c29746\" style=\"width: 1600px; height: auto;\"><div class=\"vce-google-maps-inner\" style=\"padding-bottom: 75%;\"><iframe loading=\"lazy\" src=\"https:\/\/www.google.com\/maps\/embed?pb=!1m14!1m12!1m3!1d223107.6947029463!2d113.50276886288114!3d22.226749360030087!2m3!1f0!2f0!3f0!3m2!1i1024!2i768!4f13.1!5e0!3m2!1sda!2sdk!4v1542715948494\" width=\"600\" height=\"450\" frameborder=\"0\" style=\"border: 0px; pointer-events: none;\" allowfullscreen=\"\"><\/iframe><\/div><\/div><\/div><\/div><\/div><\/div><\/div><\/div>\n","protected":false},"excerpt":{"rendered":"<p>OM MACAOMacao ligger omkring 60 km vest for Hongkong og best\u00e5r av Macao-halv\u00f8ya samt \u00f8yene Taipa og Coloane. Macao-halv\u00f8ya, som er Macaos hjerte og blant annet huser \u00f8ystatens historiske sentrum, er forbundet med Taipa med tre broer. Mellom Taipa og Coloane har flere store internasjonale resorter etablert seg p\u00e5 innvunne land \u2013 i et nytt &hellip; <\/p>\n<p class=\"link-more\"><a href=\"https:\/\/www.related.dk\/macao-tradekit\/om-macao\/?lang=no\" class=\"more-link\">L\u00e6s videre<span class=\"screen-reader-text\"> &#8220;Om Macao&#8221;<\/span><\/a><\/p>\n","protected":false},"author":2,"featured_media":0,"parent":0,"menu_order":0,"comment_status":"closed","ping_status":"closed","template":"","meta":[],"_links":{"self":[{"href":"https:\/\/www.related.dk\/macao-tradekit\/wp-json\/wp\/v2\/pages\/963"}],"collection":[{"href":"https:\/\/www.related.dk\/macao-tradekit\/wp-json\/wp\/v2\/pages"}],"about":[{"href":"https:\/\/www.related.dk\/macao-tradekit\/wp-json\/wp\/v2\/types\/page"}],"author":[{"embeddable":true,"href":"https:\/\/www.related.dk\/macao-tradekit\/wp-json\/wp\/v2\/users\/2"}],"replies":[{"embeddable":true,"href":"https:\/\/www.related.dk\/macao-tradekit\/wp-json\/wp\/v2\/comments?post=963"}],"version-history":[{"count":1,"href":"https:\/\/www.related.dk\/macao-tradekit\/wp-json\/wp\/v2\/pages\/963\/revisions"}],"predecessor-version":[{"id":965,"href":"https:\/\/www.related.dk\/macao-tradekit\/wp-json\/wp\/v2\/pages\/963\/revisions\/965"}],"wp:attachment":[{"href":"https:\/\/www.related.dk\/macao-tradekit\/wp-json\/wp\/v2\/media?parent=963"}],"curies":[{"name":"wp","href":"https:\/\/api.w.org\/{rel}","templated":true}]}}