{"id":949,"date":"2018-11-23T05:34:16","date_gmt":"2018-11-23T05:34:16","guid":{"rendered":"http:\/\/www.related.dk\/macao-tradekit\/tietoa-macaosta\/alueet\/"},"modified":"2018-11-23T05:38:06","modified_gmt":"2018-11-23T05:38:06","slug":"alueet","status":"publish","type":"page","link":"https:\/\/www.related.dk\/macao-tradekit\/tietoa-macaosta\/alueet\/?lang=fi","title":{"rendered":"Alueet"},"content":{"rendered":"<div class=\"vce-row-container\"><div class=\"vce-row vce-row--col-gap-30 vce-row-columns--top vce-row-content--top\" id=\"el-7250a0af\" data-vce-do-apply=\"all el-7250a0af\"><div class=\"vce-row-content\" data-vce-element-content=\"true\"><div class=\"vce-col vce-col--md-auto vce-col--xs-1 vce-col--xs-last vce-col--xs-first vce-col--sm-last vce-col--sm-first vce-col--md-last vce-col--lg-last vce-col--xl-last vce-col--md-first vce-col--lg-first vce-col--xl-first\" id=\"el-cf936047\" data-vce-do-apply=\"background border el-cf936047\"><div class=\"vce-col-inner\" data-vce-element-content=\"true\" data-vce-do-apply=\"padding margin  el-cf936047\"><section class=\"vce-hero-section-container vce-hero-section-media--xs vce-hero-section-media--sm vce-hero-section-media--md vce-hero-section-media--lg\"><div class=\"vce vce-hero-section vce-hero-section--alignment-start\" id=\"el-cdead0a5\" data-vce-do-apply=\"margin background border  el-cdead0a5\"><div class=\"vce-hero-section--wrap-row vce-hero-section--background-position-center-center\" style=\"background-image: url('https:\/\/www.related.dk\/macao-tradekit\/wp-content\/uploads\/2018\/11\/Banner_MTB_Jacob_Photo-0320.jpg');\"><div class=\"vce-hero-section--wrap\"><div class=\"vce-hero-section--content\" data-vce-do-apply=\"padding el-cdead0a5\"><div class=\"vce-hero-section--content-container\"><h1><strong>ALUEET<\/strong><\/h1><p>Macao on jaettu nelj\u00e4\u00e4n alueeseen, joiden yhteenlaskettu pinta-ala on noin 30,5 km2.<\/p><\/div><\/div><\/div><\/div><\/div><\/section><\/div><\/div><\/div><\/div><\/div><div class=\"vce-row-container\"><div class=\"vce-row vce-row--col-gap-30 vce-row-columns--top vce-row-content--top\" id=\"el-72d606cd\" data-vce-do-apply=\"all el-72d606cd\"><div class=\"vce-row-content\" data-vce-element-content=\"true\"><div class=\"vce-col vce-col--md-auto vce-col--xs-1 vce-col--xs-last vce-col--xs-first vce-col--sm-last vce-col--sm-first vce-col--md-last vce-col--lg-last vce-col--xl-last vce-col--md-first vce-col--lg-first vce-col--xl-first\" id=\"el-cb44ecda\" data-vce-do-apply=\"background border el-cb44ecda\"><div class=\"vce-col-inner\" data-vce-element-content=\"true\" data-vce-do-apply=\"padding margin  el-cb44ecda\"><div class=\"vce-text-block\"><div class=\"vce-text-block-wrapper vce\" id=\"el-f21b261d\" data-vce-do-apply=\"all el-f21b261d\"><h3>Macaon niemimaa<\/h3><p>Macaon syd\u00e4n on niemimaa, josta l\u00f6ytyy my\u00f6s Unescon maailmanperint\u00f6luetteloon vuonna 2005 hyv\u00e4ksytty historiallinen keskusta. Keskustassa on yhteens\u00e4 8 toria ja 22 historiallista rakennusta \u2013 mm. useita kirkkoja, kirjasto, linnoitus, hautausmaa, teatteri, yliopisto ja paljon muuta.<\/p><h3>Taipa<\/h3><p>Taipa on myym\u00e4l\u00f6iden, perinteisten kahviloiden ja matkamuistokauppojen keidas. Alue tunnetaan pastellinv\u00e4risten talojen ja rauhallisten katujen luomasta portugalilaisesta tunnelmasta, ja t\u00e4\u00e4lt\u00e4 l\u00f6ytyy my\u00f6s kosolti herkullisia portugalilaisia ravintoloita.<\/p><h3>Coloane<\/h3><p>Coloanen kapeilla kaduilla voi aistia vanhan Macaon tunnelmaa. Aluetta hallitsevat viheralueet, perinteiset kyl\u00e4t sek\u00e4 rannat ja lahdenpoukamat. Alueen suosituimpia n\u00e4ht\u00e4vyyksi\u00e4 ovat Pyh\u00e4n Francisco Xavierin kappeli ja merenjumala Tam Kongille omistettu temppeli. Kappelin edustalla olevalla torilla on useita suositeltavia ravintoloita, jotka tarjoavat portugalilaista ja kiinalaista ruokaa. Jos k\u00e4velee Tam Kongin temppelille rantaa pitkin, p\u00e4\u00e4see samalla n\u00e4kem\u00e4\u00e4n paikallista el\u00e4m\u00e4ntapaa ja pylv\u00e4iden p\u00e4\u00e4lle rakennettuja taloja.<\/p><h3>Cotai<\/h3><p>Cotai sijaitsee Taipan ja Coloanen v\u00e4liss\u00e4. T\u00e4nne on rantautunut suuria kansainv\u00e4lisi\u00e4 resort- ja hotellibr\u00e4ndej\u00e4, kuten The Venetian, Four Seasons, Banyan Tree, JW Marriot, The Ritz-Carlton, Wynn ja MGM. <\/p><\/div><\/div><\/div><\/div><\/div><\/div><\/div><div class=\"vce-row-container\"><div class=\"vce-row vce-row--col-gap-30 vce-row-columns--top vce-row-content--top\" id=\"el-89444085\" data-vce-do-apply=\"all el-89444085\"><div class=\"vce-row-content\" data-vce-element-content=\"true\"><div class=\"vce-col vce-col--md-auto vce-col--xs-1 vce-col--xs-last vce-col--xs-first vce-col--sm-last vce-col--sm-first vce-col--md-last vce-col--lg-last vce-col--xl-last vce-col--md-first vce-col--lg-first vce-col--xl-first\" id=\"el-499df219\" data-vce-do-apply=\"background border el-499df219\"><div class=\"vce-col-inner\" data-vce-element-content=\"true\" data-vce-do-apply=\"padding margin  el-499df219\"><div class=\"vce-google-maps vce-google-maps--align-left\"><div class=\"vce-google-maps-wrapper vce vce-google-maps--width-custom vce-google-maps-proportional\" id=\"el-beea1fda\" data-vce-do-apply=\"all el-beea1fda\" style=\"width: 1600px; height: auto;\"><div class=\"vce-google-maps-inner\" style=\"padding-bottom: 75%;\"><iframe loading=\"lazy\" src=\"https:\/\/www.google.com\/maps\/embed?pb=!1m14!1m12!1m3!1d223107.6947029463!2d113.50276886288114!3d22.226749360030087!2m3!1f0!2f0!3f0!3m2!1i1024!2i768!4f13.1!5e0!3m2!1sda!2sdk!4v1542715948494\" width=\"600\" height=\"450\" frameborder=\"0\" style=\"border: 0px; pointer-events: none;\" allowfullscreen=\"\"><\/iframe><\/div><\/div><\/div><\/div><\/div><\/div><\/div><\/div>\n","protected":false},"excerpt":{"rendered":"<p>ALUEETMacao on jaettu nelj\u00e4\u00e4n alueeseen, joiden yhteenlaskettu pinta-ala on noin 30,5 km2.Macaon niemimaaMacaon syd\u00e4n on niemimaa, josta l\u00f6ytyy my\u00f6s Unescon maailmanperint\u00f6luetteloon vuonna 2005 hyv\u00e4ksytty historiallinen keskusta. Keskustassa on yhteens\u00e4 8 toria ja 22 historiallista rakennusta \u2013 mm. useita kirkkoja, kirjasto, linnoitus, hautausmaa, teatteri, yliopisto ja paljon muuta.TaipaTaipa on myym\u00e4l\u00f6iden, perinteisten kahviloiden ja matkamuistokauppojen keidas. Alue &hellip; <\/p>\n<p class=\"link-more\"><a href=\"https:\/\/www.related.dk\/macao-tradekit\/tietoa-macaosta\/alueet\/?lang=fi\" class=\"more-link\">L\u00e6s videre<span class=\"screen-reader-text\"> &#8220;Alueet&#8221;<\/span><\/a><\/p>\n","protected":false},"author":2,"featured_media":0,"parent":930,"menu_order":0,"comment_status":"closed","ping_status":"closed","template":"","meta":[],"_links":{"self":[{"href":"https:\/\/www.related.dk\/macao-tradekit\/wp-json\/wp\/v2\/pages\/949"}],"collection":[{"href":"https:\/\/www.related.dk\/macao-tradekit\/wp-json\/wp\/v2\/pages"}],"about":[{"href":"https:\/\/www.related.dk\/macao-tradekit\/wp-json\/wp\/v2\/types\/page"}],"author":[{"embeddable":true,"href":"https:\/\/www.related.dk\/macao-tradekit\/wp-json\/wp\/v2\/users\/2"}],"replies":[{"embeddable":true,"href":"https:\/\/www.related.dk\/macao-tradekit\/wp-json\/wp\/v2\/comments?post=949"}],"version-history":[{"count":2,"href":"https:\/\/www.related.dk\/macao-tradekit\/wp-json\/wp\/v2\/pages\/949\/revisions"}],"predecessor-version":[{"id":952,"href":"https:\/\/www.related.dk\/macao-tradekit\/wp-json\/wp\/v2\/pages\/949\/revisions\/952"}],"up":[{"embeddable":true,"href":"https:\/\/www.related.dk\/macao-tradekit\/wp-json\/wp\/v2\/pages\/930"}],"wp:attachment":[{"href":"https:\/\/www.related.dk\/macao-tradekit\/wp-json\/wp\/v2\/media?parent=949"}],"curies":[{"name":"wp","href":"https:\/\/api.w.org\/{rel}","templated":true}]}}