{"id":930,"date":"2018-11-23T05:23:38","date_gmt":"2018-11-23T05:23:38","guid":{"rendered":"http:\/\/www.related.dk\/macao-tradekit\/tietoa-macaosta\/"},"modified":"2018-11-23T05:29:46","modified_gmt":"2018-11-23T05:29:46","slug":"tietoa-macaosta","status":"publish","type":"page","link":"https:\/\/www.related.dk\/macao-tradekit\/tietoa-macaosta\/?lang=fi","title":{"rendered":"Tietoa Macaosta"},"content":{"rendered":"<div class=\"vce-row-container\"><div class=\"vce-row vce-row--col-gap-30 vce-row-columns--top vce-row-content--top\" id=\"el-de2821d5\" data-vce-do-apply=\"all el-de2821d5\"><div class=\"vce-row-content\" data-vce-element-content=\"true\"><div class=\"vce-col vce-col--md-auto vce-col--xs-1 vce-col--xs-last vce-col--xs-first vce-col--sm-last vce-col--sm-first vce-col--md-last vce-col--lg-last vce-col--xl-last vce-col--md-first vce-col--lg-first vce-col--xl-first\" id=\"el-e7e5cf9e\" data-vce-do-apply=\"background border el-e7e5cf9e\"><div class=\"vce-col-inner\" data-vce-element-content=\"true\" data-vce-do-apply=\"padding margin  el-e7e5cf9e\"><section class=\"vce-hero-section-container vce-hero-section-media--xs vce-hero-section-media--sm vce-hero-section-media--md vce-hero-section-media--lg\"><div class=\"vce vce-hero-section vce-hero-section--alignment-start\" id=\"el-73f77343\" data-vce-do-apply=\"margin background border  el-73f77343\"><div class=\"vce-hero-section--wrap-row vce-hero-section--background-position-center-center\" style=\"background-image: url('https:\/\/www.related.dk\/macao-tradekit\/wp-content\/uploads\/2018\/11\/Banner_330_2.jpg');\"><div class=\"vce-hero-section--wrap\"><div class=\"vce-hero-section--content\" data-vce-do-apply=\"padding el-73f77343\"><div class=\"vce-hero-section--content-container\"><h1><strong>TIETOA MACAOSTA<\/strong><\/h1><\/div><\/div><\/div><\/div><\/div><\/section><\/div><\/div><\/div><\/div><\/div><div class=\"vce-row-container\"><div class=\"vce-row vce-row--col-gap-30 vce-row-columns--top vce-row-content--top\" id=\"el-49927d1c\" data-vce-do-apply=\"all el-49927d1c\"><div class=\"vce-row-content\" data-vce-element-content=\"true\"><div class=\"vce-col vce-col--md-auto vce-col--xs-1 vce-col--xs-last vce-col--xs-first vce-col--sm-last vce-col--sm-first vce-col--md-last vce-col--lg-last vce-col--xl-last vce-col--md-first vce-col--lg-first vce-col--xl-first\" id=\"el-4d3df902\" data-vce-do-apply=\"background border el-4d3df902\"><div class=\"vce-col-inner\" data-vce-element-content=\"true\" data-vce-do-apply=\"padding margin  el-4d3df902\"><div class=\"vce-text-block\"><div class=\"vce-text-block-wrapper vce\" id=\"el-36ea1db3\" data-vce-do-apply=\"all el-36ea1db3\"><p>Macao sijaitsee noin 60 kilometri\u00e4 Hongkongista l\u00e4nteen ja koostuu Macaon niemimaasta sek\u00e4 Taipan ja Coloanen saarista. Macaon syd\u00e4n on niemimaa, josta l\u00f6ytyy my\u00f6s kaupungin historiallinen keskusta, ja se on liitetty Taipaan kolmella sillalla. Taipan ja Coloanen v\u00e4liss\u00e4 on merest\u00e4 vallattu uusi Cotain alue, jolle on rantautunut monia suuria kansainv\u00e4lisi\u00e4 hotelliketjuja.<\/p><p>Portugalilaiset saapuivat Macaoon 1500-luvun puoliv\u00e4liss\u00e4, ja kaupungin arkkitehtuuri, taide, hengellinen el\u00e4m\u00e4, perinteet ja ruokakulttuuri ovat yh\u00e4 yhdistelm\u00e4 kiinalaisia, portugalilaisia ja muita l\u00e4ntisi\u00e4 vaikutteita. Vuonna 1999 Macaosta tuli Kiinan kansantasavallan erityishallintoalue. Macaon historiallinen keskusta hyv\u00e4ksyttiin Unescon maailmanperint\u00f6kohteiden luetteloon vuonna 2005, ja vuonna 2017 Macao otettiin ruokakulttuurinsa ansiosta mukaan Unescon luovien kaupunkien verkostoon.<\/p><\/div><\/div><\/div><\/div><\/div><\/div><\/div><div class=\"vce-row-container\"><div class=\"vce-row vce-row--col-gap-30 vce-row-columns--top vce-row-content--top\" id=\"el-541c0b1a\" data-vce-do-apply=\"all el-541c0b1a\"><div class=\"vce-row-content\" data-vce-element-content=\"true\"><div class=\"vce-col vce-col--md-auto vce-col--xs-1 vce-col--xs-last vce-col--xs-first vce-col--sm-last vce-col--sm-first vce-col--md-last vce-col--lg-last vce-col--xl-last vce-col--md-first vce-col--lg-first vce-col--xl-first\" id=\"el-6400d394\" data-vce-do-apply=\"background border el-6400d394\"><div class=\"vce-col-inner\" data-vce-element-content=\"true\" data-vce-do-apply=\"padding margin  el-6400d394\"><div class=\"vce-google-maps vce-google-maps--align-left\"><div class=\"vce-google-maps-wrapper vce vce-google-maps--width-custom vce-google-maps-proportional\" id=\"el-2db7e5e8\" data-vce-do-apply=\"all el-2db7e5e8\" style=\"width: 1600px; height: auto;\"><div class=\"vce-google-maps-inner\" style=\"padding-bottom: 75%;\"><iframe loading=\"lazy\" src=\"https:\/\/www.google.com\/maps\/embed?pb=!1m14!1m12!1m3!1d223107.6947029463!2d113.50276886288114!3d22.226749360030087!2m3!1f0!2f0!3f0!3m2!1i1024!2i768!4f13.1!5e0!3m2!1sda!2sdk!4v1542715948494\" width=\"600\" height=\"450\" frameborder=\"0\" style=\"border: 0px; pointer-events: none;\" allowfullscreen=\"\"><\/iframe><\/div><\/div><\/div><\/div><\/div><\/div><\/div><\/div>\n","protected":false},"excerpt":{"rendered":"<p>TIETOA MACAOSTAMacao sijaitsee noin 60 kilometri\u00e4 Hongkongista l\u00e4nteen ja koostuu Macaon niemimaasta sek\u00e4 Taipan ja Coloanen saarista. Macaon syd\u00e4n on niemimaa, josta l\u00f6ytyy my\u00f6s kaupungin historiallinen keskusta, ja se on liitetty Taipaan kolmella sillalla. Taipan ja Coloanen v\u00e4liss\u00e4 on merest\u00e4 vallattu uusi Cotain alue, jolle on rantautunut monia suuria kansainv\u00e4lisi\u00e4 hotelliketjuja.Portugalilaiset saapuivat Macaoon 1500-luvun puoliv\u00e4liss\u00e4, &hellip; <\/p>\n<p class=\"link-more\"><a href=\"https:\/\/www.related.dk\/macao-tradekit\/tietoa-macaosta\/?lang=fi\" class=\"more-link\">L\u00e6s videre<span class=\"screen-reader-text\"> &#8220;Tietoa Macaosta&#8221;<\/span><\/a><\/p>\n","protected":false},"author":2,"featured_media":0,"parent":0,"menu_order":0,"comment_status":"closed","ping_status":"closed","template":"","meta":[],"_links":{"self":[{"href":"https:\/\/www.related.dk\/macao-tradekit\/wp-json\/wp\/v2\/pages\/930"}],"collection":[{"href":"https:\/\/www.related.dk\/macao-tradekit\/wp-json\/wp\/v2\/pages"}],"about":[{"href":"https:\/\/www.related.dk\/macao-tradekit\/wp-json\/wp\/v2\/types\/page"}],"author":[{"embeddable":true,"href":"https:\/\/www.related.dk\/macao-tradekit\/wp-json\/wp\/v2\/users\/2"}],"replies":[{"embeddable":true,"href":"https:\/\/www.related.dk\/macao-tradekit\/wp-json\/wp\/v2\/comments?post=930"}],"version-history":[{"count":1,"href":"https:\/\/www.related.dk\/macao-tradekit\/wp-json\/wp\/v2\/pages\/930\/revisions"}],"predecessor-version":[{"id":931,"href":"https:\/\/www.related.dk\/macao-tradekit\/wp-json\/wp\/v2\/pages\/930\/revisions\/931"}],"wp:attachment":[{"href":"https:\/\/www.related.dk\/macao-tradekit\/wp-json\/wp\/v2\/media?parent=930"}],"curies":[{"name":"wp","href":"https:\/\/api.w.org\/{rel}","templated":true}]}}