{"id":928,"date":"2018-11-22T16:33:17","date_gmt":"2018-11-22T16:33:17","guid":{"rendered":"http:\/\/www.related.dk\/macao-tradekit\/etuosa\/"},"modified":"2018-11-23T11:54:30","modified_gmt":"2018-11-23T11:54:30","slug":"etuosa","status":"publish","type":"page","link":"https:\/\/www.related.dk\/macao-tradekit\/etuosa\/?lang=fi","title":{"rendered":"Etuosa"},"content":{"rendered":"<div class=\"vce-row-container\"><div class=\"vce-row vce-row--col-gap-30 vce-row-columns--top vce-row-content--top\" id=\"el-924de035\" data-vce-do-apply=\"all el-924de035\"><div class=\"vce-row-content\" data-vce-element-content=\"true\"><div class=\"vce-col vce-col--md-auto vce-col--xs-1 vce-col--xs-last vce-col--xs-first vce-col--sm-last vce-col--sm-first vce-col--md-last vce-col--lg-last vce-col--xl-last vce-col--md-first vce-col--lg-first vce-col--xl-first\" id=\"el-9aabdbe1\" data-vce-do-apply=\"background border el-9aabdbe1\"><div class=\"vce-col-inner\" data-vce-element-content=\"true\" data-vce-do-apply=\"padding margin  el-9aabdbe1\"><section class=\"vce-hero-section-container vce-hero-section-media--xs vce-hero-section-media--sm vce-hero-section-media--md vce-hero-section-media--lg\"><div class=\"vce vce-hero-section vce-hero-section--alignment-start\" id=\"el-550a07c2\" data-vce-do-apply=\"margin background border  el-550a07c2\"><div class=\"vce-hero-section--wrap-row vce-hero-section--background-position-center-center\" style=\"background-image: url('https:\/\/www.related.dk\/macao-tradekit\/wp-content\/uploads\/2018\/11\/MTB_Jacob_Photo-30-1.jpg');\"><div class=\"vce-hero-section--wrap\"><div class=\"vce-hero-section--content\" data-vce-do-apply=\"padding el-550a07c2\"><div class=\"vce-hero-section--content-container\"><h1>&nbsp;<\/h1><h1><strong>MACAO TRADEKIT<\/strong><\/h1><\/div><\/div><\/div><\/div><\/div><\/section><div class=\"vce-text-block\"><div class=\"vce-text-block-wrapper vce\" id=\"el-09a9fff0\" data-vce-do-apply=\"all el-09a9fff0\"><h2>Tervetuloa Aasian viihdemetropoliin Macaoon<\/h2><p>Hongkongiin suuntautuvan liike-, loma- tai stopover-matkan yhteydess\u00e4 kannattaa ehdottomasti kokea my\u00f6s merellinen Macao. T\u00e4m\u00e4 Aasian viihdemetropoli sijaitsee vain tunnin matkan p\u00e4\u00e4ss\u00e4 Hongkongista. Kaupunki oli 400 vuoden ajan Portugalin hallinnassa, ja nykyisin sen vetonauloina ovat upea ruokatarjonta, ainutlaatuinen kulttuurihistoria ja maailmanluokan viihde-el\u00e4mykset.<\/p><p>Unescon maailmanperint\u00f6luetteloon hyv\u00e4ksytyn kiehtovan historiallisen keskustan lis\u00e4ksi Macaolla on tarjota omaleimainen yhdistelm\u00e4 portugalilaista ja aasialaista kulttuuria ja arkkitehtuuria. Tee makumatkoja kaupungin jopa 19 Michelin-ravintolassa ja 12 Michelinin suosittelemassa katukeitti\u00f6ss\u00e4, jotka yhdistelev\u00e4t kiinalaisia ja portugalilaisia makuja ja valmistusmenetelmi\u00e4. Shoppaile ylellisiss\u00e4 ostoskeskuksissa ja paikallisilla toreilla ja koe kaupungin suurten hotellien show\u2019t, esitykset ja kasinot.<\/p><\/div><\/div><\/div><\/div><\/div><\/div><\/div><div class=\"vce-row-container\"><div class=\"vce-row vce-row--col-gap-30 vce-row-columns--top vce-row-content--top\" id=\"el-7f9e58e1\" data-vce-do-apply=\"all el-7f9e58e1\"><div class=\"vce-row-content\" data-vce-element-content=\"true\"><div class=\"vce-col vce-col--md-auto vce-col--xs-1 vce-col--xs-last vce-col--xs-first vce-col--sm-last vce-col--sm-first vce-col--md-last vce-col--lg-last vce-col--xl-last vce-col--md-first vce-col--lg-first vce-col--xl-first\" id=\"el-769df8ea\" data-vce-do-apply=\"background border el-769df8ea\"><div class=\"vce-col-inner\" data-vce-element-content=\"true\" data-vce-do-apply=\"padding margin  el-769df8ea\"><section class=\"vce-hero-section-container vce-hero-section-media--xs vce-hero-section-media--sm vce-hero-section-media--md vce-hero-section-media--lg\"><div class=\"vce vce-hero-section vce-hero-section--alignment-start\" id=\"el-5ca5ea9d\" data-vce-do-apply=\"margin background border  el-5ca5ea9d\"><div class=\"vce-hero-section--wrap-row vce-hero-section--background-position-center-center\" style=\"background-image: url('https:\/\/www.related.dk\/macao-tradekit\/wp-content\/uploads\/2018\/11\/MTB_Jacob_Photo-9926-1.jpg');\"><div class=\"vce-hero-section--wrap\"><div class=\"vce-hero-section--content\" data-vce-do-apply=\"padding el-5ca5ea9d\"><div class=\"vce-hero-section--content-container\"><h1><strong>UNESCO-HISTORIAA<\/strong><\/h1><p>Macao tarjoaa kulttuurista ja historiasta kiinnostuneille ainutlaatuisen yhdistelm\u00e4n eurooppalaisia ja aasialaisia \u2013 varsinkin kiinalaisia ja portugalilaisia \u2013 vaikutteita, jotka n\u00e4kyv\u00e4t kulttuurissa ja arkkitehtuurissa. Macaon historiallinen keskusta hyv\u00e4ksyttiin Unescon maailmanperint\u00f6luetteloon vuonna 2005, ja siell\u00e4 voi kokea menneisyyden lumon.<\/p><\/div><div class=\"vce-button--style-outline-container vce-button--style-outline-container--align-left\"><span class=\"vce-button--style-outline-wrapper vce\" id=\"el-57f6f162\" data-vce-do-apply=\"margin el-57f6f162\"><a class=\"vce-button--style-outline-animated vce-button--style-outline--border-round vce-button--style-outline--size-medium vce-button--style-outline-animated--color-e3e3e3--fff--3d3d3d vce-button--style-outline-animated--border-color-e3e3e3--3d3d3d vce-button--style-outline-animated--background-color-3d3d3d\" href=\"http:\/\/www.related.dk\/macao-tradekit\/elaemykset\/historiallinen-macao\/?lang=fi\" title=\"\" data-vce-do-apply=\"padding border background  el-57f6f162\"><span class=\"vce-button--style-outline-text\">Lue lis\u00e4\u00e4 t\u00e4\u00e4ll\u00e4<\/span><\/a><\/span><\/div><\/div><\/div><\/div><\/div><\/section><\/div><\/div><\/div><\/div><\/div><div class=\"vce-row-container\"><div class=\"vce-row vce-row--col-gap-30 vce-row-columns--top vce-row-content--top\" id=\"el-f3de4b9a\" data-vce-do-apply=\"all el-f3de4b9a\"><div class=\"vce-row-content\" data-vce-element-content=\"true\"><div class=\"vce-col vce-col--md-auto vce-col--xs-1 vce-col--xs-last vce-col--xs-first vce-col--sm-last vce-col--sm-first vce-col--md-last vce-col--lg-last vce-col--xl-last vce-col--md-first vce-col--lg-first vce-col--xl-first\" id=\"el-02036b9c\" data-vce-do-apply=\"background border el-02036b9c\"><div class=\"vce-col-inner\" data-vce-element-content=\"true\" data-vce-do-apply=\"padding margin  el-02036b9c\"><section class=\"vce-hero-section-container vce-hero-section-media--xs vce-hero-section-media--sm vce-hero-section-media--md vce-hero-section-media--lg\"><div class=\"vce vce-hero-section vce-hero-section--alignment-end\" id=\"el-61f0dad5\" data-vce-do-apply=\"margin background border  el-61f0dad5\"><div class=\"vce-hero-section--wrap-row vce-hero-section--background-position-center-center\" style=\"background-image: url('https:\/\/www.related.dk\/macao-tradekit\/wp-content\/uploads\/2018\/11\/eiffel_forside.jpg');\"><div class=\"vce-hero-section--wrap\"><div class=\"vce-hero-section--content\" data-vce-do-apply=\"padding el-61f0dad5\"><div class=\"vce-hero-section--content-container\"><h1><strong>AASIAN VIIHDEMETROPOLI<\/strong><\/h1><p>Kunnon viihdemetropolin tapaan Macaosta l\u00f6ytyy kutkuttavia kasinoita, huomattavaa show- ja esitystarjontaa ja maailmanluokan n\u00e4ht\u00e4vyyksi\u00e4.&nbsp;<\/p><\/div><div class=\"vce-button--style-outline-container vce-button--style-outline-container--align-right\"><span class=\"vce-button--style-outline-wrapper vce\" id=\"el-f42ec4de\" data-vce-do-apply=\"margin el-f42ec4de\"><a class=\"vce-button--style-outline-animated vce-button--style-outline--border-round vce-button--style-outline--size-medium vce-button--style-outline-animated--color-e3e3e3--fff--3d3d3d vce-button--style-outline-animated--border-color-e3e3e3--3d3d3d vce-button--style-outline-animated--background-color-3d3d3d\" href=\"http:\/\/www.related.dk\/macao-tradekit\/elaemykset\/kymmenen-parasta-elaemystae-2\/?lang=fi\" title=\"\" data-vce-do-apply=\"padding border background  el-f42ec4de\"><span class=\"vce-button--style-outline-text\">Lue lis\u00e4\u00e4 t\u00e4\u00e4ll\u00e4<\/span><\/a><\/span><\/div><\/div><\/div><\/div><\/div><\/section><\/div><\/div><\/div><\/div><\/div><div class=\"vce-row-container\"><div class=\"vce-row vce-row--col-gap-30 vce-row-columns--top vce-row-content--top\" id=\"el-3313b139\" data-vce-do-apply=\"all el-3313b139\"><div class=\"vce-row-content\" data-vce-element-content=\"true\"><div class=\"vce-col vce-col--md-auto vce-col--xs-1 vce-col--xs-last vce-col--xs-first vce-col--sm-last vce-col--sm-first vce-col--md-last vce-col--lg-last vce-col--xl-last vce-col--md-first vce-col--lg-first vce-col--xl-first\" id=\"el-0c52d596\" data-vce-do-apply=\"background border el-0c52d596\"><div class=\"vce-col-inner\" data-vce-element-content=\"true\" data-vce-do-apply=\"padding margin  el-0c52d596\"><section class=\"vce-hero-section-container vce-hero-section-media--xs vce-hero-section-media--sm vce-hero-section-media--md vce-hero-section-media--lg\"><div class=\"vce vce-hero-section vce-hero-section--alignment-start\" id=\"el-a242b018\" data-vce-do-apply=\"margin background border  el-a242b018\"><div class=\"vce-hero-section--wrap-row vce-hero-section--background-position-center-center\" style=\"background-image: url('https:\/\/www.related.dk\/macao-tradekit\/wp-content\/uploads\/2018\/11\/EG3I9012-Edit.jpg');\"><div class=\"vce-hero-section--wrap\"><div class=\"vce-hero-section--content\" data-vce-do-apply=\"padding el-a242b018\"><div class=\"vce-hero-section--content-container\"><h1><strong>AASIALAISET TEMPPELIT<\/strong><\/h1><p>Macaossa on rinta rinnan l\u00e4nsimaisia kirkkoja ja perinteisi\u00e4 aasialaisia temppeleit\u00e4. T\u00e4m\u00e4 kuvastaa hyvin l\u00e4ntisten ja kiinalaisten uskontojen kohtaamista ja Macaolle yh\u00e4 t\u00e4n\u00e4 p\u00e4iv\u00e4n\u00e4 tunnusomaista uskonnonvapautta ja monikulttuurista avoimuutta.<\/p><\/div><div class=\"vce-button--style-outline-container vce-button--style-outline-container--align-left\"><span class=\"vce-button--style-outline-wrapper vce\" id=\"el-a02ea78e\" data-vce-do-apply=\"margin el-a02ea78e\"><a class=\"vce-button--style-outline-animated vce-button--style-outline--border-round vce-button--style-outline--size-medium vce-button--style-outline-animated--color-e3e3e3--fff--3d3d3d vce-button--style-outline-animated--border-color-e3e3e3--3d3d3d vce-button--style-outline-animated--background-color-3d3d3d\" href=\"http:\/\/www.related.dk\/macao-tradekit\/elaemykset\/3-paeivaeae-macaossa\/?lang=fi\" title=\"\" data-vce-do-apply=\"padding border background  el-a02ea78e\"><span class=\"vce-button--style-outline-text\">Lue lis\u00e4\u00e4 t\u00e4\u00e4ll\u00e4<\/span><\/a><\/span><\/div><\/div><\/div><\/div><\/div><\/section><\/div><\/div><\/div><\/div><\/div><div class=\"vce-row-container\"><div class=\"vce-row vce-row--col-gap-30 vce-row-columns--top vce-row-content--top\" id=\"el-59092fc7\" data-vce-do-apply=\"all el-59092fc7\"><div class=\"vce-row-content\" data-vce-element-content=\"true\"><div class=\"vce-col vce-col--md-auto vce-col--xs-1 vce-col--xs-last vce-col--xs-first vce-col--sm-last vce-col--sm-first vce-col--md-last vce-col--lg-last vce-col--xl-last vce-col--md-first vce-col--lg-first vce-col--xl-first\" id=\"el-ea9b0c47\" data-vce-do-apply=\"background border el-ea9b0c47\"><div class=\"vce-col-inner\" data-vce-element-content=\"true\" data-vce-do-apply=\"padding margin  el-ea9b0c47\"><section class=\"vce-hero-section-container vce-hero-section-media--xs vce-hero-section-media--sm vce-hero-section-media--md vce-hero-section-media--lg\"><div class=\"vce vce-hero-section vce-hero-section--alignment-end\" id=\"el-0e1d1bbe\" data-vce-do-apply=\"margin background border  el-0e1d1bbe\"><div class=\"vce-hero-section--wrap-row vce-hero-section--background-position-center-center\" style=\"background-image: url('https:\/\/www.related.dk\/macao-tradekit\/wp-content\/uploads\/2018\/11\/DSC07269.jpg');\"><div class=\"vce-hero-section--wrap\"><div class=\"vce-hero-section--content\" data-vce-do-apply=\"padding el-0e1d1bbe\"><div class=\"vce-hero-section--content-container\"><h1><strong>MICHELIN-MEKKA<\/strong><\/h1><p>Macao on pakollinen rasti varsinkin kulinaristeille. Vaikka pinta-alaa on vain reilut 30 km2, Macaossa on jopa 19 Michelin-ravintolaa, jotka tarjoavat portugalilais- ja aasialaisvaikutteista ruokaa.<\/p><p>Ruokakulttuurinsa takia kaupunki otettiin vuonna 2017 mukaan Unescon luovien kaupunkien verkostoon (Creative Cities Network, UCCN).<\/p><\/div><div class=\"vce-button--style-outline-container vce-button--style-outline-container--align-right\"><span class=\"vce-button--style-outline-wrapper vce\" id=\"el-cdebfc5d\" data-vce-do-apply=\"margin el-cdebfc5d\"><a class=\"vce-button--style-outline-animated vce-button--style-outline--border-round vce-button--style-outline--size-medium vce-button--style-outline-animated--color-e3e3e3--fff--3d3d3d vce-button--style-outline-animated--border-color-e3e3e3--3d3d3d vce-button--style-outline-animated--background-color-3d3d3d\" href=\"http:\/\/www.related.dk\/macao-tradekit\/elaemykset\/herkkusuiden-macao\/?lang=fi\" title=\"\" data-vce-do-apply=\"padding border background  el-cdebfc5d\"><span class=\"vce-button--style-outline-text\">Lue lis\u00e4\u00e4 t\u00e4\u00e4ll\u00e4<\/span><\/a><\/span><\/div><\/div><\/div><\/div><\/div><\/section><\/div><\/div><\/div><\/div><\/div><div class=\"vce-row-container\"><div class=\"vce-row vce-row--col-gap-30 vce-row-columns--top vce-row-content--top\" id=\"el-ad4d8ac9\" data-vce-do-apply=\"all el-ad4d8ac9\"><div class=\"vce-row-content\" data-vce-element-content=\"true\"><div class=\"vce-col vce-col--md-auto vce-col--xs-1 vce-col--xs-last vce-col--xs-first vce-col--sm-last vce-col--sm-first vce-col--md-last vce-col--lg-last vce-col--xl-last vce-col--md-first vce-col--lg-first vce-col--xl-first\" id=\"el-96cdb8bf\" data-vce-do-apply=\"background border el-96cdb8bf\"><div class=\"vce-col-inner\" data-vce-element-content=\"true\" data-vce-do-apply=\"padding margin  el-96cdb8bf\"><section class=\"vce-hero-section-container vce-hero-section-media--xs vce-hero-section-media--sm vce-hero-section-media--md vce-hero-section-media--lg\"><div class=\"vce vce-hero-section vce-hero-section--alignment-start\" id=\"el-dd27a741\" data-vce-do-apply=\"margin background border  el-dd27a741\"><div class=\"vce-hero-section--wrap-row vce-hero-section--background-position-center-center\" style=\"background-image: url('https:\/\/www.related.dk\/macao-tradekit\/wp-content\/uploads\/2018\/11\/EVENTS_FORSIDE2.jpg');\"><div class=\"vce-hero-section--wrap\"><div class=\"vce-hero-section--content\" data-vce-do-apply=\"padding el-dd27a741\"><div class=\"vce-hero-section--content-container\"><h1><strong>PERINTEIKK\u00c4IT\u00c4 FESTIVAALEJA<\/strong><\/h1><p>Macaon-k\u00e4vij\u00e4t voivat l\u00e4hes vuodenajasta riippumatta l\u00f6yt\u00e4\u00e4 tapahtumia tai festivaaleja, joilla juhlitaan paikallisia uskontoja, kulttuureja tai perinteit\u00e4.<\/p><\/div><div class=\"vce-button--style-outline-container vce-button--style-outline-container--align-left\"><span class=\"vce-button--style-outline-wrapper vce\" id=\"el-8bb80445\" data-vce-do-apply=\"margin el-8bb80445\"><a class=\"vce-button--style-outline-animated vce-button--style-outline--border-round vce-button--style-outline--size-medium vce-button--style-outline-animated--color-e3e3e3--fff--3d3d3d vce-button--style-outline-animated--border-color-e3e3e3--3d3d3d vce-button--style-outline-animated--background-color-3d3d3d\" href=\"http:\/\/www.related.dk\/macao-tradekit\/elaemykset\/tapahtumat-ja-festivaalit\/?lang=fi\" title=\"\" data-vce-do-apply=\"padding border background  el-8bb80445\"><span class=\"vce-button--style-outline-text\">Lue lis\u00e4\u00e4 t\u00e4\u00e4ll\u00e4<\/span><\/a><\/span><\/div><\/div><\/div><\/div><\/div><\/section><\/div><\/div><\/div><\/div><\/div>\n","protected":false},"excerpt":{"rendered":"<p>&nbsp;MACAO TRADEKITTervetuloa Aasian viihdemetropoliin MacaoonHongkongiin suuntautuvan liike-, loma- tai stopover-matkan yhteydess\u00e4 kannattaa ehdottomasti kokea my\u00f6s merellinen Macao. T\u00e4m\u00e4 Aasian viihdemetropoli sijaitsee vain tunnin matkan p\u00e4\u00e4ss\u00e4 Hongkongista. Kaupunki oli 400 vuoden ajan Portugalin hallinnassa, ja nykyisin sen vetonauloina ovat upea ruokatarjonta, ainutlaatuinen kulttuurihistoria ja maailmanluokan viihde-el\u00e4mykset.Unescon maailmanperint\u00f6luetteloon hyv\u00e4ksytyn kiehtovan historiallisen keskustan lis\u00e4ksi Macaolla on tarjota omaleimainen &hellip; <\/p>\n<p class=\"link-more\"><a href=\"https:\/\/www.related.dk\/macao-tradekit\/etuosa\/?lang=fi\" class=\"more-link\">L\u00e6s videre<span class=\"screen-reader-text\"> &#8220;Etuosa&#8221;<\/span><\/a><\/p>\n","protected":false},"author":2,"featured_media":0,"parent":0,"menu_order":0,"comment_status":"closed","ping_status":"closed","template":"","meta":[],"_links":{"self":[{"href":"https:\/\/www.related.dk\/macao-tradekit\/wp-json\/wp\/v2\/pages\/928"}],"collection":[{"href":"https:\/\/www.related.dk\/macao-tradekit\/wp-json\/wp\/v2\/pages"}],"about":[{"href":"https:\/\/www.related.dk\/macao-tradekit\/wp-json\/wp\/v2\/types\/page"}],"author":[{"embeddable":true,"href":"https:\/\/www.related.dk\/macao-tradekit\/wp-json\/wp\/v2\/users\/2"}],"replies":[{"embeddable":true,"href":"https:\/\/www.related.dk\/macao-tradekit\/wp-json\/wp\/v2\/comments?post=928"}],"version-history":[{"count":7,"href":"https:\/\/www.related.dk\/macao-tradekit\/wp-json\/wp\/v2\/pages\/928\/revisions"}],"predecessor-version":[{"id":1308,"href":"https:\/\/www.related.dk\/macao-tradekit\/wp-json\/wp\/v2\/pages\/928\/revisions\/1308"}],"wp:attachment":[{"href":"https:\/\/www.related.dk\/macao-tradekit\/wp-json\/wp\/v2\/media?parent=928"}],"curies":[{"name":"wp","href":"https:\/\/api.w.org\/{rel}","templated":true}]}}