{"id":888,"date":"2018-11-22T15:04:02","date_gmt":"2018-11-22T15:04:02","guid":{"rendered":"http:\/\/www.related.dk\/macao-tradekit\/hyvae-tietaeae\/"},"modified":"2018-11-27T14:05:29","modified_gmt":"2018-11-27T14:05:29","slug":"hyvae-tietaeae","status":"publish","type":"page","link":"https:\/\/www.related.dk\/macao-tradekit\/tietoa-macaosta\/hyvae-tietaeae\/?lang=fi","title":{"rendered":""},"content":{"rendered":"<div class=\"vce-row-container\"><div class=\"vce-row vce-row--col-gap-30 vce-row-columns--top vce-row-content--top\" id=\"el-5ed3bc74\" data-vce-do-apply=\"all el-5ed3bc74\"><div class=\"vce-row-content\" data-vce-element-content=\"true\"><div class=\"vce-col vce-col--md-100p vce-col--xs-1 vce-col--xs-last vce-col--xs-first vce-col--sm-last vce-col--sm-first vce-col--md-last vce-col--lg-last vce-col--xl-last vce-col--md-first vce-col--lg-first vce-col--xl-first\" id=\"el-43cc99ac\" data-vce-do-apply=\"background border el-43cc99ac\"><div class=\"vce-col-inner\" data-vce-do-apply=\"padding margin  el-43cc99ac\" data-vce-element-content=\"true\"><section class=\"vce-hero-section-container vce-hero-section-media--xs vce-hero-section-media--sm vce-hero-section-media--md vce-hero-section-media--lg\"><div class=\"vce vce-hero-section vce-hero-section--alignment-start\" id=\"el-2b99bf92\" data-vce-do-apply=\"margin background border  el-2b99bf92\"><div class=\"vce-hero-section--wrap-row vce-hero-section--background-position-center-center\" style='background-image: url(\"https:\/\/www.related.dk\/macao-tradekit\/wp-content\/uploads\/2018\/11\/Banner_MTB_Jacob_Photo-0040.jpg\");'><div class=\"vce-hero-section--wrap\"><div class=\"vce-hero-section--content\" data-vce-do-apply=\"padding el-2b99bf92\"><div class=\"vce-hero-section--content-container\"><h1><strong>HYV\u00c4 TIET\u00c4\u00c4<\/strong><\/h1><\/div><\/div><\/div><\/div><\/div><\/section><\/div><\/div><\/div><\/div><\/div><div class=\"vce-row-container\"><div class=\"vce-row vce-row--col-gap-30 vce-row-columns--top vce-row-content--top\" id=\"el-6447f800\" data-vce-do-apply=\"all el-6447f800\"><div class=\"vce-row-content\" data-vce-element-content=\"true\"><div class=\"vce-col vce-col--md-auto vce-col--xs-1 vce-col--xs-last vce-col--xs-first vce-col--sm-last vce-col--sm-first vce-col--md-last vce-col--lg-last vce-col--xl-last vce-col--md-first vce-col--lg-first vce-col--xl-first\" id=\"el-4e88fd81\" data-vce-do-apply=\"background border el-4e88fd81\"><div class=\"vce-col-inner\" data-vce-do-apply=\"padding margin  el-4e88fd81\" data-vce-element-content=\"true\"><div class=\"vce-text-block\"><div class=\"vce-text-block-wrapper vce\" id=\"el-ae20acb8\" data-vce-do-apply=\"all el-ae20acb8\"><p><strong>Faktaa<br><\/strong>Macaon asukasluku on noin 648 500.<br>Portugaliksi Macaon nimi on Macau.<\/p><p><strong>Helppoa suunnistamista<\/strong><br>Macaon kaikki liikennemerkit ja kyltit on k\u00e4\u00e4nnetty englanniksi. Englanti sujuu paikallisilta ylip\u00e4\u00e4t\u00e4\u00e4n varsin hyvin, mik\u00e4 helpottaa kohteeseen tutustumista omin p\u00e4in. Paikallisella matkailuneuvostolla on my\u00f6s paljon englanninkielisi\u00e4 esitteit\u00e4 ja karttoja.<\/p><p>Se l\u00f6ytyy t\u00e4\u00e4lt\u00e4: Alameda Dr. Carlos d'Assump\u00e7\u00e3o, n.os 335-341, Edif\u00edcio \u201dHot Line\u201d, 12\u00ba andar, Macao<\/p><p><strong>Kielet<\/strong><br>Viralliset kielet ovat kiina ja portugali. Eniten puhutaan kiinaa.<\/p><p><strong>Viisumi<\/strong><br>Suomen, Ruotsin, Norjan ja Tanskan kansalaiset voivat oleskella Macaossa viisumitta enint\u00e4\u00e4n 90 p\u00e4iv\u00e4\u00e4. Passin pit\u00e4\u00e4 olla voimassa.<\/p><p><a href=\"http:\/\/en.macaotourism.gov.mo\/plan\/entry_requirements_detail.php\" target=\"_blank\" rel=\"noopener\">Lue lis\u00e4\u00e4 t\u00e4\u00e4ll\u00e4.<\/a><\/p><p><strong>Valuutta<\/strong><br>Macaolla on oma valuutta Macaon pataca (MPO), mutta useimmissa paikoissa kelpaa my\u00f6s Hongkongin dollari (HKD).<\/p><p><span style=\"display: inline !important; float: none; background-color: transparent; color: #333333; cursor: text; font-family: 'Libre Franklin','Helvetica Neue',helvetica,arial,sans-serif; font-size: 16px; font-style: normal; font-variant: normal; font-weight: 400; letter-spacing: normal; orphans: 2; text-align: left; text-decoration: none; text-indent: 0px; text-transform: none; -webkit-text-stroke-width: 0px; white-space: normal; word-spacing: 0px;\">103,20<\/span> patacaa vastaa noin yht\u00e4 HKD:t\u00e4.<\/p><p>10 HKD:t\u00e4 on reilut 1 euroa.<\/p><p><strong>Ilmasto<\/strong><br>Macaon keskil\u00e4mp\u00f6tila on 23 astetta ja ilmankosteus on varsin suuri.<\/p><ul><li>Ihanteellinen vierailuaika on <strong>loka\u2013joulukuussa<\/strong>, jolloin s\u00e4\u00e4 on leuto ja ilmankosteus pieni.<\/li><li><strong>Tammi\u2013maaliskuussa<\/strong> on varsin kylm\u00e4\u00e4 mutta aurinkoista. <strong>Huhtikuussa<\/strong> l\u00e4mp\u00f6tila k\u00e4\u00e4ntyy j\u00e4lleen nousuun.<\/li><li><strong>Touko\u2013syyskuussa<\/strong> on yleens\u00e4 l\u00e4mmint\u00e4 ja kosteaa, ja sadekuurot ovat mahdollisia.<\/li><\/ul><p>Maalis\u2013toukokuussa tai syys\u2013marraskuussa matkustavien kannattaa pakata mukaan pitk\u00e4hihaisia paitoja, koska iltaisin saattaa olla kylm\u00e4. Joulu\u2013helmikuussa mukaan kannattaa ottaa takki. Huomaa, ett\u00e4 suuret loma- ja ostoskeskukset ovat ilmastoituja, joten pitk\u00e4hihaisesta paidasta on iloa ymp\u00e4ri vuoden.<\/p><p><a href=\"http:\/\/www.smg.gov.mo\/smg\/c_index.htm\" target=\"_blank\" rel=\"noopener\">Tutustu tarkemmin Macaon s\u00e4\u00e4h\u00e4n t\u00e4\u00e4ll\u00e4.<\/a><\/p><\/div><\/div><\/div><\/div><\/div><\/div><\/div><div class=\"vce-row-container\"><div class=\"vce-row vce-row--col-gap-30 vce-row-columns--top vce-row-content--top\" id=\"el-7370373f\" data-vce-do-apply=\"all el-7370373f\"><div class=\"vce-row-content\" data-vce-element-content=\"true\"><div class=\"vce-col vce-col--md-33-33p vce-col--xs-1 vce-col--xs-last vce-col--xs-first vce-col--sm-last vce-col--sm-first vce-col--md-first vce-col--lg-first vce-col--xl-first\" id=\"el-b45307e3\" data-vce-do-apply=\"background border el-b45307e3\"><div class=\"vce-col-inner\" data-vce-do-apply=\"padding margin  el-b45307e3\" data-vce-element-content=\"true\"><div class=\"vce-single-image-container vce-single-image--align-left\"><div class=\"vce vce-single-image-wrapper\" id=\"el-21b8855a\" data-vce-do-apply=\"all el-21b8855a\"><figure><div class=\"vce-single-image-inner\"><img class=\"vce-single-image\" data-width=\"682\" data-height=\"1024\"src=\"https:\/\/www.related.dk\/macao-tradekit\/wp-content\/uploads\/2018\/11\/Macau-31-682x1024.jpg\" data-img-src=\"https:\/\/www.related.dk\/macao-tradekit\/wp-content\/uploads\/2018\/11\/Macau-31.jpg\" alt=\"\" title=\"Macau-31\"\/><\/div><\/figure><\/div><\/div><\/div><\/div><div class=\"vce-col vce-col--md-33-33p vce-col--xs-1 vce-col--xs-last vce-col--xs-first vce-col--sm-last vce-col--sm-first\" id=\"el-e964cb21\" data-vce-do-apply=\"background border el-e964cb21\"><div class=\"vce-col-inner\" data-vce-do-apply=\"padding margin  el-e964cb21\" data-vce-element-content=\"true\"><div class=\"vce-single-image-container vce-single-image--align-left\"><div class=\"vce vce-single-image-wrapper\" id=\"el-2588e5ca\" data-vce-do-apply=\"all el-2588e5ca\"><figure><div class=\"vce-single-image-inner\"><img class=\"vce-single-image\" data-width=\"682\" data-height=\"1024\"src=\"https:\/\/www.related.dk\/macao-tradekit\/wp-content\/uploads\/2018\/11\/MTB_Jacob_Photo-0845-682x1024.jpg\" data-img-src=\"https:\/\/www.related.dk\/macao-tradekit\/wp-content\/uploads\/2018\/11\/MTB_Jacob_Photo-0845.jpg\" alt=\"\" title=\"MTB_Jacob_Photo-0845\"\/><\/div><\/figure><\/div><\/div><\/div><\/div><div class=\"vce-col vce-col--md-33-33p vce-col--xs-1 vce-col--xs-last vce-col--xs-first vce-col--sm-last vce-col--sm-first vce-col--md-last vce-col--lg-last vce-col--xl-last\" id=\"el-0e12ec7c\" data-vce-do-apply=\"background border el-0e12ec7c\"><div class=\"vce-col-inner\" data-vce-do-apply=\"padding margin  el-0e12ec7c\" data-vce-element-content=\"true\"><div class=\"vce-single-image-container vce-single-image--align-left\"><div class=\"vce vce-single-image-wrapper\" id=\"el-921789db\" data-vce-do-apply=\"all el-921789db\"><figure><div class=\"vce-single-image-inner\"><img class=\"vce-single-image\" data-width=\"682\" data-height=\"1024\"src=\"https:\/\/www.related.dk\/macao-tradekit\/wp-content\/uploads\/2018\/11\/Macao-140-682x1024.jpg\" data-img-src=\"https:\/\/www.related.dk\/macao-tradekit\/wp-content\/uploads\/2018\/11\/Macao-140.jpg\" alt=\"\" title=\"Macao-140\"\/><\/div><\/figure><\/div><\/div><\/div><\/div><\/div><\/div><\/div>\n","protected":false},"excerpt":{"rendered":"<p>HYV\u00c4 TIET\u00c4\u00c4FaktaaMacaon asukasluku on noin 648 500.Portugaliksi Macaon nimi on Macau.Helppoa suunnistamistaMacaon kaikki liikennemerkit ja kyltit on k\u00e4\u00e4nnetty englanniksi. Englanti sujuu paikallisilta ylip\u00e4\u00e4t\u00e4\u00e4n varsin hyvin, mik\u00e4 helpottaa kohteeseen tutustumista omin p\u00e4in. Paikallisella matkailuneuvostolla on my\u00f6s paljon englanninkielisi\u00e4 esitteit\u00e4 ja karttoja.Se l\u00f6ytyy t\u00e4\u00e4lt\u00e4: Alameda Dr. Carlos d&#8217;Assump\u00e7\u00e3o, n.os 335-341, Edif\u00edcio \u201dHot Line\u201d, 12\u00ba andar, MacaoKieletViralliset kielet &hellip; <\/p>\n<p class=\"link-more\"><a href=\"https:\/\/www.related.dk\/macao-tradekit\/tietoa-macaosta\/hyvae-tietaeae\/?lang=fi\" class=\"more-link\">L\u00e6s videre<span class=\"screen-reader-text\"> &#8220;&#8221;<\/span><\/a><\/p>\n","protected":false},"author":2,"featured_media":0,"parent":930,"menu_order":0,"comment_status":"closed","ping_status":"closed","template":"","meta":[],"_links":{"self":[{"href":"https:\/\/www.related.dk\/macao-tradekit\/wp-json\/wp\/v2\/pages\/888"}],"collection":[{"href":"https:\/\/www.related.dk\/macao-tradekit\/wp-json\/wp\/v2\/pages"}],"about":[{"href":"https:\/\/www.related.dk\/macao-tradekit\/wp-json\/wp\/v2\/types\/page"}],"author":[{"embeddable":true,"href":"https:\/\/www.related.dk\/macao-tradekit\/wp-json\/wp\/v2\/users\/2"}],"replies":[{"embeddable":true,"href":"https:\/\/www.related.dk\/macao-tradekit\/wp-json\/wp\/v2\/comments?post=888"}],"version-history":[{"count":14,"href":"https:\/\/www.related.dk\/macao-tradekit\/wp-json\/wp\/v2\/pages\/888\/revisions"}],"predecessor-version":[{"id":1449,"href":"https:\/\/www.related.dk\/macao-tradekit\/wp-json\/wp\/v2\/pages\/888\/revisions\/1449"}],"up":[{"embeddable":true,"href":"https:\/\/www.related.dk\/macao-tradekit\/wp-json\/wp\/v2\/pages\/930"}],"wp:attachment":[{"href":"https:\/\/www.related.dk\/macao-tradekit\/wp-json\/wp\/v2\/media?parent=888"}],"curies":[{"name":"wp","href":"https:\/\/api.w.org\/{rel}","templated":true}]}}