{"id":872,"date":"2018-11-22T14:55:27","date_gmt":"2018-11-22T14:55:27","guid":{"rendered":"http:\/\/www.related.dk\/macao-tradekit\/matkat\/"},"modified":"2018-11-23T14:17:34","modified_gmt":"2018-11-23T14:17:34","slug":"matkat","status":"publish","type":"page","link":"https:\/\/www.related.dk\/macao-tradekit\/tietoa-macaosta\/matkat\/?lang=fi","title":{"rendered":""},"content":{"rendered":"<div class=\"vce-row-container\"><div class=\"vce-row vce-row--col-gap-30 vce-row-columns--top vce-row-content--top\" id=\"el-cb8bc045\" data-vce-do-apply=\"all el-cb8bc045\"><div class=\"vce-row-content\" data-vce-element-content=\"true\"><div class=\"vce-col vce-col--md-100p vce-col--xs-1 vce-col--xs-last vce-col--xs-first vce-col--sm-last vce-col--sm-first vce-col--md-last vce-col--lg-last vce-col--xl-last vce-col--md-first vce-col--lg-first vce-col--xl-first\" id=\"el-9dff3862\" data-vce-do-apply=\"background border el-9dff3862\"><div class=\"vce-col-inner\" data-vce-element-content=\"true\" data-vce-do-apply=\"padding margin  el-9dff3862\"><section class=\"vce-hero-section-container vce-hero-section-media--xs vce-hero-section-media--sm vce-hero-section-media--md vce-hero-section-media--lg\"><div class=\"vce vce-hero-section vce-hero-section--alignment-start\" id=\"el-a1afe68e\" data-vce-do-apply=\"margin background border  el-a1afe68e\"><div class=\"vce-hero-section--wrap-row vce-hero-section--background-position-center-center\" style=\"background-image: url('https:\/\/www.related.dk\/macao-tradekit\/wp-content\/uploads\/2018\/11\/Banner_MTB_Jacob_Photo-9782.jpg');\"><div class=\"vce-hero-section--wrap\"><div class=\"vce-hero-section--content\" data-vce-do-apply=\"padding el-a1afe68e\"><div class=\"vce-hero-section--content-container\"><h1><strong>MATKAT<\/strong><\/h1><\/div><\/div><\/div><\/div><\/div><\/section><\/div><\/div><\/div><\/div><\/div><div class=\"vce-row-container\"><div class=\"vce-row vce-row--col-gap-30 vce-row-columns--top vce-row-content--top\" id=\"el-597097f7\" data-vce-do-apply=\"all el-597097f7\"><div class=\"vce-row-content\" data-vce-element-content=\"true\"><div class=\"vce-col vce-col--md-auto vce-col--xs-1 vce-col--xs-last vce-col--xs-first vce-col--sm-last vce-col--sm-first vce-col--md-last vce-col--lg-last vce-col--xl-last vce-col--md-first vce-col--lg-first vce-col--xl-first\" id=\"el-a58f81fa\" data-vce-do-apply=\"background border el-a58f81fa\"><div class=\"vce-col-inner\" data-vce-element-content=\"true\" data-vce-do-apply=\"padding margin  el-a58f81fa\"><div class=\"vce-text-block\"><div class=\"vce-text-block-wrapper vce\" id=\"el-37c2248b\" data-vce-do-apply=\"all el-37c2248b\"><h2>Lent\u00e4en Hongkongiin<\/h2><p>Finnair lent\u00e4\u00e4 p\u00e4ivitt\u00e4in Helsingist\u00e4 Hongkongiin v\u00e4h\u00e4n alle 10 tunnissa.<\/p><h2>Hongkongista Macaoon<\/h2><p>Hongkongin kansainv\u00e4liselt\u00e4 lentokent\u00e4lt\u00e4 voi matkustaa Macaoon suoraan ilman, ett\u00e4 tarvitsisi menn\u00e4 Hongkongin passintarkastuksen l\u00e4pi.<\/p><h4>Lautta<\/h4><p>Hongkongista Macaoon p\u00e4\u00e4see tunnissa lautalla. Macaon niemimaalle matkustaa k\u00e4tevimmin <a href=\"https:\/\/www.turbojet.com.hk\/en\/routing-sailing-schedule\/hk-airport-macau\/sailing-schedule-fares.aspx\" target=\"_blank\" rel=\"noopener\">TurboJetill\u00e4<\/a> ja Taipaan tai Cotaihin <a href=\"https:\/\/www.cotaiwaterjet.com\/ferry-schedule\/hkia-macau-taipa.html\" target=\"_blank\" rel=\"noopener\">Cotai Water Jetill\u00e4<\/a> .<\/p><h4>Maailman pisin merisilta<\/h4><p>Hongkongista Macaoon voi nyt my\u00f6s ajaa maailman pisint\u00e4 merisiltaa pitkin. Yhteens\u00e4 55 kilometrin pituinen silta yhdist\u00e4\u00e4 toisiinsa Hongkongin, Macaon ja Zhuhain kaupungin. Silta vihittiin k\u00e4ytt\u00f6\u00f6n 23. lokakuuta 2018.<\/p><p><a href=\"https:\/\/www.hzmb.gov.hk\/en\/transport\/cross-boundary.html\" target=\"_blank\" rel=\"noopener\">Uuden sillan bussiliikenteest\u00e4 saa tietoa t\u00e4\u00e4lt\u00e4<\/a><\/p><\/div><\/div><\/div><\/div><\/div><\/div><\/div><div class=\"vce-row-container\"><div class=\"vce-row vce-row--col-gap-30 vce-row-columns--top vce-row-content--top\" id=\"el-657ed73b\" data-vce-do-apply=\"all el-657ed73b\"><div class=\"vce-row-content\" data-vce-element-content=\"true\"><div class=\"vce-col vce-col--md-50p vce-col--xs-1 vce-col--xs-last vce-col--xs-first vce-col--sm-last vce-col--sm-first vce-col--md-first vce-col--lg-first vce-col--xl-first\" id=\"el-8cb0aa7d\" data-vce-do-apply=\"background border el-8cb0aa7d\"><div class=\"vce-col-inner\" data-vce-element-content=\"true\" data-vce-do-apply=\"padding margin  el-8cb0aa7d\"><div class=\"vce-single-image-container vce-single-image--align-left\"><div class=\"vce vce-single-image-wrapper\" id=\"el-818a902a\" data-vce-do-apply=\"all el-818a902a\"><figure><div class=\"vce-single-image-inner\"><img class=\"vce-single-image\" data-width=\"600\" data-height=\"400\"src=\"https:\/\/www.related.dk\/macao-tradekit\/wp-content\/uploads\/2018\/11\/bridge-600x400.jpg\" data-img-src=\"https:\/\/www.related.dk\/macao-tradekit\/wp-content\/uploads\/2018\/11\/bridge.jpg\" alt=\"\" title=\"bridge\"\/><\/div><\/figure><\/div><\/div><\/div><\/div><div class=\"vce-col vce-col--md-50p vce-col--xs-1 vce-col--xs-last vce-col--xs-first vce-col--sm-last vce-col--sm-first vce-col--md-last vce-col--lg-last vce-col--xl-last\" id=\"el-a99abee2\" data-vce-do-apply=\"background border el-a99abee2\"><div class=\"vce-col-inner\" data-vce-element-content=\"true\" data-vce-do-apply=\"padding margin  el-a99abee2\"><div class=\"vce-single-image-container vce-single-image--align-left\"><div class=\"vce vce-single-image-wrapper\" id=\"el-47daa698\" data-vce-do-apply=\"all el-47daa698\"><figure><div class=\"vce-single-image-inner\"><img class=\"vce-single-image\" data-width=\"600\" data-height=\"400\"src=\"https:\/\/www.related.dk\/macao-tradekit\/wp-content\/uploads\/2018\/11\/ferry-600x400.jpg\" data-img-src=\"https:\/\/www.related.dk\/macao-tradekit\/wp-content\/uploads\/2018\/11\/ferry.jpg\" alt=\"\" title=\"ferry\"\/><\/div><\/figure><\/div><\/div><\/div><\/div><\/div><\/div><\/div><div class=\"vce-row-container\"><div class=\"vce-row vce-row--col-gap-30 vce-row-columns--top vce-row-content--top\" id=\"el-855b4ed6\" data-vce-do-apply=\"all el-855b4ed6\"><div class=\"vce-row-content\" data-vce-element-content=\"true\"><div class=\"vce-col vce-col--md-50p vce-col--xs-1 vce-col--xs-last vce-col--xs-first vce-col--sm-last vce-col--sm-first vce-col--md-first vce-col--lg-first vce-col--xl-first\" id=\"el-b85626b4\" data-vce-do-apply=\"background border el-b85626b4\"><div class=\"vce-col-inner\" data-vce-element-content=\"true\" data-vce-do-apply=\"padding margin  el-b85626b4\"><div class=\"vce-single-image-container vce-single-image--align-left\"><div class=\"vce vce-single-image-wrapper\" id=\"el-fbb2b627\" data-vce-do-apply=\"all el-fbb2b627\"><figure><div class=\"vce-single-image-inner\"><img class=\"vce-single-image\" data-width=\"593\" data-height=\"374\"src=\"https:\/\/www.related.dk\/macao-tradekit\/wp-content\/uploads\/2018\/11\/Airport-sign_1-593x374.png\" data-img-src=\"https:\/\/www.related.dk\/macao-tradekit\/wp-content\/uploads\/2018\/11\/Airport-sign_1.png\" alt=\"\" title=\"Airport sign_1\"\/><\/div><\/figure><\/div><\/div><\/div><\/div><div class=\"vce-col vce-col--md-50p vce-col--xs-1 vce-col--xs-last vce-col--xs-first vce-col--sm-last vce-col--sm-first vce-col--md-last vce-col--lg-last vce-col--xl-last\" id=\"el-3d236fc5\" data-vce-do-apply=\"background border el-3d236fc5\"><div class=\"vce-col-inner\" data-vce-element-content=\"true\" data-vce-do-apply=\"padding margin  el-3d236fc5\"><div class=\"vce-single-image-container vce-single-image--align-left\"><div class=\"vce vce-single-image-wrapper\" id=\"el-231e22d0\" data-vce-do-apply=\"all el-231e22d0\"><figure><div class=\"vce-single-image-inner\"><img class=\"vce-single-image\" data-width=\"590\" data-height=\"375\"src=\"https:\/\/www.related.dk\/macao-tradekit\/wp-content\/uploads\/2018\/11\/Airport-sign_2-590x375.png\" data-img-src=\"https:\/\/www.related.dk\/macao-tradekit\/wp-content\/uploads\/2018\/11\/Airport-sign_2.png\" alt=\"\" title=\"Airport sign_2\"\/><\/div><\/figure><\/div><\/div><\/div><\/div><\/div><\/div><\/div><div class=\"vce-row-container\"><div class=\"vce-row vce-row--col-gap-30 vce-row-columns--top vce-row-content--top\" id=\"el-6038ba74\" data-vce-do-apply=\"all el-6038ba74\"><div class=\"vce-row-content\" data-vce-element-content=\"true\"><div class=\"vce-col vce-col--md-100p vce-col--xs-1 vce-col--xs-last vce-col--xs-first vce-col--sm-last vce-col--sm-first vce-col--md-last vce-col--lg-last vce-col--xl-last vce-col--md-first vce-col--lg-first vce-col--xl-first\" id=\"el-119041c2\" data-vce-do-apply=\"background border el-119041c2\"><div class=\"vce-col-inner\" data-vce-element-content=\"true\" data-vce-do-apply=\"padding margin  el-119041c2\"><div class=\"vce-text-block\"><div class=\"vce-text-block-wrapper vce\" id=\"el-9e2099a9\" data-vce-do-apply=\"all el-9e2099a9\"><p>Lentoasemalla on selke\u00e4t opasteet, joiden avulla l\u00f6yt\u00e4\u00e4 helposti lauttaterminaalin.<\/p><p>Kaikki kyltit ovat sek\u00e4 kiinaksi ett\u00e4 englanniksi<\/p><\/div><\/div><\/div><\/div><\/div><\/div><\/div>\n","protected":false},"excerpt":{"rendered":"<p>MATKATLent\u00e4en HongkongiinFinnair lent\u00e4\u00e4 p\u00e4ivitt\u00e4in Helsingist\u00e4 Hongkongiin v\u00e4h\u00e4n alle 10 tunnissa.Hongkongista MacaoonHongkongin kansainv\u00e4liselt\u00e4 lentokent\u00e4lt\u00e4 voi matkustaa Macaoon suoraan ilman, ett\u00e4 tarvitsisi menn\u00e4 Hongkongin passintarkastuksen l\u00e4pi.LauttaHongkongista Macaoon p\u00e4\u00e4see tunnissa lautalla. Macaon niemimaalle matkustaa k\u00e4tevimmin TurboJetill\u00e4 ja Taipaan tai Cotaihin Cotai Water Jetill\u00e4 .Maailman pisin merisiltaHongkongista Macaoon voi nyt my\u00f6s ajaa maailman pisint\u00e4 merisiltaa pitkin. Yhteens\u00e4 55 kilometrin &hellip; <\/p>\n<p class=\"link-more\"><a href=\"https:\/\/www.related.dk\/macao-tradekit\/tietoa-macaosta\/matkat\/?lang=fi\" class=\"more-link\">L\u00e6s videre<span class=\"screen-reader-text\"> &#8220;&#8221;<\/span><\/a><\/p>\n","protected":false},"author":2,"featured_media":0,"parent":930,"menu_order":0,"comment_status":"closed","ping_status":"closed","template":"","meta":[],"_links":{"self":[{"href":"https:\/\/www.related.dk\/macao-tradekit\/wp-json\/wp\/v2\/pages\/872"}],"collection":[{"href":"https:\/\/www.related.dk\/macao-tradekit\/wp-json\/wp\/v2\/pages"}],"about":[{"href":"https:\/\/www.related.dk\/macao-tradekit\/wp-json\/wp\/v2\/types\/page"}],"author":[{"embeddable":true,"href":"https:\/\/www.related.dk\/macao-tradekit\/wp-json\/wp\/v2\/users\/2"}],"replies":[{"embeddable":true,"href":"https:\/\/www.related.dk\/macao-tradekit\/wp-json\/wp\/v2\/comments?post=872"}],"version-history":[{"count":9,"href":"https:\/\/www.related.dk\/macao-tradekit\/wp-json\/wp\/v2\/pages\/872\/revisions"}],"predecessor-version":[{"id":1424,"href":"https:\/\/www.related.dk\/macao-tradekit\/wp-json\/wp\/v2\/pages\/872\/revisions\/1424"}],"up":[{"embeddable":true,"href":"https:\/\/www.related.dk\/macao-tradekit\/wp-json\/wp\/v2\/pages\/930"}],"wp:attachment":[{"href":"https:\/\/www.related.dk\/macao-tradekit\/wp-json\/wp\/v2\/media?parent=872"}],"curies":[{"name":"wp","href":"https:\/\/api.w.org\/{rel}","templated":true}]}}