{"id":856,"date":"2018-11-22T14:33:18","date_gmt":"2018-11-22T14:33:18","guid":{"rendered":"http:\/\/www.related.dk\/macao-tradekit\/miksi-macaoon\/"},"modified":"2018-11-23T05:40:14","modified_gmt":"2018-11-23T05:40:14","slug":"miksi-macaoon","status":"publish","type":"page","link":"https:\/\/www.related.dk\/macao-tradekit\/tietoa-macaosta\/miksi-macaoon\/?lang=fi","title":{"rendered":""},"content":{"rendered":"<div class=\"vce-row-container\"><div class=\"vce-row vce-row--col-gap-30 vce-row-columns--top vce-row-content--top\" id=\"el-54abb543\" data-vce-do-apply=\"all el-54abb543\"><div class=\"vce-row-content\" data-vce-element-content=\"true\"><div class=\"vce-col vce-col--md-100p vce-col--xs-1 vce-col--xs-last vce-col--xs-first vce-col--sm-last vce-col--sm-first vce-col--md-last vce-col--lg-last vce-col--xl-last vce-col--md-first vce-col--lg-first vce-col--xl-first\" id=\"el-fb6a9122\" data-vce-do-apply=\"background border el-fb6a9122\"><div class=\"vce-col-inner\" data-vce-element-content=\"true\" data-vce-do-apply=\"padding margin  el-fb6a9122\"><section class=\"vce-hero-section-container vce-hero-section-media--xs vce-hero-section-media--sm vce-hero-section-media--md vce-hero-section-media--lg\"><div class=\"vce vce-hero-section vce-hero-section--alignment-start\" id=\"el-4a0296ed\" data-vce-do-apply=\"margin background border  el-4a0296ed\"><div class=\"vce-hero-section--wrap-row vce-hero-section--background-position-center-center\" style=\"background-image: url('https:\/\/www.related.dk\/macao-tradekit\/wp-content\/uploads\/2018\/11\/Banner_12609_6.jpg');\"><div class=\"vce-hero-section--wrap\"><div class=\"vce-hero-section--content\" data-vce-do-apply=\"padding el-4a0296ed\"><div class=\"vce-hero-section--content-container\"><h1><strong>MIKSI MACAOON?<\/strong><\/h1><\/div><\/div><\/div><\/div><\/div><\/section><\/div><\/div><\/div><\/div><\/div><div class=\"vce-row-container\"><div class=\"vce-row vce-row--col-gap-30 vce-row-columns--top vce-row-content--top\" id=\"el-8568d9b2\" data-vce-do-apply=\"all el-8568d9b2\"><div class=\"vce-row-content\" data-vce-element-content=\"true\"><div class=\"vce-col vce-col--md-auto vce-col--xs-1 vce-col--xs-last vce-col--xs-first vce-col--sm-last vce-col--sm-first vce-col--md-last vce-col--lg-last vce-col--xl-last vce-col--md-first vce-col--lg-first vce-col--xl-first\" id=\"el-26e1b215\" data-vce-do-apply=\"background border el-26e1b215\"><div class=\"vce-col-inner\" data-vce-element-content=\"true\" data-vce-do-apply=\"padding margin  el-26e1b215\"><div class=\"vce-text-block\"><div class=\"vce-text-block-wrapper vce\" id=\"el-59006086\" data-vce-do-apply=\"all el-59006086\"><p>Macao on pakollinen t\u00e4rppi varsinkin kulinaristeille. T\u00e4\u00e4ll\u00e4 on jopa 19 Michelin-ravintolaa ja 12 Michelinin suosittelemaa katukeitti\u00f6t\u00e4, jotka tarjoavat portugalilais- ja aasialaisvaikutteista ruokaa.<\/p><p>Ruokakulttuurinsa takia kaupunki otettiin vuoden 2017 lopussa mukaan Unescon luovien kaupunkien verkostoon (Creative Cities Network, UCCN).<\/p><p>Kulttuurista ja historiasta kiinnostuneille Macao tarjoaa ainutlaatuisen yhdistelm\u00e4n eurooppalaisia ja aasialaisia \u2013 varsinkin kiinalaisia ja portugalilaisia \u2013 vaikutteita, jotka n\u00e4kyv\u00e4t kulttuurissa ja arkkitehtuurissa. Macaon historiallinen keskusta temppeleineen, kirkkoineen, kirjastoineen ja vieh\u00e4tt\u00e4vine toreineen on mukana Unescon maailmanperint\u00f6luettelossa.<\/p><p>Kaupungissa on my\u00f6s huomattavaa show- ja esitystarjontaa sek\u00e4 monipuoliset ostosmahdollisuudet.<\/p><\/div><\/div><\/div><\/div><\/div><\/div><\/div><div class=\"vce-row-container\"><div class=\"vce-row vce-row--col-gap-30 vce-row-columns--top vce-row-content--top\" id=\"el-04bbc258\" data-vce-do-apply=\"all el-04bbc258\"><div class=\"vce-row-content\" data-vce-element-content=\"true\"><div class=\"vce-col vce-col--md-25p vce-col--xs-1 vce-col--xs-last vce-col--xs-first vce-col--sm-last vce-col--sm-first vce-col--md-first vce-col--lg-first vce-col--xl-first\" id=\"el-d3a87dea\" data-vce-do-apply=\"background border el-d3a87dea\"><div class=\"vce-col-inner\" data-vce-element-content=\"true\" data-vce-do-apply=\"padding margin  el-d3a87dea\"><div class=\"vce-single-image-container vce-single-image--align-left\"><div class=\"vce vce-single-image-wrapper\" id=\"el-1808a478\" data-vce-do-apply=\"all el-1808a478\"><figure><div class=\"vce-single-image-inner\"><img class=\"vce-single-image\" data-width=\"684\" data-height=\"1024\"src=\"https:\/\/www.related.dk\/macao-tradekit\/wp-content\/uploads\/2018\/11\/macao-11-684x1024.jpg\" data-img-src=\"https:\/\/www.related.dk\/macao-tradekit\/wp-content\/uploads\/2018\/11\/macao-11.jpg\" alt=\"\" title=\"macao-11\"\/><\/div><\/figure><\/div><\/div><\/div><\/div><div class=\"vce-col vce-col--md-25p vce-col--xs-1 vce-col--xs-last vce-col--xs-first vce-col--sm-last vce-col--sm-first\" id=\"el-6ac7126a\" data-vce-do-apply=\"background border el-6ac7126a\"><div class=\"vce-col-inner\" data-vce-element-content=\"true\" data-vce-do-apply=\"padding margin  el-6ac7126a\"><div class=\"vce-single-image-container vce-single-image--align-left\"><div class=\"vce vce-single-image-wrapper\" id=\"el-1fbdaca7\" data-vce-do-apply=\"all el-1fbdaca7\"><figure><div class=\"vce-single-image-inner\"><img class=\"vce-single-image\" data-width=\"400\" data-height=\"600\"src=\"https:\/\/www.related.dk\/macao-tradekit\/wp-content\/uploads\/2018\/11\/600x400_12627_4-400x600.jpg\" data-img-src=\"https:\/\/www.related.dk\/macao-tradekit\/wp-content\/uploads\/2018\/11\/600x400_12627_4.jpg\" alt=\"\" title=\"600x400_12627_4\"\/><\/div><\/figure><\/div><\/div><\/div><\/div><div class=\"vce-col vce-col--md-25p vce-col--xs-1 vce-col--xs-last vce-col--xs-first vce-col--sm-last vce-col--sm-first\" id=\"el-13d9eed9\" data-vce-do-apply=\"background border el-13d9eed9\"><div class=\"vce-col-inner\" data-vce-element-content=\"true\" data-vce-do-apply=\"padding margin  el-13d9eed9\"><div class=\"vce-single-image-container vce-single-image--align-left\"><div class=\"vce vce-single-image-wrapper\" id=\"el-b407f753\" data-vce-do-apply=\"all el-b407f753\"><figure><div class=\"vce-single-image-inner\"><img class=\"vce-single-image\" data-width=\"400\" data-height=\"600\"src=\"https:\/\/www.related.dk\/macao-tradekit\/wp-content\/uploads\/2018\/11\/600x400_321_6-400x600.jpg\" data-img-src=\"https:\/\/www.related.dk\/macao-tradekit\/wp-content\/uploads\/2018\/11\/600x400_321_6.jpg\" alt=\"\" title=\"600x400_321_6\"\/><\/div><\/figure><\/div><\/div><\/div><\/div><div class=\"vce-col vce-col--md-25p vce-col--xs-1 vce-col--xs-last vce-col--xs-first vce-col--sm-last vce-col--sm-first vce-col--md-last vce-col--lg-last vce-col--xl-last\" id=\"el-785c624b\" data-vce-do-apply=\"background border el-785c624b\"><div class=\"vce-col-inner\" data-vce-element-content=\"true\" data-vce-do-apply=\"padding margin  el-785c624b\"><div class=\"vce-single-image-container vce-single-image--align-left\"><div class=\"vce vce-single-image-wrapper\" id=\"el-cc84e4fa\" data-vce-do-apply=\"all el-cc84e4fa\"><figure><div class=\"vce-single-image-inner\"><img class=\"vce-single-image\" data-width=\"400\" data-height=\"600\"src=\"https:\/\/www.related.dk\/macao-tradekit\/wp-content\/uploads\/2018\/11\/600x400_12148_1-400x600.jpg\" data-img-src=\"https:\/\/www.related.dk\/macao-tradekit\/wp-content\/uploads\/2018\/11\/600x400_12148_1.jpg\" alt=\"\" title=\"600x400_12148_1\"\/><\/div><\/figure><\/div><\/div><\/div><\/div><\/div><\/div><\/div>\n","protected":false},"excerpt":{"rendered":"<p>MIKSI MACAOON?Macao on pakollinen t\u00e4rppi varsinkin kulinaristeille. T\u00e4\u00e4ll\u00e4 on jopa 19 Michelin-ravintolaa ja 12 Michelinin suosittelemaa katukeitti\u00f6t\u00e4, jotka tarjoavat portugalilais- ja aasialaisvaikutteista ruokaa.Ruokakulttuurinsa takia kaupunki otettiin vuoden 2017 lopussa mukaan Unescon luovien kaupunkien verkostoon (Creative Cities Network, UCCN).Kulttuurista ja historiasta kiinnostuneille Macao tarjoaa ainutlaatuisen yhdistelm\u00e4n eurooppalaisia ja aasialaisia \u2013 varsinkin kiinalaisia ja portugalilaisia \u2013 vaikutteita, &hellip; <\/p>\n<p class=\"link-more\"><a href=\"https:\/\/www.related.dk\/macao-tradekit\/tietoa-macaosta\/miksi-macaoon\/?lang=fi\" class=\"more-link\">L\u00e6s videre<span class=\"screen-reader-text\"> &#8220;&#8221;<\/span><\/a><\/p>\n","protected":false},"author":2,"featured_media":0,"parent":930,"menu_order":0,"comment_status":"closed","ping_status":"closed","template":"","meta":[],"_links":{"self":[{"href":"https:\/\/www.related.dk\/macao-tradekit\/wp-json\/wp\/v2\/pages\/856"}],"collection":[{"href":"https:\/\/www.related.dk\/macao-tradekit\/wp-json\/wp\/v2\/pages"}],"about":[{"href":"https:\/\/www.related.dk\/macao-tradekit\/wp-json\/wp\/v2\/types\/page"}],"author":[{"embeddable":true,"href":"https:\/\/www.related.dk\/macao-tradekit\/wp-json\/wp\/v2\/users\/2"}],"replies":[{"embeddable":true,"href":"https:\/\/www.related.dk\/macao-tradekit\/wp-json\/wp\/v2\/comments?post=856"}],"version-history":[{"count":11,"href":"https:\/\/www.related.dk\/macao-tradekit\/wp-json\/wp\/v2\/pages\/856\/revisions"}],"predecessor-version":[{"id":953,"href":"https:\/\/www.related.dk\/macao-tradekit\/wp-json\/wp\/v2\/pages\/856\/revisions\/953"}],"up":[{"embeddable":true,"href":"https:\/\/www.related.dk\/macao-tradekit\/wp-json\/wp\/v2\/pages\/930"}],"wp:attachment":[{"href":"https:\/\/www.related.dk\/macao-tradekit\/wp-json\/wp\/v2\/media?parent=856"}],"curies":[{"name":"wp","href":"https:\/\/api.w.org\/{rel}","templated":true}]}}