{"id":855,"date":"2018-11-22T14:32:00","date_gmt":"2018-11-22T14:32:00","guid":{"rendered":"http:\/\/www.related.dk\/macao-tradekit\/upplevelser-2\/historiska-macao-3-dagar\/"},"modified":"2018-11-22T14:49:30","modified_gmt":"2018-11-22T14:49:30","slug":"historiska-macao-3-dagar","status":"publish","type":"page","link":"https:\/\/www.related.dk\/macao-tradekit\/upplevelser-2\/historiska-macao-3-dagar\/?lang=sv","title":{"rendered":"Historiska Macao (3 dagar)"},"content":{"rendered":"<div class=\"vce-row-container\"><div class=\"vce-row vce-row--col-gap-30 vce-row-columns--top vce-row-content--top\" id=\"el-d0c943bc\" data-vce-do-apply=\"all el-d0c943bc\"><div class=\"vce-row-content\" data-vce-element-content=\"true\"><div class=\"vce-col vce-col--md-auto vce-col--xs-1 vce-col--xs-last vce-col--xs-first vce-col--sm-last vce-col--sm-first vce-col--md-last vce-col--lg-last vce-col--xl-last vce-col--md-first vce-col--lg-first vce-col--xl-first\" id=\"el-6b7a56f5\" data-vce-do-apply=\"background border el-6b7a56f5\"><div class=\"vce-col-inner\" data-vce-element-content=\"true\" data-vce-do-apply=\"padding margin  el-6b7a56f5\"><section class=\"vce-hero-section-container vce-hero-section-media--xs vce-hero-section-media--sm vce-hero-section-media--md vce-hero-section-media--lg\"><div class=\"vce vce-hero-section vce-hero-section--alignment-start\" id=\"el-56b0a205\" data-vce-do-apply=\"margin background border  el-56b0a205\"><div class=\"vce-hero-section--wrap-row vce-hero-section--background-position-center-center\" style=\"background-image: url('https:\/\/www.related.dk\/macao-tradekit\/wp-content\/uploads\/2018\/11\/Banner_historie_3-dage.jpg');\"><div class=\"vce-hero-section--wrap\"><div class=\"vce-hero-section--content\" data-vce-do-apply=\"padding el-56b0a205\"><div class=\"vce-hero-section--content-container\"><h1><strong>HISTORISKA MACAO&nbsp;<\/strong><\/h1><\/div><\/div><\/div><\/div><\/div><\/section><\/div><\/div><\/div><\/div><\/div><div class=\"vce-row-container\"><div class=\"vce-row vce-row--col-gap-30 vce-row-columns--top vce-row-content--top\" id=\"el-3ad32105\" data-vce-do-apply=\"all el-3ad32105\"><div class=\"vce-row-content\" data-vce-element-content=\"true\"><div class=\"vce-col vce-col--md-auto vce-col--xs-1 vce-col--xs-last vce-col--xs-first vce-col--sm-last vce-col--sm-first vce-col--md-last vce-col--lg-last vce-col--xl-last vce-col--md-first vce-col--lg-first vce-col--xl-first\" id=\"el-df16e5d2\" data-vce-do-apply=\"background border el-df16e5d2\"><div class=\"vce-col-inner\" data-vce-element-content=\"true\" data-vce-do-apply=\"padding margin  el-df16e5d2\"><div class=\"vce-text-block\"><div class=\"vce-text-block-wrapper vce\" id=\"el-679aaaf2\" data-vce-do-apply=\"all el-679aaaf2\"><p>F\u00f6r den kultur- och historieintresserade bjuder Macao p\u00e5 en ganska unik mix av europeisk och asiatisk kultur och arkitektur, och inflytandet fr\u00e5n b\u00e5de Kina och Portugal \u00e4r tydlig.<\/p><h2>Dag 1: Stadens historiska centrum<\/h2><p>Utforska Macaos historiska centrum \u2013 2015 uts\u00e5gs det till UNESCO v\u00e4rldsarv.<\/p><h3>F\u00f6rmiddag + eftermiddag<\/h3><ul><li><strong>Ruins of St. Paul\u2019s<\/strong> \u00e4r ruinerna av kyrkan St. Paul\u2019s som byggdes under perioden 1602\u20131640. Kyrkan var en del av St. Paul\u2019s College \u2013 det f\u00f6rsta v\u00e4sterl\u00e4ndska universitet i Fj\u00e4rran \u00d6stern. I dag \u00e4r det bara kyrkans fasad som finns kvar.<\/li><li><strong>Na Tcha Temple<\/strong> \u00e4r ett litet traditionellt kinesiskt tempel byggt \u00e5r 1888 till \u00e4ra av guden Na Tcha. Templet \u00e4r byggt i enkla material och ligger alldeles i n\u00e4rheten av St. Paul\u2019s-kyrken. Omr\u00e5det symboliserar m\u00f6tet mellan de v\u00e4sterl\u00e4ndska och kinesiska religionerna, liksom den religionsfrihet och multikulturella \u00f6ppenhet som k\u00e4nnetecknar Macao.<\/li><li>G\u00e5 l\u00e4ngs <strong>\u201cLover\u2019s Lane\u201d<\/strong> \u2013 en smal kullerstensgata omgiven av romantiska pastellf\u00e4rgade hus som leder ner till <strong>Senado Square<\/strong>. Torget har varit hj\u00e4rtat av Macao sedan 1600-talet och \u00e4r k\u00e4nt f\u00f6r sina karakt\u00e4ristiska m\u00f6nster med svarta och vita kullerstenar. Torget \u00e4r idag centrum f\u00f6r en m\u00e4ngd offentliga festivaler och events.<\/li><li>Inte l\u00e5ngt fr\u00e5n torget ligger <strong>St. Dominic\u2019s Church<\/strong>. H\u00e4r kan man beundra kyrkans ljusgula f\u00e4rger medan man njuter av en bit mat eller n\u00e5got att dricka fr\u00e5n av de m\u00e5nga matst\u00e5nden vid kyrkan.<\/li><li><strong>Lou Kau Mansion<\/strong> byggdes runt 1889 och var den prominenta kinesiska aff\u00e4rsmannens Lou Kaus bostad. Byggnaden \u00e4r ett klassiskt exempel p\u00e5 kinesisk \u201cXiguan\u201d-arkitektur.<\/li><li><strong>Rua de Felicidade<\/strong> det tidigare \u201cred light district\u201d. Idag en guldgruva av lokala delikatesser och souvenirer.<\/li><li><strong>Guia Fortress<\/strong> \u00e4r ett fort som byggdes \u00e5r 1622 och bel\u00e4get p\u00e5 Macaos h\u00f6gsta punkt. F\u00f6rutom den fina utsikten \u00e4r det bland annat k\u00e4nt f\u00f6r sitt kapell och sitt fyrtorn.<\/li><li><strong>Lou Lim Ieoc Garden<\/strong> byggdes p\u00e5 1800-talet efter Suzhou-principerna och \u00e4r den mest kinesiska av alla Macaos tr\u00e4dg\u00e5rdar.<\/li><\/ul><h3>Kv\u00e4ll<\/h3><p>Bes\u00f6k en av Macaos m\u00e5nga portugisiska restauranger f\u00f6r att f\u00e5 en \u00e4kta k\u00e4nsla f\u00f6r stadens europeiska kulturarv.<\/p><\/div><\/div><\/div><\/div><\/div><\/div><\/div><div class=\"vce-row-container\"><div class=\"vce-row vce-row--col-gap-30 vce-row-columns--top vce-row-content--top\" id=\"el-f94f8fd7\" data-vce-do-apply=\"all el-f94f8fd7\"><div class=\"vce-row-content\" data-vce-element-content=\"true\"><div class=\"vce-col vce-col--md-50p vce-col--xs-1 vce-col--xs-last vce-col--xs-first vce-col--sm-last vce-col--sm-first vce-col--md-first vce-col--lg-first vce-col--xl-first\" id=\"el-85377562\" data-vce-do-apply=\"background border el-85377562\"><div class=\"vce-col-inner\" data-vce-element-content=\"true\" data-vce-do-apply=\"padding margin  el-85377562\"><div class=\"vce-single-image-container vce-single-image--align-left\"><div class=\"vce vce-single-image-wrapper\" id=\"el-c5827fc0\" data-vce-do-apply=\"all el-c5827fc0\"><figure><div class=\"vce-single-image-inner\"><img class=\"vce-single-image\" data-width=\"600\" data-height=\"400\"src=\"https:\/\/www.related.dk\/macao-tradekit\/wp-content\/uploads\/2018\/11\/st-pauls-600x400.jpg\" data-img-src=\"https:\/\/www.related.dk\/macao-tradekit\/wp-content\/uploads\/2018\/11\/st-pauls.jpg\" alt=\"\" title=\"st pauls\"\/><\/div><\/figure><\/div><\/div><\/div><\/div><div class=\"vce-col vce-col--md-50p vce-col--xs-1 vce-col--xs-last vce-col--xs-first vce-col--sm-last vce-col--sm-first vce-col--md-last vce-col--lg-last vce-col--xl-last\" id=\"el-636f8f64\" data-vce-do-apply=\"background border el-636f8f64\"><div class=\"vce-col-inner\" data-vce-element-content=\"true\" data-vce-do-apply=\"padding margin  el-636f8f64\"><div class=\"vce-single-image-container vce-single-image--align-left\"><div class=\"vce vce-single-image-wrapper\" id=\"el-8c3b545a\" data-vce-do-apply=\"all el-8c3b545a\"><figure><div class=\"vce-single-image-inner\"><img class=\"vce-single-image\" data-width=\"600\" data-height=\"400\"src=\"https:\/\/www.related.dk\/macao-tradekit\/wp-content\/uploads\/2018\/11\/dag-1_1-600x400.jpg\" data-img-src=\"https:\/\/www.related.dk\/macao-tradekit\/wp-content\/uploads\/2018\/11\/dag-1_1.jpg\" alt=\"\" title=\"dag 1_1\"\/><\/div><\/figure><\/div><\/div><\/div><\/div><\/div><\/div><\/div><div class=\"vce-row-container\"><div class=\"vce-row vce-row--col-gap-30 vce-row-columns--top vce-row-content--top\" id=\"el-095ad6d4\" data-vce-do-apply=\"all el-095ad6d4\"><div class=\"vce-row-content\" data-vce-element-content=\"true\"><div class=\"vce-col vce-col--md-auto vce-col--xs-1 vce-col--xs-last vce-col--xs-first vce-col--sm-last vce-col--sm-first vce-col--md-last vce-col--lg-last vce-col--xl-last vce-col--md-first vce-col--lg-first vce-col--xl-first\" id=\"el-26681fc7\" data-vce-do-apply=\"background border el-26681fc7\"><div class=\"vce-col-inner\" data-vce-element-content=\"true\" data-vce-do-apply=\"padding margin  el-26681fc7\"><div class=\"vce-text-block\"><div class=\"vce-text-block-wrapper vce\" id=\"el-18b4c443\" data-vce-do-apply=\"all el-18b4c443\"><h2>Dag 2: Fler historiska skatter<\/h2><p>Efter att ha bes\u00f6kt n\u00e5gra av de mest ikoniska platserna i Macaos historiska centrum, \u00e4r det nu dags att l\u00e4ra k\u00e4nna Macaos historia och kulturarv ytterligare \u2013 och samtidigt uppleva det nya Macao.<\/p><h3>F\u00f6rmiddag + eftermiddag:<\/h3><ul><li><strong>Lin Fong Temple<\/strong> (Temple of Lotus) byggdes \u00e5r 1592 och har nyligen restaurerats. Historiskt \u00e4r det k\u00e4nt som den plats d\u00e4r kinesiska \u00e4mbetsm\u00e4n bodde n\u00e4r de f\u00f6rst anl\u00e4nde till Macao.<\/li><li><strong>Kun Iam Temple<\/strong> \u00e4r ett buddhistiskt tempel med anor fr\u00e5n 1300-talet. Den nuvarande byggnaden dateras till \u00e5r 1627.<\/li><li><strong>Memorial House of Dr. Sun Yat-Sen<\/strong> - tidigare bostad \u00e5t Dr. Sun Yat-Sen. Han var en de drivande krafterna bakom den kinesisk-republikanska revolutionen (Xinhai) som st\u00f6rtade Qingdynastiet, och som s\u00e5ledes blev den sista kinesiska dynastin.<\/li><li><strong>Cam\u00f5es Garden<\/strong> \u00e4r en tr\u00e4dg\u00e5rd med anor fr\u00e5n 1800-talet. H\u00e4r finns idag en kyrkog\u00e5rd, Old Protestant Cemetery, d\u00e4r \u00e5tskilliga k\u00f6pm\u00e4n och mission\u00e4rer ligger begravda. Det finns ocks\u00e5 en kinesisk paviljong och en stor tr\u00e4dg\u00e5rd d\u00e4r m\u00e5nga av lokalinv\u00e5narna samlas f\u00f6r att ut\u00f6va tai chi om morgonen.<\/li><li><strong>St Anthony Church<\/strong> \u00e4r en av Macaos \u00e4ldsta kyrkor. Den byggdes i bambu och tr\u00e4 \u00e5r 1560 och har sedan dess renoverats och rekonstruerats ett flertal g\u00e5nger. Den nuvarande kyrkan dateras till \u00e5r 1930.<\/li><li><strong>Tam Kong Temple<\/strong> \u00e4r till\u00e4gnad sj\u00f6fararnas gud, Tam Kong. Templet \u00e4r speciellt k\u00e4nt f\u00f6r sin r\u00f6da f\u00e4rg och den l\u00e5nga drakb\u00e5tsmodellen som skapats av valben och som kan upplevas inne i templet.<\/li><li><strong>5 de Outubro Street<\/strong> \u00e4r en historisk gata d\u00e4r man kan k\u00f6pa allt fr\u00e5n kinesiska \u00f6rter och handgjorda nudlar till lokala delikatesser och kaffebarer.<\/li><\/ul><h3>Kv\u00e4ll<\/h3><ul><li>Bes\u00f6k ett av de stora internationella resorten i <strong>Cotai,<\/strong> med kasinon, shower och restauranger \u2013 och upplev kontrasten mellan nya och historiska Macao.<\/li><\/ul><\/div><\/div><\/div><\/div><\/div><\/div><\/div><div class=\"vce-row-container\"><div class=\"vce-row vce-row--col-gap-30 vce-row-columns--top vce-row-content--top\" id=\"el-15a15dcf\" data-vce-do-apply=\"all el-15a15dcf\"><div class=\"vce-row-content\" data-vce-element-content=\"true\"><div class=\"vce-col vce-col--md-50p vce-col--xs-1 vce-col--xs-last vce-col--xs-first vce-col--sm-last vce-col--sm-first vce-col--md-first vce-col--lg-first vce-col--xl-first\" id=\"el-b31cda47\" data-vce-do-apply=\"background border el-b31cda47\"><div class=\"vce-col-inner\" data-vce-element-content=\"true\" data-vce-do-apply=\"padding margin  el-b31cda47\"><div class=\"vce-single-image-container vce-single-image--align-left\"><div class=\"vce vce-single-image-wrapper\" id=\"el-4134bc76\" data-vce-do-apply=\"all el-4134bc76\"><figure><div class=\"vce-single-image-inner\"><img class=\"vce-single-image\" data-width=\"600\" data-height=\"400\"src=\"https:\/\/www.related.dk\/macao-tradekit\/wp-content\/uploads\/2018\/11\/eiffel_hori-600x400.jpg\" data-img-src=\"https:\/\/www.related.dk\/macao-tradekit\/wp-content\/uploads\/2018\/11\/eiffel_hori.jpg\" alt=\"\" title=\"eiffel_hori\"\/><\/div><\/figure><\/div><\/div><\/div><\/div><div class=\"vce-col vce-col--md-50p vce-col--xs-1 vce-col--xs-last vce-col--xs-first vce-col--sm-last vce-col--sm-first vce-col--md-last vce-col--lg-last vce-col--xl-last\" id=\"el-a7405110\" data-vce-do-apply=\"background border el-a7405110\"><div class=\"vce-col-inner\" data-vce-element-content=\"true\" data-vce-do-apply=\"padding margin  el-a7405110\"><div class=\"vce-single-image-container vce-single-image--align-left\"><div class=\"vce vce-single-image-wrapper\" id=\"el-ec7f912e\" data-vce-do-apply=\"all el-ec7f912e\"><figure><div class=\"vce-single-image-inner\"><img class=\"vce-single-image\" data-width=\"600\" data-height=\"400\"src=\"https:\/\/www.related.dk\/macao-tradekit\/wp-content\/uploads\/2018\/11\/DSC07510_night-600x400.jpg\" data-img-src=\"https:\/\/www.related.dk\/macao-tradekit\/wp-content\/uploads\/2018\/11\/DSC07510_night.jpg\" alt=\"\" title=\"DSC07510_night\"\/><\/div><\/figure><\/div><\/div><\/div><\/div><\/div><\/div><\/div><div class=\"vce-row-container\"><div class=\"vce-row vce-row--col-gap-30 vce-row-columns--top vce-row-content--top\" id=\"el-ac7e824e\" data-vce-do-apply=\"all el-ac7e824e\"><div class=\"vce-row-content\" data-vce-element-content=\"true\"><div class=\"vce-col vce-col--md-auto vce-col--xs-1 vce-col--xs-last vce-col--xs-first vce-col--sm-last vce-col--sm-first vce-col--md-last vce-col--lg-last vce-col--xl-last vce-col--md-first vce-col--lg-first vce-col--xl-first\" id=\"el-c2ae9e9b\" data-vce-do-apply=\"background border el-c2ae9e9b\"><div class=\"vce-col-inner\" data-vce-element-content=\"true\" data-vce-do-apply=\"padding margin  el-c2ae9e9b\"><div class=\"vce-text-block\"><div class=\"vce-text-block-wrapper vce\" id=\"el-3883d7df\" data-vce-do-apply=\"all el-3883d7df\"><h2>Dag 3: Coloane och Taipa<\/h2><p>Ta en promenad eller cykeltur i autentiska Macao.<\/p><h3>F\u00f6rmiddag<\/h3><p>Bes\u00f6k omr\u00e5det Taipa som \u00e4r en guldgruva av butiker, traditionella kaf\u00e9er, souvenirbutiker och mycket mer. Ta en promenad i omr\u00e5det och upplev de historiska byggnaderna som minner om tiden d\u00e5 staden bara var en liten by.<\/p><ul><li><strong>Taipa Houses<\/strong> \u00e4r byggt i portugisisk stil och uppf\u00f6rdes \u00e5r 1921 som bostad till h\u00f6gt uppsatta \u00e4mbetsm\u00e4n.<\/li><li><strong>Museum of Taipa and Coloane History<\/strong> \u00e4r det tidigare stadshuset. \u00c5r 2006 omvandlades det till museum och visar bland annat flera samlingar av arkeologiska fynd som man hittat i Macao.<\/li><li>K\u00f6p eventuellt lunch fr\u00e5n en av de <strong>lokala matbodarna<\/strong> utanf\u00f6r museet och njut av en m\u00e5ltid omgiven av Taipas historiska byggnader.<\/li><li><strong>Pak Tai Temple<\/strong> \u00e4r ett av de mest speciella tempel i Taipa. Hit kan lokalinv\u00e5narna g\u00e5 f\u00f6r att l\u00e4mna offerg\u00e5vor till gudarna, vilket annars inte \u00e4r s\u00e5 vanligt i detta omr\u00e5de.<\/li><li>Bredvid Pak Tai finns m\u00f6jlighet att <strong>hyra en cykel<\/strong> och utforska den gamla stadsdelen p\u00e5 tv\u00e5 hjul.<\/li><li>Cykla (eller g\u00e5) f\u00f6rbi den fina katolska kyrkan <strong>Our Lady of Camo Church<\/strong>, som ligger p\u00e5 toppen av en backe med utsikt \u00f6ver Taipa.<\/li><\/ul><p>&nbsp;<\/p><p><strong>Tips till Taipa:<\/strong><\/p><ul><li>Om energiniv\u00e5n beh\u00f6ver fyllas p\u00e5 s\u00e5 har Taipa b\u00e5de glass- och kaffebarer samt olika restauranger som serverar allt fr\u00e5n kinesiskt och thai till portugisisk mat.<\/li><li>Missa inte att provsmaka de v\u00e4lk\u00e4nda mandelkakorna, som \u00e4r enTaipa-specialitet! De finns att k\u00f6pa hos de lokala bagarna i omr\u00e5det.<\/li><\/ul><p><a href=\"http:\/\/en.macaotourism.gov.mo\/plan\/walking_tours.php?id=1335\" target=\"_blank\" rel=\"noopener\">H\u00e4r \u00e4r ett f\u00f6rslag p\u00e5 uppl\u00e4gg om man vill uppt\u00e4cka omr\u00e5det till fots, inkl. tips p\u00e5 restauranger<\/a><\/p><h3>Eftermiddag<\/h3><p>Utforska den tidigare fiskebyn Coloane och \u00e5terupplev en svunnen tid.<\/p><ul><li><strong>Largo do Presidente Ant\u00f3nio Ramalho Eanes<\/strong> \u2013 ett litet torg uppkallat efter den portugisiska presidenten Ant\u00f3nio Ramalho Eanes. Torget \u00e4r v\u00e4lbes\u00f6kt av lokalinv\u00e5narna som kommer hit f\u00f6r att k\u00f6pa skaldjur, portugisiska bakverk eller andra lokala specialiteter fr\u00e5n de lokala marknadsst\u00e5nden.<\/li><li><strong>Coloane Library<\/strong> \u2013 biblioteket var tidigare en lokal skola och \u00e4r en trevlig plats att sl\u00e5 sig ner med en bok. H\u00e4r finns ocks\u00e5 m\u00f6jlighet att hyra cykel vilket g\u00f6r det enklare att utforska utkanten av omr\u00e5det och uppleva arvet fr\u00e5n den tid d\u00e5 Coloane var en liten fiskeby.<\/li><li><strong>Coloanes 4 tempel<\/strong> \u2013 Ancient Temple of Kun Iam, Tin Hau Ancient Temple, Tam Kong Temple och Sam Seng Temple \u00e4r de fyra tempel som anv\u00e4nds mest i Coloane. Det sistn\u00e4mnda \u00e4r bel\u00e4get i den norra delen av omr\u00e5det och h\u00e4r hittar man \u00e4ven de traditionella husen som byggts p\u00e5 p\u00e5lar l\u00e4ngs kusten.<\/li><li><strong>Lord Stow\u2019s Bakery<\/strong> \u2013 Macaos mest ikoniska bageri som har s\u00e5lt de traditionella portugisiska bakverken Past\u00e9is de Nata sedan 1989, sm\u00f6rdegskakor med kaneldoftande \u00e4ggfyllning.<\/li><\/ul><p><a href=\"http:\/\/en.macaotourism.gov.mo\/plan\/walking_tours.php?id=1336\" target=\"_blank\" rel=\"noopener\">Tips till hur du kan uppt\u00e4cka Coloane till fots, inkl. tips p\u00e5 restauranger hittar du h\u00e4r<\/a><\/p><\/div><\/div><\/div><\/div><\/div><\/div><\/div><div class=\"vce-row-container\"><div class=\"vce-row vce-row--col-gap-30 vce-row-columns--top vce-row-content--top\" id=\"el-72b7abb4\" data-vce-do-apply=\"all el-72b7abb4\"><div class=\"vce-row-content\" data-vce-element-content=\"true\"><div class=\"vce-col vce-col--md-50p vce-col--xs-1 vce-col--xs-last vce-col--xs-first vce-col--sm-last vce-col--sm-first vce-col--md-first vce-col--lg-first vce-col--xl-first\" id=\"el-66faa4f6\" data-vce-do-apply=\"background border el-66faa4f6\"><div class=\"vce-col-inner\" data-vce-element-content=\"true\" data-vce-do-apply=\"padding margin  el-66faa4f6\"><div class=\"vce-single-image-container vce-single-image--align-left\"><div class=\"vce vce-single-image-wrapper\" id=\"el-6e87b7f4\" data-vce-do-apply=\"all el-6e87b7f4\"><figure><div class=\"vce-single-image-inner\"><img class=\"vce-single-image\" data-width=\"600\" data-height=\"400\"src=\"https:\/\/www.related.dk\/macao-tradekit\/wp-content\/uploads\/2018\/11\/coloane_1-600x400.jpg\" data-img-src=\"https:\/\/www.related.dk\/macao-tradekit\/wp-content\/uploads\/2018\/11\/coloane_1.jpg\" alt=\"\" title=\"coloane_1\"\/><\/div><\/figure><\/div><\/div><\/div><\/div><div class=\"vce-col vce-col--md-50p vce-col--xs-1 vce-col--xs-last vce-col--xs-first vce-col--sm-last vce-col--sm-first vce-col--md-last vce-col--lg-last vce-col--xl-last\" id=\"el-7e6e9066\" data-vce-do-apply=\"background border el-7e6e9066\"><div class=\"vce-col-inner\" data-vce-element-content=\"true\" data-vce-do-apply=\"padding margin  el-7e6e9066\"><div class=\"vce-single-image-container vce-single-image--align-left\"><div class=\"vce vce-single-image-wrapper\" id=\"el-01fa7b83\" data-vce-do-apply=\"all el-01fa7b83\"><figure><div class=\"vce-single-image-inner\"><img class=\"vce-single-image\" data-width=\"600\" data-height=\"400\"src=\"https:\/\/www.related.dk\/macao-tradekit\/wp-content\/uploads\/2018\/11\/coloane_2-600x400.jpg\" data-img-src=\"https:\/\/www.related.dk\/macao-tradekit\/wp-content\/uploads\/2018\/11\/coloane_2.jpg\" alt=\"\" title=\"coloane_2\"\/><\/div><\/figure><\/div><\/div><\/div><\/div><\/div><\/div><\/div>\n","protected":false},"excerpt":{"rendered":"<p>HISTORISKA MACAO&nbsp;F\u00f6r den kultur- och historieintresserade bjuder Macao p\u00e5 en ganska unik mix av europeisk och asiatisk kultur och arkitektur, och inflytandet fr\u00e5n b\u00e5de Kina och Portugal \u00e4r tydlig.Dag 1: Stadens historiska centrumUtforska Macaos historiska centrum \u2013 2015 uts\u00e5gs det till UNESCO v\u00e4rldsarv.F\u00f6rmiddag + eftermiddagRuins of St. Paul\u2019s \u00e4r ruinerna av kyrkan St. Paul\u2019s som &hellip; <\/p>\n<p class=\"link-more\"><a href=\"https:\/\/www.related.dk\/macao-tradekit\/upplevelser-2\/historiska-macao-3-dagar\/?lang=sv\" class=\"more-link\">L\u00e6s videre<span class=\"screen-reader-text\"> &#8220;Historiska Macao (3 dagar)&#8221;<\/span><\/a><\/p>\n","protected":false},"author":2,"featured_media":0,"parent":852,"menu_order":0,"comment_status":"closed","ping_status":"closed","template":"","meta":[],"_links":{"self":[{"href":"https:\/\/www.related.dk\/macao-tradekit\/wp-json\/wp\/v2\/pages\/855"}],"collection":[{"href":"https:\/\/www.related.dk\/macao-tradekit\/wp-json\/wp\/v2\/pages"}],"about":[{"href":"https:\/\/www.related.dk\/macao-tradekit\/wp-json\/wp\/v2\/types\/page"}],"author":[{"embeddable":true,"href":"https:\/\/www.related.dk\/macao-tradekit\/wp-json\/wp\/v2\/users\/2"}],"replies":[{"embeddable":true,"href":"https:\/\/www.related.dk\/macao-tradekit\/wp-json\/wp\/v2\/comments?post=855"}],"version-history":[{"count":4,"href":"https:\/\/www.related.dk\/macao-tradekit\/wp-json\/wp\/v2\/pages\/855\/revisions"}],"predecessor-version":[{"id":867,"href":"https:\/\/www.related.dk\/macao-tradekit\/wp-json\/wp\/v2\/pages\/855\/revisions\/867"}],"up":[{"embeddable":true,"href":"https:\/\/www.related.dk\/macao-tradekit\/wp-json\/wp\/v2\/pages\/852"}],"wp:attachment":[{"href":"https:\/\/www.related.dk\/macao-tradekit\/wp-json\/wp\/v2\/media?parent=855"}],"curies":[{"name":"wp","href":"https:\/\/api.w.org\/{rel}","templated":true}]}}