{"id":845,"date":"2018-11-22T14:25:20","date_gmt":"2018-11-22T14:25:20","guid":{"rendered":"http:\/\/www.related.dk\/macao-tradekit\/overnattning\/"},"modified":"2018-11-23T12:14:27","modified_gmt":"2018-11-23T12:14:27","slug":"overnattning","status":"publish","type":"page","link":"https:\/\/www.related.dk\/macao-tradekit\/overnattning\/?lang=no","title":{"rendered":""},"content":{"rendered":"<div class=\"vce-row-container\"><div class=\"vce-row vce-row--col-gap-30 vce-row-columns--top vce-row-content--top\" id=\"el-3eda63b1\" data-vce-do-apply=\"all el-3eda63b1\"><div class=\"vce-row-content\" data-vce-element-content=\"true\"><div class=\"vce-col vce-col--md-100p vce-col--xs-1 vce-col--xs-last vce-col--xs-first vce-col--sm-last vce-col--sm-first vce-col--md-last vce-col--lg-last vce-col--xl-last vce-col--md-first vce-col--lg-first vce-col--xl-first\" id=\"el-ebaa9a88\" data-vce-do-apply=\"background border el-ebaa9a88\"><div class=\"vce-col-inner\" data-vce-element-content=\"true\" data-vce-do-apply=\"padding margin  el-ebaa9a88\"><div class=\"vce-text-block\"><div class=\"vce-text-block-wrapper vce\" id=\"el-5534c9b3\" data-vce-do-apply=\"all el-5534c9b3\"><p><!--vcv no format--><\/p><div class=\"vce-row-container\"><div id=\"el-9f38acfa\" class=\"vce-row vce-row--col-gap-30 vce-row-columns--top vce-row-content--top\" data-vce-do-apply=\"all el-9f38acfa\"><div class=\"vce-row-content\" data-vce-element-content=\"true\"><div id=\"el-299426c0\" class=\"vce-col vce-col--md-auto vce-col--xs-1 vce-col--xs-last vce-col--xs-first vce-col--sm-last vce-col--sm-first vce-col--md-last vce-col--lg-last vce-col--xl-last vce-col--md-first vce-col--lg-first vce-col--xl-first\" data-vce-do-apply=\"background border el-299426c0\"><div class=\"vce-col-inner\" data-vce-do-apply=\"padding margin el-299426c0\" data-vce-element-content=\"true\"><section class=\"vce-hero-section-container vce-hero-section-media--xs vce-hero-section-media--sm vce-hero-section-media--md vce-hero-section-media--lg\"><div id=\"el-cdce5d9a\" class=\"vce vce-hero-section vce-hero-section--alignment-start\" data-vce-do-apply=\"margin background border el-cdce5d9a\"><div class=\"vce-hero-section--wrap-row vce-hero-section--background-position-center-center\" style=\"background-image: url('https:\/\/www.related.dk\/macao-tradekit\/wp-content\/uploads\/2018\/11\/Banner_12609_4_overnatning.jpg');\"><div class=\"vce-hero-section--wrap\"><div class=\"vce-hero-section--content\" data-vce-do-apply=\"padding el-cdce5d9a\"><div class=\"vce-hero-section--content-container\"><h1><strong>OVERNATTNING<\/strong><\/h1><\/div><\/div><\/div><\/div><\/div><\/section><\/div><\/div><\/div><\/div><\/div><div class=\"vce-row-container\"><div id=\"el-7a86d4ed\" class=\"vce-row vce-row--col-gap-30 vce-row-columns--top vce-row-content--top\" data-vce-do-apply=\"all el-7a86d4ed\"><div class=\"vce-row-content\" data-vce-element-content=\"true\"><div id=\"el-261dca35\" class=\"vce-col vce-col--md-auto vce-col--xs-1 vce-col--xs-last vce-col--xs-first vce-col--sm-last vce-col--sm-first vce-col--md-last vce-col--lg-last vce-col--xl-last vce-col--md-first vce-col--lg-first vce-col--xl-first\" data-vce-do-apply=\"background border el-261dca35\"><div class=\"vce-col-inner\" data-vce-do-apply=\"padding margin el-261dca35\" data-vce-element-content=\"true\"><div class=\"vce-text-block\"><div id=\"el-c5263e56\" class=\"vce-text-block-wrapper vce\" data-vce-do-apply=\"all el-c5263e56\"><p>I Macao finner du b\u00e5de en lang rekke <a href=\"http:\/\/www.related.dk\/macao-tradekit\/overnatning\/internationale-hotelbrands\/\" target=\"_blank\" rel=\"noopener\">internasjonalt anerkjente resort- og hotellkjeder<\/a> samt flere <a href=\"http:\/\/www.related.dk\/macao-tradekit\/overnattning\/hoteller-du-kun-finner-i-macao\/?lang=no\" target=\"_blank\" rel=\"noopener\">luksushoteller som kun er \u00e5 finne i Macao.<\/a><\/p><p><strong>Fakta om hotellene i Macao<\/strong><\/p><ul><li>Standarden p\u00e5 hotellene i Macao er generelt sv\u00e6rt god.<\/li><li>Der er flere lekre hoteller b\u00e5de i den historiske bydelen, i Cotai, Coloane og Taipa.<\/li><li>Gjennomsnittsprisen for et hotellv\u00e6relse (3\u20135 stjerner) er 168 USD per natt (statistikk fra perioden januar til september 2018).<\/li><\/ul><h4><strong>Oversikt<\/strong><\/h4><ul><li>5*: 37 hoteller \u2013 24 899 v\u00e6relser<\/li><li>4*: 17 hoteller \u2013 7862 v\u00e6relser<\/li><li>3*: 15 hoteller \u2013 5472 v\u00e6relser<\/li><\/ul><p><em>(tall fra september 2018)<\/em><\/p><\/div><\/div><\/div><\/div><\/div><\/div><\/div><p><!--vcv no format--><\/p><\/div><\/div><\/div><\/div><\/div><\/div><\/div><div class=\"vce-row-container\"><div class=\"vce-row vce-row--col-gap-30 vce-row-columns--top vce-row-content--top\" id=\"el-307b905a\" data-vce-do-apply=\"all el-307b905a\"><div class=\"vce-row-content\" data-vce-element-content=\"true\"><div class=\"vce-col vce-col--md-50p vce-col--xs-1 vce-col--xs-last vce-col--xs-first vce-col--sm-last vce-col--sm-first vce-col--md-first vce-col--lg-first vce-col--xl-first\" id=\"el-5d936aef\" data-vce-do-apply=\"background border el-5d936aef\"><div class=\"vce-col-inner\" data-vce-element-content=\"true\" data-vce-do-apply=\"padding margin  el-5d936aef\"><div class=\"vce-single-image-container vce-single-image--align-left\"><div class=\"vce vce-single-image-wrapper\" id=\"el-242e171b\" data-vce-do-apply=\"all el-242e171b\"><figure><div class=\"vce-single-image-inner\"><img class=\"vce-single-image\" data-width=\"600\" data-height=\"400\"src=\"https:\/\/www.related.dk\/macao-tradekit\/wp-content\/uploads\/2018\/11\/eiffel_hori-600x400.jpg\" data-img-src=\"https:\/\/www.related.dk\/macao-tradekit\/wp-content\/uploads\/2018\/11\/eiffel_hori.jpg\" alt=\"\" title=\"eiffel_hori\"\/><\/div><\/figure><\/div><\/div><\/div><\/div><div class=\"vce-col vce-col--md-50p vce-col--xs-1 vce-col--xs-last vce-col--xs-first vce-col--sm-last vce-col--sm-first vce-col--md-last vce-col--lg-last vce-col--xl-last\" id=\"el-8bdf84f5\" data-vce-do-apply=\"background border el-8bdf84f5\"><div class=\"vce-col-inner\" data-vce-element-content=\"true\" data-vce-do-apply=\"padding margin  el-8bdf84f5\"><div class=\"vce-single-image-container vce-single-image--align-left\"><div class=\"vce vce-single-image-wrapper\" id=\"el-e337185e\" data-vce-do-apply=\"all el-e337185e\"><figure><div class=\"vce-single-image-inner\"><img class=\"vce-single-image\" data-width=\"600\" data-height=\"400\"src=\"https:\/\/www.related.dk\/macao-tradekit\/wp-content\/uploads\/2018\/11\/hotel-view-600x400.jpg\" data-img-src=\"https:\/\/www.related.dk\/macao-tradekit\/wp-content\/uploads\/2018\/11\/hotel-view.jpg\" alt=\"\" title=\"hotel view\"\/><\/div><\/figure><\/div><\/div><\/div><\/div><\/div><\/div><\/div>\n","protected":false},"excerpt":{"rendered":"<p>OVERNATTNINGI Macao finner du b\u00e5de en lang rekke internasjonalt anerkjente resort- og hotellkjeder samt flere luksushoteller som kun er \u00e5 finne i Macao.Fakta om hotellene i MacaoStandarden p\u00e5 hotellene i Macao er generelt sv\u00e6rt god.Der er flere lekre hoteller b\u00e5de i den historiske bydelen, i Cotai, Coloane og Taipa.Gjennomsnittsprisen for et hotellv\u00e6relse (3\u20135 stjerner) er &hellip; <\/p>\n<p class=\"link-more\"><a href=\"https:\/\/www.related.dk\/macao-tradekit\/overnattning\/?lang=no\" class=\"more-link\">L\u00e6s videre<span class=\"screen-reader-text\"> &#8220;&#8221;<\/span><\/a><\/p>\n","protected":false},"author":2,"featured_media":0,"parent":0,"menu_order":0,"comment_status":"closed","ping_status":"closed","template":"","meta":[],"_links":{"self":[{"href":"https:\/\/www.related.dk\/macao-tradekit\/wp-json\/wp\/v2\/pages\/845"}],"collection":[{"href":"https:\/\/www.related.dk\/macao-tradekit\/wp-json\/wp\/v2\/pages"}],"about":[{"href":"https:\/\/www.related.dk\/macao-tradekit\/wp-json\/wp\/v2\/types\/page"}],"author":[{"embeddable":true,"href":"https:\/\/www.related.dk\/macao-tradekit\/wp-json\/wp\/v2\/users\/2"}],"replies":[{"embeddable":true,"href":"https:\/\/www.related.dk\/macao-tradekit\/wp-json\/wp\/v2\/comments?post=845"}],"version-history":[{"count":6,"href":"https:\/\/www.related.dk\/macao-tradekit\/wp-json\/wp\/v2\/pages\/845\/revisions"}],"predecessor-version":[{"id":1316,"href":"https:\/\/www.related.dk\/macao-tradekit\/wp-json\/wp\/v2\/pages\/845\/revisions\/1316"}],"wp:attachment":[{"href":"https:\/\/www.related.dk\/macao-tradekit\/wp-json\/wp\/v2\/media?parent=845"}],"curies":[{"name":"wp","href":"https:\/\/api.w.org\/{rel}","templated":true}]}}