{"id":822,"date":"2018-11-22T13:35:57","date_gmt":"2018-11-22T13:35:57","guid":{"rendered":"http:\/\/www.related.dk\/macao-tradekit\/kontakt\/"},"modified":"2018-11-24T11:38:25","modified_gmt":"2018-11-24T11:38:25","slug":"kontakt","status":"publish","type":"page","link":"https:\/\/www.related.dk\/macao-tradekit\/kontakt\/?lang=no","title":{"rendered":""},"content":{"rendered":"<div class=\"vce-row-container\"><div class=\"vce-row vce-row--col-gap-30 vce-row-columns--top vce-row-content--top\" id=\"el-348a01ce\" data-vce-do-apply=\"all el-348a01ce\"><div class=\"vce-row-content\" data-vce-element-content=\"true\"><div class=\"vce-col vce-col--md-100p vce-col--xs-1 vce-col--xs-last vce-col--xs-first vce-col--sm-last vce-col--sm-first vce-col--md-last vce-col--lg-last vce-col--xl-last vce-col--md-first vce-col--lg-first vce-col--xl-first\" id=\"el-052ae631\" data-vce-do-apply=\"background border el-052ae631\"><div class=\"vce-col-inner\" data-vce-element-content=\"true\" data-vce-do-apply=\"padding margin  el-052ae631\"><div class=\"vce-text-block\"><div class=\"vce-text-block-wrapper vce\" id=\"el-82734a45\" data-vce-do-apply=\"all el-82734a45\"><p><!--vcv no format--><\/p><div class=\"vce-row-container\"><div id=\"el-b25cf91d\" class=\"vce-row vce-row--col-gap-30 vce-row-columns--top vce-row-content--top\" data-vce-do-apply=\"all el-b25cf91d\"><div class=\"vce-row-content\" data-vce-element-content=\"true\"><div id=\"el-c82b68ae\" class=\"vce-col vce-col--md-auto vce-col--xs-1 vce-col--xs-last vce-col--xs-first vce-col--sm-last vce-col--sm-first vce-col--md-last vce-col--lg-last vce-col--xl-last vce-col--md-first vce-col--lg-first vce-col--xl-first\" data-vce-do-apply=\"background border el-c82b68ae\"><div class=\"vce-col-inner\" data-vce-do-apply=\"padding margin el-c82b68ae\" data-vce-element-content=\"true\"><section class=\"vce-hero-section-container vce-hero-section-media--xs vce-hero-section-media--sm vce-hero-section-media--md vce-hero-section-media--lg\"><div id=\"el-ff29d7e0\" class=\"vce vce-hero-section vce-hero-section--alignment-start\" data-vce-do-apply=\"margin background border el-ff29d7e0\"><div class=\"vce-hero-section--wrap-row vce-hero-section--background-position-center-center\" style=\"background-image: url('https:\/\/www.related.dk\/macao-tradekit\/wp-content\/uploads\/2018\/11\/Banner_12616_1_kontakt2.jpg');\"><div class=\"vce-hero-section--wrap\"><div class=\"vce-hero-section--content\" data-vce-do-apply=\"padding el-ff29d7e0\"><div class=\"vce-hero-section--content-container\"><h1><strong>KONTAKT<\/strong><\/h1><\/div><\/div><\/div><\/div><\/div><\/section><\/div><\/div><\/div><\/div><\/div><p><!--vcv no format--><\/p><\/div><\/div><\/div><\/div><\/div><\/div><\/div><div class=\"vce-row-container\"><div class=\"vce-row vce-row--col-gap-30 vce-row-columns--top vce-row-content--top\" id=\"el-c81d6b8e\" data-vce-do-apply=\"all el-c81d6b8e\"><div class=\"vce-row-content\" data-vce-element-content=\"true\"><div class=\"vce-col vce-col--md-66-66p vce-col--xs-1 vce-col--xs-last vce-col--xs-first vce-col--sm-last vce-col--sm-first vce-col--md-first vce-col--lg-first vce-col--xl-first\" id=\"el-b5c541fa\" data-vce-do-apply=\"background border el-b5c541fa\"><div class=\"vce-col-inner\" data-vce-element-content=\"true\" data-vce-do-apply=\"padding margin  el-b5c541fa\"><div class=\"vce-text-block\"><div class=\"vce-text-block-wrapper vce\" id=\"el-502433be\" data-vce-do-apply=\"all el-502433be\"><h4>Har du ideer til samarbeid, forslag til kampanjer eller bruk for ytterligere informasjon, kan du ta kontakt med:<\/h4><p>Henrik Koch, Trade-ansvarlig for Macao i Norden<br>E-post: <a href=\"mailto:hek@related.dk\">hek@related.dk<\/a><br>Tlf. +45 2231 5930<\/p><h4>For foresp\u00f8rsler om PR- eller p\u00e5virker-samarbeid kan du ta kontakt med:<\/h4><p>Christina Holm Hansen, PR-ansvarlig for Macao i Norden<br>E-post: <a href=\"mailto:chh@related.dk\" rel=\"noopener\">chh@related.dk<\/a><br>Tlf. +45 4014 3615<\/p><h4>Macaos turistkontor<\/h4><p>Bes\u00f8ksadresse:<br>Alameda Dr. Carlos d'Assump\u00e7\u00e3o, n.os 335-341, Edif\u00edcio \u00abHot Line\u00bb,<br>12\u00ba andar, <br>Macau<\/p><p><a href=\"http:\/\/en.macaotourism.gov.mo\/index.php\" target=\"_blank\" rel=\"noopener\">macaotourism.gov.mo<\/a><\/p><\/div><\/div><\/div><\/div><div class=\"vce-col vce-col--md-33-34p vce-col--xs-1 vce-col--xs-last vce-col--xs-first vce-col--sm-last vce-col--sm-first vce-col--md-last vce-col--lg-last vce-col--xl-last\" id=\"el-08388c2c\" data-vce-do-apply=\"background border el-08388c2c\"><div class=\"vce-col-inner\" data-vce-element-content=\"true\" data-vce-do-apply=\"padding margin  el-08388c2c\"><div class=\"vce-single-image-container vce-single-image--align-left\"><div class=\"vce vce-single-image-wrapper\" id=\"el-fdb59858\" data-vce-do-apply=\"all el-fdb59858\"><figure><div class=\"vce-single-image-inner\"><img class=\"vce-single-image\" data-width=\"1024\" data-height=\"682\"src=\"https:\/\/www.related.dk\/macao-tradekit\/wp-content\/uploads\/2018\/11\/MTB_Jacob_Photo-0024-1024x682.jpg\" data-img-src=\"https:\/\/www.related.dk\/macao-tradekit\/wp-content\/uploads\/2018\/11\/MTB_Jacob_Photo-0024.jpg\" alt=\"\" title=\"MTB_Jacob_Photo-0024\"\/><\/div><\/figure><\/div><\/div><div class=\"vce-single-image-container vce-single-image--align-left\"><div class=\"vce vce-single-image-wrapper\" id=\"el-a450add2\" data-vce-do-apply=\"all el-a450add2\"><figure><div class=\"vce-single-image-inner\"><img class=\"vce-single-image\" data-width=\"1024\" data-height=\"682\"src=\"https:\/\/www.related.dk\/macao-tradekit\/wp-content\/uploads\/2018\/11\/Macau-79-1024x682.jpg\" data-img-src=\"https:\/\/www.related.dk\/macao-tradekit\/wp-content\/uploads\/2018\/11\/Macau-79.jpg\" alt=\"\" title=\"Macau-79\"\/><\/div><\/figure><\/div><\/div><\/div><\/div><\/div><\/div><\/div>\n","protected":false},"excerpt":{"rendered":"<p>KONTAKTHar du ideer til samarbeid, forslag til kampanjer eller bruk for ytterligere informasjon, kan du ta kontakt med:Henrik Koch, Trade-ansvarlig for Macao i NordenE-post: hek@related.dkTlf. +45 2231 5930For foresp\u00f8rsler om PR- eller p\u00e5virker-samarbeid kan du ta kontakt med:Christina Holm Hansen, PR-ansvarlig for Macao i NordenE-post: chh@related.dkTlf. +45 4014 3615Macaos turistkontorBes\u00f8ksadresse:Alameda Dr. Carlos d&#8217;Assump\u00e7\u00e3o, n.os 335-341, &hellip; <\/p>\n<p class=\"link-more\"><a href=\"https:\/\/www.related.dk\/macao-tradekit\/kontakt\/?lang=no\" class=\"more-link\">L\u00e6s videre<span class=\"screen-reader-text\"> &#8220;&#8221;<\/span><\/a><\/p>\n","protected":false},"author":2,"featured_media":0,"parent":0,"menu_order":0,"comment_status":"closed","ping_status":"closed","template":"","meta":[],"_links":{"self":[{"href":"https:\/\/www.related.dk\/macao-tradekit\/wp-json\/wp\/v2\/pages\/822"}],"collection":[{"href":"https:\/\/www.related.dk\/macao-tradekit\/wp-json\/wp\/v2\/pages"}],"about":[{"href":"https:\/\/www.related.dk\/macao-tradekit\/wp-json\/wp\/v2\/types\/page"}],"author":[{"embeddable":true,"href":"https:\/\/www.related.dk\/macao-tradekit\/wp-json\/wp\/v2\/users\/2"}],"replies":[{"embeddable":true,"href":"https:\/\/www.related.dk\/macao-tradekit\/wp-json\/wp\/v2\/comments?post=822"}],"version-history":[{"count":16,"href":"https:\/\/www.related.dk\/macao-tradekit\/wp-json\/wp\/v2\/pages\/822\/revisions"}],"predecessor-version":[{"id":1437,"href":"https:\/\/www.related.dk\/macao-tradekit\/wp-json\/wp\/v2\/pages\/822\/revisions\/1437"}],"wp:attachment":[{"href":"https:\/\/www.related.dk\/macao-tradekit\/wp-json\/wp\/v2\/media?parent=822"}],"curies":[{"name":"wp","href":"https:\/\/api.w.org\/{rel}","templated":true}]}}