{"id":815,"date":"2018-11-22T13:22:13","date_gmt":"2018-11-22T13:22:13","guid":{"rendered":"http:\/\/www.related.dk\/macao-tradekit\/3-dagar-i-macao\/"},"modified":"2018-11-22T14:25:39","modified_gmt":"2018-11-22T14:25:39","slug":"3-dagar-i-macao","status":"publish","type":"page","link":"https:\/\/www.related.dk\/macao-tradekit\/upplevelser-2\/3-dagar-i-macao\/?lang=sv","title":{"rendered":"3 dagar i Macao"},"content":{"rendered":"<div class=\"vce-row-container\"><div class=\"vce-row vce-row--col-gap-30 vce-row-columns--top vce-row-content--top\" id=\"el-e1615a15\" data-vce-do-apply=\"all el-e1615a15\"><div class=\"vce-row-content\" data-vce-element-content=\"true\"><div class=\"vce-col vce-col--md-100p vce-col--xs-1 vce-col--xs-last vce-col--xs-first vce-col--sm-last vce-col--sm-first vce-col--md-last vce-col--lg-last vce-col--xl-last vce-col--md-first vce-col--lg-first vce-col--xl-first\" id=\"el-d7a089e8\" data-vce-do-apply=\"background border el-d7a089e8\"><div class=\"vce-col-inner\" data-vce-element-content=\"true\" data-vce-do-apply=\"padding margin  el-d7a089e8\"><div class=\"vce-text-block\"><div class=\"vce-text-block-wrapper vce\" id=\"el-7321cc27\" data-vce-do-apply=\"all el-7321cc27\"><p><!--vcv no format--><\/p><div class=\"vce-row-container\"><div id=\"el-ef5393fc\" class=\"vce-row vce-row--col-gap-30 vce-row-columns--top vce-row-content--top\" data-vce-do-apply=\"all el-ef5393fc\"><div class=\"vce-row-content\" data-vce-element-content=\"true\"><div id=\"el-b6e3d06d\" class=\"vce-col vce-col--md-auto vce-col--xs-1 vce-col--xs-last vce-col--xs-first vce-col--sm-last vce-col--sm-first vce-col--md-last vce-col--lg-last vce-col--xl-last vce-col--md-first vce-col--lg-first vce-col--xl-first\" data-vce-do-apply=\"background border el-b6e3d06d\"><div class=\"vce-col-inner\" data-vce-element-content=\"true\" data-vce-do-apply=\"padding margin el-b6e3d06d\"><section class=\"vce-hero-section-container vce-hero-section-media--xs vce-hero-section-media--sm vce-hero-section-media--md vce-hero-section-media--lg\"><div id=\"el-2d62d839\" class=\"vce vce-hero-section vce-hero-section--alignment-start\" data-vce-do-apply=\"margin background border el-2d62d839\"><div class=\"vce-hero-section--wrap-row vce-hero-section--background-position-center-center\" style=\"background-image: url('https:\/\/www.related.dk\/macao-tradekit\/wp-content\/uploads\/2018\/11\/Banner_343_5_2-dage.jpg');\"><div class=\"vce-hero-section--wrap\"><div class=\"vce-hero-section--content\" data-vce-do-apply=\"padding el-2d62d839\"><div class=\"vce-hero-section--content-container\"><h1><strong>3 DAGAR I MACAO<\/strong><\/h1><\/div><\/div><\/div><\/div><\/div><\/section><\/div><\/div><\/div><\/div><\/div><div class=\"vce-row-container\"><div id=\"el-32419b53\" class=\"vce-row vce-row--col-gap-30 vce-row-columns--top vce-row-content--top\" data-vce-do-apply=\"all el-32419b53\"><div class=\"vce-row-content\" data-vce-element-content=\"true\"><div id=\"el-08309164\" class=\"vce-col vce-col--md-auto vce-col--xs-1 vce-col--xs-last vce-col--xs-first vce-col--sm-last vce-col--sm-first vce-col--md-last vce-col--lg-last vce-col--xl-last vce-col--md-first vce-col--lg-first vce-col--xl-first\" data-vce-do-apply=\"background border el-08309164\"><div class=\"vce-col-inner\" data-vce-element-content=\"true\" data-vce-do-apply=\"padding margin el-08309164\"><div class=\"vce-text-block\"><div id=\"el-9e2d0d3e\" class=\"vce-text-block-wrapper vce\" data-vce-do-apply=\"all el-9e2d0d3e\"><p>Med tre dagar finns det gott om tid att utforska m\u00e5nga av Macaos historiska sev\u00e4rdheter, stadens matkultur och underh\u00e5llningsutbud.<\/p><ul><li>Tips: Boka bord p\u00e5 en Michelin-restaurang en av kv\u00e4llarna och \u00e4t en enklare street food-m\u00e5ltid den andra kv\u00e4llen.<\/li><\/ul><h2>Dag 1: Macao-halv\u00f6n och UNESCO-upplevelser<\/h2><h3>F\u00f6rmiddag + eftermiddag<\/h3><p>Bes\u00f6k Macaos historiska centrum, som utsetts till v\u00e4rldsarv av UNESCO och upplev bland annat:<\/p><ul><li><strong>Ruins of St. Paul\u2019s<\/strong> \u00e4r ruinerna av kyrkan St. Paul\u2019s som byggdes under perioden 1602\u20131640. Kyrkan var en del av St. Paul\u2019s College \u2013 det f\u00f6rsta v\u00e4sterl\u00e4ndska universitet i Fj\u00e4rran \u00d6stern. I dag \u00e4r det bara kyrkans fasad som finns kvar.<\/li><li><strong>Na Tcha Temple<\/strong> \u00e4r ett litet traditionellt kinesiskt tempel byggt \u00e5r 1888 till \u00e4ra av guden Na Tcha. Templet \u00e4r byggt i enkla material och ligger alldeles i n\u00e4rheten av St. Paul\u2019s-kyrkan. Omr\u00e5det \u00e4r en symbol f\u00f6r m\u00f6tet mellan de v\u00e4sterl\u00e4ndska och kinesiska religionerna, liksom den religionsfrihet och multikulturella \u00f6ppenhet som k\u00e4nnetecknar Macao.<\/li><li>G\u00e5 l\u00e4ngs<strong> \u201cLover\u2019s Lane\u201d<\/strong> \u2013 en smal kullerstensgata omgiven av romantiska pastellf\u00e4rgade hus som leder ner till <strong>Senado Square<\/strong>. Torget har varit hj\u00e4rtat av Macao sedan 1600-talet och \u00e4r k\u00e4nt f\u00f6r sina karakt\u00e4ristiska m\u00f6nster med svarta och vita kullerstenar. Torget \u00e4r idag centrum f\u00f6r en m\u00e4ngd offentliga festivaler och events.<\/li><li>Inte l\u00e5ngt fr\u00e5n torget ligger <strong>St. Dominic\u2019s Church<\/strong>. H\u00e4r kan man beundra kyrkans ljusgula f\u00e4rger medan man njuter av en bit mat eller n\u00e5got att dricka fr\u00e5n en av matbodarna vid kyrkan.<\/li><li><strong>Lou Kau Mansion<\/strong> byggdes runt 1889 och var den prominenta kinesiska aff\u00e4rmannens Lou Kaus bostad. Byggnaden \u00e4r ett klassiskt exempel p\u00e5 kinesisk \u201cXiguan\u201d-arkitektur.<\/li><li><strong>Rua de Felicidade<\/strong> det tidigare \u201cred light district\u201d. Idag en guldgruva av lokala delikatesser och souvenirer.<\/li><li><strong>Guia Fortress<\/strong> \u00e4r ett fort som byggdes \u00e5r 1622 och bel\u00e4get p\u00e5 Macaos h\u00f6gsta punkt. F\u00f6rutom den fina utsikten \u00e4r det bland annat k\u00e4nt f\u00f6r sitt kapell och sitt fyrtorn.<\/li><li><strong>Lou Lim Ieoc Garden<\/strong> byggdes p\u00e5 1800-talet efter Suzhou-principerna och \u00e4r den mest kinesiska av alla Macaos tr\u00e4dg\u00e5rdar.<\/li><\/ul><h2>Kv\u00e4ll<\/h2><p>Avsluta dagen med att njuta av utsikten \u00f6ver Macao fr\u00e5n <strong>Macau Tower<\/strong>.<\/p><\/div><\/div><\/div><\/div><\/div><\/div><\/div><p><!--vcv no format--><\/p><\/div><\/div><\/div><\/div><\/div><\/div><\/div><div class=\"vce-row-container\"><div class=\"vce-row vce-row--col-gap-30 vce-row-columns--top vce-row-content--top\" id=\"el-1b74d86f\" data-vce-do-apply=\"all el-1b74d86f\"><div class=\"vce-row-content\" data-vce-element-content=\"true\"><div class=\"vce-col vce-col--md-50p vce-col--xs-1 vce-col--xs-last vce-col--xs-first vce-col--sm-last vce-col--sm-first vce-col--md-first vce-col--lg-first vce-col--xl-first\" id=\"el-f1053a4b\" data-vce-do-apply=\"background border el-f1053a4b\"><div class=\"vce-col-inner\" data-vce-element-content=\"true\" data-vce-do-apply=\"padding margin  el-f1053a4b\"><div class=\"vce-single-image-container vce-single-image--align-left\"><div class=\"vce vce-single-image-wrapper\" id=\"el-403fa637\" data-vce-do-apply=\"all el-403fa637\"><figure><div class=\"vce-single-image-inner\"><img class=\"vce-single-image\" data-width=\"600\" data-height=\"400\"src=\"https:\/\/www.related.dk\/macao-tradekit\/wp-content\/uploads\/2018\/11\/dag-1_1-600x400.jpg\" data-img-src=\"https:\/\/www.related.dk\/macao-tradekit\/wp-content\/uploads\/2018\/11\/dag-1_1.jpg\" alt=\"\" title=\"dag 1_1\"\/><\/div><\/figure><\/div><\/div><\/div><\/div><div class=\"vce-col vce-col--md-50p vce-col--xs-1 vce-col--xs-last vce-col--xs-first vce-col--sm-last vce-col--sm-first vce-col--md-last vce-col--lg-last vce-col--xl-last\" id=\"el-1efbccac\" data-vce-do-apply=\"background border el-1efbccac\"><div class=\"vce-col-inner\" data-vce-element-content=\"true\" data-vce-do-apply=\"padding margin  el-1efbccac\"><div class=\"vce-single-image-container vce-single-image--align-left\"><div class=\"vce vce-single-image-wrapper\" id=\"el-fa483914\" data-vce-do-apply=\"all el-fa483914\"><figure><div class=\"vce-single-image-inner\"><img class=\"vce-single-image\" data-width=\"600\" data-height=\"400\"src=\"https:\/\/www.related.dk\/macao-tradekit\/wp-content\/uploads\/2018\/11\/st-pauls-600x400.jpg\" data-img-src=\"https:\/\/www.related.dk\/macao-tradekit\/wp-content\/uploads\/2018\/11\/st-pauls.jpg\" alt=\"\" title=\"st pauls\"\/><\/div><\/figure><\/div><\/div><\/div><\/div><\/div><\/div><\/div><div class=\"vce-row-container\"><div class=\"vce-row vce-row--col-gap-30 vce-row-columns--top vce-row-content--top\" id=\"el-162d11ac\" data-vce-do-apply=\"all el-162d11ac\"><div class=\"vce-row-content\" data-vce-element-content=\"true\"><div class=\"vce-col vce-col--md-auto vce-col--xs-1 vce-col--xs-last vce-col--xs-first vce-col--sm-last vce-col--sm-first vce-col--md-last vce-col--lg-last vce-col--xl-last vce-col--md-first vce-col--lg-first vce-col--xl-first\" id=\"el-1d83e3fe\" data-vce-do-apply=\"background border el-1d83e3fe\"><div class=\"vce-col-inner\" data-vce-element-content=\"true\" data-vce-do-apply=\"padding margin  el-1d83e3fe\"><div class=\"vce-text-block\"><div class=\"vce-text-block-wrapper vce\" id=\"el-51b3e77f\" data-vce-do-apply=\"all el-51b3e77f\"><h2>Dag 2: Det gamla vs. det nya Macao<\/h2><h3>F\u00f6rmiddag<\/h3><p>Bes\u00f6k omr\u00e5det Taipa som \u00e4r en guldgruva av butiker, traditionella kaf\u00e9er, souvenirbutiker och mycket mer. Ta en promenad i omr\u00e5det och upplev de historiska byggnaderna som minner om tiden d\u00e5 staden bara var en liten by.<\/p><ul><li><strong>Taipa Houses<\/strong> \u00e4r byggt i portugisisk stil och uppf\u00f6rdes \u00e5r 1921 som bostad till h\u00f6gt uppsatta \u00e4mbetsm\u00e4n.<\/li><li><strong>Museum of Taipa and Coloane History<\/strong> \u00e4r det tidigare stadshuset. \u00c5r 2006 omvandlades det till museum och visar bland annat flera samlingar av arkeologiska fynd som man hittat i Macao.<\/li><li>K\u00f6p eventuellt lunch fr\u00e5n ett av de <strong>lokala matst\u00e5nden<\/strong> utanf\u00f6r museet och njut av maten omgiven av Taipas historiska byggnader.<\/li><li><strong>Pak Tai Temple<\/strong> \u00e4r ett av de mest speciella templen i Taipa. Hit kan lokalinv\u00e5narna g\u00e5 f\u00f6r att l\u00e4mna offerg\u00e5vor till gudarna, vilket annars inte \u00e4r s\u00e5 vanligt i detta omr\u00e5de.<\/li><li>Bredvid Pak Tai finns m\u00f6jlighet att <strong>hyra en cykel<\/strong> och utforska den gamla stadsdelen p\u00e5 tv\u00e5 hjul.<\/li><li>Cykla (eller g\u00e5) f\u00f6rbi den fina katolska kyrkan <strong>Our Lady of Camo Church<\/strong>, som ligger p\u00e5 toppen av en backe med utsikt \u00f6ver Taipa.<\/li><\/ul><p><strong>Tips till Taipa:<\/strong><\/p><ul><li>Om energiniv\u00e5n beh\u00f6ver fyllas p\u00e5 s\u00e5 har Taipa b\u00e5de glass- och kaffebarer samt olika restauranger som serverar allt fr\u00e5n kinesiskt och thai till portugisisk mat.<\/li><li>Missa inte att provsmaka de v\u00e4lk\u00e4nda mandelkakorna, som \u00e4r en Taipa-specialitet! De finns att k\u00f6pa hos de lokala bagarna i omr\u00e5det.<\/li><\/ul><p><a href=\"http:\/\/en.macaotourism.gov.mo\/plan\/walking_tours.php?id=1335\" target=\"_blank\" rel=\"noopener\">H\u00e4r \u00e4r ett f\u00f6rslag p\u00e5 uppl\u00e4gg om man vill uppt\u00e4cka omr\u00e5det till fots, inkl. tips p\u00e5 restauranger.<\/a><\/p><h3>Eftermiddag\/kv\u00e4ll<\/h3><p>Avsluta dagen med underh\u00e5llning i v\u00e4rldsklass p\u00e5 de stora internationella resorten, med kasinon och shower i omr\u00e5det Cotai. Som till exempel:<\/p><ul><li><a href=\"http:\/\/www.thehouseofdancingwater.com\/en.html\" target=\"_blank\" rel=\"noopener\">House of Dancing Water<\/a><\/li><li><a href=\"http:\/\/www.broadwaymacau.com.mo\" target=\"_blank\" rel=\"noopener\">Broadway Macau<\/a><\/li><li><a href=\"http:\/\/www.wynnmacau.com\/en\/shows\/tree-of-prosperity\" target=\"_blank\" rel=\"noopener\">V\u00e4lst\u00e5ndets tr\u00e4d<\/a><\/li><li><a href=\"http:\/\/www.wynnmacau.com\/en\/shows\/performance-lake\" target=\"_blank\" rel=\"noopener\">The Performance Lake<\/a><\/li><li><a href=\"http:\/\/www.galaxymacau.com\" target=\"_blank\" rel=\"noopener\">Fortune Diamond<\/a><\/li><\/ul><p>Cotais skyline och neonljus kan med f\u00f6rdel \u00e4ven upplevas fr\u00e5n ovan, som till exempel fr\u00e5n en gondol i SkyCab eller p\u00e5 toppen av Eiffeltornet p\u00e5 Parisian Macao.<\/p><\/div><\/div><\/div><\/div><\/div><\/div><\/div><div class=\"vce-row-container\"><div class=\"vce-row vce-row--col-gap-30 vce-row-columns--top vce-row-content--top\" id=\"el-15760938\" data-vce-do-apply=\"all el-15760938\"><div class=\"vce-row-content\" data-vce-element-content=\"true\"><div class=\"vce-col vce-col--md-50p vce-col--xs-1 vce-col--xs-last vce-col--xs-first vce-col--sm-last vce-col--sm-first vce-col--md-first vce-col--lg-first vce-col--xl-first\" id=\"el-bd2685c0\" data-vce-do-apply=\"background border el-bd2685c0\"><div class=\"vce-col-inner\" data-vce-element-content=\"true\" data-vce-do-apply=\"padding margin  el-bd2685c0\"><div class=\"vce-single-image-container vce-single-image--align-left\"><div class=\"vce vce-single-image-wrapper\" id=\"el-8f4bf22f\" data-vce-do-apply=\"all el-8f4bf22f\"><figure><div class=\"vce-single-image-inner\"><img class=\"vce-single-image\" data-width=\"600\" data-height=\"400\"src=\"https:\/\/www.related.dk\/macao-tradekit\/wp-content\/uploads\/2018\/11\/eiffel_hori-600x400.jpg\" data-img-src=\"https:\/\/www.related.dk\/macao-tradekit\/wp-content\/uploads\/2018\/11\/eiffel_hori.jpg\" alt=\"\" title=\"eiffel_hori\"\/><\/div><\/figure><\/div><\/div><\/div><\/div><div class=\"vce-col vce-col--md-50p vce-col--xs-1 vce-col--xs-last vce-col--xs-first vce-col--sm-last vce-col--sm-first vce-col--md-last vce-col--lg-last vce-col--xl-last\" id=\"el-55b50edd\" data-vce-do-apply=\"background border el-55b50edd\"><div class=\"vce-col-inner\" data-vce-element-content=\"true\" data-vce-do-apply=\"padding margin  el-55b50edd\"><div class=\"vce-single-image-container vce-single-image--align-left\"><div class=\"vce vce-single-image-wrapper\" id=\"el-6f1da8cc\" data-vce-do-apply=\"all el-6f1da8cc\"><figure><div class=\"vce-single-image-inner\"><img class=\"vce-single-image\" data-width=\"1024\" data-height=\"682\"src=\"https:\/\/www.related.dk\/macao-tradekit\/wp-content\/uploads\/2018\/11\/Macao-154-1024x682.jpg\" data-img-src=\"https:\/\/www.related.dk\/macao-tradekit\/wp-content\/uploads\/2018\/11\/Macao-154.jpg\" alt=\"\" title=\"Macao-154\"\/><\/div><\/figure><\/div><\/div><\/div><\/div><\/div><\/div><\/div><div class=\"vce-row-container\"><div class=\"vce-row vce-row--col-gap-30 vce-row-columns--top vce-row-content--top\" id=\"el-370f2486\" data-vce-do-apply=\"all el-370f2486\"><div class=\"vce-row-content\" data-vce-element-content=\"true\"><div class=\"vce-col vce-col--md-auto vce-col--xs-1 vce-col--xs-last vce-col--xs-first vce-col--sm-last vce-col--sm-first vce-col--md-last vce-col--lg-last vce-col--xl-last vce-col--md-first vce-col--lg-first vce-col--xl-first\" id=\"el-969178cc\" data-vce-do-apply=\"background border el-969178cc\"><div class=\"vce-col-inner\" data-vce-element-content=\"true\" data-vce-do-apply=\"padding margin  el-969178cc\"><div class=\"vce-text-block\"><div class=\"vce-text-block-wrapper vce\" id=\"el-a3059ec3\" data-vce-do-apply=\"all el-a3059ec3\"><h2>Dag 3: Bagerier och shopping<\/h2><h3>F\u00f6rmiddag<\/h3><p>Bes\u00f6k omr\u00e5det Coloane och upplev en bit av det gamla Macao \u2013 till exempel:<\/p><ul><li>Largo do Presidente Ant\u00f3nio Ramalho Eanes \u2013 ett litet torg uppkallat efter den portugisiska presidenten Ant\u00f3nio Ramalho Eanes. Torget \u00e4r v\u00e4lbes\u00f6kt av lokalinv\u00e5narna som kommer hit f\u00f6r att k\u00f6pa skaldjur, portugisiska bakverk eller andra lokala specialiteter fr\u00e5n de lokala marknadsst\u00e5nden.<\/li><li>Coloane Library \u2013 biblioteket var tidigare en lokal skola och \u00e4r en trevlig plats att sl\u00e5 sig ner med en bok. H\u00e4r finns ocks\u00e5 m\u00f6jlighet att hyra cykel vilket g\u00f6r det enklare att utforska utkanten av omr\u00e5det och uppleva arvet fr\u00e5n den tid d\u00e5 Coloane var en liten fiskeby.<\/li><li>Coloanes 4 tempel \u2013 Ancient Temple of Kun Iam, Tin Hau Ancient Temple, Tam Kong Temple och Sam Seng Temple \u00e4r de fyra tempel som anv\u00e4nds mest i Coloane. Det sistn\u00e4mnda \u00e4r bel\u00e4get i den norra delen av omr\u00e5det och h\u00e4r hittar man \u00e4ven de traditionella husen som byggts p\u00e5 p\u00e5lar l\u00e4ngs kusten.<\/li><li>Lord Stow\u2019s Bakery \u2013 Macaos mest ikoniska bageri som har s\u00e5lt de traditionella portugisiska bakverken Past\u00e9is de Nata sedan 1989, sm\u00f6rdegskakor med kaneldoftande \u00e4ggfyllning.<\/li><\/ul><p><a href=\"http:\/\/en.macaotourism.gov.mo\/plan\/walking_tours.php?id=1336\" target=\"_blank\" rel=\"noopener\">Tips till hur du kan uppt\u00e4cka Coloane till fots, inkl. tips p\u00e5 restauranger hittar du h\u00e4r.<\/a><\/p><h3>Eftermiddag<\/h3><p>Den sista eftermiddagen kan du passa p\u00e5 att shoppa souvenirer och g\u00f6ra fynd \u2013 endera i en av de stora galleriorna, i de sm\u00e5 gatubutikerna, p\u00e5 <strong>Red Market<\/strong> eller p\u00e5 den stora <strong>s\u00f6ndagsloppisen i Taipa<\/strong>.<\/p><p><a href=\"http:\/\/en.macaotourism.gov.mo\/shopping\/shopping.php?c=2\" target=\"_blank\" rel=\"noopener\">L\u00e4s mer om alla shoppingm\u00f6jligheter i staden h\u00e4r<\/a><\/p><\/div><\/div><\/div><\/div><\/div><\/div><\/div><div class=\"vce-row-container\"><div class=\"vce-row vce-row--col-gap-30 vce-row-columns--top vce-row-content--top\" id=\"el-2695f9dd\" data-vce-do-apply=\"all el-2695f9dd\"><div class=\"vce-row-content\" data-vce-element-content=\"true\"><div class=\"vce-col vce-col--md-50p vce-col--xs-1 vce-col--xs-last vce-col--xs-first vce-col--sm-last vce-col--sm-first vce-col--md-first vce-col--lg-first vce-col--xl-first\" id=\"el-4c9ae7ab\" data-vce-do-apply=\"background border el-4c9ae7ab\"><div class=\"vce-col-inner\" data-vce-element-content=\"true\" data-vce-do-apply=\"padding margin  el-4c9ae7ab\"><div class=\"vce-single-image-container vce-single-image--align-left\"><div class=\"vce vce-single-image-wrapper\" id=\"el-313616b4\" data-vce-do-apply=\"all el-313616b4\"><figure><div class=\"vce-single-image-inner\"><img class=\"vce-single-image\" data-width=\"600\" data-height=\"400\"src=\"https:\/\/www.related.dk\/macao-tradekit\/wp-content\/uploads\/2018\/11\/tempel-600x400.jpg\" data-img-src=\"https:\/\/www.related.dk\/macao-tradekit\/wp-content\/uploads\/2018\/11\/tempel.jpg\" alt=\"\" title=\"tempel\"\/><\/div><\/figure><\/div><\/div><\/div><\/div><div class=\"vce-col vce-col--md-50p vce-col--xs-1 vce-col--xs-last vce-col--xs-first vce-col--sm-last vce-col--sm-first vce-col--md-last vce-col--lg-last vce-col--xl-last\" id=\"el-a0cc485c\" data-vce-do-apply=\"background border el-a0cc485c\"><div class=\"vce-col-inner\" data-vce-element-content=\"true\" data-vce-do-apply=\"padding margin  el-a0cc485c\"><div class=\"vce-single-image-container vce-single-image--align-left\"><div class=\"vce vce-single-image-wrapper\" id=\"el-c06f8dcd\" data-vce-do-apply=\"all el-c06f8dcd\"><figure><div class=\"vce-single-image-inner\"><img class=\"vce-single-image\" data-width=\"600\" data-height=\"400\"src=\"https:\/\/www.related.dk\/macao-tradekit\/wp-content\/uploads\/2018\/11\/coloane_2-600x400.jpg\" data-img-src=\"https:\/\/www.related.dk\/macao-tradekit\/wp-content\/uploads\/2018\/11\/coloane_2.jpg\" alt=\"\" title=\"coloane_2\"\/><\/div><\/figure><\/div><\/div><\/div><\/div><\/div><\/div><\/div>\n","protected":false},"excerpt":{"rendered":"<p>3 DAGAR I MACAOMed tre dagar finns det gott om tid att utforska m\u00e5nga av Macaos historiska sev\u00e4rdheter, stadens matkultur och underh\u00e5llningsutbud.Tips: Boka bord p\u00e5 en Michelin-restaurang en av kv\u00e4llarna och \u00e4t en enklare street food-m\u00e5ltid den andra kv\u00e4llen.Dag 1: Macao-halv\u00f6n och UNESCO-upplevelserF\u00f6rmiddag + eftermiddagBes\u00f6k Macaos historiska centrum, som utsetts till v\u00e4rldsarv av UNESCO och &hellip; <\/p>\n<p class=\"link-more\"><a href=\"https:\/\/www.related.dk\/macao-tradekit\/upplevelser-2\/3-dagar-i-macao\/?lang=sv\" class=\"more-link\">L\u00e6s videre<span class=\"screen-reader-text\"> &#8220;3 dagar i Macao&#8221;<\/span><\/a><\/p>\n","protected":false},"author":2,"featured_media":0,"parent":852,"menu_order":0,"comment_status":"closed","ping_status":"closed","template":"","meta":[],"_links":{"self":[{"href":"https:\/\/www.related.dk\/macao-tradekit\/wp-json\/wp\/v2\/pages\/815"}],"collection":[{"href":"https:\/\/www.related.dk\/macao-tradekit\/wp-json\/wp\/v2\/pages"}],"about":[{"href":"https:\/\/www.related.dk\/macao-tradekit\/wp-json\/wp\/v2\/types\/page"}],"author":[{"embeddable":true,"href":"https:\/\/www.related.dk\/macao-tradekit\/wp-json\/wp\/v2\/users\/2"}],"replies":[{"embeddable":true,"href":"https:\/\/www.related.dk\/macao-tradekit\/wp-json\/wp\/v2\/comments?post=815"}],"version-history":[{"count":6,"href":"https:\/\/www.related.dk\/macao-tradekit\/wp-json\/wp\/v2\/pages\/815\/revisions"}],"predecessor-version":[{"id":844,"href":"https:\/\/www.related.dk\/macao-tradekit\/wp-json\/wp\/v2\/pages\/815\/revisions\/844"}],"up":[{"embeddable":true,"href":"https:\/\/www.related.dk\/macao-tradekit\/wp-json\/wp\/v2\/pages\/852"}],"wp:attachment":[{"href":"https:\/\/www.related.dk\/macao-tradekit\/wp-json\/wp\/v2\/media?parent=815"}],"curies":[{"name":"wp","href":"https:\/\/api.w.org\/{rel}","templated":true}]}}