{"id":799,"date":"2018-11-22T13:04:05","date_gmt":"2018-11-22T13:04:05","guid":{"rendered":"http:\/\/www.related.dk\/macao-tradekit\/1-dag-i-macao\/"},"modified":"2018-11-23T11:08:34","modified_gmt":"2018-11-23T11:08:34","slug":"1-dag-i-macao","status":"publish","type":"page","link":"https:\/\/www.related.dk\/macao-tradekit\/upplevelser-2\/1-dag-i-macao\/?lang=sv","title":{"rendered":""},"content":{"rendered":"<div class=\"vce-row-container\"><div class=\"vce-row vce-row--col-gap-30 vce-row-columns--top vce-row-content--top\" id=\"el-3a8d8438\" data-vce-do-apply=\"all el-3a8d8438\"><div class=\"vce-row-content\" data-vce-element-content=\"true\"><div class=\"vce-col vce-col--md-100p vce-col--xs-1 vce-col--xs-last vce-col--xs-first vce-col--sm-last vce-col--sm-first vce-col--md-last vce-col--lg-last vce-col--xl-last vce-col--md-first vce-col--lg-first vce-col--xl-first\" id=\"el-8950de36\" data-vce-do-apply=\"background border el-8950de36\"><div class=\"vce-col-inner\" data-vce-do-apply=\"padding margin  el-8950de36\" data-vce-element-content=\"true\"><div class=\"vce-text-block\"><div class=\"vce-text-block-wrapper vce\" id=\"el-6893c9ef\" data-vce-do-apply=\"all el-6893c9ef\"><p><!--vcv no format--><\/p><div class=\"vce-row-container\"><div class=\"vce-row vce-row--col-gap-30 vce-row-columns--top vce-row-content--top\" id=\"el-476ac9ba\" data-vce-do-apply=\"all el-476ac9ba\"><div class=\"vce-row-content\" data-vce-element-content=\"true\"><div class=\"vce-col vce-col--md-auto vce-col--xs-1 vce-col--xs-last vce-col--xs-first vce-col--sm-last vce-col--sm-first vce-col--md-last vce-col--lg-last vce-col--xl-last vce-col--md-first vce-col--lg-first vce-col--xl-first\" id=\"el-45c48d12\" data-vce-do-apply=\"background border el-45c48d12\"><div class=\"vce-col-inner\" data-vce-do-apply=\"padding margin el-45c48d12\" data-vce-element-content=\"true\"><section class=\"vce-hero-section-container vce-hero-section-media--xs vce-hero-section-media--sm vce-hero-section-media--md vce-hero-section-media--lg\"><div class=\"vce vce-hero-section vce-hero-section--alignment-start\" id=\"el-91b9f817\" data-vce-do-apply=\"margin background border el-91b9f817\"><div class=\"vce-hero-section--wrap-row vce-hero-section--background-position-center-center\" style=\"background-image: url('https:\/\/www.related.dk\/macao-tradekit\/wp-content\/uploads\/2018\/11\/Banner_MTB_Jacob_Photo-0267_1dag-i-Macao.jpg');\"><div class=\"vce-hero-section--wrap\"><div class=\"vce-hero-section--content\" data-vce-do-apply=\"padding el-91b9f817\"><div class=\"vce-hero-section--content-container\"><h1><strong>1 DAG I MACAO<\/strong><\/h1><p>F\u00f6r den som bara har en dag att spendera i Macao s\u00e5 f\u00f6ljer h\u00e4r n\u00e5gra f\u00f6rslag till \u201dmust sees\u201d i den asiatiska underh\u00e5llningsmetropolen. Oavsett om du bes\u00f6ker Macao under en aff\u00e4rsresa, i samband med en weekend i Hongkong eller som en \u201dstop over\u201d p\u00e5 v\u00e4g till en annan destination.<\/p><\/div><\/div><\/div><\/div><\/div><\/section><\/div><\/div><\/div><\/div><\/div><div class=\"vce-row-container\"><div class=\"vce-row vce-row--col-gap-30 vce-row-columns--top vce-row-content--top\" id=\"el-314d3aff\" data-vce-do-apply=\"all el-314d3aff\"><div class=\"vce-row-content\" data-vce-element-content=\"true\"><div class=\"vce-col vce-col--md-auto vce-col--xs-1 vce-col--xs-last vce-col--xs-first vce-col--sm-last vce-col--sm-first vce-col--md-last vce-col--lg-last vce-col--xl-last vce-col--md-first vce-col--lg-first vce-col--xl-first\" id=\"el-6885929c\" data-vce-do-apply=\"background border el-6885929c\"><div class=\"vce-col-inner\" data-vce-do-apply=\"padding margin el-6885929c\" data-vce-element-content=\"true\"><div class=\"vce-text-block\"><div class=\"vce-text-block-wrapper vce\" id=\"el-0583df4a\" data-vce-do-apply=\"all el-0583df4a\"><h2>F\u00f6rmiddag p\u00e5 Macao-halv\u00f6n<\/h2><p>B\u00f6rja f\u00f6rmiddagen med att utforska Macaos historiska centrum och upplev den historiska atmosf\u00e4ren genom att bes\u00f6ka n\u00e5gra av f\u00f6ljande platser:<\/p><\/div><ul><li><strong>Ruins of St. Paul\u2019s<\/strong> \u00e4r ruinerna av kyrkan St. Paul\u2019s som byggdes under perioden 1602\u20131640. Kyrkan var en del av St. Paul\u2019s College \u2013 det f\u00f6rsta v\u00e4stl\u00e4ndska universitet i Fj\u00e4rran \u00d6stern. I dag \u00e4r det bara kyrkans fasad som finns kvar.<\/li><li><strong>Na Tcha Temple<\/strong> \u00e4r ett litet traditionellt kinesiskt tempel byggt \u00e5r 1888 till \u00e4ra av guden Na Tcha. Templet \u00e4r byggt i enkla material och ligger alldeles i n\u00e4rheten av St. Paul\u2019s-kyrken. Omr\u00e5det symboliserar m\u00f6tet mellan de v\u00e4sterl\u00e4ndska och kinesiska religionerna, och den religionsfrihet och multikulturella \u00f6ppenhet som k\u00e4nnetecknar Macao.<\/li><li>Ta en promenad l\u00e4ngs <strong>\u201cLover\u2019s Lane\u201d<\/strong> \u2013 en smal kullerstensgata som \u00e4r omgiven av romantiska, pastellf\u00e4rgade hus och leder till <strong>Senado Square<\/strong>. Torget har varit Macaos hj\u00e4rta sedan 1600-talet och \u00e4r k\u00e4nt f\u00f6r sina karakt\u00e4ristiska m\u00f6nster med svarta och vita kullerstenar. Idag \u00e4r det centrum f\u00f6r en m\u00e4ngd offentliga festivaler och evenemang.<\/li><li>Inte l\u00e5ngt fr\u00e5n torget ligger <strong>St. Dominic\u2019s Church<\/strong>. H\u00e4r kan man beundra kyrkans ljusgula f\u00e4rger medan man njuter av en bit mat eller n\u00e5got att dricka fr\u00e5n en av matbodarna som ligger i vid kyrkan.<\/li><li><strong>Lou Kau Mansion<\/strong> byggdes runt 1889 och var den prominenta kinesiska aff\u00e4rsmannens Lou Kaus bostad. Byggnaden \u00e4r ett klassiskt exempel p\u00e5 kinesisk \u201cXiguan\u201d-arkitektur.<\/li><li><strong>Rua de Felicidade<\/strong> det tidigare \u201cred light district\u201d. Idag en guldgruva av lokala delikatesser och souvenirer.<\/li><li><strong>Guia Fortress<\/strong> \u00e4r ett fort som byggdes \u00e5r 1622 och bel\u00e4get p\u00e5 Macaos h\u00f6gsta punkt. F\u00f6rutom den fina utsikten \u00e4r det bland annat k\u00e4nt f\u00f6r sitt kapell och sitt fyrtorn.<\/li><li><strong>Lou Lim Ieoc Garden<\/strong> byggdes p\u00e5 1800-talet efter Suzhou-principerna och \u00e4r den mest kinesiska av alla Macaos tr\u00e4dg\u00e5rdar.<\/li><\/ul><\/div><div class=\"vce-row-container\"><div class=\"vce-row vce-row--col-gap-30 vce-row-columns--top vce-row-content--top\" id=\"el-49e4461d\" data-vce-do-apply=\"all el-49e4461d\"><div class=\"vce-row-content\" data-vce-element-content=\"true\"><div class=\"vce-col vce-col--md-50p vce-col--xs-1 vce-col--xs-last vce-col--xs-first vce-col--sm-last vce-col--sm-first vce-col--md-last vce-col--lg-last vce-col--xl-last\" id=\"el-6cd639ed\" data-vce-do-apply=\"background border el-6cd639ed\"><div class=\"vce-col-inner\" data-vce-do-apply=\"padding margin el-6cd639ed\" data-vce-element-content=\"true\"><div class=\"vce-single-image-container vce-single-image--align-left\"><div class=\"vce vce-single-image-wrapper\" id=\"el-68de3f5e\" data-vce-do-apply=\"all el-68de3f5e\">&nbsp;<\/div><\/div><\/div><\/div><\/div><\/div><\/div><\/div><\/div><\/div><\/div><\/div><div class=\"vce-row-container\"><div class=\"vce-row vce-row--col-gap-30 vce-row-columns--top vce-row-content--top\" id=\"el-30059918\" data-vce-do-apply=\"all el-30059918\"><div class=\"vce-row-content\" data-vce-element-content=\"true\"><div class=\"vce-col vce-col--md-50p vce-col--xs-1 vce-col--xs-last vce-col--xs-first vce-col--sm-last vce-col--sm-first vce-col--md-first vce-col--lg-first vce-col--xl-first\" id=\"el-dd793f18\" data-vce-do-apply=\"background border el-dd793f18\"><div class=\"vce-col-inner\" data-vce-do-apply=\"padding margin el-dd793f18\" data-vce-element-content=\"true\"><div class=\"vce-single-image-container vce-single-image--align-left\"><div class=\"vce vce-single-image-wrapper\" id=\"el-536ca7c3\" data-vce-do-apply=\"all el-536ca7c3\">&nbsp;<\/div><\/div><\/div><\/div><\/div><\/div><\/div><p><!--vcv no format--><\/p><\/div><\/div><\/div><\/div><\/div><\/div><\/div><div class=\"vce-row-container\"><div class=\"vce-row vce-row--col-gap-30 vce-row-columns--top vce-row-content--top\" id=\"el-13c741da\" data-vce-do-apply=\"all el-13c741da\"><div class=\"vce-row-content\" data-vce-element-content=\"true\"><div class=\"vce-col vce-col--md-50p vce-col--xs-1 vce-col--xs-last vce-col--xs-first vce-col--sm-last vce-col--sm-first vce-col--md-first vce-col--lg-first vce-col--xl-first\" id=\"el-dd684479\" data-vce-do-apply=\"background border el-dd684479\"><div class=\"vce-col-inner\" data-vce-do-apply=\"padding margin  el-dd684479\" data-vce-element-content=\"true\"><div class=\"vce-single-image-container vce-single-image--align-left\"><div class=\"vce vce-single-image-wrapper\" id=\"el-e9b295bc\" data-vce-do-apply=\"all el-e9b295bc\"><figure><div class=\"vce-single-image-inner\"><img class=\"vce-single-image\" data-width=\"600\" data-height=\"400\"src=\"https:\/\/www.related.dk\/macao-tradekit\/wp-content\/uploads\/2018\/11\/dag-1_1-600x400.jpg\" data-img-src=\"https:\/\/www.related.dk\/macao-tradekit\/wp-content\/uploads\/2018\/11\/dag-1_1.jpg\" alt=\"\" title=\"dag 1_1\"\/><\/div><\/figure><\/div><\/div><\/div><\/div><div class=\"vce-col vce-col--md-50p vce-col--xs-1 vce-col--xs-last vce-col--xs-first vce-col--sm-last vce-col--sm-first vce-col--md-last vce-col--lg-last vce-col--xl-last\" id=\"el-583aa4eb\" data-vce-do-apply=\"background border el-583aa4eb\"><div class=\"vce-col-inner\" data-vce-do-apply=\"padding margin  el-583aa4eb\" data-vce-element-content=\"true\"><div class=\"vce-single-image-container vce-single-image--align-left\"><div class=\"vce vce-single-image-wrapper\" id=\"el-52e1ab19\" data-vce-do-apply=\"all el-52e1ab19\"><figure><div class=\"vce-single-image-inner\"><img class=\"vce-single-image\" data-width=\"600\" data-height=\"400\"src=\"https:\/\/www.related.dk\/macao-tradekit\/wp-content\/uploads\/2018\/11\/st-pauls-600x400.jpg\" data-img-src=\"https:\/\/www.related.dk\/macao-tradekit\/wp-content\/uploads\/2018\/11\/st-pauls.jpg\" alt=\"\" title=\"st pauls\"\/><\/div><\/figure><\/div><\/div><\/div><\/div><\/div><\/div><\/div><div class=\"vce-row-container\"><div class=\"vce-row vce-row--col-gap-30 vce-row-columns--top vce-row-content--top\" id=\"el-d5bcacc1\" data-vce-do-apply=\"all el-d5bcacc1\"><div class=\"vce-row-content\" data-vce-element-content=\"true\"><div class=\"vce-col vce-col--md-auto vce-col--xs-1 vce-col--xs-last vce-col--xs-first vce-col--sm-last vce-col--sm-first vce-col--md-last vce-col--lg-last vce-col--xl-last vce-col--md-first vce-col--lg-first vce-col--xl-first\" id=\"el-8f36a2c7\" data-vce-do-apply=\"background border el-8f36a2c7\"><div class=\"vce-col-inner\" data-vce-do-apply=\"padding margin  el-8f36a2c7\" data-vce-element-content=\"true\"><div class=\"vce-text-block\"><div class=\"vce-text-block-wrapper vce\" id=\"el-40e52407\" data-vce-do-apply=\"all el-40e52407\"><h2>Lunch<\/h2><ul><li>Bes\u00f6k en av stadens m\u00e5nga matst\u00e4llen. \u00c4r du sugen p\u00e5 kinesiskt eller portugisiskt? Street food eller Michelin?<\/li><\/ul><p><a href=\"http:\/\/www.related.dk\/macao-tradekit\/upplevelser-2\/macao-foer-gourmander\/?lang=sv\">H\u00e4r hittar du f\u00f6rslag p\u00e5 matst\u00e4llen runt om i Macao<\/a><\/p><h2>Eftermiddag\/kv\u00e4ll i Taipa, Coloane och Cotai<\/h2><ul><li>Bes\u00f6k <strong>Taipa Houses<\/strong>, byggt i portugisisk stil och uppf\u00f6rt \u00e5r 1921 i omr\u00e5det Taipa. Missa inte att k\u00f6pa de v\u00e4lk\u00e4nda mandelkakorna fr\u00e5n ett av lokala bagerierna i omr\u00e5det!<\/li><li>Forts\u00e4tt till stadsdelen <strong>Coloane<\/strong> och upplev en del av det gamla Macao. H\u00e4r hittar man ocks\u00e5 Macaos mest ikoniska bageri, Lord Stow\u2019s Bakery \u2013 som har s\u00e5lt traditionella portugisiska Past\u00e9is de Nata sedan 1989, sm\u00f6rdegskakor med kaneldoftande \u00e4ggkr\u00e4m.<\/li><li>Ta en tur till <strong>Cotai<\/strong> och kolla in de stora hotellkedjorna och showerna. \u00c4t eventuellt middag p\u00e5 en av de m\u00e5nga restaurangerna i omr\u00e5det.<\/li><\/ul><\/div><\/div><\/div><\/div><\/div><\/div><\/div><div class=\"vce-row-container\"><div class=\"vce-row vce-row--col-gap-30 vce-row-columns--top vce-row-content--top\" id=\"el-6ba25427\" data-vce-do-apply=\"all el-6ba25427\"><div class=\"vce-row-content\" data-vce-element-content=\"true\"><div class=\"vce-col vce-col--md-50p vce-col--xs-1 vce-col--xs-last vce-col--xs-first vce-col--sm-last vce-col--sm-first vce-col--md-first vce-col--lg-first vce-col--xl-first\" id=\"el-8293314b\" data-vce-do-apply=\"background border el-8293314b\"><div class=\"vce-col-inner\" data-vce-do-apply=\"padding margin  el-8293314b\" data-vce-element-content=\"true\"><div class=\"vce-single-image-container vce-single-image--align-left\"><div class=\"vce vce-single-image-wrapper\" id=\"el-34f070b9\" data-vce-do-apply=\"all el-34f070b9\"><figure><div class=\"vce-single-image-inner\"><img class=\"vce-single-image\" data-width=\"600\" data-height=\"400\"src=\"https:\/\/www.related.dk\/macao-tradekit\/wp-content\/uploads\/2018\/11\/sol-600x400.jpg\" data-img-src=\"https:\/\/www.related.dk\/macao-tradekit\/wp-content\/uploads\/2018\/11\/sol.jpg\" alt=\"\" title=\"sol\"\/><\/div><\/figure><\/div><\/div><\/div><\/div><div class=\"vce-col vce-col--md-50p vce-col--xs-1 vce-col--xs-last vce-col--xs-first vce-col--sm-last vce-col--sm-first vce-col--md-last vce-col--lg-last vce-col--xl-last\" id=\"el-51d00b65\" data-vce-do-apply=\"background border el-51d00b65\"><div class=\"vce-col-inner\" data-vce-do-apply=\"padding margin  el-51d00b65\" data-vce-element-content=\"true\"><div class=\"vce-single-image-container vce-single-image--align-left\"><div class=\"vce vce-single-image-wrapper\" id=\"el-bf2ddfa3\" data-vce-do-apply=\"all el-bf2ddfa3\"><figure><div class=\"vce-single-image-inner\"><img class=\"vce-single-image\" data-width=\"600\" data-height=\"400\"src=\"https:\/\/www.related.dk\/macao-tradekit\/wp-content\/uploads\/2018\/11\/DSC07510_night-600x400.jpg\" data-img-src=\"https:\/\/www.related.dk\/macao-tradekit\/wp-content\/uploads\/2018\/11\/DSC07510_night.jpg\" alt=\"\" title=\"DSC07510_night\"\/><\/div><\/figure><\/div><\/div><\/div><\/div><\/div><\/div><\/div>\n","protected":false},"excerpt":{"rendered":"<p>1 DAG I MACAOF\u00f6r den som bara har en dag att spendera i Macao s\u00e5 f\u00f6ljer h\u00e4r n\u00e5gra f\u00f6rslag till \u201dmust sees\u201d i den asiatiska underh\u00e5llningsmetropolen. Oavsett om du bes\u00f6ker Macao under en aff\u00e4rsresa, i samband med en weekend i Hongkong eller som en \u201dstop over\u201d p\u00e5 v\u00e4g till en annan destination.F\u00f6rmiddag p\u00e5 Macao-halv\u00f6nB\u00f6rja f\u00f6rmiddagen &hellip; <\/p>\n<p class=\"link-more\"><a href=\"https:\/\/www.related.dk\/macao-tradekit\/upplevelser-2\/1-dag-i-macao\/?lang=sv\" class=\"more-link\">L\u00e6s videre<span class=\"screen-reader-text\"> &#8220;&#8221;<\/span><\/a><\/p>\n","protected":false},"author":2,"featured_media":0,"parent":852,"menu_order":0,"comment_status":"closed","ping_status":"closed","template":"","meta":[],"_links":{"self":[{"href":"https:\/\/www.related.dk\/macao-tradekit\/wp-json\/wp\/v2\/pages\/799"}],"collection":[{"href":"https:\/\/www.related.dk\/macao-tradekit\/wp-json\/wp\/v2\/pages"}],"about":[{"href":"https:\/\/www.related.dk\/macao-tradekit\/wp-json\/wp\/v2\/types\/page"}],"author":[{"embeddable":true,"href":"https:\/\/www.related.dk\/macao-tradekit\/wp-json\/wp\/v2\/users\/2"}],"replies":[{"embeddable":true,"href":"https:\/\/www.related.dk\/macao-tradekit\/wp-json\/wp\/v2\/comments?post=799"}],"version-history":[{"count":7,"href":"https:\/\/www.related.dk\/macao-tradekit\/wp-json\/wp\/v2\/pages\/799\/revisions"}],"predecessor-version":[{"id":1269,"href":"https:\/\/www.related.dk\/macao-tradekit\/wp-json\/wp\/v2\/pages\/799\/revisions\/1269"}],"up":[{"embeddable":true,"href":"https:\/\/www.related.dk\/macao-tradekit\/wp-json\/wp\/v2\/pages\/852"}],"wp:attachment":[{"href":"https:\/\/www.related.dk\/macao-tradekit\/wp-json\/wp\/v2\/media?parent=799"}],"curies":[{"name":"wp","href":"https:\/\/api.w.org\/{rel}","templated":true}]}}