{"id":784,"date":"2018-11-22T12:37:10","date_gmt":"2018-11-22T12:37:10","guid":{"rendered":"http:\/\/www.related.dk\/macao-tradekit\/arrangementer-og-festivaler\/"},"modified":"2018-11-23T13:05:36","modified_gmt":"2018-11-23T13:05:36","slug":"arrangementer-og-festivaler","status":"publish","type":"page","link":"https:\/\/www.related.dk\/macao-tradekit\/opplevelser\/arrangementer-og-festivaler\/?lang=no","title":{"rendered":""},"content":{"rendered":"<div class=\"vce-row-container\"><div class=\"vce-row vce-row--col-gap-30 vce-row-columns--top vce-row-content--top\" id=\"el-da77d1dd\" data-vce-do-apply=\"all el-da77d1dd\"><div class=\"vce-row-content\" data-vce-element-content=\"true\"><div class=\"vce-col vce-col--md-100p vce-col--xs-1 vce-col--xs-last vce-col--xs-first vce-col--sm-last vce-col--sm-first vce-col--md-last vce-col--lg-last vce-col--xl-last vce-col--md-first vce-col--lg-first vce-col--xl-first\" id=\"el-856bf80b\" data-vce-do-apply=\"background border el-856bf80b\"><div class=\"vce-col-inner\" data-vce-element-content=\"true\" data-vce-do-apply=\"padding margin  el-856bf80b\"><div class=\"vce-text-block\"><div class=\"vce-text-block-wrapper vce\" id=\"el-758a7b03\" data-vce-do-apply=\"all el-758a7b03\"><p><!--vcv no format--><\/p><div class=\"vce-row-container\"><div id=\"el-cb29e78f\" class=\"vce-row vce-row--col-gap-30 vce-row-columns--top vce-row-content--top\" data-vce-do-apply=\"all el-cb29e78f\"><div class=\"vce-row-content\" data-vce-element-content=\"true\"><div id=\"el-a388f5e5\" class=\"vce-col vce-col--md-auto vce-col--xs-1 vce-col--xs-last vce-col--xs-first vce-col--sm-last vce-col--sm-first vce-col--md-last vce-col--lg-last vce-col--xl-last vce-col--md-first vce-col--lg-first vce-col--xl-first\" data-vce-do-apply=\"background border el-a388f5e5\"><div class=\"vce-col-inner\" data-vce-do-apply=\"padding margin el-a388f5e5\" data-vce-element-content=\"true\"><section class=\"vce-hero-section-container vce-hero-section-media--xs vce-hero-section-media--sm vce-hero-section-media--md vce-hero-section-media--lg\"><div id=\"el-ac1f87fe\" class=\"vce vce-hero-section vce-hero-section--alignment-start\" data-vce-do-apply=\"margin background border el-ac1f87fe\"><div class=\"vce-hero-section--wrap-row vce-hero-section--background-position-center-center\" style=\"background-image: url('https:\/\/www.related.dk\/macao-tradekit\/wp-content\/uploads\/2018\/11\/Banner_330_3_events.jpg');\"><div class=\"vce-hero-section--wrap\"><div class=\"vce-hero-section--content\" data-vce-do-apply=\"padding el-ac1f87fe\"><div class=\"vce-hero-section--content-container\"><h1><strong>ARRANGEMENTER OG FESTIVALER<\/strong><\/h1><\/div><\/div><\/div><\/div><\/div><\/section><\/div><\/div><\/div><\/div><\/div><div class=\"vce-row-container\"><div id=\"el-b0232fee\" class=\"vce-row vce-row--col-gap-30 vce-row-columns--top vce-row-content--top\" data-vce-do-apply=\"all el-b0232fee\"><div class=\"vce-row-content\" data-vce-element-content=\"true\"><div id=\"el-9d87335c\" class=\"vce-col vce-col--md-auto vce-col--xs-1 vce-col--xs-last vce-col--xs-first vce-col--sm-last vce-col--sm-first vce-col--md-last vce-col--lg-last vce-col--xl-last vce-col--md-first vce-col--lg-first vce-col--xl-first\" data-vce-do-apply=\"background border el-9d87335c\"><div class=\"vce-col-inner\" data-vce-do-apply=\"padding margin el-9d87335c\" data-vce-element-content=\"true\"><div class=\"vce-text-block\"><div id=\"el-82611744\" class=\"vce-text-block-wrapper vce\" data-vce-do-apply=\"all el-82611744\"><p>Nesten uansett n\u00e5r p\u00e5 \u00e5ret du bes\u00f8ker Macao, kan du nesten v\u00e6re sikker p\u00e5 at du f\u00e5r oppleve et arrangement eller en festival.<\/p><p>Her er noen av \u00e5rets h\u00f8ydepunkter. N\u00f8yaktige datoer og n\u00e6rmere detaljer finner du p\u00e5 <a href=\"http:\/\/en.macaotourism.gov.mo\/events\/calendar.php\" target=\"_blank\" rel=\"noopener\">turistr\u00e5dets hjemmeside<\/a>.<\/p><p>Januar: <strong>Macao City Fringe Festiva<\/strong>l<\/p><p>Februar: <strong>Kinesisk nytt\u00e5r<\/strong><\/p><p>Mars: <strong>P\u00e5ske<\/strong><\/p><p>April: <strong>A-Ma Festival<\/strong><\/p><p>Mai: <strong>Macao Arts Festival + Dragon Boat Festival<\/strong><\/p><p>Juni:<strong> Lotus Flower Festival<\/strong><\/p><p>Juli: <strong>International Youth Dance Festival<\/strong><\/p><p>August: <strong>Wushu Masters Challenge<\/strong><\/p><p>September\/oktober: <strong>Macao International Fireworks Display Contes<\/strong>t<\/p><p>Oktober\/november: <strong>Macao International Music Festival<\/strong><\/p><p>November: <strong>Macau Food Festival + Macao Grand Prix<\/strong><\/p><p>Desember: <strong>Macao Light Festival + Macao Latin Festival<\/strong><\/p><\/div><\/div><\/div><\/div><\/div><\/div><\/div><p><!--vcv no format--><\/p><\/div><\/div><\/div><\/div><\/div><\/div><\/div><div class=\"vce-row-container\"><div class=\"vce-row vce-row--col-gap-30 vce-row-columns--top vce-row-content--top\" id=\"el-61be8fd2\" data-vce-do-apply=\"all el-61be8fd2\"><div class=\"vce-row-content\" data-vce-element-content=\"true\"><div class=\"vce-col vce-col--md-50p vce-col--xs-1 vce-col--xs-last vce-col--xs-first vce-col--sm-last vce-col--sm-first vce-col--md-first vce-col--lg-first vce-col--xl-first\" id=\"el-586ff916\" data-vce-do-apply=\"background border el-586ff916\"><div class=\"vce-col-inner\" data-vce-element-content=\"true\" data-vce-do-apply=\"padding margin  el-586ff916\"><div class=\"vce-single-image-container vce-single-image--align-left\"><div class=\"vce vce-single-image-wrapper\" id=\"el-efaf2467\" data-vce-do-apply=\"all el-efaf2467\"><figure><div class=\"vce-single-image-inner\"><img class=\"vce-single-image\" data-width=\"600\" data-height=\"400\"src=\"https:\/\/www.related.dk\/macao-tradekit\/wp-content\/uploads\/2018\/11\/event_1_400x600-600x400.jpg\" data-img-src=\"https:\/\/www.related.dk\/macao-tradekit\/wp-content\/uploads\/2018\/11\/event_1_400x600.jpg\" alt=\"\" title=\"event_1_400x600\"\/><\/div><\/figure><\/div><\/div><\/div><\/div><div class=\"vce-col vce-col--md-50p vce-col--xs-1 vce-col--xs-last vce-col--xs-first vce-col--sm-last vce-col--sm-first vce-col--md-last vce-col--lg-last vce-col--xl-last\" id=\"el-77df5595\" data-vce-do-apply=\"background border el-77df5595\"><div class=\"vce-col-inner\" data-vce-element-content=\"true\" data-vce-do-apply=\"padding margin  el-77df5595\"><div class=\"vce-single-image-container vce-single-image--align-left\"><div class=\"vce vce-single-image-wrapper\" id=\"el-556bb6db\" data-vce-do-apply=\"all el-556bb6db\"><figure><div class=\"vce-single-image-inner\"><img class=\"vce-single-image\" data-width=\"600\" data-height=\"400\"src=\"https:\/\/www.related.dk\/macao-tradekit\/wp-content\/uploads\/2018\/11\/event_2_400x600-600x400.jpg\" data-img-src=\"https:\/\/www.related.dk\/macao-tradekit\/wp-content\/uploads\/2018\/11\/event_2_400x600.jpg\" alt=\"\" title=\"event_2_400x600\"\/><\/div><\/figure><\/div><\/div><\/div><\/div><\/div><\/div><\/div><div class=\"vce-row-container\"><div class=\"vce-row vce-row--col-gap-30 vce-row-columns--top vce-row-content--top\" id=\"el-11421949\" data-vce-do-apply=\"all el-11421949\"><div class=\"vce-row-content\" data-vce-element-content=\"true\"><div class=\"vce-col vce-col--md-50p vce-col--xs-1 vce-col--xs-last vce-col--xs-first vce-col--sm-last vce-col--sm-first vce-col--md-first vce-col--lg-first vce-col--xl-first\" id=\"el-3e012b67\" data-vce-do-apply=\"background border el-3e012b67\"><div class=\"vce-col-inner\" data-vce-element-content=\"true\" data-vce-do-apply=\"padding margin  el-3e012b67\"><div class=\"vce-single-image-container vce-single-image--align-left\"><div class=\"vce vce-single-image-wrapper\" id=\"el-020958b1\" data-vce-do-apply=\"all el-020958b1\"><figure><div class=\"vce-single-image-inner\"><img class=\"vce-single-image\" data-width=\"600\" data-height=\"400\"src=\"https:\/\/www.related.dk\/macao-tradekit\/wp-content\/uploads\/2018\/11\/event_3-600x400.jpg\" data-img-src=\"https:\/\/www.related.dk\/macao-tradekit\/wp-content\/uploads\/2018\/11\/event_3.jpg\" alt=\"\" title=\"event_3\"\/><\/div><\/figure><\/div><\/div><\/div><\/div><div class=\"vce-col vce-col--md-50p vce-col--xs-1 vce-col--xs-last vce-col--xs-first vce-col--sm-last vce-col--sm-first vce-col--md-last vce-col--lg-last vce-col--xl-last\" id=\"el-9f335bdd\" data-vce-do-apply=\"background border el-9f335bdd\"><div class=\"vce-col-inner\" data-vce-element-content=\"true\" data-vce-do-apply=\"padding margin  el-9f335bdd\"><div class=\"vce-single-image-container vce-single-image--align-left\"><div class=\"vce vce-single-image-wrapper\" id=\"el-7cca0235\" data-vce-do-apply=\"all el-7cca0235\"><figure><div class=\"vce-single-image-inner\"><img class=\"vce-single-image\" data-width=\"600\" data-height=\"400\"src=\"https:\/\/www.related.dk\/macao-tradekit\/wp-content\/uploads\/2018\/11\/event_4-600x400.jpg\" data-img-src=\"https:\/\/www.related.dk\/macao-tradekit\/wp-content\/uploads\/2018\/11\/event_4.jpg\" alt=\"\" title=\"event_4\"\/><\/div><\/figure><\/div><\/div><\/div><\/div><\/div><\/div><\/div>\n","protected":false},"excerpt":{"rendered":"<p>ARRANGEMENTER OG FESTIVALERNesten uansett n\u00e5r p\u00e5 \u00e5ret du bes\u00f8ker Macao, kan du nesten v\u00e6re sikker p\u00e5 at du f\u00e5r oppleve et arrangement eller en festival.Her er noen av \u00e5rets h\u00f8ydepunkter. N\u00f8yaktige datoer og n\u00e6rmere detaljer finner du p\u00e5 turistr\u00e5dets hjemmeside.Januar: Macao City Fringe FestivalFebruar: Kinesisk nytt\u00e5rMars: P\u00e5skeApril: A-Ma FestivalMai: Macao Arts Festival + Dragon Boat &hellip; <\/p>\n<p class=\"link-more\"><a href=\"https:\/\/www.related.dk\/macao-tradekit\/opplevelser\/arrangementer-og-festivaler\/?lang=no\" class=\"more-link\">L\u00e6s videre<span class=\"screen-reader-text\"> &#8220;&#8221;<\/span><\/a><\/p>\n","protected":false},"author":2,"featured_media":0,"parent":969,"menu_order":0,"comment_status":"closed","ping_status":"closed","template":"","meta":[],"_links":{"self":[{"href":"https:\/\/www.related.dk\/macao-tradekit\/wp-json\/wp\/v2\/pages\/784"}],"collection":[{"href":"https:\/\/www.related.dk\/macao-tradekit\/wp-json\/wp\/v2\/pages"}],"about":[{"href":"https:\/\/www.related.dk\/macao-tradekit\/wp-json\/wp\/v2\/types\/page"}],"author":[{"embeddable":true,"href":"https:\/\/www.related.dk\/macao-tradekit\/wp-json\/wp\/v2\/users\/2"}],"replies":[{"embeddable":true,"href":"https:\/\/www.related.dk\/macao-tradekit\/wp-json\/wp\/v2\/comments?post=784"}],"version-history":[{"count":3,"href":"https:\/\/www.related.dk\/macao-tradekit\/wp-json\/wp\/v2\/pages\/784\/revisions"}],"predecessor-version":[{"id":1354,"href":"https:\/\/www.related.dk\/macao-tradekit\/wp-json\/wp\/v2\/pages\/784\/revisions\/1354"}],"up":[{"embeddable":true,"href":"https:\/\/www.related.dk\/macao-tradekit\/wp-json\/wp\/v2\/pages\/969"}],"wp:attachment":[{"href":"https:\/\/www.related.dk\/macao-tradekit\/wp-json\/wp\/v2\/media?parent=784"}],"curies":[{"name":"wp","href":"https:\/\/api.w.org\/{rel}","templated":true}]}}