{"id":778,"date":"2018-11-22T12:30:54","date_gmt":"2018-11-22T12:30:54","guid":{"rendered":"http:\/\/www.related.dk\/macao-tradekit\/macao-for-matglade\/"},"modified":"2018-11-24T11:33:17","modified_gmt":"2018-11-24T11:33:17","slug":"macao-for-matglade","status":"publish","type":"page","link":"https:\/\/www.related.dk\/macao-tradekit\/opplevelser\/macao-for-matglade\/?lang=no","title":{"rendered":""},"content":{"rendered":"<div class=\"vce-row-container\"><div class=\"vce-row vce-row--col-gap-30 vce-row-columns--top vce-row-content--top\" id=\"el-0868d0c9\" data-vce-do-apply=\"all el-0868d0c9\"><div class=\"vce-row-content\" data-vce-element-content=\"true\"><div class=\"vce-col vce-col--md-100p vce-col--xs-1 vce-col--xs-last vce-col--xs-first vce-col--sm-last vce-col--sm-first vce-col--md-last vce-col--lg-last vce-col--xl-last vce-col--md-first vce-col--lg-first vce-col--xl-first\" id=\"el-f5a65a05\" data-vce-do-apply=\"background border el-f5a65a05\"><div class=\"vce-col-inner\" data-vce-element-content=\"true\" data-vce-do-apply=\"padding margin  el-f5a65a05\"><div class=\"vce-text-block\"><div class=\"vce-text-block-wrapper vce\" id=\"el-f77e884f\" data-vce-do-apply=\"all el-f77e884f\"><p><!--vcv no format--><\/p><div class=\"vce-row-container\"><div id=\"el-80975036\" class=\"vce-row vce-row--col-gap-30 vce-row-columns--top vce-row-content--top\" data-vce-do-apply=\"all el-80975036\"><div class=\"vce-row-content\" data-vce-element-content=\"true\"><div id=\"el-71a7a913\" class=\"vce-col vce-col--md-auto vce-col--xs-1 vce-col--xs-last vce-col--xs-first vce-col--sm-last vce-col--sm-first vce-col--md-last vce-col--lg-last vce-col--xl-last vce-col--md-first vce-col--lg-first vce-col--xl-first\" data-vce-do-apply=\"background border el-71a7a913\"><div class=\"vce-col-inner\" data-vce-do-apply=\"padding margin el-71a7a913\" data-vce-element-content=\"true\"><section class=\"vce-hero-section-container vce-hero-section-media--xs vce-hero-section-media--sm vce-hero-section-media--md vce-hero-section-media--lg\"><div id=\"el-49d9a385\" class=\"vce vce-hero-section vce-hero-section--alignment-start\" data-vce-do-apply=\"margin background border el-49d9a385\"><div class=\"vce-hero-section--wrap-row vce-hero-section--background-position-center-center\" style=\"background-image: url('https:\/\/www.related.dk\/macao-tradekit\/wp-content\/uploads\/2018\/11\/Banner_DSC07269_mad.jpg');\"><div class=\"vce-hero-section--wrap\"><div class=\"vce-hero-section--content\" data-vce-do-apply=\"padding el-49d9a385\"><div class=\"vce-hero-section--content-container\"><h1><strong>MACAO FOR MATGLADE<\/strong><\/h1><p>Macao har ikke mindre enn 19 Michelin-restauranter og 12 Michelin-anbefalte gatekj\u00f8kken.<\/p><\/div><\/div><\/div><\/div><\/div><\/section><\/div><\/div><\/div><\/div><\/div><div class=\"vce-row-container\"><div id=\"el-17bcd765\" class=\"vce-row vce-row--col-gap-30 vce-row-columns--top vce-row-content--top\" data-vce-do-apply=\"all el-17bcd765\"><div class=\"vce-row-content\" data-vce-element-content=\"true\"><div id=\"el-78ba8a4b\" class=\"vce-col vce-col--md-auto vce-col--xs-1 vce-col--xs-last vce-col--xs-first vce-col--sm-last vce-col--sm-first vce-col--md-last vce-col--lg-last vce-col--xl-last vce-col--md-first vce-col--lg-first vce-col--xl-first\" data-vce-do-apply=\"background border el-78ba8a4b\"><div class=\"vce-col-inner\" data-vce-do-apply=\"padding margin el-78ba8a4b\" data-vce-element-content=\"true\"><div class=\"vce-text-block\"><div id=\"el-35188c55\" class=\"vce-text-block-wrapper vce\" data-vce-do-apply=\"all el-35188c55\"><p>Macao er et mekka for matelskere og skjuler matopplevelser fra hele verden. Faktisk ble byen i slutten av 2017 tatt opp p\u00e5 UNESCOs liste over \u00abCreative Cities Network\u00bb (UCCN) \u2013 nettopp p\u00e5 grunn av gastronomien.<\/p><h4>Unik historie<\/h4><p>Matkulturen i Macao b\u00e6rer tydelig preg av byens unike historie: I det 16. og 17. \u00e5rhundre etablerte portugiserne som p\u00e5 dav\u00e6rende tidspunkt bodde i Macao, nemlig en sj\u00f8fartsrute mot \u00f8st. Via den ruten brakte afrikanske og indiske kj\u00f8pmenn atskillige eksotiske krydder og matkulturer til Macao. I tillegg ble mange portugisere gift med lokale kinesere i Macao. P\u00e5 den m\u00e5ten smeltet forskjellige eksotiske ingredienser som karri, kokosmelk, nellik og kanel \u2013 og kinesiske tilberedningsmetoder \u2013 over tid sammen med den tradisjonelle portugisiske matkulturen. En av de mest popul\u00e6re macanske rettene i dag er afrikansk kylling og macanske chilireker.<\/p><h4>Michelin-mat<\/h4><p>Blant Macaos Michelin-restauranter finner du alt fra den 3-stjerners The Eight, som kombinerer kantonesisk mat og huiyang-kokekunst, til popul\u00e6re steder med 1 stjerne som Shinji by Kanesaka, som serverer fantastisk sushi, og The Kitchen, som har spesialisert seg p\u00e5 flammegrillet kj\u00f8tt.<\/p><p><a href=\"https:\/\/guide.michelin.com\/hk\/en\/hong-kong-macau\/dining-out\/11-michelin-listed-portuguese-restaurants-in-macau\/news\" target=\"_blank\" rel=\"noopener\">Se for eksempel 11 forslag til Michelin-restauranter med portugisisk mat her.<\/a><\/p><h4>Gatemat<\/h4><p>Av popul\u00e6re gatekj\u00f8kken kan vi blant annet nevne Lei Ka Choi, som serverer tradisjonelle kantonesiske retter i leirsk\u00e5ler, og Ving Kei, som har spesialisert seg p\u00e5 mat med tofu \u2013 inkludert tofu-\u00f8l og -desserter.<\/p><\/div><p><a href=\"https:\/\/theculturetrip.com\/asia\/china\/articles\/the-best-street-food-stalls-in-macau\/\" target=\"_blank\" rel=\"noopener\">Se for eksempel denne guiden til gatemat i Macao.<\/a><\/p><div id=\"el-35188c55\" class=\"vce-text-block-wrapper vce\" data-vce-do-apply=\"all el-35188c55\"><h4>Internasjonale restauranter<\/h4><p>I omr\u00e5det Cotai, som huser de fleste av de store, internasjonale resortene i Macao, finner du et stort utvalg internasjonale restauranter i alle st\u00f8rrelser og prisklasser.<\/p><h4>Bakerier<\/h4><p>Har du bruk for en matbit p\u00e5 farten, er Macao ogs\u00e5 kjent for sine bakerier, som serverer spesialiteter som mandel-sm\u00e5kaker, v\u00e5rruller, pean\u00f8tt- og sesamgodterier samt eggeterter (portugisiske Past\u00e9is de Nata).<\/p><p>Det er vanskelig \u00e5 velge feil bakeri, men det mest ikoniske m\u00e5 v\u00e6re Lord Stow\u2019s Bakery, som ble \u00e5pnet av engelskmannen Andrew Stow i omr\u00e5det Coloane i 1989 og i dag har flere utsalg rundt omkring i Macao.<\/p><p>Taipa er spesielt kjent for sine tradisjonelle sm\u00e5kaker, som kan kj\u00f8pes flere steder i den gamle landsbyen.<\/p><h4>Broadway Food Street<\/h4><p>Broadway Food Street er byens f\u00f8rste overbygde gatematmarked og har alt fra lokale restauranter til popul\u00e6re asiatiske restaurantkjeder \u2013 og Michelin-restauranter.<\/p><h4>Lokalt marked<\/h4><p>Red Market er et av de mest bes\u00f8kte markedene i Macao. Hit kommer de lokale for \u00e5 kj\u00f8pe alt fra kj\u00f8tt, fisk og gr\u00f8nnsaker til andre matvarer og husholdningsartikler. I gatene rundt det tre etasjes store markedet selger kremmere alt fra mat til kl\u00e6r og vesker.<\/p><h4>Tradisjonsrik gate<\/h4><p>P\u00e5 gaten 5 de Outubro Street finner du alt fra kinesiske urter og h\u00e5ndlagede nudler til lokale delikatesser og kaffebarer.<\/p><h4>Food Festival<\/h4><p>Hvert \u00e5r i november feirer Macao sin kulinariske arv med en to uker lang <a href=\"http:\/\/en.macaotourism.gov.mo\/events\/majorevent_detail.php?id=6\" target=\"_blank\" rel=\"noopener\">Food Festival<\/a> , som i 2018 ble arrangert for 18. gang.<\/p><\/div><\/div><\/div><\/div><\/div><\/div><\/div><p><!--vcv no format--><\/p><\/div><\/div><\/div><\/div><\/div><\/div><\/div><div class=\"vce-row-container\"><div class=\"vce-row vce-row--col-gap-30 vce-row-columns--top vce-row-content--top\" id=\"el-5172fa98\" data-vce-do-apply=\"all el-5172fa98\"><div class=\"vce-row-content\" data-vce-element-content=\"true\"><div class=\"vce-col vce-col--md-50p vce-col--xs-1 vce-col--xs-last vce-col--xs-first vce-col--sm-last vce-col--sm-first vce-col--md-first vce-col--lg-first vce-col--xl-first\" id=\"el-fac6d282\" data-vce-do-apply=\"background border el-fac6d282\"><div class=\"vce-col-inner\" data-vce-element-content=\"true\" data-vce-do-apply=\"padding margin  el-fac6d282\"><div class=\"vce-single-image-container vce-single-image--align-left\"><div class=\"vce vce-single-image-wrapper\" id=\"el-5e8e55a8\" data-vce-do-apply=\"all el-5e8e55a8\"><figure><div class=\"vce-single-image-inner\"><img class=\"vce-single-image\" data-width=\"600\" data-height=\"400\"src=\"https:\/\/www.related.dk\/macao-tradekit\/wp-content\/uploads\/2018\/11\/madbod-600x400.jpg\" data-img-src=\"https:\/\/www.related.dk\/macao-tradekit\/wp-content\/uploads\/2018\/11\/madbod.jpg\" alt=\"\" title=\"madbod\"\/><\/div><\/figure><\/div><\/div><\/div><\/div><div class=\"vce-col vce-col--md-50p vce-col--xs-1 vce-col--xs-last vce-col--xs-first vce-col--sm-last vce-col--sm-first vce-col--md-last vce-col--lg-last vce-col--xl-last\" id=\"el-8216e39d\" data-vce-do-apply=\"background border el-8216e39d\"><div class=\"vce-col-inner\" data-vce-element-content=\"true\" data-vce-do-apply=\"padding margin  el-8216e39d\"><div class=\"vce-single-image-container vce-single-image--align-left\"><div class=\"vce vce-single-image-wrapper\" id=\"el-7f6763b0\" data-vce-do-apply=\"all el-7f6763b0\"><figure><div class=\"vce-single-image-inner\"><img class=\"vce-single-image\" data-width=\"1024\" data-height=\"682\"src=\"https:\/\/www.related.dk\/macao-tradekit\/wp-content\/uploads\/2018\/11\/Macau-79-1024x682.jpg\" data-img-src=\"https:\/\/www.related.dk\/macao-tradekit\/wp-content\/uploads\/2018\/11\/Macau-79.jpg\" alt=\"\" title=\"Macau-79\"\/><\/div><\/figure><\/div><\/div><\/div><\/div><\/div><\/div><\/div>\n","protected":false},"excerpt":{"rendered":"<p>MACAO FOR MATGLADEMacao har ikke mindre enn 19 Michelin-restauranter og 12 Michelin-anbefalte gatekj\u00f8kken.Macao er et mekka for matelskere og skjuler matopplevelser fra hele verden. Faktisk ble byen i slutten av 2017 tatt opp p\u00e5 UNESCOs liste over \u00abCreative Cities Network\u00bb (UCCN) \u2013 nettopp p\u00e5 grunn av gastronomien.Unik historieMatkulturen i Macao b\u00e6rer tydelig preg av byens &hellip; <\/p>\n<p class=\"link-more\"><a href=\"https:\/\/www.related.dk\/macao-tradekit\/opplevelser\/macao-for-matglade\/?lang=no\" class=\"more-link\">L\u00e6s videre<span class=\"screen-reader-text\"> &#8220;&#8221;<\/span><\/a><\/p>\n","protected":false},"author":2,"featured_media":0,"parent":969,"menu_order":0,"comment_status":"closed","ping_status":"closed","template":"","meta":[],"_links":{"self":[{"href":"https:\/\/www.related.dk\/macao-tradekit\/wp-json\/wp\/v2\/pages\/778"}],"collection":[{"href":"https:\/\/www.related.dk\/macao-tradekit\/wp-json\/wp\/v2\/pages"}],"about":[{"href":"https:\/\/www.related.dk\/macao-tradekit\/wp-json\/wp\/v2\/types\/page"}],"author":[{"embeddable":true,"href":"https:\/\/www.related.dk\/macao-tradekit\/wp-json\/wp\/v2\/users\/2"}],"replies":[{"embeddable":true,"href":"https:\/\/www.related.dk\/macao-tradekit\/wp-json\/wp\/v2\/comments?post=778"}],"version-history":[{"count":5,"href":"https:\/\/www.related.dk\/macao-tradekit\/wp-json\/wp\/v2\/pages\/778\/revisions"}],"predecessor-version":[{"id":1436,"href":"https:\/\/www.related.dk\/macao-tradekit\/wp-json\/wp\/v2\/pages\/778\/revisions\/1436"}],"up":[{"embeddable":true,"href":"https:\/\/www.related.dk\/macao-tradekit\/wp-json\/wp\/v2\/pages\/969"}],"wp:attachment":[{"href":"https:\/\/www.related.dk\/macao-tradekit\/wp-json\/wp\/v2\/media?parent=778"}],"curies":[{"name":"wp","href":"https:\/\/api.w.org\/{rel}","templated":true}]}}