{"id":770,"date":"2018-11-22T12:09:11","date_gmt":"2018-11-22T12:09:11","guid":{"rendered":"http:\/\/www.related.dk\/macao-tradekit\/godt-aa-vite\/"},"modified":"2018-11-27T14:03:02","modified_gmt":"2018-11-27T14:03:02","slug":"godt-aa-vite","status":"publish","type":"page","link":"https:\/\/www.related.dk\/macao-tradekit\/om-macao\/godt-aa-vite\/?lang=no","title":{"rendered":""},"content":{"rendered":"<div class=\"vce-row-container\"><div class=\"vce-row vce-row--col-gap-30 vce-row-columns--top vce-row-content--top\" id=\"el-b14c7663\" data-vce-do-apply=\"all el-b14c7663\"><div class=\"vce-row-content\" data-vce-element-content=\"true\"><div class=\"vce-col vce-col--md-100p vce-col--xs-1 vce-col--xs-last vce-col--xs-first vce-col--sm-last vce-col--sm-first vce-col--md-last vce-col--lg-last vce-col--xl-last vce-col--md-first vce-col--lg-first vce-col--xl-first\" id=\"el-8c4b21cf\" data-vce-do-apply=\"background border el-8c4b21cf\"><div class=\"vce-col-inner\" data-vce-do-apply=\"padding margin  el-8c4b21cf\" data-vce-element-content=\"true\"><div class=\"vce-text-block\"><div class=\"vce-text-block-wrapper vce\" id=\"el-b38011d2\" data-vce-do-apply=\"all el-b38011d2\"><p><!--vcv no format--><\/p><div class=\"vce-row-container\"><div class=\"vce-row vce-row--col-gap-30 vce-row-columns--top vce-row-content--top\" id=\"el-6ae446b0\" data-vce-do-apply=\"all el-6ae446b0\"><div class=\"vce-row-content\" data-vce-element-content=\"true\"><div class=\"vce-col vce-col--md-auto vce-col--xs-1 vce-col--xs-last vce-col--xs-first vce-col--sm-last vce-col--sm-first vce-col--md-last vce-col--lg-last vce-col--xl-last vce-col--md-first vce-col--lg-first vce-col--xl-first\" id=\"el-18891f4b\" data-vce-do-apply=\"background border el-18891f4b\"><div class=\"vce-col-inner\" data-vce-do-apply=\"padding margin el-18891f4b\" data-vce-element-content=\"true\"><section class=\"vce-hero-section-container vce-hero-section-media--xs vce-hero-section-media--sm vce-hero-section-media--md vce-hero-section-media--lg\"><div class=\"vce vce-hero-section vce-hero-section--alignment-start\" id=\"el-09dc6a66\" data-vce-do-apply=\"margin background border el-09dc6a66\"><div class=\"vce-hero-section--wrap-row vce-hero-section--background-position-center-center\" style=\"background-image: url('https:\/\/www.related.dk\/macao-tradekit\/wp-content\/uploads\/2018\/11\/Banner_MTB_Jacob_Photo-0040.jpg');\"><div class=\"vce-hero-section--wrap\"><div class=\"vce-hero-section--content\" data-vce-do-apply=\"padding el-09dc6a66\"><div class=\"vce-hero-section--content-container\"><h1><strong><br>GODT \u00c5 VITE<\/strong><\/h1><\/div><\/div><\/div><\/div><\/div><\/section><\/div><\/div><\/div><\/div><\/div><div class=\"vce-row-container\"><div class=\"vce-row vce-row--col-gap-30 vce-row-columns--top vce-row-content--top\" id=\"el-b03f91a6\" data-vce-do-apply=\"all el-b03f91a6\"><div class=\"vce-row-content\" data-vce-element-content=\"true\"><div class=\"vce-col vce-col--md-auto vce-col--xs-1 vce-col--xs-last vce-col--xs-first vce-col--sm-last vce-col--sm-first vce-col--md-last vce-col--lg-last vce-col--xl-last vce-col--md-first vce-col--lg-first vce-col--xl-first\" id=\"el-070bc897\" data-vce-do-apply=\"background border el-070bc897\"><div class=\"vce-col-inner\" data-vce-do-apply=\"padding margin el-070bc897\" data-vce-element-content=\"true\"><div class=\"vce-text-block\"><div class=\"vce-text-block-wrapper vce\" id=\"el-b1ffe59d\" data-vce-do-apply=\"all el-b1ffe59d\"><p><strong>Fakta<br><\/strong>Macao har ca. 648 500 innbyggere.<br>Macao kan staves b\u00e5de \u00abMacao\u00bb og \u00abMacau\u00bb \u2013 sistnevnte er den portugisiske stavem\u00e5ten.<\/p><p><strong>Lett \u00e5 finne frem<\/strong><br>Alle vei- og informasjonsskilt i Macao er oversatt til engelsk, og de lokale er generelt flinke til \u00e5 snakke engelsk. Dette gj\u00f8r det lett \u00e5 begi seg rundt og utforske destinasjonen p\u00e5 egen h\u00e5nd.<\/p><p>Det lokale turistkontoret har ogs\u00e5 atskillige brosjyrer og kart med engelske tekster. Kontoret ligger her: Alameda Dr. Carlos d'Assump\u00e7\u00e3o, n.os 335-341, Edif\u00edcio \u00abHot Line\u00bb, 12\u00ba andar, Macau.<\/p><p><strong>Spr\u00e5k<\/strong><br>De offisielle spr\u00e5kene er kinesisk og portugisisk. Kinesisk er det mest brukte.<\/p><p><strong>Visum<\/strong><br>Danske, svenske, norske og finske statsborgere kan bes\u00f8ke Macao visumfritt i inntil 90 dager med gyldig pass.<\/p><p><a href=\"http:\/\/en.macaotourism.gov.mo\/plan\/entry_requirements_detail.php\" target=\"_blank\" rel=\"noopener\">Du kan lese mer her.<\/a><\/p><p><strong>Valuta<br><\/strong>Macao har sin egen valuta, MPO (Pataca), men HKD (Hong Kong Dollar) aksepteres de fleste steder.<\/p><p><span style=\"display: inline !important; float: none; background-color: transparent; color: #333333; cursor: text; font-family: 'Libre Franklin','Helvetica Neue',helvetica,arial,sans-serif; font-size: 16px; font-style: normal; font-variant: normal; font-weight: 400; letter-spacing: normal; orphans: 2; text-align: left; text-decoration: none; text-indent: 0px; text-transform: none; -webkit-text-stroke-width: 0px; white-space: normal; word-spacing: 0px;\">103,20<\/span> Patacas tilsvarer ca. 1 HKD.<\/p><p>10 HKD er ca. 11 norske kroner.<\/p><p><strong>Klima<\/strong><br>Gjennomsnittstemperaturen i Macao er 23 grader, og luftfuktigheten er relativt h\u00f8y.<\/p><ul><li>Macao er ideelt \u00e5 bes\u00f8ke i <strong>oktober til desember<\/strong>, for da er v\u00e6ret lunt og luftfuktigheten lav.<\/li><li>I <strong>januar til mars<\/strong> er det forholdsvis kaldt, men solrikt. Temperaturen stiger igjen fra <strong>april.<\/strong><\/li><li><strong>I mai til september<\/strong> er det varmt og fuktig med risiko for regn.<\/li><\/ul><p>Det anbefales \u00e5 pakke en langermet genser hvis man reiser i perioden mars til mai eller september til november, siden det kan v\u00e6re kaldt om kvelden.<\/p><p>I desember til februar anbefales det \u00e5 ta med en jakke. V\u00e6r ogs\u00e5 oppmerksom p\u00e5 at det er luftavkj\u00f8ling p\u00e5 de store resortene og p\u00e5 kj\u00f8pesentrene, s\u00e5 det er generelt en god ide \u00e5 ta med en genser \u2013 \u00e5ret rundt.<\/p><\/div><p><a href=\"http:\/\/www.smg.gov.mo\/smg\/c_index.htm\" target=\"_blank\" rel=\"noopener\">Du finner mer om v\u00e6ret i Macao her<\/a>.<\/p><\/div><\/div><\/div><\/div><\/div><\/div><p><!--vcv no format--><\/p><\/div><div class=\"vce-text-block-wrapper vce\" style=\"width: 0px; height: 0px; right: 0px; bottom: 0px; overflow: hidden; position: fixed;\" data-vce-do-apply=\"all el-b38011d2\"><p><!--vcv no format--><\/p><div class=\"vce-row-container\"><div class=\"vce-row vce-row--col-gap-30 vce-row-columns--top vce-row-content--top\" id=\"el-6ae446b0\" data-vce-do-apply=\"all el-6ae446b0\"><div class=\"vce-row-content\" data-vce-element-content=\"true\"><div class=\"vce-col vce-col--md-auto vce-col--xs-1 vce-col--xs-last vce-col--xs-first vce-col--sm-last vce-col--sm-first vce-col--md-last vce-col--lg-last vce-col--xl-last vce-col--md-first vce-col--lg-first vce-col--xl-first\" id=\"el-18891f4b\" data-vce-do-apply=\"background border el-18891f4b\"><div class=\"vce-col-inner\" data-vce-do-apply=\"padding margin el-18891f4b\" data-vce-element-content=\"true\"><section class=\"vce-hero-section-container vce-hero-section-media--xs vce-hero-section-media--sm vce-hero-section-media--md vce-hero-section-media--lg\"><div class=\"vce vce-hero-section vce-hero-section--alignment-start\" id=\"el-09dc6a66\" data-vce-do-apply=\"margin background border el-09dc6a66\"><div class=\"vce-hero-section--wrap-row vce-hero-section--background-position-center-center\" style=\"background-image: url('https:\/\/www.related.dk\/macao-tradekit\/wp-content\/uploads\/2018\/11\/Banner_MTB_Jacob_Photo-0040.jpg');\"><div class=\"vce-hero-section--wrap\"><div class=\"vce-hero-section--content\" data-vce-do-apply=\"padding el-09dc6a66\"><div class=\"vce-hero-section--content-container\"><h1><strong><br>GODT \u00c5 VITE<\/strong><\/h1><\/div><\/div><\/div><\/div><\/div><\/section><\/div><\/div><\/div><\/div><\/div><div class=\"vce-row-container\"><div class=\"vce-row vce-row--col-gap-30 vce-row-columns--top vce-row-content--top\" id=\"el-b03f91a6\" data-vce-do-apply=\"all el-b03f91a6\"><div class=\"vce-row-content\" data-vce-element-content=\"true\"><div class=\"vce-col vce-col--md-auto vce-col--xs-1 vce-col--xs-last vce-col--xs-first vce-col--sm-last vce-col--sm-first vce-col--md-last vce-col--lg-last vce-col--xl-last vce-col--md-first vce-col--lg-first vce-col--xl-first\" id=\"el-070bc897\" data-vce-do-apply=\"background border el-070bc897\"><div class=\"vce-col-inner\" data-vce-do-apply=\"padding margin el-070bc897\" data-vce-element-content=\"true\"><div class=\"vce-text-block\"><div class=\"vce-text-block-wrapper vce\" id=\"el-b1ffe59d\" data-vce-do-apply=\"all el-b1ffe59d\"><p><strong>Fakta<br><\/strong>Macao har ca. 648 500 innbyggere.<br>Macao kan staves b\u00e5de \u00abMacao\u00bb og \u00abMacau\u00bb \u2013 sistnevnte er den portugisiske stavem\u00e5ten.<\/p><p><strong>Lett \u00e5 finne frem<\/strong><br>Alle vei- og informasjonsskilt i Macao er oversatt til engelsk, og de lokale er generelt flinke til \u00e5 snakke engelsk. Dette gj\u00f8r det lett \u00e5 begi seg rundt og utforske destinasjonen p\u00e5 egen h\u00e5nd.<\/p><p>Det lokale turistkontoret har ogs\u00e5 atskillige brosjyrer og kart med engelske tekster. Kontoret ligger her: Alameda Dr. Carlos d'Assump\u00e7\u00e3o, n.os 335-341, Edif\u00edcio \u00abHot Line\u00bb, 12\u00ba andar, Macau.<\/p><p><strong>Spr\u00e5k<\/strong><br>De offisielle spr\u00e5kene er kinesisk og portugisisk. Kinesisk er det mest brukte.<\/p><p><strong>Visum<\/strong><br>Danske, svenske, norske og finske statsborgere kan bes\u00f8ke Macao visumfritt i inntil 90 dager med gyldig pass.<\/p><p><a href=\"http:\/\/en.macaotourism.gov.mo\/plan\/entry_requirements_detail.php\" target=\"_blank\" rel=\"noopener\">Du kan lese mer her.<\/a><\/p><p><strong>Valuta<br><\/strong>Macao har sin egen valuta, MPO (Pataca), men HKD (Hong Kong Dollar) aksepteres de fleste steder.<\/p><p><span style=\"display: inline !important; float: none; background-color: transparent; color: #333333; cursor: text; font-family: 'Libre Franklin','Helvetica Neue',helvetica,arial,sans-serif; font-size: 16px; font-style: normal; font-variant: normal; font-weight: 400; letter-spacing: normal; orphans: 2; text-align: left; text-decoration: none; text-indent: 0px; text-transform: none; -webkit-text-stroke-width: 0px; white-space: normal; word-spacing: 0px;\">103,20<\/span> Patacas tilsvarer ca. 1 HKD.<\/p><p>10 HKD er ca. 11 norske kroner.<\/p><p><strong>Klima<\/strong><br>Gjennomsnittstemperaturen i Macao er 23 grader, og luftfuktigheten er relativt h\u00f8y.<\/p><ul><li>Macao er ideelt \u00e5 bes\u00f8ke i <strong>oktober til desember<\/strong>, for da er v\u00e6ret lunt og luftfuktigheten lav.<\/li><li>I <strong>januar til mars<\/strong> er det forholdsvis kaldt, men solrikt. Temperaturen stiger igjen fra <strong>april.<\/strong><\/li><li><strong>I mai til september<\/strong> er det varmt og fuktig med risiko for regn.<\/li><\/ul><p>Det anbefales \u00e5 pakke en langermet genser hvis man reiser i perioden mars til mai eller september til november, siden det kan v\u00e6re kaldt om kvelden.<\/p><p>I desember til februar anbefales det \u00e5 ta med en jakke. V\u00e6r ogs\u00e5 oppmerksom p\u00e5 at det er luftavkj\u00f8ling p\u00e5 de store resortene og p\u00e5 kj\u00f8pesentrene, s\u00e5 det er generelt en god ide \u00e5 ta med en genser \u2013 \u00e5ret rundt.<\/p><\/div><p><a href=\"http:\/\/www.smg.gov.mo\/smg\/c_index.htm\" target=\"_blank\" rel=\"noopener\">Du finner mer om v\u00e6ret i Macao her<\/a>.<\/p><\/div><\/div><\/div><\/div><\/div><\/div><p><!--vcv no format--><\/p><\/div><\/div><\/div><\/div><\/div><\/div><\/div><div class=\"vce-row-container\"><div class=\"vce-row vce-row--col-gap-30 vce-row-columns--top vce-row-content--top\" id=\"el-3835a9d6\" data-vce-do-apply=\"all el-3835a9d6\"><div class=\"vce-row-content\" data-vce-element-content=\"true\"><div class=\"vce-col vce-col--md-33-33p vce-col--xs-1 vce-col--xs-last vce-col--xs-first vce-col--sm-last vce-col--sm-first vce-col--md-first vce-col--lg-first vce-col--xl-first\" id=\"el-3765da47\" data-vce-do-apply=\"background border el-3765da47\"><div class=\"vce-col-inner\" data-vce-do-apply=\"padding margin  el-3765da47\" data-vce-element-content=\"true\"><div class=\"vce-single-image-container vce-single-image--align-left\"><div class=\"vce vce-single-image-wrapper\" id=\"el-f3500c15\" data-vce-do-apply=\"all el-f3500c15\"><figure><div class=\"vce-single-image-inner\"><img class=\"vce-single-image\" data-width=\"682\" data-height=\"1024\"src=\"https:\/\/www.related.dk\/macao-tradekit\/wp-content\/uploads\/2018\/11\/Macau-31-682x1024.jpg\" data-img-src=\"https:\/\/www.related.dk\/macao-tradekit\/wp-content\/uploads\/2018\/11\/Macau-31.jpg\" alt=\"\" title=\"Macau-31\"\/><\/div><\/figure><\/div><\/div><\/div><\/div><div class=\"vce-col vce-col--md-33-33p vce-col--xs-1 vce-col--xs-last vce-col--xs-first vce-col--sm-last vce-col--sm-first\" id=\"el-7a5771e8\" data-vce-do-apply=\"background border el-7a5771e8\"><div class=\"vce-col-inner\" data-vce-do-apply=\"padding margin  el-7a5771e8\" data-vce-element-content=\"true\"><div class=\"vce-single-image-container vce-single-image--align-left\"><div class=\"vce vce-single-image-wrapper\" id=\"el-eb3cfd1e\" data-vce-do-apply=\"all el-eb3cfd1e\"><figure><div class=\"vce-single-image-inner\"><img class=\"vce-single-image\" data-width=\"682\" data-height=\"1024\"src=\"https:\/\/www.related.dk\/macao-tradekit\/wp-content\/uploads\/2018\/11\/MTB_Jacob_Photo-0845-682x1024.jpg\" data-img-src=\"https:\/\/www.related.dk\/macao-tradekit\/wp-content\/uploads\/2018\/11\/MTB_Jacob_Photo-0845.jpg\" alt=\"\" title=\"MTB_Jacob_Photo-0845\"\/><\/div><\/figure><\/div><\/div><\/div><\/div><div class=\"vce-col vce-col--md-33-33p vce-col--xs-1 vce-col--xs-last vce-col--xs-first vce-col--sm-last vce-col--sm-first vce-col--md-last vce-col--lg-last vce-col--xl-last\" id=\"el-45699fe1\" data-vce-do-apply=\"background border el-45699fe1\"><div class=\"vce-col-inner\" data-vce-do-apply=\"padding margin  el-45699fe1\" data-vce-element-content=\"true\"><div class=\"vce-single-image-container vce-single-image--align-left\"><div class=\"vce vce-single-image-wrapper\" id=\"el-992d124a\" data-vce-do-apply=\"all el-992d124a\"><figure><div class=\"vce-single-image-inner\"><img class=\"vce-single-image\" data-width=\"682\" data-height=\"1024\"src=\"https:\/\/www.related.dk\/macao-tradekit\/wp-content\/uploads\/2018\/11\/Macao-140-682x1024.jpg\" data-img-src=\"https:\/\/www.related.dk\/macao-tradekit\/wp-content\/uploads\/2018\/11\/Macao-140.jpg\" alt=\"\" title=\"Macao-140\"\/><\/div><\/figure><\/div><\/div><\/div><\/div><\/div><\/div><\/div>\n","protected":false},"excerpt":{"rendered":"<p>GODT \u00c5 VITEFaktaMacao har ca. 648 500 innbyggere.Macao kan staves b\u00e5de \u00abMacao\u00bb og \u00abMacau\u00bb \u2013 sistnevnte er den portugisiske stavem\u00e5ten.Lett \u00e5 finne fremAlle vei- og informasjonsskilt i Macao er oversatt til engelsk, og de lokale er generelt flinke til \u00e5 snakke engelsk. Dette gj\u00f8r det lett \u00e5 begi seg rundt og utforske destinasjonen p\u00e5 egen &hellip; <\/p>\n<p class=\"link-more\"><a href=\"https:\/\/www.related.dk\/macao-tradekit\/om-macao\/godt-aa-vite\/?lang=no\" class=\"more-link\">L\u00e6s videre<span class=\"screen-reader-text\"> &#8220;&#8221;<\/span><\/a><\/p>\n","protected":false},"author":2,"featured_media":0,"parent":963,"menu_order":0,"comment_status":"closed","ping_status":"closed","template":"","meta":[],"_links":{"self":[{"href":"https:\/\/www.related.dk\/macao-tradekit\/wp-json\/wp\/v2\/pages\/770"}],"collection":[{"href":"https:\/\/www.related.dk\/macao-tradekit\/wp-json\/wp\/v2\/pages"}],"about":[{"href":"https:\/\/www.related.dk\/macao-tradekit\/wp-json\/wp\/v2\/types\/page"}],"author":[{"embeddable":true,"href":"https:\/\/www.related.dk\/macao-tradekit\/wp-json\/wp\/v2\/users\/2"}],"replies":[{"embeddable":true,"href":"https:\/\/www.related.dk\/macao-tradekit\/wp-json\/wp\/v2\/comments?post=770"}],"version-history":[{"count":8,"href":"https:\/\/www.related.dk\/macao-tradekit\/wp-json\/wp\/v2\/pages\/770\/revisions"}],"predecessor-version":[{"id":1447,"href":"https:\/\/www.related.dk\/macao-tradekit\/wp-json\/wp\/v2\/pages\/770\/revisions\/1447"}],"up":[{"embeddable":true,"href":"https:\/\/www.related.dk\/macao-tradekit\/wp-json\/wp\/v2\/pages\/963"}],"wp:attachment":[{"href":"https:\/\/www.related.dk\/macao-tradekit\/wp-json\/wp\/v2\/media?parent=770"}],"curies":[{"name":"wp","href":"https:\/\/api.w.org\/{rel}","templated":true}]}}