{"id":752,"date":"2018-11-22T11:47:32","date_gmt":"2018-11-22T11:47:32","guid":{"rendered":"http:\/\/www.related.dk\/macao-tradekit\/hvorfor-macao\/"},"modified":"2018-11-23T08:30:39","modified_gmt":"2018-11-23T08:30:39","slug":"hvorfor-macao","status":"publish","type":"page","link":"https:\/\/www.related.dk\/macao-tradekit\/om-macao\/hvorfor-macao\/?lang=no","title":{"rendered":""},"content":{"rendered":"<div class=\"vce-row-container\"><div class=\"vce-row vce-row--col-gap-30 vce-row-columns--top vce-row-content--top\" id=\"el-3238c069\" data-vce-do-apply=\"all el-3238c069\"><div class=\"vce-row-content\" data-vce-element-content=\"true\"><div class=\"vce-col vce-col--md-100p vce-col--xs-1 vce-col--xs-last vce-col--xs-first vce-col--sm-last vce-col--sm-first vce-col--md-last vce-col--lg-last vce-col--xl-last vce-col--md-first vce-col--lg-first vce-col--xl-first\" id=\"el-f34cca24\" data-vce-do-apply=\"background border el-f34cca24\"><div class=\"vce-col-inner\" data-vce-element-content=\"true\" data-vce-do-apply=\"padding margin  el-f34cca24\"><div class=\"vce-text-block\"><div class=\"vce-text-block-wrapper vce\" id=\"el-0508e45a\" data-vce-do-apply=\"all el-0508e45a\"><p><!--vcv no format--><\/p><div class=\"vce-row-container\"><div id=\"el-d3846d7f\" class=\"vce-row vce-row--col-gap-30 vce-row-columns--top vce-row-content--top\" data-vce-do-apply=\"all el-d3846d7f\"><div class=\"vce-row-content\" data-vce-element-content=\"true\"><div id=\"el-e41c04c3\" class=\"vce-col vce-col--md-auto vce-col--xs-1 vce-col--xs-last vce-col--xs-first vce-col--sm-last vce-col--sm-first vce-col--md-last vce-col--lg-last vce-col--xl-last vce-col--md-first vce-col--lg-first vce-col--xl-first\" data-vce-do-apply=\"background border el-e41c04c3\"><div class=\"vce-col-inner\" data-vce-do-apply=\"padding margin el-e41c04c3\" data-vce-element-content=\"true\"><section class=\"vce-hero-section-container vce-hero-section-media--xs vce-hero-section-media--sm vce-hero-section-media--md vce-hero-section-media--lg\"><div id=\"el-c978f1fc\" class=\"vce vce-hero-section vce-hero-section--alignment-start\" data-vce-do-apply=\"margin background border el-c978f1fc\"><div class=\"vce-hero-section--wrap-row vce-hero-section--background-position-center-center\" style=\"background-image: url('https:\/\/www.related.dk\/macao-tradekit\/wp-content\/uploads\/2018\/11\/Banner_12609_6.jpg');\"><div class=\"vce-hero-section--wrap\"><div class=\"vce-hero-section--content\" data-vce-do-apply=\"padding el-c978f1fc\"><div class=\"vce-hero-section--content-container\"><h1><strong>HVORFOR MACAO?<\/strong><\/h1><\/div><\/div><\/div><\/div><\/div><\/section><\/div><\/div><\/div><\/div><\/div><div class=\"vce-row-container\"><div id=\"el-2c554b22\" class=\"vce-row vce-row--col-gap-30 vce-row-columns--top vce-row-content--top\" data-vce-do-apply=\"all el-2c554b22\"><div class=\"vce-row-content\" data-vce-element-content=\"true\"><div id=\"el-c4f94728\" class=\"vce-col vce-col--md-auto vce-col--xs-1 vce-col--xs-last vce-col--xs-first vce-col--sm-last vce-col--sm-first vce-col--md-last vce-col--lg-last vce-col--xl-last vce-col--md-first vce-col--lg-first vce-col--xl-first\" data-vce-do-apply=\"background border el-c4f94728\"><div class=\"vce-col-inner\" data-vce-do-apply=\"padding margin el-c4f94728\" data-vce-element-content=\"true\"><div class=\"vce-text-block\"><div id=\"el-01e3f4f1\" class=\"vce-text-block-wrapper vce\" data-vce-do-apply=\"all el-01e3f4f1\"><p>Macao er spesielt interessant for alle som er glad i mat. Her finner du ikke mindre enn 19 Michelin-restauranter og 12 Michelin-anbefalte gatekj\u00f8kken som serverer mat med inspirasjon fra b\u00e5de Asia og Portugal.<\/p><p>Faktisk ble Macao i slutten av 2017 tatt opp p\u00e5 UNESCOs liste over \u00abCreative Cities Network\u00bb (UCCN) \u2013 nettopp p\u00e5 grunn av gastronomien.<\/p><p>For kultur- og historieinteresserte byr Macao ogs\u00e5 p\u00e5 en unik blanding av europeisk og asiatisk kultur og arkitektur, hvor innflytelsen fra b\u00e5de Kina og Portugal er tydelig. Faktisk er Macaos historiske sentrum, hvor du finner alt fra templer og kirker til et bibliotek og hyggelige torg, p\u00e5 UNESCOs verdensarvliste.<\/p><p>Byen har ogs\u00e5 en lang rekke show og forestillinger \u00e5 velge mellom, og shoppemulighetene er mange.<\/p><\/div><\/div><\/div><\/div><\/div><\/div><\/div><\/div><\/div><\/div><\/div><\/div><\/div><\/div><div class=\"vce-row-container\"><div class=\"vce-row vce-row--col-gap-30 vce-row-columns--top vce-row-content--top\" id=\"el-7e06f355\" data-vce-do-apply=\"all el-7e06f355\"><div class=\"vce-row-content\" data-vce-element-content=\"true\"><div class=\"vce-col vce-col--md-25p vce-col--xs-1 vce-col--xs-last vce-col--xs-first vce-col--sm-last vce-col--sm-first vce-col--md-first vce-col--lg-first vce-col--xl-first\" id=\"el-9fe4c91a\" data-vce-do-apply=\"background border el-9fe4c91a\"><div class=\"vce-col-inner\" data-vce-element-content=\"true\" data-vce-do-apply=\"padding margin  el-9fe4c91a\"><div class=\"vce-single-image-container vce-single-image--align-left\"><div class=\"vce vce-single-image-wrapper\" id=\"el-cdfc9be2\" data-vce-do-apply=\"all el-cdfc9be2\"><figure><div class=\"vce-single-image-inner\"><img class=\"vce-single-image\" data-width=\"684\" data-height=\"1024\"src=\"https:\/\/www.related.dk\/macao-tradekit\/wp-content\/uploads\/2018\/11\/macao-11-684x1024.jpg\" data-img-src=\"https:\/\/www.related.dk\/macao-tradekit\/wp-content\/uploads\/2018\/11\/macao-11.jpg\" alt=\"\" title=\"macao-11\"\/><\/div><\/figure><\/div><\/div><\/div><\/div><div class=\"vce-col vce-col--md-25p vce-col--xs-1 vce-col--xs-last vce-col--xs-first vce-col--sm-last vce-col--sm-first\" id=\"el-6cd4c63d\" data-vce-do-apply=\"background border el-6cd4c63d\"><div class=\"vce-col-inner\" data-vce-element-content=\"true\" data-vce-do-apply=\"padding margin  el-6cd4c63d\"><div class=\"vce-single-image-container vce-single-image--align-left\"><div class=\"vce vce-single-image-wrapper\" id=\"el-12f883fb\" data-vce-do-apply=\"all el-12f883fb\"><figure><div class=\"vce-single-image-inner\"><img class=\"vce-single-image\" data-width=\"400\" data-height=\"600\"src=\"https:\/\/www.related.dk\/macao-tradekit\/wp-content\/uploads\/2018\/11\/600x400_12627_4-400x600.jpg\" data-img-src=\"https:\/\/www.related.dk\/macao-tradekit\/wp-content\/uploads\/2018\/11\/600x400_12627_4.jpg\" alt=\"\" title=\"600x400_12627_4\"\/><\/div><\/figure><\/div><\/div><\/div><\/div><div class=\"vce-col vce-col--md-25p vce-col--xs-1 vce-col--xs-last vce-col--xs-first vce-col--sm-last vce-col--sm-first\" id=\"el-46b7e00c\" data-vce-do-apply=\"background border el-46b7e00c\"><div class=\"vce-col-inner\" data-vce-element-content=\"true\" data-vce-do-apply=\"padding margin  el-46b7e00c\"><div class=\"vce-single-image-container vce-single-image--align-left\"><div class=\"vce vce-single-image-wrapper\" id=\"el-0bc38ab8\" data-vce-do-apply=\"all el-0bc38ab8\"><figure><div class=\"vce-single-image-inner\"><img class=\"vce-single-image\" data-width=\"400\" data-height=\"600\"src=\"https:\/\/www.related.dk\/macao-tradekit\/wp-content\/uploads\/2018\/11\/600x400_321_6-400x600.jpg\" data-img-src=\"https:\/\/www.related.dk\/macao-tradekit\/wp-content\/uploads\/2018\/11\/600x400_321_6.jpg\" alt=\"\" title=\"600x400_321_6\"\/><\/div><\/figure><\/div><\/div><\/div><\/div><div class=\"vce-col vce-col--md-25p vce-col--xs-1 vce-col--xs-last vce-col--xs-first vce-col--sm-last vce-col--sm-first vce-col--md-last vce-col--lg-last vce-col--xl-last\" id=\"el-6c232fa3\" data-vce-do-apply=\"background border el-6c232fa3\"><div class=\"vce-col-inner\" data-vce-element-content=\"true\" data-vce-do-apply=\"padding margin  el-6c232fa3\"><div class=\"vce-single-image-container vce-single-image--align-left\"><div class=\"vce vce-single-image-wrapper\" id=\"el-43ed5faf\" data-vce-do-apply=\"all el-43ed5faf\"><figure><div class=\"vce-single-image-inner\"><img class=\"vce-single-image\" data-width=\"400\" data-height=\"600\"src=\"https:\/\/www.related.dk\/macao-tradekit\/wp-content\/uploads\/2018\/11\/600x400_12148_1-400x600.jpg\" data-img-src=\"https:\/\/www.related.dk\/macao-tradekit\/wp-content\/uploads\/2018\/11\/600x400_12148_1.jpg\" alt=\"\" title=\"600x400_12148_1\"\/><\/div><\/figure><\/div><\/div><\/div><\/div><\/div><\/div><\/div>\n","protected":false},"excerpt":{"rendered":"<p>HVORFOR MACAO?Macao er spesielt interessant for alle som er glad i mat. Her finner du ikke mindre enn 19 Michelin-restauranter og 12 Michelin-anbefalte gatekj\u00f8kken som serverer mat med inspirasjon fra b\u00e5de Asia og Portugal.Faktisk ble Macao i slutten av 2017 tatt opp p\u00e5 UNESCOs liste over \u00abCreative Cities Network\u00bb (UCCN) \u2013 nettopp p\u00e5 grunn av &hellip; <\/p>\n<p class=\"link-more\"><a href=\"https:\/\/www.related.dk\/macao-tradekit\/om-macao\/hvorfor-macao\/?lang=no\" class=\"more-link\">L\u00e6s videre<span class=\"screen-reader-text\"> &#8220;&#8221;<\/span><\/a><\/p>\n","protected":false},"author":2,"featured_media":0,"parent":963,"menu_order":0,"comment_status":"closed","ping_status":"closed","template":"","meta":[],"_links":{"self":[{"href":"https:\/\/www.related.dk\/macao-tradekit\/wp-json\/wp\/v2\/pages\/752"}],"collection":[{"href":"https:\/\/www.related.dk\/macao-tradekit\/wp-json\/wp\/v2\/pages"}],"about":[{"href":"https:\/\/www.related.dk\/macao-tradekit\/wp-json\/wp\/v2\/types\/page"}],"author":[{"embeddable":true,"href":"https:\/\/www.related.dk\/macao-tradekit\/wp-json\/wp\/v2\/users\/2"}],"replies":[{"embeddable":true,"href":"https:\/\/www.related.dk\/macao-tradekit\/wp-json\/wp\/v2\/comments?post=752"}],"version-history":[{"count":3,"href":"https:\/\/www.related.dk\/macao-tradekit\/wp-json\/wp\/v2\/pages\/752\/revisions"}],"predecessor-version":[{"id":1031,"href":"https:\/\/www.related.dk\/macao-tradekit\/wp-json\/wp\/v2\/pages\/752\/revisions\/1031"}],"up":[{"embeddable":true,"href":"https:\/\/www.related.dk\/macao-tradekit\/wp-json\/wp\/v2\/pages\/963"}],"wp:attachment":[{"href":"https:\/\/www.related.dk\/macao-tradekit\/wp-json\/wp\/v2\/media?parent=752"}],"curies":[{"name":"wp","href":"https:\/\/api.w.org\/{rel}","templated":true}]}}