{"id":751,"date":"2018-11-22T11:47:16","date_gmt":"2018-11-22T11:47:16","guid":{"rendered":"http:\/\/www.related.dk\/macao-tradekit\/transport\/"},"modified":"2018-11-23T12:18:44","modified_gmt":"2018-11-23T12:18:44","slug":"transport","status":"publish","type":"page","link":"https:\/\/www.related.dk\/macao-tradekit\/om-macao\/transport\/?lang=no","title":{"rendered":""},"content":{"rendered":"<div class=\"vce-row-container\"><div class=\"vce-row vce-row--col-gap-30 vce-row-columns--top vce-row-content--top\" id=\"el-d71c131e\" data-vce-do-apply=\"all el-d71c131e\"><div class=\"vce-row-content\" data-vce-element-content=\"true\"><div class=\"vce-col vce-col--md-100p vce-col--xs-1 vce-col--xs-last vce-col--xs-first vce-col--sm-last vce-col--sm-first vce-col--md-last vce-col--lg-last vce-col--xl-last vce-col--md-first vce-col--lg-first vce-col--xl-first\" id=\"el-c6fb3922\" data-vce-do-apply=\"background border el-c6fb3922\"><div class=\"vce-col-inner\" data-vce-element-content=\"true\" data-vce-do-apply=\"padding margin  el-c6fb3922\"><div class=\"vce-text-block\"><div class=\"vce-text-block-wrapper vce\" id=\"el-00c5c8ae\" data-vce-do-apply=\"all el-00c5c8ae\"><p><!--vcv no format--><\/p><div class=\"vce-row-container\"><div id=\"el-91a085f1\" class=\"vce-row vce-row--col-gap-30 vce-row-columns--top vce-row-content--top\" data-vce-do-apply=\"all el-91a085f1\"><div class=\"vce-row-content\" data-vce-element-content=\"true\"><div id=\"el-39e8afce\" class=\"vce-col vce-col--md-auto vce-col--xs-1 vce-col--xs-last vce-col--xs-first vce-col--sm-last vce-col--sm-first vce-col--md-last vce-col--lg-last vce-col--xl-last vce-col--md-first vce-col--lg-first vce-col--xl-first\" data-vce-do-apply=\"background border el-39e8afce\"><div class=\"vce-col-inner\" data-vce-do-apply=\"padding margin el-39e8afce\" data-vce-element-content=\"true\"><section class=\"vce-hero-section-container vce-hero-section-media--xs vce-hero-section-media--sm vce-hero-section-media--md vce-hero-section-media--lg\"><div id=\"el-ec32fd0c\" class=\"vce vce-hero-section vce-hero-section--alignment-start\" data-vce-do-apply=\"margin background border el-ec32fd0c\"><div class=\"vce-hero-section--wrap-row vce-hero-section--background-position-center-center\" style=\"background-image: url('https:\/\/www.related.dk\/macao-tradekit\/wp-content\/uploads\/2018\/11\/Banner_MTB_Jacob_Photo-9782.jpg');\"><div class=\"vce-hero-section--wrap\"><div class=\"vce-hero-section--content\" data-vce-do-apply=\"padding el-ec32fd0c\"><div class=\"vce-hero-section--content-container\"><h1><strong>TRANSPORT<\/strong><\/h1><\/div><\/div><\/div><\/div><\/div><\/section><\/div><\/div><\/div><\/div><\/div><div class=\"vce-row-container\"><div id=\"el-3b9e2e0d\" class=\"vce-row vce-row--col-gap-30 vce-row-columns--top vce-row-content--top\" data-vce-do-apply=\"all el-3b9e2e0d\"><div class=\"vce-row-content\" data-vce-element-content=\"true\"><div id=\"el-46a9bc3c\" class=\"vce-col vce-col--md-auto vce-col--xs-1 vce-col--xs-last vce-col--xs-first vce-col--sm-last vce-col--sm-first vce-col--md-last vce-col--lg-last vce-col--xl-last vce-col--md-first vce-col--lg-first vce-col--xl-first\" data-vce-do-apply=\"background border el-46a9bc3c\"><div class=\"vce-col-inner\" data-vce-do-apply=\"padding margin el-46a9bc3c\" data-vce-element-content=\"true\"><div class=\"vce-text-block\"><div id=\"el-3c1e64e3\" class=\"vce-text-block-wrapper vce\" data-vce-do-apply=\"all el-3c1e64e3\"><h3>Fly til Hongkong<\/h3><p>Siden 28. oktober har det v\u00e6rt direktefly fra K\u00f8benhavn til Hongkong med SAS fem ganger om uken. Turen tar 10 timer og 20 minutter.<\/p><p>Finnair flyr daglig fra Helsinki til Hongkong. Turen tar litt under 10 timer.<\/p><h3>Fra Hongkong til Macao<\/h3><p>Fra Hong Kong International Airport kan du reise direkte til Macao \u2013 uten f\u00f8rst \u00e5 skulle gjennom Hongkongs immigrasjon.<\/p><h4>Ferge<\/h4><p>Fra Hongkong kan du reise med ferge til Macao \u2013 en tur som tar en times tid. Reiser du med ferge til\/fra Macao-halv\u00f8ya er <a href=\"https:\/\/www.turbojet.com.hk\/en\/routing-sailing-schedule\/hk-airport-macau\/sailing-schedule-fares.aspx\" target=\"_blank\" rel=\"noopener\">TurboJet<\/a> det mest opplagte valget, mens <a href=\"https:\/\/www.cotaiwaterjet.com\/ferry-schedule\/hkia-macau-taipa.html\" target=\"_blank\" rel=\"noopener\">Cotai Water Jet<\/a> anbefales hvis man reiser til\/fra Taipa eller Cotai.<\/p><h4>Verdens lengste havbro<\/h4><p>Det er n\u00e5 ogs\u00e5 mulig \u00e5 kj\u00f8re fra Hongkong til Macao via verdens lengste havbro, som er 55 km lang og forbinder Hongkong, Macao og byen Zhuhai. Broen ble innviet 23. oktober 2018. Informasjon om buss via den nye broen finner du <a href=\"https:\/\/www.hzmb.gov.hk\/en\/transport\/cross-boundary.html\">her<\/a> .<\/p><p><a href=\"https:\/\/www.hzmb.gov.hk\/en\/transport\/cross-boundary.html\" target=\"_blank\" rel=\"noopener\">Info om bustransport via den nye bro kan findes her<\/a><\/p><\/div><\/div><\/div><\/div><\/div><\/div><\/div><p><!--vcv no format--><\/p><\/div><\/div><\/div><\/div><\/div><\/div><\/div><div class=\"vce-row-container\"><div class=\"vce-row vce-row--col-gap-30 vce-row-columns--top vce-row-content--top\" id=\"el-62bcdeaf\" data-vce-do-apply=\"all el-62bcdeaf\"><div class=\"vce-row-content\" data-vce-element-content=\"true\"><div class=\"vce-col vce-col--md-50p vce-col--xs-1 vce-col--xs-last vce-col--xs-first vce-col--sm-last vce-col--sm-first vce-col--md-first vce-col--lg-first vce-col--xl-first\" id=\"el-6a13ba66\" data-vce-do-apply=\"background border el-6a13ba66\"><div class=\"vce-col-inner\" data-vce-element-content=\"true\" data-vce-do-apply=\"padding margin  el-6a13ba66\"><div class=\"vce-single-image-container vce-single-image--align-left\"><div class=\"vce vce-single-image-wrapper\" id=\"el-54685277\" data-vce-do-apply=\"all el-54685277\"><figure><div class=\"vce-single-image-inner\"><img class=\"vce-single-image\" data-width=\"600\" data-height=\"400\"src=\"https:\/\/www.related.dk\/macao-tradekit\/wp-content\/uploads\/2018\/11\/bridge-600x400.jpg\" data-img-src=\"https:\/\/www.related.dk\/macao-tradekit\/wp-content\/uploads\/2018\/11\/bridge.jpg\" alt=\"\" title=\"bridge\"\/><\/div><\/figure><\/div><\/div><\/div><\/div><div class=\"vce-col vce-col--md-50p vce-col--xs-1 vce-col--xs-last vce-col--xs-first vce-col--sm-last vce-col--sm-first vce-col--md-last vce-col--lg-last vce-col--xl-last\" id=\"el-f8cdc7b8\" data-vce-do-apply=\"background border el-f8cdc7b8\"><div class=\"vce-col-inner\" data-vce-element-content=\"true\" data-vce-do-apply=\"padding margin  el-f8cdc7b8\"><div class=\"vce-single-image-container vce-single-image--align-left\"><div class=\"vce vce-single-image-wrapper\" id=\"el-897bf195\" data-vce-do-apply=\"all el-897bf195\"><figure><div class=\"vce-single-image-inner\"><img class=\"vce-single-image\" data-width=\"600\" data-height=\"400\"src=\"https:\/\/www.related.dk\/macao-tradekit\/wp-content\/uploads\/2018\/11\/ferry-600x400.jpg\" data-img-src=\"https:\/\/www.related.dk\/macao-tradekit\/wp-content\/uploads\/2018\/11\/ferry.jpg\" alt=\"\" title=\"ferry\"\/><\/div><\/figure><\/div><\/div><\/div><\/div><\/div><\/div><\/div><div class=\"vce-row-container\"><div class=\"vce-row vce-row--col-gap-30 vce-row-columns--top vce-row-content--top\" id=\"el-d954af12\" data-vce-do-apply=\"all el-d954af12\"><div class=\"vce-row-content\" data-vce-element-content=\"true\"><div class=\"vce-col vce-col--md-50p vce-col--xs-1 vce-col--xs-last vce-col--xs-first vce-col--sm-last vce-col--sm-first vce-col--md-first vce-col--lg-first vce-col--xl-first\" id=\"el-097be4c0\" data-vce-do-apply=\"background border el-097be4c0\"><div class=\"vce-col-inner\" data-vce-element-content=\"true\" data-vce-do-apply=\"padding margin  el-097be4c0\"><div class=\"vce-single-image-container vce-single-image--align-left\"><div class=\"vce vce-single-image-wrapper\" id=\"el-714bfc5e\" data-vce-do-apply=\"all el-714bfc5e\"><figure><div class=\"vce-single-image-inner\"><img class=\"vce-single-image\" data-width=\"593\" data-height=\"374\"src=\"https:\/\/www.related.dk\/macao-tradekit\/wp-content\/uploads\/2018\/11\/Airport-sign_1-593x374.png\" data-img-src=\"https:\/\/www.related.dk\/macao-tradekit\/wp-content\/uploads\/2018\/11\/Airport-sign_1.png\" alt=\"\" title=\"Airport sign_1\"\/><\/div><\/figure><\/div><\/div><\/div><\/div><div class=\"vce-col vce-col--md-50p vce-col--xs-1 vce-col--xs-last vce-col--xs-first vce-col--sm-last vce-col--sm-first vce-col--md-last vce-col--lg-last vce-col--xl-last\" id=\"el-59a4d784\" data-vce-do-apply=\"background border el-59a4d784\"><div class=\"vce-col-inner\" data-vce-element-content=\"true\" data-vce-do-apply=\"padding margin  el-59a4d784\"><div class=\"vce-single-image-container vce-single-image--align-left\"><div class=\"vce vce-single-image-wrapper\" id=\"el-20e0b5d2\" data-vce-do-apply=\"all el-20e0b5d2\"><figure><div class=\"vce-single-image-inner\"><img class=\"vce-single-image\" data-width=\"590\" data-height=\"375\"src=\"https:\/\/www.related.dk\/macao-tradekit\/wp-content\/uploads\/2018\/11\/Airport-sign_2-590x375.png\" data-img-src=\"https:\/\/www.related.dk\/macao-tradekit\/wp-content\/uploads\/2018\/11\/Airport-sign_2.png\" alt=\"\" title=\"Airport sign_2\"\/><\/div><\/figure><\/div><\/div><\/div><\/div><\/div><\/div><\/div><div class=\"vce-row-container\"><div class=\"vce-row vce-row--col-gap-30 vce-row-columns--top vce-row-content--top\" id=\"el-49679cb5\" data-vce-do-apply=\"all el-49679cb5\"><div class=\"vce-row-content\" data-vce-element-content=\"true\"><div class=\"vce-col vce-col--md-auto vce-col--xs-1 vce-col--xs-last vce-col--xs-first vce-col--sm-last vce-col--sm-first vce-col--md-last vce-col--lg-last vce-col--xl-last vce-col--md-first vce-col--lg-first vce-col--xl-first\" id=\"el-ffdcd407\" data-vce-do-apply=\"background border el-ffdcd407\"><div class=\"vce-col-inner\" data-vce-element-content=\"true\" data-vce-do-apply=\"padding margin  el-ffdcd407\"><div class=\"vce-text-block\"><div class=\"vce-text-block-wrapper vce\" id=\"el-0874ab2e\" data-vce-do-apply=\"all el-0874ab2e\"><p>Tydelig skilting p\u00e5 flyplassen gj\u00f8r det lett \u00e5 finne fergeterminalen.<\/p><p>All skilting er b\u00e5de p\u00e5 kinesisk og engelsk.<\/p><\/div><\/div><\/div><\/div><\/div><\/div><\/div>\n","protected":false},"excerpt":{"rendered":"<p>TRANSPORTFly til HongkongSiden 28. oktober har det v\u00e6rt direktefly fra K\u00f8benhavn til Hongkong med SAS fem ganger om uken. Turen tar 10 timer og 20 minutter.Finnair flyr daglig fra Helsinki til Hongkong. Turen tar litt under 10 timer.Fra Hongkong til MacaoFra Hong Kong International Airport kan du reise direkte til Macao \u2013 uten f\u00f8rst \u00e5 &hellip; <\/p>\n<p class=\"link-more\"><a href=\"https:\/\/www.related.dk\/macao-tradekit\/om-macao\/transport\/?lang=no\" class=\"more-link\">L\u00e6s videre<span class=\"screen-reader-text\"> &#8220;&#8221;<\/span><\/a><\/p>\n","protected":false},"author":2,"featured_media":0,"parent":963,"menu_order":0,"comment_status":"closed","ping_status":"closed","template":"","meta":[],"_links":{"self":[{"href":"https:\/\/www.related.dk\/macao-tradekit\/wp-json\/wp\/v2\/pages\/751"}],"collection":[{"href":"https:\/\/www.related.dk\/macao-tradekit\/wp-json\/wp\/v2\/pages"}],"about":[{"href":"https:\/\/www.related.dk\/macao-tradekit\/wp-json\/wp\/v2\/types\/page"}],"author":[{"embeddable":true,"href":"https:\/\/www.related.dk\/macao-tradekit\/wp-json\/wp\/v2\/users\/2"}],"replies":[{"embeddable":true,"href":"https:\/\/www.related.dk\/macao-tradekit\/wp-json\/wp\/v2\/comments?post=751"}],"version-history":[{"count":3,"href":"https:\/\/www.related.dk\/macao-tradekit\/wp-json\/wp\/v2\/pages\/751\/revisions"}],"predecessor-version":[{"id":1319,"href":"https:\/\/www.related.dk\/macao-tradekit\/wp-json\/wp\/v2\/pages\/751\/revisions\/1319"}],"up":[{"embeddable":true,"href":"https:\/\/www.related.dk\/macao-tradekit\/wp-json\/wp\/v2\/pages\/963"}],"wp:attachment":[{"href":"https:\/\/www.related.dk\/macao-tradekit\/wp-json\/wp\/v2\/media?parent=751"}],"curies":[{"name":"wp","href":"https:\/\/api.w.org\/{rel}","templated":true}]}}