{"id":736,"date":"2018-11-22T11:32:07","date_gmt":"2018-11-22T11:32:07","guid":{"rendered":"http:\/\/www.related.dk\/macao-tradekit\/?page_id=736"},"modified":"2018-11-23T06:32:40","modified_gmt":"2018-11-23T06:32:40","slug":"forside-x","status":"publish","type":"page","link":"https:\/\/www.related.dk\/macao-tradekit\/","title":{"rendered":"Forside"},"content":{"rendered":"<div class=\"vce-row-container\"><div class=\"vce-row vce-row--col-gap-30 vce-row-columns--top vce-row-content--top\" id=\"el-e3576b9e\" data-vce-do-apply=\"all el-e3576b9e\"><div class=\"vce-row-content\" data-vce-element-content=\"true\"><div class=\"vce-col vce-col--md-auto vce-col--xs-1 vce-col--xs-last vce-col--xs-first vce-col--sm-last vce-col--sm-first vce-col--md-last vce-col--lg-last vce-col--xl-last vce-col--md-first vce-col--lg-first vce-col--xl-first\" id=\"el-d3162fc2\" data-vce-do-apply=\"background border el-d3162fc2\"><div class=\"vce-col-inner\" data-vce-element-content=\"true\" data-vce-do-apply=\"padding margin  el-d3162fc2\"><section class=\"vce-hero-section-container vce-hero-section-media--xs vce-hero-section-media--sm vce-hero-section-media--md vce-hero-section-media--lg\"><div class=\"vce vce-hero-section vce-hero-section--alignment-start\" id=\"el-02a2232f\" data-vce-do-apply=\"margin background border  el-02a2232f\"><div class=\"vce-hero-section--wrap-row vce-hero-section--background-position-center-center\" style=\"background-image: url('https:\/\/www.related.dk\/macao-tradekit\/wp-content\/uploads\/2018\/11\/cropped-MTB_Jacob_Photo-30.jpg');\"><div class=\"vce-hero-section--wrap\"><div class=\"vce-hero-section--content\" data-vce-do-apply=\"padding el-02a2232f\"><div class=\"vce-hero-section--content-container\"><h1>&nbsp;<\/h1><h1><strong>MACAO TRADEKIT<\/strong><\/h1><\/div><\/div><\/div><\/div><\/div><\/section><\/div><\/div><\/div><\/div><\/div><div class=\"vce-row-container\"><div class=\"vce-row vce-row--col-gap-30 vce-row-columns--top vce-row-content--top\" id=\"el-ee1f3d08\" data-vce-do-apply=\"all el-ee1f3d08\"><div class=\"vce-row-content\" data-vce-element-content=\"true\"><div class=\"vce-col vce-col--md-auto vce-col--xs-1 vce-col--xs-last vce-col--xs-first vce-col--sm-last vce-col--sm-first vce-col--md-last vce-col--lg-last vce-col--xl-last vce-col--md-first vce-col--lg-first vce-col--xl-first\" id=\"el-2ebe4321\" data-vce-do-apply=\"background border el-2ebe4321\"><div class=\"vce-col-inner\" data-vce-element-content=\"true\" data-vce-do-apply=\"padding margin  el-2ebe4321\"><div class=\"vce-text-block\"><div class=\"vce-text-block-wrapper vce\" id=\"el-71d3529e\" data-vce-do-apply=\"all el-71d3529e\"><h2>Velkommen til Asiens underholdningsmetropol, Macao!<\/h2><p>Uanset om man bes\u00f8ger Hongkong p\u00e5 forretningsrejse, storbyferie eller som stop-over p\u00e5 en l\u00e6ngere rejse, m\u00e5 man ikke misse den asiatiske underholdningsmetropol Macao. \u00d8staten, der igennem 400 \u00e5r var under portugisisk administration, ligger kun en time fra Hongkong og gemmer p\u00e5 fantastisk gastronomi, unik kulturhistorie og underholdning i verdensklasse.<\/p><p>Udforsk fx det fascinerende historiske centrum, der er p\u00e5 UNESCOs verdensarvsliste og har et unikt mix af portugisisk og asiatisk kultur og arkitektur. G\u00e5 p\u00e5 opdagelse blandt 19 Michelin-restauranter og 12 Michelin-anbefalede gadek\u00f8kkener, der blander smage og tilberedningsmetoder fra Kina og Portugal. Shop i luksuri\u00f8se malls og p\u00e5 lokale markeder. Og g\u00e5 ikke glip af de mange shows, forestillinger og casinoer p\u00e5 de store resorts.<\/p><\/div><\/div><\/div><\/div><\/div><\/div><\/div><div class=\"vce-row-container\"><div class=\"vce-row vce-row--col-gap-30 vce-row-columns--top vce-row-content--top\" id=\"el-5fe4aa61\" data-vce-do-apply=\"all el-5fe4aa61\"><div class=\"vce-row-content\" data-vce-element-content=\"true\"><div class=\"vce-col vce-col--md-auto vce-col--xs-1 vce-col--xs-last vce-col--xs-first vce-col--sm-last vce-col--sm-first vce-col--md-last vce-col--lg-last vce-col--xl-last vce-col--md-first vce-col--lg-first vce-col--xl-first\" id=\"el-c1d46c93\" data-vce-do-apply=\"background border el-c1d46c93\"><div class=\"vce-col-inner\" data-vce-element-content=\"true\" data-vce-do-apply=\"padding margin  el-c1d46c93\"><section class=\"vce-hero-section-container vce-hero-section-media--xs vce-hero-section-media--sm vce-hero-section-media--md vce-hero-section-media--lg\"><div class=\"vce vce-hero-section vce-hero-section--alignment-start\" id=\"el-89526265\" data-vce-do-apply=\"margin background border  el-89526265\"><div class=\"vce-hero-section--wrap-row vce-hero-section--background-position-center-center\" style=\"background-image: url('https:\/\/www.related.dk\/macao-tradekit\/wp-content\/uploads\/2018\/11\/MTB_Jacob_Photo-9926.jpg');\"><div class=\"vce-hero-section--wrap\"><div class=\"vce-hero-section--content\" data-vce-do-apply=\"padding el-89526265\"><div class=\"vce-hero-section--content-container\"><h1><strong>UNESCO-HISTORIE<\/strong><\/h1><p>For de kultur- og historieinteresserede byder Macao p\u00e5 et unikt mix af europ\u00e6isk og asiatisk kultur og arkitektur, hvor indflydelsen fra b\u00e5de Kina og Portugal er tydelig.<\/p><p>I Macaos historiske centrum, der i 2005 blev optaget p\u00e5 UNESCOs verdensarvsliste, kan man is\u00e6r m\u00e6rke historiens vingesus og g\u00e5 i byens forf\u00e6dres fodspor.<\/p><\/div><div class=\"vce-button--style-outline-container vce-button--style-outline-container--align-left\"><span class=\"vce-button--style-outline-wrapper vce\" id=\"el-f0a03400\" data-vce-do-apply=\"margin el-f0a03400\"><a class=\"vce-button--style-outline-animated vce-button--style-outline--border-round vce-button--style-outline--size-medium vce-button--style-outline-animated--color-e3e3e3--fff--3d3d3d vce-button--style-outline-animated--border-color-e3e3e3--3d3d3d vce-button--style-outline-animated--background-color-3d3d3d\" href=\"http:\/\/www.related.dk\/macao-tradekit\/oplevelser\/det-historiske-macao-3-dage\/\" title=\"\" data-vce-do-apply=\"padding border background  el-f0a03400\"><span class=\"vce-button--style-outline-text\">L\u00e6s mere<\/span><\/a><\/span><\/div><\/div><\/div><\/div><\/div><\/section><\/div><\/div><\/div><\/div><\/div><div class=\"vce-row-container\"><div class=\"vce-row vce-row--col-gap-30 vce-row-columns--top vce-row-content--top\" id=\"el-a8850faf\" data-vce-do-apply=\"all el-a8850faf\"><div class=\"vce-row-content\" data-vce-element-content=\"true\"><div class=\"vce-col vce-col--md-auto vce-col--xs-1 vce-col--xs-last vce-col--xs-first vce-col--sm-last vce-col--sm-first vce-col--md-last vce-col--lg-last vce-col--xl-last vce-col--md-first vce-col--lg-first vce-col--xl-first\" id=\"el-16371580\" data-vce-do-apply=\"background border el-16371580\"><div class=\"vce-col-inner\" data-vce-element-content=\"true\" data-vce-do-apply=\"padding margin  el-16371580\"><section class=\"vce-hero-section-container vce-hero-section-media--xs vce-hero-section-media--sm vce-hero-section-media--md vce-hero-section-media--lg\"><div class=\"vce vce-hero-section vce-hero-section--alignment-end\" id=\"el-bb6ab898\" data-vce-do-apply=\"margin background border  el-bb6ab898\"><div class=\"vce-hero-section--wrap-row vce-hero-section--background-position-center-center\" style=\"background-image: url('https:\/\/www.related.dk\/macao-tradekit\/wp-content\/uploads\/2018\/11\/eiffel_forside.jpg');\"><div class=\"vce-hero-section--wrap\"><div class=\"vce-hero-section--content\" data-vce-do-apply=\"padding el-bb6ab898\"><div class=\"vce-hero-section--content-container\"><h1><strong>ASIENS UNDERHOLDNINGS-METROPOL<\/strong><\/h1><p>Som en vaske\u00e6gte underholdningsmetropol har Macao selvf\u00f8lgelig casinoer, shows, forestillinger og sev\u00e6rdigheder i verdensklasse.&nbsp;<\/p><\/div><div class=\"vce-button--style-outline-container vce-button--style-outline-container--align-right\"><span class=\"vce-button--style-outline-wrapper vce\" id=\"el-3142883c\" data-vce-do-apply=\"margin el-3142883c\"><a class=\"vce-button--style-outline-animated vce-button--style-outline--border-round vce-button--style-outline--size-medium vce-button--style-outline-animated--color-e3e3e3--fff--3d3d3d vce-button--style-outline-animated--border-color-e3e3e3--3d3d3d vce-button--style-outline-animated--background-color-3d3d3d\" href=\"http:\/\/www.related.dk\/macao-tradekit\/top-10-oplevelser\/\" title=\"\" data-vce-do-apply=\"padding border background  el-3142883c\"><span class=\"vce-button--style-outline-text\">L\u00e6s mere<\/span><\/a><\/span><\/div><\/div><\/div><\/div><\/div><\/section><section class=\"vce-hero-section-container vce-hero-section-media--xs vce-hero-section-media--sm vce-hero-section-media--md vce-hero-section-media--lg\"><div class=\"vce vce-hero-section vce-hero-section--alignment-start\" id=\"el-3d57524e\" data-vce-do-apply=\"margin background border  el-3d57524e\"><div class=\"vce-hero-section--wrap-row vce-hero-section--background-position-center-center\" style=\"background-image: url('https:\/\/www.related.dk\/macao-tradekit\/wp-content\/uploads\/2018\/11\/EG3I9012-Edit.jpg');\"><div class=\"vce-hero-section--wrap\"><div class=\"vce-hero-section--content\" data-vce-do-apply=\"padding el-3d57524e\"><div class=\"vce-hero-section--content-container\"><h1><strong>ASIATISKE TEMPLER<\/strong><\/h1><p>I Macao ligger de vestligt inspirerede kirker side om side med de traditionelle asiatiske templer \u2013 og symboliserer m\u00f8det mellem de vestlige og kinesiske religioner og kulturer samt den religionsfrihed og multikulturelle \u00e5benhed, der den dag i dag kendetegner byen.<\/p><\/div><div class=\"vce-button--style-outline-container vce-button--style-outline-container--align-left\"><span class=\"vce-button--style-outline-wrapper vce\" id=\"el-63470fe6\" data-vce-do-apply=\"margin el-63470fe6\"><a class=\"vce-button--style-outline-animated vce-button--style-outline--border-round vce-button--style-outline--size-medium vce-button--style-outline-animated--color-e3e3e3--fff--3d3d3d vce-button--style-outline-animated--border-color-e3e3e3--3d3d3d vce-button--style-outline-animated--background-color-3d3d3d\" href=\"http:\/\/www.related.dk\/macao-tradekit\/oplevelser\/3-dage-i-macao\/\" title=\"\" data-vce-do-apply=\"padding border background  el-63470fe6\"><span class=\"vce-button--style-outline-text\">L\u00e6s mere<\/span><\/a><\/span><\/div><\/div><\/div><\/div><\/div><\/section><section class=\"vce-hero-section-container vce-hero-section-media--xs vce-hero-section-media--sm vce-hero-section-media--md vce-hero-section-media--lg\"><div class=\"vce vce-hero-section vce-hero-section--alignment-end\" id=\"el-c8271eb3\" data-vce-do-apply=\"margin background border  el-c8271eb3\"><div class=\"vce-hero-section--wrap-row vce-hero-section--background-position-center-center\" style=\"background-image: url('https:\/\/www.related.dk\/macao-tradekit\/wp-content\/uploads\/2018\/11\/DSC07269.jpg');\"><div class=\"vce-hero-section--wrap\"><div class=\"vce-hero-section--content\" data-vce-do-apply=\"padding el-c8271eb3\"><div class=\"vce-hero-section--content-container\"><h1><strong>MICHELIN-MEKKA<\/strong><\/h1><p>Macao er et must for de madglade. P\u00e5 godt 30 km2 finder man ikke mindre end 19 Michelin-restauranter, der serverer mad med inspiration fra b\u00e5de Asien og Portugal.<\/p><p>Faktisk blev Macao i 2017 optaget p\u00e5 UNESCOs liste over \u201dCreative Cities Network\u201d \u2013 netop pga. sin gastronomi.<\/p><\/div><div class=\"vce-button--style-outline-container vce-button--style-outline-container--align-right\"><span class=\"vce-button--style-outline-wrapper vce\" id=\"el-066738a4\" data-vce-do-apply=\"margin el-066738a4\"><a class=\"vce-button--style-outline-animated vce-button--style-outline--border-round vce-button--style-outline--size-medium vce-button--style-outline-animated--color-e3e3e3--fff--3d3d3d vce-button--style-outline-animated--border-color-e3e3e3--3d3d3d vce-button--style-outline-animated--background-color-3d3d3d\" href=\"http:\/\/www.related.dk\/macao-tradekit\/oplevelser\/macao-for-madoerer\/\" title=\"\" data-vce-do-apply=\"padding border background  el-066738a4\"><span class=\"vce-button--style-outline-text\">L\u00e6s mere<\/span><\/a><\/span><\/div><\/div><\/div><\/div><\/div><\/section><\/div><\/div><\/div><\/div><\/div><div class=\"vce-row-container\"><div class=\"vce-row vce-row--col-gap-30 vce-row-columns--top vce-row-content--top\" id=\"el-7530fe9d\" data-vce-do-apply=\"all el-7530fe9d\"><div class=\"vce-row-content\" data-vce-element-content=\"true\"><div class=\"vce-col vce-col--md-auto vce-col--xs-1 vce-col--xs-last vce-col--xs-first vce-col--sm-last vce-col--sm-first vce-col--md-last vce-col--lg-last vce-col--xl-last vce-col--md-first vce-col--lg-first vce-col--xl-first\" id=\"el-773180cb\" data-vce-do-apply=\"background border el-773180cb\"><div class=\"vce-col-inner\" data-vce-element-content=\"true\" data-vce-do-apply=\"padding margin  el-773180cb\"><section class=\"vce-hero-section-container vce-hero-section-media--xs vce-hero-section-media--sm vce-hero-section-media--md vce-hero-section-media--lg\"><div class=\"vce vce-hero-section vce-hero-section--alignment-start\" id=\"el-f6a5143b\" data-vce-do-apply=\"margin background border  el-f6a5143b\"><div class=\"vce-hero-section--wrap-row vce-hero-section--background-position-center-center\" style=\"background-image: url('https:\/\/www.related.dk\/macao-tradekit\/wp-content\/uploads\/2018\/11\/EVENTS_FORSIDE2.jpg');\"><div class=\"vce-hero-section--wrap\"><div class=\"vce-hero-section--content\" data-vce-do-apply=\"padding el-f6a5143b\"><div class=\"vce-hero-section--content-container\"><h1><strong>TRADITIONSRIGE FESTIVALER<\/strong><\/h1><p>N\u00e6rmest uanset hvorn\u00e5r p\u00e5 \u00e5ret man bes\u00f8ger Macao, kan man v\u00e6re sikker p\u00e5 at finde en lokal event eller festival, der fejrer og hylder de lokale religioner, kulturer eller traditioner.&nbsp;<\/p><\/div><div class=\"vce-button--style-outline-container vce-button--style-outline-container--align-left\"><span class=\"vce-button--style-outline-wrapper vce\" id=\"el-5896fab8\" data-vce-do-apply=\"margin el-5896fab8\"><a class=\"vce-button--style-outline-animated vce-button--style-outline--border-round vce-button--style-outline--size-medium vce-button--style-outline-animated--color-e3e3e3--fff--3d3d3d vce-button--style-outline-animated--border-color-e3e3e3--3d3d3d vce-button--style-outline-animated--background-color-3d3d3d\" href=\"http:\/\/www.related.dk\/macao-tradekit\/oplevelser\/events-og-festivaler\/\" title=\"\" data-vce-do-apply=\"padding border background  el-5896fab8\"><span class=\"vce-button--style-outline-text\">L\u00e6s mere<\/span><\/a><\/span><\/div><\/div><\/div><\/div><\/div><\/section><\/div><\/div><\/div><\/div><\/div>\n","protected":false},"excerpt":{"rendered":"<p>&nbsp;MACAO TRADEKITVelkommen til Asiens underholdningsmetropol, Macao!Uanset om man bes\u00f8ger Hongkong p\u00e5 forretningsrejse, storbyferie eller som stop-over p\u00e5 en l\u00e6ngere rejse, m\u00e5 man ikke misse den asiatiske underholdningsmetropol Macao. \u00d8staten, der igennem 400 \u00e5r var under portugisisk administration, ligger kun en time fra Hongkong og gemmer p\u00e5 fantastisk gastronomi, unik kulturhistorie og underholdning i verdensklasse.Udforsk fx &hellip; <\/p>\n<p class=\"link-more\"><a href=\"https:\/\/www.related.dk\/macao-tradekit\/\" class=\"more-link\">L\u00e6s videre<span class=\"screen-reader-text\"> &#8220;Forside&#8221;<\/span><\/a><\/p>\n","protected":false},"author":2,"featured_media":0,"parent":0,"menu_order":0,"comment_status":"closed","ping_status":"closed","template":"","meta":[],"_links":{"self":[{"href":"https:\/\/www.related.dk\/macao-tradekit\/wp-json\/wp\/v2\/pages\/736"}],"collection":[{"href":"https:\/\/www.related.dk\/macao-tradekit\/wp-json\/wp\/v2\/pages"}],"about":[{"href":"https:\/\/www.related.dk\/macao-tradekit\/wp-json\/wp\/v2\/types\/page"}],"author":[{"embeddable":true,"href":"https:\/\/www.related.dk\/macao-tradekit\/wp-json\/wp\/v2\/users\/2"}],"replies":[{"embeddable":true,"href":"https:\/\/www.related.dk\/macao-tradekit\/wp-json\/wp\/v2\/comments?post=736"}],"version-history":[{"count":12,"href":"https:\/\/www.related.dk\/macao-tradekit\/wp-json\/wp\/v2\/pages\/736\/revisions"}],"predecessor-version":[{"id":982,"href":"https:\/\/www.related.dk\/macao-tradekit\/wp-json\/wp\/v2\/pages\/736\/revisions\/982"}],"wp:attachment":[{"href":"https:\/\/www.related.dk\/macao-tradekit\/wp-json\/wp\/v2\/media?parent=736"}],"curies":[{"name":"wp","href":"https:\/\/api.w.org\/{rel}","templated":true}]}}