{"id":718,"date":"2018-11-22T10:03:59","date_gmt":"2018-11-22T10:03:59","guid":{"rendered":"http:\/\/www.related.dk\/macao-tradekit\/om-macao\/"},"modified":"2018-11-22T10:12:38","modified_gmt":"2018-11-22T10:12:38","slug":"om-macao","status":"publish","type":"page","link":"https:\/\/www.related.dk\/macao-tradekit\/om-macao\/?lang=sv","title":{"rendered":"Om Macao"},"content":{"rendered":"<div class=\"vce-row-container\"><div class=\"vce-row vce-row--col-gap-30 vce-row-columns--top vce-row-content--top\" id=\"el-3a630947\" data-vce-do-apply=\"all el-3a630947\"><div class=\"vce-row-content\" data-vce-element-content=\"true\"><div class=\"vce-col vce-col--md-100p vce-col--xs-1 vce-col--xs-last vce-col--xs-first vce-col--sm-last vce-col--sm-first vce-col--md-last vce-col--lg-last vce-col--xl-last vce-col--md-first vce-col--lg-first vce-col--xl-first\" id=\"el-67ce225e\" data-vce-do-apply=\"background border el-67ce225e\"><div class=\"vce-col-inner\" data-vce-element-content=\"true\" data-vce-do-apply=\"padding margin  el-67ce225e\"><div class=\"vce-row-container\"><div class=\"vce-row vce-row--col-gap-30 vce-row-columns--top vce-row-content--top\" id=\"el-78ca5347\" data-vce-do-apply=\"all el-78ca5347\"><div class=\"vce-row-content\" data-vce-element-content=\"true\"><div class=\"vce-col vce-col--md-auto vce-col--xs-1 vce-col--xs-last vce-col--xs-first vce-col--sm-last vce-col--sm-first vce-col--md-last vce-col--lg-last vce-col--xl-last vce-col--md-first vce-col--lg-first vce-col--xl-first\" id=\"el-651a437f\" data-vce-do-apply=\"background border el-651a437f\"><div class=\"vce-col-inner\" data-vce-element-content=\"true\" data-vce-do-apply=\"padding margin  el-651a437f\"><section class=\"vce-hero-section-container vce-hero-section-media--xs vce-hero-section-media--sm vce-hero-section-media--md vce-hero-section-media--lg\"><div class=\"vce vce-hero-section vce-hero-section--alignment-start\" id=\"el-a428fce4\" data-vce-do-apply=\"margin background border  el-a428fce4\"><div class=\"vce-hero-section--wrap-row vce-hero-section--background-position-center-center\" style=\"background-image: url('https:\/\/www.related.dk\/macao-tradekit\/wp-content\/uploads\/2018\/11\/Banner_330_2.jpg');\"><div class=\"vce-hero-section--wrap\"><div class=\"vce-hero-section--content\" data-vce-do-apply=\"padding el-a428fce4\"><div class=\"vce-hero-section--content-container\"><h1><strong>OM MACAO<\/strong><\/h1><\/div><\/div><\/div><\/div><\/div><\/section><div class=\"vce-text-block\"><div class=\"vce-text-block-wrapper vce\" id=\"el-d76f73db\" data-vce-do-apply=\"all el-d76f73db\"><p>Macao ligger omkring 6 mil v\u00e4ster om Hong Kong och best\u00e5r av Macao-halv\u00f6n samt \u00f6arna Taipa och Coloane. Macao-halv\u00f6n \u00e4r provinsens hj\u00e4rta med dess historiska centrum. \u00d6n Taipa f\u00f6rbinds med tre broar och \u00e4r numera sammanvuxen med \u00f6n Coloane. Mellan Taipa och Coloane finns ett nytt konstgjort landomr\u00e5de som heter Cotai, d\u00e4r flera stora internationella resorts har etablerat sig.<\/p><p>Portugiserna kom till Macao i mitten p\u00e5 1600-talet och idag \u00e4r stadens arkitektur, konst, religion, traditioner och matkultur fortfarande starkt influerad av s\u00e5v\u00e4l kinesisk, v\u00e4stlig som portugisisk kultur.<\/p><p>1999 blev Macao en speciell administrativ region under Folkrepubliken Kina. 2005 uts\u00e5gs Macaos historiska centrum till v\u00e4rldsarv av UNESCO och 2017 blev Macao utsedd till medlem av UNESCO Creative Cities Network (UCCN) inom gastronomi.<\/p><\/div><\/div><\/div><\/div><\/div><\/div><\/div><\/div><\/div><\/div><\/div><\/div><div class=\"vce-row-container\"><div class=\"vce-row vce-row--col-gap-30 vce-row-columns--top vce-row-content--top\" id=\"el-f74b24f2\" data-vce-do-apply=\"all el-f74b24f2\"><div class=\"vce-row-content\" data-vce-element-content=\"true\"><div class=\"vce-col vce-col--md-auto vce-col--xs-1 vce-col--xs-last vce-col--xs-first vce-col--sm-last vce-col--sm-first vce-col--md-last vce-col--lg-last vce-col--xl-last vce-col--md-first vce-col--lg-first vce-col--xl-first\" id=\"el-b7caafbb\" data-vce-do-apply=\"background border el-b7caafbb\"><div class=\"vce-col-inner\" data-vce-element-content=\"true\" data-vce-do-apply=\"padding margin  el-b7caafbb\"><div class=\"vce-google-maps vce-google-maps--align-left\"><div class=\"vce-google-maps-wrapper vce vce-google-maps--width-custom vce-google-maps-proportional\" id=\"el-f5af8032\" data-vce-do-apply=\"all el-f5af8032\" style=\"width: 1600px; height: auto;\"><div class=\"vce-google-maps-inner\" style=\"padding-bottom: 75%;\"><iframe loading=\"lazy\" src=\"https:\/\/www.google.com\/maps\/embed?pb=!1m14!1m12!1m3!1d223107.6947029463!2d113.50276886288114!3d22.226749360030087!2m3!1f0!2f0!3f0!3m2!1i1024!2i768!4f13.1!5e0!3m2!1sda!2sdk!4v1542715948494\" width=\"600\" height=\"450\" frameborder=\"0\" style=\"border: 0px; pointer-events: none;\" allowfullscreen=\"\"><\/iframe><\/div><\/div><\/div><\/div><\/div><\/div><\/div><\/div>\n","protected":false},"excerpt":{"rendered":"<p>OM MACAOMacao ligger omkring 6 mil v\u00e4ster om Hong Kong och best\u00e5r av Macao-halv\u00f6n samt \u00f6arna Taipa och Coloane. Macao-halv\u00f6n \u00e4r provinsens hj\u00e4rta med dess historiska centrum. \u00d6n Taipa f\u00f6rbinds med tre broar och \u00e4r numera sammanvuxen med \u00f6n Coloane. Mellan Taipa och Coloane finns ett nytt konstgjort landomr\u00e5de som heter Cotai, d\u00e4r flera stora &hellip; <\/p>\n<p class=\"link-more\"><a href=\"https:\/\/www.related.dk\/macao-tradekit\/om-macao\/?lang=sv\" class=\"more-link\">L\u00e6s videre<span class=\"screen-reader-text\"> &#8220;Om Macao&#8221;<\/span><\/a><\/p>\n","protected":false},"author":2,"featured_media":0,"parent":0,"menu_order":0,"comment_status":"closed","ping_status":"closed","template":"","meta":[],"_links":{"self":[{"href":"https:\/\/www.related.dk\/macao-tradekit\/wp-json\/wp\/v2\/pages\/718"}],"collection":[{"href":"https:\/\/www.related.dk\/macao-tradekit\/wp-json\/wp\/v2\/pages"}],"about":[{"href":"https:\/\/www.related.dk\/macao-tradekit\/wp-json\/wp\/v2\/types\/page"}],"author":[{"embeddable":true,"href":"https:\/\/www.related.dk\/macao-tradekit\/wp-json\/wp\/v2\/users\/2"}],"replies":[{"embeddable":true,"href":"https:\/\/www.related.dk\/macao-tradekit\/wp-json\/wp\/v2\/comments?post=718"}],"version-history":[{"count":3,"href":"https:\/\/www.related.dk\/macao-tradekit\/wp-json\/wp\/v2\/pages\/718\/revisions"}],"predecessor-version":[{"id":721,"href":"https:\/\/www.related.dk\/macao-tradekit\/wp-json\/wp\/v2\/pages\/718\/revisions\/721"}],"wp:attachment":[{"href":"https:\/\/www.related.dk\/macao-tradekit\/wp-json\/wp\/v2\/media?parent=718"}],"curies":[{"name":"wp","href":"https:\/\/api.w.org\/{rel}","templated":true}]}}