{"id":715,"date":"2018-11-22T09:20:29","date_gmt":"2018-11-22T09:20:29","guid":{"rendered":"http:\/\/www.related.dk\/macao-tradekit\/bra-att-veta\/"},"modified":"2018-11-27T14:02:16","modified_gmt":"2018-11-27T14:02:16","slug":"bra-att-veta","status":"publish","type":"page","link":"https:\/\/www.related.dk\/macao-tradekit\/om-macao\/bra-att-veta\/?lang=sv","title":{"rendered":""},"content":{"rendered":"<div class=\"vce-row-container\"><div class=\"vce-row vce-row--col-gap-30 vce-row-columns--top vce-row-content--top\" id=\"el-1dea5218\" data-vce-do-apply=\"all el-1dea5218\"><div class=\"vce-row-content\" data-vce-element-content=\"true\"><div class=\"vce-col vce-col--md-100p vce-col--xs-1 vce-col--xs-last vce-col--xs-first vce-col--sm-last vce-col--sm-first vce-col--md-last vce-col--lg-last vce-col--xl-last vce-col--md-first vce-col--lg-first vce-col--xl-first\" id=\"el-c77e1f2c\" data-vce-do-apply=\"background border el-c77e1f2c\"><div class=\"vce-col-inner\" data-vce-do-apply=\"padding margin  el-c77e1f2c\" data-vce-element-content=\"true\"><div class=\"vce-text-block\"><div class=\"vce-text-block-wrapper vce\" id=\"el-8d2d911c\" data-vce-do-apply=\"all el-8d2d911c\"><p><!--vcv no format--><\/p><div class=\"vce-row-container\"><div class=\"vce-row vce-row--col-gap-30 vce-row-columns--top vce-row-content--top\" id=\"el-6ae446b0\" data-vce-do-apply=\"all el-6ae446b0\"><div class=\"vce-row-content\" data-vce-element-content=\"true\"><div class=\"vce-col vce-col--md-auto vce-col--xs-1 vce-col--xs-last vce-col--xs-first vce-col--sm-last vce-col--sm-first vce-col--md-last vce-col--lg-last vce-col--xl-last vce-col--md-first vce-col--lg-first vce-col--xl-first\" id=\"el-18891f4b\" data-vce-do-apply=\"background border el-18891f4b\"><div class=\"vce-col-inner\" data-vce-do-apply=\"padding margin el-18891f4b\" data-vce-element-content=\"true\"><section class=\"vce-hero-section-container vce-hero-section-media--xs vce-hero-section-media--sm vce-hero-section-media--md vce-hero-section-media--lg\"><div class=\"vce vce-hero-section vce-hero-section--alignment-start\" id=\"el-09dc6a66\" data-vce-do-apply=\"margin background border el-09dc6a66\"><div class=\"vce-hero-section--wrap-row vce-hero-section--background-position-center-center\" style=\"background-image: url('https:\/\/www.related.dk\/macao-tradekit\/wp-content\/uploads\/2018\/11\/Banner_MTB_Jacob_Photo-0040.jpg');\"><div class=\"vce-hero-section--wrap\"><div class=\"vce-hero-section--content\" data-vce-do-apply=\"padding el-09dc6a66\"><div class=\"vce-hero-section--content-container\"><h1><strong><br>BRA ATT VETA<br><\/strong><\/h1><\/div><\/div><\/div><\/div><\/div><\/section><\/div><\/div><\/div><\/div><\/div><div class=\"vce-row-container\"><div class=\"vce-row vce-row--col-gap-30 vce-row-columns--top vce-row-content--top\" id=\"el-b03f91a6\" data-vce-do-apply=\"all el-b03f91a6\"><div class=\"vce-row-content\" data-vce-element-content=\"true\"><div class=\"vce-col vce-col--md-auto vce-col--xs-1 vce-col--xs-last vce-col--xs-first vce-col--sm-last vce-col--sm-first vce-col--md-last vce-col--lg-last vce-col--xl-last vce-col--md-first vce-col--lg-first vce-col--xl-first\" id=\"el-070bc897\" data-vce-do-apply=\"background border el-070bc897\"><div class=\"vce-col-inner\" data-vce-do-apply=\"padding margin el-070bc897\" data-vce-element-content=\"true\"><div class=\"vce-text-block\"><div class=\"vce-text-block-wrapper vce\" id=\"el-b1ffe59d\" data-vce-do-apply=\"all el-b1ffe59d\"><h4>Fakta<\/h4><p>Macao har cirka 648,500 inv\u00e5nare.<br>Macao kan stavas b\u00e5de \u201dMacao\u201d och \u201dMacau\u201d \u2013 det sistnm\u00e4mnda \u00e4r det portugisiska stavningss\u00e4ttet.<\/p><h4>Enkelt att hitta och ta sig runt<\/h4><p>Alla v\u00e4g- och informationsskyltar i Macao \u00e4r \u00f6versatta till engelska. \u00c4ven lokalinv\u00e5narna \u00e4r generellt bra p\u00e5 engelska, vilket g\u00f6r det enkelt att ta sig runt och utforska destinationen p\u00e5 egen hand.<br>P\u00e5 det lokala turistkontoret finns ocks\u00e5 en m\u00e4ngd broschyrer och kartor att tillg\u00e5 p\u00e5 engelska.<\/p><p>Turistkontoret ligger h\u00e4r:&nbsp;Alameda Dr. Carlos d'Assump\u00e7\u00e3o, n.os 335-341, Edif\u00edcio \"Hot Line\", 12\u00ba andar, Macau<\/p><h4>Spr\u00e5k<\/h4><p>De officiella spr\u00e5ken \u00e4r kinesiska och portugisiska. Kinesiska \u00e4r det vanligaste.<\/p><h4>Visum<\/h4><p>Danska, svenska, norska och finska medborgare kan bes\u00f6ka Macao utan visum i upp till 90 dagar med gildigt pass.<\/p><p><a href=\"http:\/\/en.macaotourism.gov.mo\/plan\/entry_requirements_detail.php\" target=\"_blank\" rel=\"noopener\">L\u00e4s mer om visumreglerna h\u00e4r <\/a><\/p><h4>Valuta<\/h4><p>Macao har en egen valuta, MPO (Pataca) \u2013 men HKD (Hong Kong Dollar) accepteras ocks\u00e5 p\u00e5 de flesta platser.<\/p><p><span style=\"display: inline !important; float: none; background-color: transparent; color: #333333; cursor: text; font-family: 'Libre Franklin','Helvetica Neue',helvetica,arial,sans-serif; font-size: 16px; font-style: normal; font-variant: normal; font-weight: 400; letter-spacing: normal; orphans: 2; text-align: left; text-decoration: none; text-indent: 0px; text-transform: none; -webkit-text-stroke-width: 0px; white-space: normal; word-spacing: 0px;\">103,20<\/span> Patacas motsvarar cirka 1 HKD.<\/p><p>10 HKD \u00e4r cirka 11,60 SEK.<\/p><h4>Klimat<\/h4><p>Medeltemperaturen i Macao \u00e4r 23 grader och luftfuktigheten \u00e4r relativt h\u00f6g.<\/p><ul><li>Macau \u00e4r idealiskt att bes\u00f6ka i perioden <strong>oktober-december<\/strong>, d\u00e5 \u00e4r temperaturen behaglig och det \u00e4r l\u00e5g luftfuktighet.<\/li><li>Mellan <strong>januari-mars<\/strong> \u00e4r det relativt kallt men soligt. Temperaturen stiger igen i <strong>april<\/strong>.<\/li><li>Under <strong>maj-september<\/strong> \u00e4r det i regel varmt och fuktigt med risk f\u00f6r regn.<\/li><\/ul><p>Reser man i perioden mars-maj eller september-november rekommenderas det att man packar ned l\u00e5ng\u00e4rmade tr\u00f6jor, eftersom det ofta kan bli kyligt om kv\u00e4llen. Mellan december-februari rekommenderas att ta med en jacka i packningen. Var ocks\u00e5 uppm\u00e4rksam p\u00e5 att det \u00e4r aircondition p\u00e5 de stora resortsen och i shoppingcentren, d\u00e4rf\u00f6r kan det vara sk\u00f6nt att ha med en l\u00e5ng\u00e4rmad tr\u00f6ja \u00e4ven under varmare perioder.<\/p><p><a style=\"background-color: #ffffff; font-size: 1rem;\" href=\"http:\/\/www.smg.gov.mo\/smg\/c_index.htm\" target=\"_blank\" rel=\"noopener\">L\u00e4s mer om v\u00e4dret i Macao p\u00e5<\/a><\/p><\/div><\/div><\/div><\/div><\/div><\/div><\/div><p><!--vcv no format--><\/p><\/div><div class=\"vce-text-block-wrapper vce\" style=\"width: 0px; height: 0px; right: 0px; bottom: 0px; overflow: hidden; position: fixed;\" data-vce-do-apply=\"all el-8d2d911c\"><p><!--vcv no format--><\/p><div class=\"vce-row-container\"><div class=\"vce-row vce-row--col-gap-30 vce-row-columns--top vce-row-content--top\" id=\"el-6ae446b0\" data-vce-do-apply=\"all el-6ae446b0\"><div class=\"vce-row-content\" data-vce-element-content=\"true\"><div class=\"vce-col vce-col--md-auto vce-col--xs-1 vce-col--xs-last vce-col--xs-first vce-col--sm-last vce-col--sm-first vce-col--md-last vce-col--lg-last vce-col--xl-last vce-col--md-first vce-col--lg-first vce-col--xl-first\" id=\"el-18891f4b\" data-vce-do-apply=\"background border el-18891f4b\"><div class=\"vce-col-inner\" data-vce-do-apply=\"padding margin el-18891f4b\" data-vce-element-content=\"true\"><section class=\"vce-hero-section-container vce-hero-section-media--xs vce-hero-section-media--sm vce-hero-section-media--md vce-hero-section-media--lg\"><div class=\"vce vce-hero-section vce-hero-section--alignment-start\" id=\"el-09dc6a66\" data-vce-do-apply=\"margin background border el-09dc6a66\"><div class=\"vce-hero-section--wrap-row vce-hero-section--background-position-center-center\" style=\"background-image: url('https:\/\/www.related.dk\/macao-tradekit\/wp-content\/uploads\/2018\/11\/Banner_MTB_Jacob_Photo-0040.jpg');\"><div class=\"vce-hero-section--wrap\"><div class=\"vce-hero-section--content\" data-vce-do-apply=\"padding el-09dc6a66\"><div class=\"vce-hero-section--content-container\"><h1><strong><br>BRA ATT VETA<br><\/strong><\/h1><\/div><\/div><\/div><\/div><\/div><\/section><\/div><\/div><\/div><\/div><\/div><div class=\"vce-row-container\"><div class=\"vce-row vce-row--col-gap-30 vce-row-columns--top vce-row-content--top\" id=\"el-b03f91a6\" data-vce-do-apply=\"all el-b03f91a6\"><div class=\"vce-row-content\" data-vce-element-content=\"true\"><div class=\"vce-col vce-col--md-auto vce-col--xs-1 vce-col--xs-last vce-col--xs-first vce-col--sm-last vce-col--sm-first vce-col--md-last vce-col--lg-last vce-col--xl-last vce-col--md-first vce-col--lg-first vce-col--xl-first\" id=\"el-070bc897\" data-vce-do-apply=\"background border el-070bc897\"><div class=\"vce-col-inner\" data-vce-do-apply=\"padding margin el-070bc897\" data-vce-element-content=\"true\"><div class=\"vce-text-block\"><div class=\"vce-text-block-wrapper vce\" id=\"el-b1ffe59d\" data-vce-do-apply=\"all el-b1ffe59d\"><h4>Fakta<\/h4><p>Macao har cirka 648,500 inv\u00e5nare.<br>Macao kan stavas b\u00e5de \u201dMacao\u201d och \u201dMacau\u201d \u2013 det sistnm\u00e4mnda \u00e4r det portugisiska stavningss\u00e4ttet.<\/p><h4>Enkelt att hitta och ta sig runt<\/h4><p>Alla v\u00e4g- och informationsskyltar i Macao \u00e4r \u00f6versatta till engelska. \u00c4ven lokalinv\u00e5narna \u00e4r generellt bra p\u00e5 engelska, vilket g\u00f6r det enkelt att ta sig runt och utforska destinationen p\u00e5 egen hand.<br>P\u00e5 det lokala turistkontoret finns ocks\u00e5 en m\u00e4ngd broschyrer och kartor att tillg\u00e5 p\u00e5 engelska.<\/p><p>Turistkontoret ligger h\u00e4r:&nbsp;Alameda Dr. Carlos d'Assump\u00e7\u00e3o, n.os 335-341, Edif\u00edcio \"Hot Line\", 12\u00ba andar, Macau<\/p><h4>Spr\u00e5k<\/h4><p>De officiella spr\u00e5ken \u00e4r kinesiska och portugisiska. Kinesiska \u00e4r det vanligaste.<\/p><h4>Visum<\/h4><p>Danska, svenska, norska och finska medborgare kan bes\u00f6ka Macao utan visum i upp till 90 dagar med gildigt pass.<\/p><p><a href=\"http:\/\/en.macaotourism.gov.mo\/plan\/entry_requirements_detail.php\" target=\"_blank\" rel=\"noopener\">L\u00e4s mer om visumreglerna h\u00e4r <\/a><\/p><h4>Valuta<\/h4><p>Macao har en egen valuta, MPO (Pataca) \u2013 men HKD (Hong Kong Dollar) accepteras ocks\u00e5 p\u00e5 de flesta platser.<\/p><p><span style=\"display: inline !important; float: none; background-color: transparent; color: #333333; cursor: text; font-family: 'Libre Franklin','Helvetica Neue',helvetica,arial,sans-serif; font-size: 16px; font-style: normal; font-variant: normal; font-weight: 400; letter-spacing: normal; orphans: 2; text-align: left; text-decoration: none; text-indent: 0px; text-transform: none; -webkit-text-stroke-width: 0px; white-space: normal; word-spacing: 0px;\">103,20<\/span> Patacas motsvarar cirka 1 HKD.<\/p><p>10 HKD \u00e4r cirka 11,60 SEK.<\/p><h4>Klimat<\/h4><p>Medeltemperaturen i Macao \u00e4r 23 grader och luftfuktigheten \u00e4r relativt h\u00f6g.<\/p><ul><li>Macau \u00e4r idealiskt att bes\u00f6ka i perioden <strong>oktober-december<\/strong>, d\u00e5 \u00e4r temperaturen behaglig och det \u00e4r l\u00e5g luftfuktighet.<\/li><li>Mellan <strong>januari-mars<\/strong> \u00e4r det relativt kallt men soligt. Temperaturen stiger igen i <strong>april<\/strong>.<\/li><li>Under <strong>maj-september<\/strong> \u00e4r det i regel varmt och fuktigt med risk f\u00f6r regn.<\/li><\/ul><p>Reser man i perioden mars-maj eller september-november rekommenderas det att man packar ned l\u00e5ng\u00e4rmade tr\u00f6jor, eftersom det ofta kan bli kyligt om kv\u00e4llen. Mellan december-februari rekommenderas att ta med en jacka i packningen. Var ocks\u00e5 uppm\u00e4rksam p\u00e5 att det \u00e4r aircondition p\u00e5 de stora resortsen och i shoppingcentren, d\u00e4rf\u00f6r kan det vara sk\u00f6nt att ha med en l\u00e5ng\u00e4rmad tr\u00f6ja \u00e4ven under varmare perioder.<\/p><p><a style=\"background-color: #ffffff; font-size: 1rem;\" href=\"http:\/\/www.smg.gov.mo\/smg\/c_index.htm\" target=\"_blank\" rel=\"noopener\">L\u00e4s mer om v\u00e4dret i Macao p\u00e5<\/a><\/p><\/div><\/div><\/div><\/div><\/div><\/div><\/div><p><!--vcv no format--><\/p><\/div><\/div><\/div><\/div><\/div><\/div><\/div><div class=\"vce-row-container\"><div class=\"vce-row vce-row--col-gap-30 vce-row-columns--top vce-row-content--top\" id=\"el-f9112d3c\" data-vce-do-apply=\"all el-f9112d3c\"><div class=\"vce-row-content\" data-vce-element-content=\"true\"><div class=\"vce-col vce-col--md-33-33p vce-col--xs-1 vce-col--xs-last vce-col--xs-first vce-col--sm-last vce-col--sm-first vce-col--md-first vce-col--lg-first vce-col--xl-first\" id=\"el-0a1202b2\" data-vce-do-apply=\"background border el-0a1202b2\"><div class=\"vce-col-inner\" data-vce-do-apply=\"padding margin  el-0a1202b2\" data-vce-element-content=\"true\"><div class=\"vce-single-image-container vce-single-image--align-left\"><div class=\"vce vce-single-image-wrapper\" id=\"el-239b882f\" data-vce-do-apply=\"all el-239b882f\"><figure><div class=\"vce-single-image-inner\"><img class=\"vce-single-image\" data-width=\"682\" data-height=\"1024\"src=\"https:\/\/www.related.dk\/macao-tradekit\/wp-content\/uploads\/2018\/11\/Macau-31-682x1024.jpg\" data-img-src=\"https:\/\/www.related.dk\/macao-tradekit\/wp-content\/uploads\/2018\/11\/Macau-31.jpg\" alt=\"\" title=\"Macau-31\"\/><\/div><\/figure><\/div><\/div><\/div><\/div><div class=\"vce-col vce-col--md-33-33p vce-col--xs-1 vce-col--xs-last vce-col--xs-first vce-col--sm-last vce-col--sm-first\" id=\"el-bc42b08d\" data-vce-do-apply=\"background border el-bc42b08d\"><div class=\"vce-col-inner\" data-vce-do-apply=\"padding margin  el-bc42b08d\" data-vce-element-content=\"true\"><div class=\"vce-single-image-container vce-single-image--align-left\"><div class=\"vce vce-single-image-wrapper\" id=\"el-630f3c8f\" data-vce-do-apply=\"all el-630f3c8f\"><figure><div class=\"vce-single-image-inner\"><img class=\"vce-single-image\" data-width=\"682\" data-height=\"1024\"src=\"https:\/\/www.related.dk\/macao-tradekit\/wp-content\/uploads\/2018\/11\/MTB_Jacob_Photo-0845-682x1024.jpg\" data-img-src=\"https:\/\/www.related.dk\/macao-tradekit\/wp-content\/uploads\/2018\/11\/MTB_Jacob_Photo-0845.jpg\" alt=\"\" title=\"MTB_Jacob_Photo-0845\"\/><\/div><\/figure><\/div><\/div><\/div><\/div><div class=\"vce-col vce-col--md-33-33p vce-col--xs-1 vce-col--xs-last vce-col--xs-first vce-col--sm-last vce-col--sm-first vce-col--md-last vce-col--lg-last vce-col--xl-last\" id=\"el-5ad5b2db\" data-vce-do-apply=\"background border el-5ad5b2db\"><div class=\"vce-col-inner\" data-vce-do-apply=\"padding margin  el-5ad5b2db\" data-vce-element-content=\"true\"><div class=\"vce-single-image-container vce-single-image--align-left\"><div class=\"vce vce-single-image-wrapper\" id=\"el-4ec67e2a\" data-vce-do-apply=\"all el-4ec67e2a\"><figure><div class=\"vce-single-image-inner\"><img class=\"vce-single-image\" data-width=\"682\" data-height=\"1024\"src=\"https:\/\/www.related.dk\/macao-tradekit\/wp-content\/uploads\/2018\/11\/Macao-140-682x1024.jpg\" data-img-src=\"https:\/\/www.related.dk\/macao-tradekit\/wp-content\/uploads\/2018\/11\/Macao-140.jpg\" alt=\"\" title=\"Macao-140\"\/><\/div><\/figure><\/div><\/div><\/div><\/div><\/div><\/div><\/div>\n","protected":false},"excerpt":{"rendered":"<p>BRA ATT VETAFaktaMacao har cirka 648,500 inv\u00e5nare.Macao kan stavas b\u00e5de \u201dMacao\u201d och \u201dMacau\u201d \u2013 det sistnm\u00e4mnda \u00e4r det portugisiska stavningss\u00e4ttet.Enkelt att hitta och ta sig runtAlla v\u00e4g- och informationsskyltar i Macao \u00e4r \u00f6versatta till engelska. \u00c4ven lokalinv\u00e5narna \u00e4r generellt bra p\u00e5 engelska, vilket g\u00f6r det enkelt att ta sig runt och utforska destinationen p\u00e5 egen &hellip; <\/p>\n<p class=\"link-more\"><a href=\"https:\/\/www.related.dk\/macao-tradekit\/om-macao\/bra-att-veta\/?lang=sv\" class=\"more-link\">L\u00e6s videre<span class=\"screen-reader-text\"> &#8220;&#8221;<\/span><\/a><\/p>\n","protected":false},"author":2,"featured_media":0,"parent":718,"menu_order":0,"comment_status":"closed","ping_status":"closed","template":"","meta":[],"_links":{"self":[{"href":"https:\/\/www.related.dk\/macao-tradekit\/wp-json\/wp\/v2\/pages\/715"}],"collection":[{"href":"https:\/\/www.related.dk\/macao-tradekit\/wp-json\/wp\/v2\/pages"}],"about":[{"href":"https:\/\/www.related.dk\/macao-tradekit\/wp-json\/wp\/v2\/types\/page"}],"author":[{"embeddable":true,"href":"https:\/\/www.related.dk\/macao-tradekit\/wp-json\/wp\/v2\/users\/2"}],"replies":[{"embeddable":true,"href":"https:\/\/www.related.dk\/macao-tradekit\/wp-json\/wp\/v2\/comments?post=715"}],"version-history":[{"count":4,"href":"https:\/\/www.related.dk\/macao-tradekit\/wp-json\/wp\/v2\/pages\/715\/revisions"}],"predecessor-version":[{"id":1446,"href":"https:\/\/www.related.dk\/macao-tradekit\/wp-json\/wp\/v2\/pages\/715\/revisions\/1446"}],"up":[{"embeddable":true,"href":"https:\/\/www.related.dk\/macao-tradekit\/wp-json\/wp\/v2\/pages\/718"}],"wp:attachment":[{"href":"https:\/\/www.related.dk\/macao-tradekit\/wp-json\/wp\/v2\/media?parent=715"}],"curies":[{"name":"wp","href":"https:\/\/api.w.org\/{rel}","templated":true}]}}