{"id":662,"date":"2018-11-22T06:48:47","date_gmt":"2018-11-22T06:48:47","guid":{"rendered":"http:\/\/www.related.dk\/macao-tradekit\/omraaden\/"},"modified":"2018-11-22T10:14:05","modified_gmt":"2018-11-22T10:14:05","slug":"omraaden","status":"publish","type":"page","link":"https:\/\/www.related.dk\/macao-tradekit\/om-macao\/omraaden\/?lang=sv","title":{"rendered":"Omr\u00e5den"},"content":{"rendered":"<div class=\"vce-row-container\"><div class=\"vce-row vce-row--col-gap-30 vce-row-columns--top vce-row-content--top\" id=\"el-97a9a131\" data-vce-do-apply=\"all el-97a9a131\"><div class=\"vce-row-content\" data-vce-element-content=\"true\"><div class=\"vce-col vce-col--md-100p vce-col--xs-1 vce-col--xs-last vce-col--xs-first vce-col--sm-last vce-col--sm-first vce-col--md-last vce-col--lg-last vce-col--xl-last vce-col--md-first vce-col--lg-first vce-col--xl-first\" id=\"el-47b8aec7\" data-vce-do-apply=\"background border el-47b8aec7\"><div class=\"vce-col-inner\" data-vce-element-content=\"true\" data-vce-do-apply=\"padding margin  el-47b8aec7\"><div class=\"vce-text-block\"><div class=\"vce-text-block-wrapper vce\" id=\"el-1d43e1eb\" data-vce-do-apply=\"all el-1d43e1eb\"><p><!--vcv no format--><\/p>\n<div class=\"vce-row-container\">\n<div class=\"vce-row vce-row--col-gap-30 vce-row-columns--top vce-row-content--top\" id=\"el-a3ed2df5\" data-vce-do-apply=\"all el-a3ed2df5\">\n<div class=\"vce-row-content\" data-vce-element-content=\"true\">\n<div class=\"vce-col vce-col--md-100p vce-col--xs-1 vce-col--xs-last vce-col--xs-first vce-col--sm-last vce-col--sm-first vce-col--md-last vce-col--lg-last vce-col--xl-last vce-col--md-first vce-col--lg-first vce-col--xl-first\" id=\"el-a0348644\" data-vce-do-apply=\"background border el-a0348644\">\n<div class=\"vce-col-inner\" data-vce-element-content=\"true\" data-vce-do-apply=\"padding margin el-a0348644\">\n<section class=\"vce-hero-section-container vce-hero-section-media--xs vce-hero-section-media--sm vce-hero-section-media--md vce-hero-section-media--lg\">\n<div class=\"vce vce-hero-section vce-hero-section--alignment-start\" id=\"el-29fd6b31\" data-vce-do-apply=\"margin background border el-29fd6b31\">\n<div class=\"vce-hero-section--wrap-row vce-hero-section--background-position-center-top\" style=\"background-image: url('https:\/\/www.related.dk\/macao-tradekit\/wp-content\/uploads\/2018\/11\/Banner_MTB_Jacob_Photo-0320.jpg');\">\n<div class=\"vce-hero-section--wrap\">\n<div class=\"vce-hero-section--content\" data-vce-do-apply=\"padding el-29fd6b31\">\n<div class=\"vce-hero-section--content-container\">\n<h1><strong>OMR\u00c5DEN<\/strong><\/h1>\n<p>Macau \u00e4r uppdelat i fyra omr\u00e5den som tillsammans str\u00e4cker sig \u00f6ver en yta p\u00e5 cirka 30,5 km2:<\/p>\n<\/div>\n<\/div>\n<\/div>\n<\/div>\n<\/div>\n<\/section>\n<\/div>\n<\/div>\n<\/div>\n<\/div>\n<\/div>\n<div class=\"vce-row-container\">\n<div class=\"vce-row vce-row--col-gap-30 vce-row-columns--top vce-row-content--top\" id=\"el-e6e7ddb1\" data-vce-do-apply=\"all el-e6e7ddb1\">\n<div class=\"vce-row-content\" data-vce-element-content=\"true\">\n<div class=\"vce-col vce-col--md-auto vce-col--xs-1 vce-col--xs-last vce-col--xs-first vce-col--sm-last vce-col--sm-first vce-col--md-last vce-col--lg-last vce-col--xl-last vce-col--md-first vce-col--lg-first vce-col--xl-first\" id=\"el-a54b98dd\" data-vce-do-apply=\"background border el-a54b98dd\">\n<div class=\"vce-col-inner\" data-vce-element-content=\"true\" data-vce-do-apply=\"padding margin el-a54b98dd\">\n<div class=\"vce-text-block\">\n<div class=\"vce-text-block-wrapper vce\" id=\"el-e579124f\" data-vce-do-apply=\"all el-e579124f\">\n<h3>Macau-halv\u00f6n<\/h3>\n<p>Macau-halv\u00f6n \u00e4r Macaus hj\u00e4rta, h\u00e4r hittar man bland annat stadens historiska centrum som 2015 uts\u00e5gs till UNESCO v\u00e4rldsarv.  H\u00e4r finns totalt 8 torg och 22 historiska byggnader som inkluderar kyrkor, ett bibliotek, bef\u00e4stningar, en kyrkog\u00e5rd, en teater, ett universitet och mycket mer.<\/p>\n<h3>Taipa<\/h3>\n<p>Taipa \u00e4r en skattkista av butiker, traditionella kaf\u00e9er, souvenirbutiker och mycket mer. Omr\u00e5det \u00e4r speciellt k\u00e4nt f\u00f6r sin portugisiska \u201dvibe\u201d med pastellf\u00e4rgade hus och lugna gator. H\u00e4r hittar man \u00e4ven ett stort urval av h\u00f6gklassiga portugisiska restauranger.<\/p>\n<h3>Coloane<\/h3>\n<p>P\u00e5 Coloanes smala gator kan man uppleva delar av det gamla Macau och omr\u00e5det k\u00e4nnetecknas av gr\u00f6na omgivningar, traditionella sm\u00e5 stadsmilj\u00f6er, str\u00e4nder och vikar. Tv\u00e5 av omr\u00e5dets mest v\u00e4lbes\u00f6kta platser \u00e4r St. Francis Xavier-kapellet och Taoist Temple, som till\u00e4gnats sj\u00f6fararen God Tam Kang. P\u00e5 torget framf\u00f6r kapellet hittar man flera bra restauranger som serverar b\u00e5de portugisisk och kinesisk mat. G\u00e5r man promenad l\u00e4ngs floden till Tam Kong Temple kan man samtidigt f\u00e5 en k\u00e4nsla f\u00f6r lokalinv\u00e5narnas vardag och leverne, och deras hus som \u00e4r byggda p\u00e5 pelare ut i vattnet.<\/p>\n<h3>Cotai<\/h3>\n<p>Cotai ligger mellan Taipa och Coloane. H\u00e4r har m\u00e5nga av de stora internationella resort- och hotellkedjorna etablerat sig, som till exempel The Venetian, Four Seasons, Banyan Tree, JW Marriot, The Ritz-Carlton, Wynn og MGM. <\/p>\n<\/div>\n<\/div>\n<\/div>\n<\/div>\n<\/div>\n<\/div>\n<\/div>\n<div class=\"vce-row-container\">\n<div class=\"vce-row vce-row--col-gap-30 vce-row-columns--top vce-row-content--top\" id=\"el-ad91acdc\" data-vce-do-apply=\"all el-ad91acdc\">\n<div class=\"vce-row-content\" data-vce-element-content=\"true\">\n<div class=\"vce-col vce-col--md-auto vce-col--xs-1 vce-col--xs-last vce-col--xs-first vce-col--sm-last vce-col--sm-first vce-col--md-last vce-col--lg-last vce-col--xl-last vce-col--md-first vce-col--lg-first vce-col--xl-first\" id=\"el-71b199c5\" data-vce-do-apply=\"background border el-71b199c5\">\n<div class=\"vce-col-inner\" data-vce-element-content=\"true\" data-vce-do-apply=\"padding margin el-71b199c5\">\n<div class=\"vce-google-maps vce-google-maps--align-left\">\n<div class=\"vce-google-maps-wrapper vce vce-google-maps--width-custom vce-google-maps-proportional\" id=\"el-d6e37478\" data-vce-do-apply=\"all el-d6e37478\" style=\"width: 1600px; height: auto;\">\n<div class=\"vce-google-maps-inner\" style=\"padding-bottom: 75%;\"><iframe loading=\"lazy\" src=\"https:\/\/www.google.com\/maps\/embed?pb=!1m14!1m12!1m3!1d29565.080537295016!2d113.54955291591959!3d22.139885524535728!2m3!1f0!2f0!3f0!3m2!1i1024!2i768!4f13.1!5e0!3m2!1sda!2sdk!4v1542707781599\" width=\"600\" height=\"450\" frameborder=\"0\" style=\"border: 0px; pointer-events: none;\" allowfullscreen=\"\"><\/iframe><\/div>\n<\/div>\n<\/div>\n<\/div>\n<\/div>\n<\/div>\n<\/div>\n<\/div>\n<p><!--vcv no format--><\/p>\n<\/div><\/div><\/div><\/div><\/div><\/div><\/div>\n","protected":false},"excerpt":{"rendered":"<p>OMR\u00c5DEN Macau \u00e4r uppdelat i fyra omr\u00e5den som tillsammans str\u00e4cker sig \u00f6ver en yta p\u00e5 cirka 30,5 km2: Macau-halv\u00f6n Macau-halv\u00f6n \u00e4r Macaus hj\u00e4rta, h\u00e4r hittar man bland annat stadens historiska centrum som 2015 uts\u00e5gs till UNESCO v\u00e4rldsarv. H\u00e4r finns totalt 8 torg och 22 historiska byggnader som inkluderar kyrkor, ett bibliotek, bef\u00e4stningar, en kyrkog\u00e5rd, en &hellip; <\/p>\n<p class=\"link-more\"><a href=\"https:\/\/www.related.dk\/macao-tradekit\/om-macao\/omraaden\/?lang=sv\" class=\"more-link\">L\u00e6s videre<span class=\"screen-reader-text\"> &#8220;Omr\u00e5den&#8221;<\/span><\/a><\/p>\n","protected":false},"author":2,"featured_media":0,"parent":718,"menu_order":0,"comment_status":"closed","ping_status":"closed","template":"","meta":[],"_links":{"self":[{"href":"https:\/\/www.related.dk\/macao-tradekit\/wp-json\/wp\/v2\/pages\/662"}],"collection":[{"href":"https:\/\/www.related.dk\/macao-tradekit\/wp-json\/wp\/v2\/pages"}],"about":[{"href":"https:\/\/www.related.dk\/macao-tradekit\/wp-json\/wp\/v2\/types\/page"}],"author":[{"embeddable":true,"href":"https:\/\/www.related.dk\/macao-tradekit\/wp-json\/wp\/v2\/users\/2"}],"replies":[{"embeddable":true,"href":"https:\/\/www.related.dk\/macao-tradekit\/wp-json\/wp\/v2\/comments?post=662"}],"version-history":[{"count":1,"href":"https:\/\/www.related.dk\/macao-tradekit\/wp-json\/wp\/v2\/pages\/662\/revisions"}],"predecessor-version":[{"id":724,"href":"https:\/\/www.related.dk\/macao-tradekit\/wp-json\/wp\/v2\/pages\/662\/revisions\/724"}],"up":[{"embeddable":true,"href":"https:\/\/www.related.dk\/macao-tradekit\/wp-json\/wp\/v2\/pages\/718"}],"wp:attachment":[{"href":"https:\/\/www.related.dk\/macao-tradekit\/wp-json\/wp\/v2\/media?parent=662"}],"curies":[{"name":"wp","href":"https:\/\/api.w.org\/{rel}","templated":true}]}}