{"id":551,"date":"2018-11-20T19:16:06","date_gmt":"2018-11-20T19:16:06","guid":{"rendered":"http:\/\/www.related.dk\/macao-tradekit\/?page_id=551"},"modified":"2023-02-08T12:37:54","modified_gmt":"2023-02-08T12:37:54","slug":"billeder-og-video","status":"publish","type":"page","link":"https:\/\/www.related.dk\/macao-tradekit\/billeder-og-video\/","title":{"rendered":"Billeder og video"},"content":{"rendered":"<div class=\"vce-row-container\" data-vce-boxed-width=\"true\"><div class=\"vce-row vce-row--col-gap-30 vce-row-content--top\" id=\"el-25508ff3\" data-vce-do-apply=\"all el-25508ff3\"><div class=\"vce-row-content\" data-vce-element-content=\"true\"><div class=\"vce-col vce-col--md-auto vce-col--xs-1 vce-col--xs-last vce-col--xs-first vce-col--sm-last vce-col--sm-first vce-col--md-last vce-col--lg-last vce-col--xl-last vce-col--md-first vce-col--lg-first vce-col--xl-first\" id=\"el-332929c8\"><div class=\"vce-col-inner\" data-vce-do-apply=\"border margin background  el-332929c8\"><div class=\"vce-col-content\" data-vce-element-content=\"true\" data-vce-do-apply=\"padding el-332929c8\"><section class=\"vce-hero-section-container vce-hero-section-media--xs vce-hero-section-media--sm vce-hero-section-media--md vce-hero-section-media--lg\"><div class=\"vce vce-hero-section vce-hero-section--alignment-start\" id=\"el-06713b74\" data-vce-do-apply=\"margin background border  el-06713b74\"><div class=\"vce-hero-section--wrap-row vce-hero-section--background-position-center-center\" style=\"background-image: url('https:\/\/www.related.dk\/macao-tradekit\/wp-content\/uploads\/2018\/11\/Banner_MTB_Jacob_Photo-0024_Billeder.jpg');\"><div class=\"vce-hero-section--wrap\"><div class=\"vce-hero-section--content\" data-vce-do-apply=\"padding el-06713b74\"><div class=\"vce-hero-section--content-container\"><h1><strong>BILLEDER OG VIDEO<\/strong><\/h1><\/div><\/div><\/div><\/div><\/div><\/section><\/div><\/div><\/div><\/div><\/div><\/div><div class=\"vce-row-container\" data-vce-boxed-width=\"true\"><div class=\"vce-row vce-row--col-gap-30 vce-row-content--top\" id=\"el-3b2e2062\" data-vce-do-apply=\"all el-3b2e2062\"><div class=\"vce-row-content\" data-vce-element-content=\"true\"><div class=\"vce-col vce-col--md-auto vce-col--xs-1 vce-col--xs-last vce-col--xs-first vce-col--sm-last vce-col--sm-first vce-col--md-last vce-col--lg-last vce-col--xl-last vce-col--md-first vce-col--lg-first vce-col--xl-first\" id=\"el-eeff3722\"><div class=\"vce-col-inner\" data-vce-do-apply=\"border margin background  el-eeff3722\"><div class=\"vce-col-content\" data-vce-element-content=\"true\" data-vce-do-apply=\"padding el-eeff3722\"><div class=\"vce-text-block\"><div class=\"vce-text-block-wrapper vce\" id=\"el-edbc70d0\" data-vce-do-apply=\"all el-edbc70d0\"><h2>Billeder&nbsp;<\/h2><p>Billederne kan frit anvendes af danske rejsebureauer, turoperat\u00f8rer og andre rejsebranche-akt\u00f8rer, der \u00f8nsker at promovere Macao som rejsem\u00e5l \u2013 fx p\u00e5 sociale medier, p\u00e5 websites, i brochurer og i andet markedsf\u00f8ringsmateriale.<\/p><p>Billeder skal krediteres til Macao Goverment Tourism Office.<\/p><p>Ved tvivlssp\u00f8rgsm\u00e5l, venligst kontakt Related.<\/p><\/div><\/div><\/div><\/div><\/div><\/div><\/div><\/div><div class=\"vce-row-container\" data-vce-boxed-width=\"true\"><div class=\"vce-row vce-row--col-gap-30 vce-row-content--top\" id=\"el-756fe695\" data-vce-do-apply=\"all el-756fe695\"><div class=\"vce-row-content\" data-vce-element-content=\"true\"><div class=\"vce-col vce-col--md-auto vce-col--xs-1 vce-col--xs-last vce-col--xs-first vce-col--sm-last vce-col--sm-first vce-col--md-last vce-col--lg-last vce-col--xl-last vce-col--md-first vce-col--lg-first vce-col--xl-first\" id=\"el-f3c8d38c\"><div class=\"vce-col-inner\" data-vce-do-apply=\"border margin background  el-f3c8d38c\"><div class=\"vce-col-content\" data-vce-element-content=\"true\" data-vce-do-apply=\"padding el-f3c8d38c\"><div class=\"vce-image-gallery vce-image-gallery--gap-10 vce-image-gallery--columns-3\" data-photoswipe-gallery=\"8177f78d\"><div class=\"vce-image-gallery-wrapper vce\" id=\"el-8177f78d\" data-vce-do-apply=\"all el-8177f78d\"><div class=\"vce-image-gallery-list\"><div class=\"vce-image-gallery-item\" data-photoswipe-item=\"photoswipe-8177f78d\"><figure class=\"vce-image-gallery-item-inner-wrapper\"><a href=\"https:\/\/www.related.dk\/macao-tradekit\/wp-content\/uploads\/2018\/11\/Senado-Square.jpg\" data-photoswipe-image=\"8177f78d\" data-photoswipe-index=\"0\" data-photoswipe-caption=\"\" class=\"vce-image-gallery-item-inner\" data-pswp-uid=\"1\"><img decoding=\"async\" class=\"vce-image-gallery-img\" src=\"https:\/\/www.related.dk\/macao-tradekit\/wp-content\/uploads\/2018\/11\/Senado-Square-1024x683.jpg\" alt=\"\" title=\"Senado Square\"><\/a><\/figure><\/div><div class=\"vce-image-gallery-item\" data-photoswipe-item=\"photoswipe-8177f78d\"><figure class=\"vce-image-gallery-item-inner-wrapper\"><a href=\"https:\/\/www.related.dk\/macao-tradekit\/wp-content\/uploads\/2018\/11\/Guia-Fortress-from-above.jpg\" data-photoswipe-image=\"8177f78d\" data-photoswipe-index=\"1\" data-photoswipe-caption=\"\" class=\"vce-image-gallery-item-inner\" data-pswp-uid=\"2\"><img decoding=\"async\" class=\"vce-image-gallery-img\" src=\"https:\/\/www.related.dk\/macao-tradekit\/wp-content\/uploads\/2018\/11\/Guia-Fortress-from-above-1024x590.jpg\" alt=\"\" title=\"Guia Fortress from above\"><\/a><\/figure><\/div><div class=\"vce-image-gallery-item\" data-photoswipe-item=\"photoswipe-8177f78d\"><figure class=\"vce-image-gallery-item-inner-wrapper\"><a href=\"https:\/\/www.related.dk\/macao-tradekit\/wp-content\/uploads\/2018\/11\/Macao_busy-street.jpg\" data-photoswipe-image=\"8177f78d\" data-photoswipe-index=\"2\" data-photoswipe-caption=\"\" class=\"vce-image-gallery-item-inner\" data-pswp-uid=\"3\"><img decoding=\"async\" class=\"vce-image-gallery-img\" src=\"https:\/\/www.related.dk\/macao-tradekit\/wp-content\/uploads\/2018\/11\/Macao_busy-street-1024x683.jpg\" alt=\"\" title=\"Macao_busy street\"><\/a><\/figure><\/div><div class=\"vce-image-gallery-item\" data-photoswipe-item=\"photoswipe-8177f78d\"><figure class=\"vce-image-gallery-item-inner-wrapper\"><a href=\"https:\/\/www.related.dk\/macao-tradekit\/wp-content\/uploads\/2018\/11\/A-Ma-Temple_inside.jpg\" data-photoswipe-image=\"8177f78d\" data-photoswipe-index=\"3\" data-photoswipe-caption=\"\" class=\"vce-image-gallery-item-inner\" data-pswp-uid=\"4\"><img decoding=\"async\" class=\"vce-image-gallery-img vce-image-gallery-img--orientation-portrait\" src=\"https:\/\/www.related.dk\/macao-tradekit\/wp-content\/uploads\/2018\/11\/A-Ma-Temple_inside-683x1024.jpg\" alt=\"\" title=\"A-Ma Temple_inside\"><\/a><\/figure><\/div><div class=\"vce-image-gallery-item\" data-photoswipe-item=\"photoswipe-8177f78d\"><figure class=\"vce-image-gallery-item-inner-wrapper\"><a href=\"https:\/\/www.related.dk\/macao-tradekit\/wp-content\/uploads\/2018\/11\/The-strip.jpg\" data-photoswipe-image=\"8177f78d\" data-photoswipe-index=\"4\" data-photoswipe-caption=\"\" class=\"vce-image-gallery-item-inner\" data-pswp-uid=\"5\"><img decoding=\"async\" class=\"vce-image-gallery-img\" src=\"https:\/\/www.related.dk\/macao-tradekit\/wp-content\/uploads\/2018\/11\/The-strip-1024x683.jpg\" alt=\"\" title=\"The strip\"><\/a><\/figure><\/div><div class=\"vce-image-gallery-item\" data-photoswipe-item=\"photoswipe-8177f78d\"><figure class=\"vce-image-gallery-item-inner-wrapper\"><a href=\"https:\/\/www.related.dk\/macao-tradekit\/wp-content\/uploads\/2018\/11\/A-Ma-Temple.jpg\" data-photoswipe-image=\"8177f78d\" data-photoswipe-index=\"5\" data-photoswipe-caption=\"\" class=\"vce-image-gallery-item-inner\" data-pswp-uid=\"6\"><img decoding=\"async\" class=\"vce-image-gallery-img\" src=\"https:\/\/www.related.dk\/macao-tradekit\/wp-content\/uploads\/2018\/11\/A-Ma-Temple-1024x683.jpg\" alt=\"\" title=\"A-Ma Temple\"><\/a><\/figure><\/div><div class=\"vce-image-gallery-item\" data-photoswipe-item=\"photoswipe-8177f78d\"><figure class=\"vce-image-gallery-item-inner-wrapper\"><a href=\"https:\/\/www.related.dk\/macao-tradekit\/wp-content\/uploads\/2018\/11\/Chapel-of-Our-Lady-of-Penha.jpg\" data-photoswipe-image=\"8177f78d\" data-photoswipe-index=\"6\" data-photoswipe-caption=\"\" class=\"vce-image-gallery-item-inner\" data-pswp-uid=\"7\"><img decoding=\"async\" class=\"vce-image-gallery-img\" src=\"https:\/\/www.related.dk\/macao-tradekit\/wp-content\/uploads\/2018\/11\/Chapel-of-Our-Lady-of-Penha-1024x520.jpg\" alt=\"\" title=\"Chapel of Our Lady of Penha\"><\/a><\/figure><\/div><div class=\"vce-image-gallery-item\" data-photoswipe-item=\"photoswipe-8177f78d\"><figure class=\"vce-image-gallery-item-inner-wrapper\"><a href=\"https:\/\/www.related.dk\/macao-tradekit\/wp-content\/uploads\/2018\/11\/Cotai_Parisian.jpg\" data-photoswipe-image=\"8177f78d\" data-photoswipe-index=\"7\" data-photoswipe-caption=\"\" class=\"vce-image-gallery-item-inner\" data-pswp-uid=\"8\"><img decoding=\"async\" class=\"vce-image-gallery-img\" src=\"https:\/\/www.related.dk\/macao-tradekit\/wp-content\/uploads\/2018\/11\/Cotai_Parisian-1024x683.jpg\" alt=\"\" title=\"Cotai_Parisian\"><\/a><\/figure><\/div><div class=\"vce-image-gallery-item\" data-photoswipe-item=\"photoswipe-8177f78d\"><figure class=\"vce-image-gallery-item-inner-wrapper\"><a href=\"https:\/\/www.related.dk\/macao-tradekit\/wp-content\/uploads\/2018\/11\/Macao_Skyline.jpg\" data-photoswipe-image=\"8177f78d\" data-photoswipe-index=\"8\" data-photoswipe-caption=\"\" class=\"vce-image-gallery-item-inner\" data-pswp-uid=\"9\"><img decoding=\"async\" class=\"vce-image-gallery-img\" src=\"https:\/\/www.related.dk\/macao-tradekit\/wp-content\/uploads\/2018\/11\/Macao_Skyline-1024x683.jpg\" alt=\"\" title=\"Macao_Skyline\"><\/a><\/figure><\/div><div class=\"vce-image-gallery-item\" data-photoswipe-item=\"photoswipe-8177f78d\"><figure class=\"vce-image-gallery-item-inner-wrapper\"><a href=\"https:\/\/www.related.dk\/macao-tradekit\/wp-content\/uploads\/2018\/11\/Food.jpg\" data-photoswipe-image=\"8177f78d\" data-photoswipe-index=\"9\" data-photoswipe-caption=\"\" class=\"vce-image-gallery-item-inner\" data-pswp-uid=\"10\"><img decoding=\"async\" class=\"vce-image-gallery-img\" src=\"https:\/\/www.related.dk\/macao-tradekit\/wp-content\/uploads\/2018\/11\/Food-1024x683.jpg\" alt=\"\" title=\"Food\"><\/a><\/figure><\/div><div class=\"vce-image-gallery-item\" data-photoswipe-item=\"photoswipe-8177f78d\"><figure class=\"vce-image-gallery-item-inner-wrapper\"><a href=\"https:\/\/www.related.dk\/macao-tradekit\/wp-content\/uploads\/2018\/11\/Guia-Fortress.jpg\" data-photoswipe-image=\"8177f78d\" data-photoswipe-index=\"10\" data-photoswipe-caption=\"\" class=\"vce-image-gallery-item-inner\" data-pswp-uid=\"11\"><img decoding=\"async\" class=\"vce-image-gallery-img vce-image-gallery-img--orientation-portrait\" src=\"https:\/\/www.related.dk\/macao-tradekit\/wp-content\/uploads\/2018\/11\/Guia-Fortress-683x1024.jpg\" alt=\"\" title=\"Guia Fortress\"><\/a><\/figure><\/div><div class=\"vce-image-gallery-item\" data-photoswipe-item=\"photoswipe-8177f78d\"><figure class=\"vce-image-gallery-item-inner-wrapper\"><a href=\"https:\/\/www.related.dk\/macao-tradekit\/wp-content\/uploads\/2018\/11\/Lou-Lim-Ieoc-Garden.jpg\" data-photoswipe-image=\"8177f78d\" data-photoswipe-index=\"11\" data-photoswipe-caption=\"\" class=\"vce-image-gallery-item-inner\" data-pswp-uid=\"12\"><img decoding=\"async\" class=\"vce-image-gallery-img\" src=\"https:\/\/www.related.dk\/macao-tradekit\/wp-content\/uploads\/2018\/11\/Lou-Lim-Ieoc-Garden-1024x575.jpg\" alt=\"\" title=\"Lou Lim Ieoc Garden\"><\/a><\/figure><\/div><div class=\"vce-image-gallery-item\" data-photoswipe-item=\"photoswipe-8177f78d\"><figure class=\"vce-image-gallery-item-inner-wrapper\"><a href=\"https:\/\/www.related.dk\/macao-tradekit\/wp-content\/uploads\/2018\/11\/Macao-International-Parade_1.jpg\" data-photoswipe-image=\"8177f78d\" data-photoswipe-index=\"12\" data-photoswipe-caption=\"\" class=\"vce-image-gallery-item-inner\" data-pswp-uid=\"13\"><img decoding=\"async\" class=\"vce-image-gallery-img\" src=\"https:\/\/www.related.dk\/macao-tradekit\/wp-content\/uploads\/2018\/11\/Macao-International-Parade_1-1024x683.jpg\" alt=\"\" title=\"Macao International Parade_1\"><\/a><\/figure><\/div><div class=\"vce-image-gallery-item\" data-photoswipe-item=\"photoswipe-8177f78d\"><figure class=\"vce-image-gallery-item-inner-wrapper\"><a href=\"https:\/\/www.related.dk\/macao-tradekit\/wp-content\/uploads\/2018\/11\/Macao-International-Parade_2.jpg\" data-photoswipe-image=\"8177f78d\" data-photoswipe-index=\"13\" data-photoswipe-caption=\"\" class=\"vce-image-gallery-item-inner\" data-pswp-uid=\"14\"><img decoding=\"async\" class=\"vce-image-gallery-img\" src=\"https:\/\/www.related.dk\/macao-tradekit\/wp-content\/uploads\/2018\/11\/Macao-International-Parade_2-1024x683.jpg\" alt=\"\" title=\"Macao International Parade_2\"><\/a><\/figure><\/div><div class=\"vce-image-gallery-item\" data-photoswipe-item=\"photoswipe-8177f78d\"><figure class=\"vce-image-gallery-item-inner-wrapper\"><a href=\"https:\/\/www.related.dk\/macao-tradekit\/wp-content\/uploads\/2018\/11\/Taipa-Houses.jpg\" data-photoswipe-image=\"8177f78d\" data-photoswipe-index=\"14\" data-photoswipe-caption=\"\" class=\"vce-image-gallery-item-inner\" data-pswp-uid=\"15\"><img decoding=\"async\" class=\"vce-image-gallery-img\" src=\"https:\/\/www.related.dk\/macao-tradekit\/wp-content\/uploads\/2018\/11\/Taipa-Houses-1024x683.jpg\" alt=\"\" title=\"Taipa Houses\"><\/a><\/figure><\/div><div class=\"vce-image-gallery-item\" data-photoswipe-item=\"photoswipe-8177f78d\"><figure class=\"vce-image-gallery-item-inner-wrapper\"><a href=\"https:\/\/www.related.dk\/macao-tradekit\/wp-content\/uploads\/2018\/11\/The-Chapel-of-St.-Francis-Xavier-Coloane.jpg\" data-photoswipe-image=\"8177f78d\" data-photoswipe-index=\"15\" data-photoswipe-caption=\"\" class=\"vce-image-gallery-item-inner\" data-pswp-uid=\"16\"><img decoding=\"async\" class=\"vce-image-gallery-img vce-image-gallery-img--orientation-portrait\" src=\"https:\/\/www.related.dk\/macao-tradekit\/wp-content\/uploads\/2018\/11\/The-Chapel-of-St.-Francis-Xavier-Coloane-683x1024.jpg\" alt=\"\" title=\"The Chapel of St. Francis Xavier, Coloane\"><\/a><\/figure><\/div><div class=\"vce-image-gallery-item\" data-photoswipe-item=\"photoswipe-8177f78d\"><figure class=\"vce-image-gallery-item-inner-wrapper\"><a href=\"https:\/\/www.related.dk\/macao-tradekit\/wp-content\/uploads\/2018\/11\/The-House-of-Dancing-Water.jpg\" data-photoswipe-image=\"8177f78d\" data-photoswipe-index=\"16\" data-photoswipe-caption=\"\" class=\"vce-image-gallery-item-inner\" data-pswp-uid=\"17\"><img decoding=\"async\" class=\"vce-image-gallery-img\" src=\"https:\/\/www.related.dk\/macao-tradekit\/wp-content\/uploads\/2018\/11\/The-House-of-Dancing-Water-1024x683.jpg\" alt=\"\" title=\"The House of Dancing Water\"><\/a><\/figure><\/div><div class=\"vce-image-gallery-item\" data-photoswipe-item=\"photoswipe-8177f78d\"><figure class=\"vce-image-gallery-item-inner-wrapper\"><a href=\"https:\/\/www.related.dk\/macao-tradekit\/wp-content\/uploads\/2018\/11\/Macao_Streetfood.jpg\" data-photoswipe-image=\"8177f78d\" data-photoswipe-index=\"17\" data-photoswipe-caption=\"\" class=\"vce-image-gallery-item-inner\" data-pswp-uid=\"18\"><img decoding=\"async\" class=\"vce-image-gallery-img\" src=\"https:\/\/www.related.dk\/macao-tradekit\/wp-content\/uploads\/2018\/11\/Macao_Streetfood-1024x683.jpg\" alt=\"\" title=\"Macao_Streetfood\"><\/a><\/figure><\/div><div class=\"vce-image-gallery-item\" data-photoswipe-item=\"photoswipe-8177f78d\"><figure class=\"vce-image-gallery-item-inner-wrapper\"><a href=\"https:\/\/www.related.dk\/macao-tradekit\/wp-content\/uploads\/2018\/11\/Macao_Bakery.jpg\" data-photoswipe-image=\"8177f78d\" data-photoswipe-index=\"18\" data-photoswipe-caption=\"\" class=\"vce-image-gallery-item-inner\" data-pswp-uid=\"19\"><img decoding=\"async\" class=\"vce-image-gallery-img\" src=\"https:\/\/www.related.dk\/macao-tradekit\/wp-content\/uploads\/2018\/11\/Macao_Bakery-1024x683.jpg\" alt=\"\" title=\"Macao_Bakery\"><\/a><\/figure><\/div><div class=\"vce-image-gallery-item\" data-photoswipe-item=\"photoswipe-8177f78d\"><figure class=\"vce-image-gallery-item-inner-wrapper\"><a href=\"https:\/\/www.related.dk\/macao-tradekit\/wp-content\/uploads\/2018\/11\/Cotai.jpg\" data-photoswipe-image=\"8177f78d\" data-photoswipe-index=\"19\" data-photoswipe-caption=\"\" class=\"vce-image-gallery-item-inner\" data-pswp-uid=\"20\"><img decoding=\"async\" class=\"vce-image-gallery-img vce-image-gallery-img--orientation-portrait\" src=\"https:\/\/www.related.dk\/macao-tradekit\/wp-content\/uploads\/2018\/11\/Cotai-819x1024.jpg\" alt=\"\" title=\"Cotai\"><\/a><\/figure><\/div><div class=\"vce-image-gallery-item\" data-photoswipe-item=\"photoswipe-8177f78d\"><figure class=\"vce-image-gallery-item-inner-wrapper\"><a href=\"https:\/\/www.related.dk\/macao-tradekit\/wp-content\/uploads\/2018\/11\/Temple-experience.jpg\" data-photoswipe-image=\"8177f78d\" data-photoswipe-index=\"20\" data-photoswipe-caption=\"\" class=\"vce-image-gallery-item-inner\" data-pswp-uid=\"21\"><img decoding=\"async\" class=\"vce-image-gallery-img vce-image-gallery-img--orientation-portrait\" src=\"https:\/\/www.related.dk\/macao-tradekit\/wp-content\/uploads\/2018\/11\/Temple-experience-683x1024.jpg\" alt=\"\" title=\"Temple experience\"><\/a><\/figure><\/div><\/div><\/div><\/div><\/div><\/div><\/div><\/div><\/div><\/div><div class=\"vce-row-container\" data-vce-boxed-width=\"true\"><div class=\"vce-row vce-row--col-gap-30 vce-row-content--top\" id=\"el-c56c9e2b\" data-vce-do-apply=\"all el-c56c9e2b\"><div class=\"vce-row-content\" data-vce-element-content=\"true\"><div class=\"vce-col vce-col--md-auto vce-col--xs-1 vce-col--xs-last vce-col--xs-first vce-col--sm-last vce-col--sm-first vce-col--md-last vce-col--lg-last vce-col--xl-last vce-col--md-first vce-col--lg-first vce-col--xl-first\" id=\"el-acb2cc78\"><div class=\"vce-col-inner\" data-vce-do-apply=\"border margin background  el-acb2cc78\"><div class=\"vce-col-content\" data-vce-element-content=\"true\" data-vce-do-apply=\"padding el-acb2cc78\"><div class=\"vce-text-block\"><div class=\"vce-text-block-wrapper vce\" id=\"el-0940a6ef\" data-vce-do-apply=\"all el-0940a6ef\"><h2>Videoer<\/h2><\/div><\/div><\/div><\/div><\/div><\/div><\/div><\/div><div class=\"vce-row-container\" data-vce-boxed-width=\"true\"><div class=\"vce-row vce-row--col-gap-30 vce-row-content--top\" id=\"el-db2b054c\" data-vce-do-apply=\"all el-db2b054c\"><div class=\"vce-row-content\" data-vce-element-content=\"true\"><div class=\"vce-col vce-col--md-50p vce-col--xs-1 vce-col--xs-last vce-col--xs-first vce-col--sm-last vce-col--sm-first vce-col--md-first vce-col--lg-first vce-col--xl-first\" id=\"el-b1c8fb70\"><div class=\"vce-col-inner\" data-vce-do-apply=\"border margin background  el-b1c8fb70\"><div class=\"vce-col-content\" data-vce-element-content=\"true\" data-vce-do-apply=\"padding el-b1c8fb70\"><div class=\"vce-text-block\"><div class=\"vce-text-block-wrapper vce\" id=\"el-d17d6347\" data-vce-do-apply=\"all el-d17d6347\"><p>1 min. video<\/p><\/div><\/div><div class=\"vce-yt-video-player vce-yt-video-player--align-left vce-yt-video-player--size-560x315\"><div class=\"vce vce-yt-video-player-wrapper\" id=\"el-70394220\" data-vce-do-apply=\"all el-70394220\" style=\"width: 560px;\"><div class=\"vce-yt-video-player-inner\"><iframe loading=\"lazy\" class=\"vce-yt-video-player-iframe\" src=\"https:\/\/www.youtube.com\/embed\/QiaTS7hUSKU?autoplay=0&amp;mute=0&amp;color=red&amp;controls=1&amp;loop=0&amp;rel=0&amp;start=0&amp;cc_load_policy=0&amp;iv_load_policy=3&amp;enablejsapi=1\" width=\"640\" height=\"390\" allowfullscreen=\"\" title=\"YouTube video\"><\/iframe><\/div><\/div><\/div><\/div><\/div><\/div><div class=\"vce-col vce-col--md-50p vce-col--xs-1 vce-col--xs-last vce-col--xs-first vce-col--sm-last vce-col--sm-first vce-col--md-last vce-col--lg-last vce-col--xl-last\" id=\"el-c2dc29b9\"><div class=\"vce-col-inner\" data-vce-do-apply=\"border margin background  el-c2dc29b9\"><div class=\"vce-col-content\" data-vce-element-content=\"true\" data-vce-do-apply=\"padding el-c2dc29b9\"><div class=\"vce-text-block\"><div class=\"vce-text-block-wrapper vce\" id=\"el-1d8f7e22\" data-vce-do-apply=\"all el-1d8f7e22\"><p>3 min. video<\/p><\/div><\/div><div class=\"vce-yt-video-player vce-yt-video-player--align-left vce-yt-video-player--size-560x315\"><div class=\"vce vce-yt-video-player-wrapper\" id=\"el-4ed729b4\" data-vce-do-apply=\"all el-4ed729b4\" style=\"width: 560px;\"><div class=\"vce-yt-video-player-inner\"><iframe loading=\"lazy\" class=\"vce-yt-video-player-iframe\" src=\"https:\/\/www.youtube.com\/embed\/J7BUEx8_cqM?autoplay=0&amp;mute=0&amp;color=red&amp;controls=1&amp;loop=0&amp;rel=0&amp;start=0&amp;cc_load_policy=0&amp;iv_load_policy=3&amp;enablejsapi=1\" width=\"640\" height=\"390\" allowfullscreen=\"\" title=\"YouTube video\"><\/iframe><\/div><\/div><\/div><\/div><\/div><\/div><\/div><\/div><\/div>\n","protected":false},"excerpt":{"rendered":"<p>BILLEDER OG VIDEOBilleder&nbsp;Billederne kan frit anvendes af danske rejsebureauer, turoperat\u00f8rer og andre rejsebranche-akt\u00f8rer, der \u00f8nsker at promovere Macao som rejsem\u00e5l \u2013 fx p\u00e5 sociale medier, p\u00e5 websites, i brochurer og i andet markedsf\u00f8ringsmateriale.Billeder skal krediteres til Macao Goverment Tourism Office.Ved tvivlssp\u00f8rgsm\u00e5l, venligst kontakt Related.Videoer1 min. video3 min. video<\/p>\n","protected":false},"author":2,"featured_media":0,"parent":0,"menu_order":0,"comment_status":"closed","ping_status":"closed","template":"","meta":[],"_links":{"self":[{"href":"https:\/\/www.related.dk\/macao-tradekit\/wp-json\/wp\/v2\/pages\/551"}],"collection":[{"href":"https:\/\/www.related.dk\/macao-tradekit\/wp-json\/wp\/v2\/pages"}],"about":[{"href":"https:\/\/www.related.dk\/macao-tradekit\/wp-json\/wp\/v2\/types\/page"}],"author":[{"embeddable":true,"href":"https:\/\/www.related.dk\/macao-tradekit\/wp-json\/wp\/v2\/users\/2"}],"replies":[{"embeddable":true,"href":"https:\/\/www.related.dk\/macao-tradekit\/wp-json\/wp\/v2\/comments?post=551"}],"version-history":[{"count":13,"href":"https:\/\/www.related.dk\/macao-tradekit\/wp-json\/wp\/v2\/pages\/551\/revisions"}],"predecessor-version":[{"id":1499,"href":"https:\/\/www.related.dk\/macao-tradekit\/wp-json\/wp\/v2\/pages\/551\/revisions\/1499"}],"wp:attachment":[{"href":"https:\/\/www.related.dk\/macao-tradekit\/wp-json\/wp\/v2\/media?parent=551"}],"curies":[{"name":"wp","href":"https:\/\/api.w.org\/{rel}","templated":true}]}}