{"id":460,"date":"2018-11-20T17:56:21","date_gmt":"2018-11-20T17:56:21","guid":{"rendered":"http:\/\/www.related.dk\/macao-tradekit\/?page_id=460"},"modified":"2018-11-23T08:32:46","modified_gmt":"2018-11-23T08:32:46","slug":"det-historiske-macao-3-dage","status":"publish","type":"page","link":"https:\/\/www.related.dk\/macao-tradekit\/oplevelser\/det-historiske-macao-3-dage\/","title":{"rendered":"Det historiske Macao (3 dage)"},"content":{"rendered":"<div class=\"vce-row-container\"><div class=\"vce-row vce-row--col-gap-30 vce-row-columns--top vce-row-content--top\" id=\"el-6b610dba\" data-vce-do-apply=\"all el-6b610dba\"><div class=\"vce-row-content\" data-vce-element-content=\"true\"><div class=\"vce-col vce-col--md-auto vce-col--xs-1 vce-col--xs-last vce-col--xs-first vce-col--sm-last vce-col--sm-first vce-col--md-last vce-col--lg-last vce-col--xl-last vce-col--md-first vce-col--lg-first vce-col--xl-first\" id=\"el-3c87f042\" data-vce-do-apply=\"background border el-3c87f042\"><div class=\"vce-col-inner\" data-vce-element-content=\"true\" data-vce-do-apply=\"padding margin  el-3c87f042\"><section class=\"vce-hero-section-container vce-hero-section-media--xs vce-hero-section-media--sm vce-hero-section-media--md vce-hero-section-media--lg\"><div class=\"vce vce-hero-section vce-hero-section--alignment-start\" id=\"el-d2acd6d8\" data-vce-do-apply=\"margin background border  el-d2acd6d8\"><div class=\"vce-hero-section--wrap-row vce-hero-section--background-position-center-center\" style=\"background-image: url('https:\/\/www.related.dk\/macao-tradekit\/wp-content\/uploads\/2018\/11\/Banner_historie_3-dage.jpg');\"><div class=\"vce-hero-section--wrap\"><div class=\"vce-hero-section--content\" data-vce-do-apply=\"padding el-d2acd6d8\"><div class=\"vce-hero-section--content-container\"><h1><strong>DET HISTORISKE MACAO<\/strong><\/h1><\/div><\/div><\/div><\/div><\/div><\/section><\/div><\/div><\/div><\/div><\/div><div class=\"vce-row-container\"><div class=\"vce-row vce-row--col-gap-30 vce-row-columns--top vce-row-content--top\" id=\"el-e142f057\" data-vce-do-apply=\"all el-e142f057\"><div class=\"vce-row-content\" data-vce-element-content=\"true\"><div class=\"vce-col vce-col--md-auto vce-col--xs-1 vce-col--xs-last vce-col--xs-first vce-col--sm-last vce-col--sm-first vce-col--md-last vce-col--lg-last vce-col--xl-last vce-col--md-first vce-col--lg-first vce-col--xl-first\" id=\"el-2b713c00\" data-vce-do-apply=\"background border el-2b713c00\"><div class=\"vce-col-inner\" data-vce-element-content=\"true\" data-vce-do-apply=\"padding margin  el-2b713c00\"><div class=\"vce-text-block\"><div class=\"vce-text-block-wrapper vce\" id=\"el-4decc0f2\" data-vce-do-apply=\"all el-4decc0f2\"><p>For de kultur- og historieinteresserede byder Macao p\u00e5 et ret unikt mix af europ\u00e6isk og asiatisk kultur og arkitektur, hvor indflydelsen fra b\u00e5de Kina og Portugal er tydelig.&nbsp;<\/p><h2>Dag 1: Det historiske centrum<\/h2><p>Udforsk Macaos historiske centrum, som i 2005 blev optaget p\u00e5 UNESCOs verdensarvsliste.<\/p><h3>Formiddag + eftermiddag<\/h3><p>Bes\u00f8g Macaos historiske centrum, der er p\u00e5 UNESCO-listen, og oplev bl.a.:<\/p><ul><li><strong>Ruins of St. Paul\u2019s<\/strong> er ruinerne af kirken St. Paul\u2019s, der blev bygget i perioden 1602-1640. Kirken var en del af St. Paul\u2019s College \u2013 det f\u00f8rste vestlige universitet i Fjern\u00f8sten. I dag st\u00e5r kun kirkens facade tilbage.<\/li><li><strong>Na Tcha Temple<\/strong> er et lille, traditionelt kinesisk tempel bygget i 1888 for at \u00e6re guden Na Tcha. Templet er opf\u00f8rt i simple materialer og ligger t\u00e6t p\u00e5 St. Paul\u2019s-kirken. Omr\u00e5det symboliserer dermed m\u00f8det mellem de vestlige og kinesiske religioner samt den religionsfrihed og multikulturelle \u00e5benhed, der kendetegner Macao.<\/li><li>G\u00e5 langs <strong>\u201cLover\u2019s Lane\u201d<\/strong> \u2013 en smal brostensgade omgivet af romantiske pastelfarvede huse, ned mod <strong>Senado Square<\/strong>, der har v\u00e6ret Macaos hjerte siden det 16. \u00e5rhundrede og er kendt for sit karakteristiske m\u00f8nster af sorte og hvide brosten. Torvet er i dag centrum for en lang r\u00e6kke offentlige events og festivaler.<\/li><li>Ikke langt fra torvet ligger <strong>St. Dominic\u2019s Church<\/strong>. Her kan man beundre kirkens lysegule farve, mens man nyder en bid mad eller f\u00e5r lidt at drikke fra en af de mange boder omkring kirken.<\/li><li><strong>Lou Kau Mansion<\/strong> er bygget omkring \u00e5r 1889 og var bolig for den prominente kinesiske forretningsmand Lou Kau. Et typisk eksempel p\u00e5 kinesisk \u201cXiguan\u201d-arkitektur.<\/li><li><strong>Rua de Felicidade<\/strong> er det tidligere \u201cred light district\u201d \u2013 og i dag det ideelle sted at finde lokale delikatesser og souvenirs.<\/li><li><strong>Guia Fortress<\/strong> er et fort bygget i 1622 p\u00e5 Macaos h\u00f8jeste punkt. Foruden den gode udsigt er fortet bl.a. kendt for sit kapel og sit fyrt\u00e5rn.<\/li><li><strong>Lou Lim Ieoc Garden<\/strong> er bygget i 1800-tallet efter Suzhou-principperne og er den mest kinesiske af alle Macaos haver.<\/li><\/ul><h3>Aften<\/h3><p>Bes\u00f8g en af Macaos mange portugisiske restauranter for virkelig at fornemme byens europ\u00e6iske kulturarv.<\/p><\/div><\/div><\/div><\/div><\/div><\/div><\/div><div class=\"vce-row-container\"><div class=\"vce-row vce-row--col-gap-30 vce-row-columns--top vce-row-content--top\" id=\"el-9ebc77ab\" data-vce-do-apply=\"all el-9ebc77ab\"><div class=\"vce-row-content\" data-vce-element-content=\"true\"><div class=\"vce-col vce-col--md-50p vce-col--xs-1 vce-col--xs-last vce-col--xs-first vce-col--sm-last vce-col--sm-first vce-col--md-first vce-col--lg-first vce-col--xl-first\" id=\"el-e2a1f750\" data-vce-do-apply=\"background border el-e2a1f750\"><div class=\"vce-col-inner\" data-vce-element-content=\"true\" data-vce-do-apply=\"padding margin  el-e2a1f750\"><div class=\"vce-single-image-container vce-single-image--align-left\"><div class=\"vce vce-single-image-wrapper\" id=\"el-ef50bf35\" data-vce-do-apply=\"all el-ef50bf35\"><figure><div class=\"vce-single-image-inner\"><img class=\"vce-single-image\" data-width=\"600\" data-height=\"400\"src=\"https:\/\/www.related.dk\/macao-tradekit\/wp-content\/uploads\/2018\/11\/st-pauls-600x400.jpg\" data-img-src=\"https:\/\/www.related.dk\/macao-tradekit\/wp-content\/uploads\/2018\/11\/st-pauls.jpg\" alt=\"\" title=\"st pauls\"\/><\/div><\/figure><\/div><\/div><\/div><\/div><div class=\"vce-col vce-col--md-50p vce-col--xs-1 vce-col--xs-last vce-col--xs-first vce-col--sm-last vce-col--sm-first vce-col--md-last vce-col--lg-last vce-col--xl-last\" id=\"el-87f31fc7\" data-vce-do-apply=\"background border el-87f31fc7\"><div class=\"vce-col-inner\" data-vce-element-content=\"true\" data-vce-do-apply=\"padding margin  el-87f31fc7\"><div class=\"vce-single-image-container vce-single-image--align-left\"><div class=\"vce vce-single-image-wrapper\" id=\"el-c68397a6\" data-vce-do-apply=\"all el-c68397a6\"><figure><div class=\"vce-single-image-inner\"><img class=\"vce-single-image\" data-width=\"600\" data-height=\"400\"src=\"https:\/\/www.related.dk\/macao-tradekit\/wp-content\/uploads\/2018\/11\/dag-1_1-600x400.jpg\" data-img-src=\"https:\/\/www.related.dk\/macao-tradekit\/wp-content\/uploads\/2018\/11\/dag-1_1.jpg\" alt=\"\" title=\"dag 1_1\"\/><\/div><\/figure><\/div><\/div><\/div><\/div><\/div><\/div><\/div><div class=\"vce-row-container\"><div class=\"vce-row vce-row--col-gap-30 vce-row-columns--top vce-row-content--top\" id=\"el-0eff77df\" data-vce-do-apply=\"all el-0eff77df\"><div class=\"vce-row-content\" data-vce-element-content=\"true\"><div class=\"vce-col vce-col--md-auto vce-col--xs-1 vce-col--xs-last vce-col--xs-first vce-col--sm-last vce-col--sm-first vce-col--md-last vce-col--lg-last vce-col--xl-last vce-col--md-first vce-col--lg-first vce-col--xl-first\" id=\"el-e083deea\" data-vce-do-apply=\"background border el-e083deea\"><div class=\"vce-col-inner\" data-vce-element-content=\"true\" data-vce-do-apply=\"padding margin  el-e083deea\"><div class=\"vce-text-block\"><div class=\"vce-text-block-wrapper vce\" id=\"el-2031864e\" data-vce-do-apply=\"all el-2031864e\"><h2>Dag 2: Flere historiske skatte<\/h2><p>Efter at have bes\u00f8gt de mest ikoniske steder i det historiske centrum, er det nu tid til at blive endnu klogere p\u00e5 Macaos historie og kulturarv \u2013 og samtidig opleve det nye Macao.<\/p><h3>Formiddag + eftermiddag:<\/h3><ul><li><strong>Lin Fong Temple<\/strong> (Temple of Lotus) er bygget i 1592 og for nylig restaureret. Stedet er historisk kendt som det sted, hvor kinesiske embedsm\u00e6nd boede, n\u00e5r de ankom til Macao.<\/li><li><strong>Kun Iam Temple<\/strong> er et buddhistisk tempel skabt i det 13. \u00e5rhundrede. Den nuv\u00e6rende bygning kan dateres tilbage til 1627.<\/li><li><strong>Memorial House of Dr. Sun Yat-Sen<\/strong> er det tidligere hjem for Dr. Sun Yat-Sen \u2013 en af de b\u00e6rende kr\u00e6fter bag den kinesisk-republikanske revolution (Xinhai), som omstyrtede Qingdynastiet, der s\u00e5ledes blev det sidste kinesiske dynasti.<\/li><li><strong>Cam\u00f5es Garden<\/strong> er en have fra det 18. \u00e5rhundrede, der i dag b\u00e5de huser <strong>Old Protestant Cemetery<\/strong>, hvor adskillige k\u00f8bm\u00e6nd og mission\u00e6rer ligger begravet, en kinesisk pavillon samt en stor have, hvor de lokale m\u00f8des til morgen-tai chi.<\/li><li><strong>St Anthony Church<\/strong> er en af Macaos \u00e6ldste kirker. Den blev bygget i bambus og tr\u00e6 i 1560 og er siden da blevet renoveret og rekonstrueret flere gange. Den nuv\u00e6rende kirke kan dateres tilbage til 1930.<\/li><li><strong>Tam Kong Temple<\/strong> er dedikeret til s\u00f8farernes gud, Tam Kong. Templet er is\u00e6r kendt for sin r\u00f8de farve og den lange drageb\u00e5dsmodel skabt af hvalknogler, der kan opleves inde i templet.<\/li><li><strong>5 de Outubro Street<\/strong> er en historisk gade med alt fra kinesiske urter og h\u00e5ndlavede nudler til lokale delikatesser og kaffebarer.<\/li><\/ul><h3>Aften<\/h3><ul><li>Bes\u00f8g de store resorts i <strong>Cotai<\/strong>, der gemmer p\u00e5 verdensklasse underholdning, casinoer, restauranter og shopping - og m\u00e6rk kontrasten mellem det nye og det historiske Macao.<\/li><\/ul><\/div><\/div><\/div><\/div><\/div><\/div><\/div><div class=\"vce-row-container\"><div class=\"vce-row vce-row--col-gap-30 vce-row-columns--top vce-row-content--top\" id=\"el-354e80e4\" data-vce-do-apply=\"all el-354e80e4\"><div class=\"vce-row-content\" data-vce-element-content=\"true\"><div class=\"vce-col vce-col--md-50p vce-col--xs-1 vce-col--xs-last vce-col--xs-first vce-col--sm-last vce-col--sm-first vce-col--md-first vce-col--lg-first vce-col--xl-first\" id=\"el-4bc40d55\" data-vce-do-apply=\"background border el-4bc40d55\"><div class=\"vce-col-inner\" data-vce-element-content=\"true\" data-vce-do-apply=\"padding margin  el-4bc40d55\"><div class=\"vce-single-image-container vce-single-image--align-left\"><div class=\"vce vce-single-image-wrapper\" id=\"el-3144f168\" data-vce-do-apply=\"all el-3144f168\"><figure><div class=\"vce-single-image-inner\"><img class=\"vce-single-image\" data-width=\"600\" data-height=\"400\"src=\"https:\/\/www.related.dk\/macao-tradekit\/wp-content\/uploads\/2018\/11\/eiffel_hori-600x400.jpg\" data-img-src=\"https:\/\/www.related.dk\/macao-tradekit\/wp-content\/uploads\/2018\/11\/eiffel_hori.jpg\" alt=\"\" title=\"eiffel_hori\"\/><\/div><\/figure><\/div><\/div><\/div><\/div><div class=\"vce-col vce-col--md-50p vce-col--xs-1 vce-col--xs-last vce-col--xs-first vce-col--sm-last vce-col--sm-first vce-col--md-last vce-col--lg-last vce-col--xl-last\" id=\"el-6564c659\" data-vce-do-apply=\"background border el-6564c659\"><div class=\"vce-col-inner\" data-vce-element-content=\"true\" data-vce-do-apply=\"padding margin  el-6564c659\"><div class=\"vce-single-image-container vce-single-image--align-left\"><div class=\"vce vce-single-image-wrapper\" id=\"el-42eb292c\" data-vce-do-apply=\"all el-42eb292c\"><figure><div class=\"vce-single-image-inner\"><img class=\"vce-single-image\" data-width=\"600\" data-height=\"400\"src=\"https:\/\/www.related.dk\/macao-tradekit\/wp-content\/uploads\/2018\/11\/DSC07510_night-600x400.jpg\" data-img-src=\"https:\/\/www.related.dk\/macao-tradekit\/wp-content\/uploads\/2018\/11\/DSC07510_night.jpg\" alt=\"\" title=\"DSC07510_night\"\/><\/div><\/figure><\/div><\/div><\/div><\/div><\/div><\/div><\/div><div class=\"vce-row-container\"><div class=\"vce-row vce-row--col-gap-30 vce-row-columns--top vce-row-content--top\" id=\"el-673b4d7b\" data-vce-do-apply=\"all el-673b4d7b\"><div class=\"vce-row-content\" data-vce-element-content=\"true\"><div class=\"vce-col vce-col--md-auto vce-col--xs-1 vce-col--xs-last vce-col--xs-first vce-col--sm-last vce-col--sm-first vce-col--md-last vce-col--lg-last vce-col--xl-last vce-col--md-first vce-col--lg-first vce-col--xl-first\" id=\"el-a8487498\" data-vce-do-apply=\"background border el-a8487498\"><div class=\"vce-col-inner\" data-vce-element-content=\"true\" data-vce-do-apply=\"padding margin  el-a8487498\"><div class=\"vce-text-block\"><div class=\"vce-text-block-wrapper vce\" id=\"el-f87c2efc\" data-vce-do-apply=\"all el-f87c2efc\"><h2>Dag 3: Coloane og Taipa<\/h2><p>P\u00e5 g\u00e5- eller cykeltur rundt i det autentiske Macao.<\/p><h3>Formiddag<\/h3><p>Bes\u00f8g omr\u00e5det Taipa, der er en skattekiste af butikker, traditionelle cafeer, souvenirshops og meget mere. G\u00e5 en tur rundt i omr\u00e5det, der gemmer p\u00e5 en masse historiske bygninger og giver et glimt af det tidligere landsbyliv i omr\u00e5det. <\/p><ul><li><strong>Taipa Houses<\/strong> er bygget i portugisisk stil og opf\u00f8rt i 1921 som bolig til h\u00f8jtst\u00e5ende embedsm\u00e6nd.<\/li><li><strong>Museum of Taipa and Coloane History<\/strong> er det tidligere r\u00e5dhus, som siden 2006 har fungeret som museum. Her kan man se flere ark\u00e6ologiske fund fra Macao.<\/li><li>K\u00f8b evt. frokost hos en af de <strong>lokale madboder<\/strong> uden for museet og nyd maden midt i den gamle Taipa-landsby.<\/li><li><strong>Pak Tai Temple<\/strong> er et af de mest bem\u00e6rkelsesv\u00e6rdige templer i Taipa. Her har de lokale nemlig mulighed for at tilbyde ofringer og gaver til guderne, hvilket ikke ses meget i dette omr\u00e5de.<\/li><li>Ved siden af Pak Tai kan man<strong> leje en cykel<\/strong>, der g\u00f8r det muligt at udforske den gamle bydel p\u00e5 to hjul.<\/li><li>Cykel (eller g\u00e5) fx forbi den fine katolske kirke, <strong>Our Lady of Camo Church<\/strong>, der ligger p\u00e5 en bakketop med udsigt over Taipa.<\/li><\/ul><p><strong>Tips til Taipa:<\/strong><\/p><ul><li>N\u00e5r energidepoterne skal tankes op undervejs, har Taipa b\u00e5de is- og kaffebarer samt forskellige restauranter, der serverer alt fra kinesisk og thai til portugisisk.<\/li><li>Husk at k\u00f8be de fam\u00f8se mandelcookies, der er en Taipa-specialitet, i en af de lokale bagere!<\/li><\/ul><p><a href=\"http:\/\/en.macaotourism.gov.mo\/plan\/walking_tours.php?id=1335\" target=\"_blank\" rel=\"noopener\">Se et forslag til en g\u00e5tur inkl. tips til restauranter i omr\u00e5det her.<\/a><\/p><h3>Eftermiddag<\/h3><p><span style=\"font-size: 1rem;\">Udforsk den gamle fiskerlandsby Coloane og genoplev en svunden tid.<\/span><\/p><ul><li><strong>Largo do Presidente Ant\u00f3nio Ramalho Eanes<\/strong> \u2013 et lille torv opkaldt efter den portugisiske pr\u00e6sident Ant\u00f3nio Ramalho Eanes. Torvet er velbes\u00f8gt af de lokale, som kommer her for at k\u00f8be skaldyr, \u00e6gget\u00e6rter eller andre lokale specialiteter i en af de mange lokale boder.<\/li><li><strong>Coloane Library<\/strong> \u2013 den tidligere lokale skole i Coloane, som i dag er et hyggeligt sted at sl\u00e5 sig ned med en bog. Her kan man ogs\u00e5 leje en cykel, der g\u00f8r det nemmere at udforske udkanten af landsbyen og dermed genopleve en svunden tid \u2013 dengang Coloane var en fiskerlandsby.<\/li><li><strong>Coloanes 4 templer<\/strong> \u2013 Ancient Temple of Kun Iam, Tin Hau Ancient Temple, Tam Kong Temple og Sam Seng Temple er de fire mest anvendte templer i Coloane. Ved sidstn\u00e6vnte, der ligger i den nordlige del af landsbyen, finder man de traditionelle p\u00e6lehuse, der ligger p\u00e5 p\u00e6le langs kysten.<\/li><li><strong>Lord Stow\u2019s Bakery<\/strong> \u2013 Macaos mest ikoniske bageri, der har solgt portugisiske \u00e6gget\u00e6rter (Past\u00e9is de Nata) siden 1989.<\/li><\/ul><p><a href=\"http:\/\/en.macaotourism.gov.mo\/plan\/walking_tours.php?id=1336\" target=\"_blank\" rel=\"noopener\">Se et forslag p\u00e5 en g\u00e5tur inkl. tips til restauranter i Coloane her<\/a><\/p><\/div><\/div><\/div><\/div><\/div><\/div><\/div><div class=\"vce-row-container\"><div class=\"vce-row vce-row--col-gap-30 vce-row-columns--top vce-row-content--top\" id=\"el-e58c76f1\" data-vce-do-apply=\"all el-e58c76f1\"><div class=\"vce-row-content\" data-vce-element-content=\"true\"><div class=\"vce-col vce-col--md-50p vce-col--xs-1 vce-col--xs-last vce-col--xs-first vce-col--sm-last vce-col--sm-first vce-col--md-first vce-col--lg-first vce-col--xl-first\" id=\"el-2651c298\" data-vce-do-apply=\"background border el-2651c298\"><div class=\"vce-col-inner\" data-vce-element-content=\"true\" data-vce-do-apply=\"padding margin  el-2651c298\"><div class=\"vce-single-image-container vce-single-image--align-left\"><div class=\"vce vce-single-image-wrapper\" id=\"el-5765e0f2\" data-vce-do-apply=\"all el-5765e0f2\"><figure><div class=\"vce-single-image-inner\"><img class=\"vce-single-image\" data-width=\"600\" data-height=\"400\"src=\"https:\/\/www.related.dk\/macao-tradekit\/wp-content\/uploads\/2018\/11\/coloane_1-600x400.jpg\" data-img-src=\"https:\/\/www.related.dk\/macao-tradekit\/wp-content\/uploads\/2018\/11\/coloane_1.jpg\" alt=\"\" title=\"coloane_1\"\/><\/div><\/figure><\/div><\/div><\/div><\/div><div class=\"vce-col vce-col--md-50p vce-col--xs-1 vce-col--xs-last vce-col--xs-first vce-col--sm-last vce-col--sm-first vce-col--md-last vce-col--lg-last vce-col--xl-last\" id=\"el-01555b6e\" data-vce-do-apply=\"background border el-01555b6e\"><div class=\"vce-col-inner\" data-vce-element-content=\"true\" data-vce-do-apply=\"padding margin  el-01555b6e\"><div class=\"vce-single-image-container vce-single-image--align-left\"><div class=\"vce vce-single-image-wrapper\" id=\"el-7087973f\" data-vce-do-apply=\"all el-7087973f\"><figure><div class=\"vce-single-image-inner\"><img class=\"vce-single-image\" data-width=\"600\" data-height=\"400\"src=\"https:\/\/www.related.dk\/macao-tradekit\/wp-content\/uploads\/2018\/11\/coloane_2-600x400.jpg\" data-img-src=\"https:\/\/www.related.dk\/macao-tradekit\/wp-content\/uploads\/2018\/11\/coloane_2.jpg\" alt=\"\" title=\"coloane_2\"\/><\/div><\/figure><\/div><\/div><\/div><\/div><\/div><\/div><\/div>\n","protected":false},"excerpt":{"rendered":"<p>DET HISTORISKE MACAOFor de kultur- og historieinteresserede byder Macao p\u00e5 et ret unikt mix af europ\u00e6isk og asiatisk kultur og arkitektur, hvor indflydelsen fra b\u00e5de Kina og Portugal er tydelig.&nbsp;Dag 1: Det historiske centrumUdforsk Macaos historiske centrum, som i 2005 blev optaget p\u00e5 UNESCOs verdensarvsliste.Formiddag + eftermiddagBes\u00f8g Macaos historiske centrum, der er p\u00e5 UNESCO-listen, og &hellip; <\/p>\n<p class=\"link-more\"><a href=\"https:\/\/www.related.dk\/macao-tradekit\/oplevelser\/det-historiske-macao-3-dage\/\" class=\"more-link\">L\u00e6s videre<span class=\"screen-reader-text\"> &#8220;Det historiske Macao (3 dage)&#8221;<\/span><\/a><\/p>\n","protected":false},"author":2,"featured_media":0,"parent":406,"menu_order":0,"comment_status":"closed","ping_status":"closed","template":"","meta":[],"_links":{"self":[{"href":"https:\/\/www.related.dk\/macao-tradekit\/wp-json\/wp\/v2\/pages\/460"}],"collection":[{"href":"https:\/\/www.related.dk\/macao-tradekit\/wp-json\/wp\/v2\/pages"}],"about":[{"href":"https:\/\/www.related.dk\/macao-tradekit\/wp-json\/wp\/v2\/types\/page"}],"author":[{"embeddable":true,"href":"https:\/\/www.related.dk\/macao-tradekit\/wp-json\/wp\/v2\/users\/2"}],"replies":[{"embeddable":true,"href":"https:\/\/www.related.dk\/macao-tradekit\/wp-json\/wp\/v2\/comments?post=460"}],"version-history":[{"count":8,"href":"https:\/\/www.related.dk\/macao-tradekit\/wp-json\/wp\/v2\/pages\/460\/revisions"}],"predecessor-version":[{"id":1034,"href":"https:\/\/www.related.dk\/macao-tradekit\/wp-json\/wp\/v2\/pages\/460\/revisions\/1034"}],"up":[{"embeddable":true,"href":"https:\/\/www.related.dk\/macao-tradekit\/wp-json\/wp\/v2\/pages\/406"}],"wp:attachment":[{"href":"https:\/\/www.related.dk\/macao-tradekit\/wp-json\/wp\/v2\/media?parent=460"}],"curies":[{"name":"wp","href":"https:\/\/api.w.org\/{rel}","templated":true}]}}