{"id":377,"date":"2018-11-20T16:21:09","date_gmt":"2018-11-20T16:21:09","guid":{"rendered":"http:\/\/www.related.dk\/macao-tradekit\/?page_id=377"},"modified":"2018-11-23T13:34:07","modified_gmt":"2018-11-23T13:34:07","slug":"macao-for-madoerer","status":"publish","type":"page","link":"https:\/\/www.related.dk\/macao-tradekit\/oplevelser\/macao-for-madoerer\/","title":{"rendered":"Macao for mad\u00f8rer"},"content":{"rendered":"<div class=\"vce-row-container\"><div class=\"vce-row vce-row--col-gap-30 vce-row-columns--top vce-row-content--top\" id=\"el-80975036\" data-vce-do-apply=\"all el-80975036\"><div class=\"vce-row-content\" data-vce-element-content=\"true\"><div class=\"vce-col vce-col--md-auto vce-col--xs-1 vce-col--xs-last vce-col--xs-first vce-col--sm-last vce-col--sm-first vce-col--md-last vce-col--lg-last vce-col--xl-last vce-col--md-first vce-col--lg-first vce-col--xl-first\" id=\"el-71a7a913\" data-vce-do-apply=\"background border el-71a7a913\"><div class=\"vce-col-inner\" data-vce-element-content=\"true\" data-vce-do-apply=\"padding margin  el-71a7a913\"><section class=\"vce-hero-section-container vce-hero-section-media--xs vce-hero-section-media--sm vce-hero-section-media--md vce-hero-section-media--lg\"><div class=\"vce vce-hero-section vce-hero-section--alignment-start\" id=\"el-49d9a385\" data-vce-do-apply=\"margin background border  el-49d9a385\"><div class=\"vce-hero-section--wrap-row vce-hero-section--background-position-center-center\" style=\"background-image: url('https:\/\/www.related.dk\/macao-tradekit\/wp-content\/uploads\/2018\/11\/Banner_DSC07269_mad.jpg');\"><div class=\"vce-hero-section--wrap\"><div class=\"vce-hero-section--content\" data-vce-do-apply=\"padding el-49d9a385\"><div class=\"vce-hero-section--content-container\"><h1><strong>MACAO FOR MAD\u00d8RER<\/strong><\/h1><p>Macao har ikke mindre end 19 Michelin-restauranter og 12 Michelin-anbefalede gadek\u00f8kkener.<\/p><\/div><\/div><\/div><\/div><\/div><\/section><\/div><\/div><\/div><\/div><\/div><div class=\"vce-row-container\"><div class=\"vce-row vce-row--col-gap-30 vce-row-columns--top vce-row-content--top\" id=\"el-17bcd765\" data-vce-do-apply=\"all el-17bcd765\"><div class=\"vce-row-content\" data-vce-element-content=\"true\"><div class=\"vce-col vce-col--md-auto vce-col--xs-1 vce-col--xs-last vce-col--xs-first vce-col--sm-last vce-col--sm-first vce-col--md-last vce-col--lg-last vce-col--xl-last vce-col--md-first vce-col--lg-first vce-col--xl-first\" id=\"el-78ba8a4b\" data-vce-do-apply=\"background border el-78ba8a4b\"><div class=\"vce-col-inner\" data-vce-element-content=\"true\" data-vce-do-apply=\"padding margin  el-78ba8a4b\"><div class=\"vce-text-block\"><div class=\"vce-text-block-wrapper vce\" id=\"el-35188c55\" data-vce-do-apply=\"all el-35188c55\"><p>Macao er et mekka for madelskere og gemmer p\u00e5 madoplevelser fra hele verden. Faktisk blev byen i slutningen af 2017 optaget p\u00e5 UNESCOs liste over \u201dCreative Cities Network\u201d (UCCN) \u2013 netop pga. sin gastronomi.<\/p><h4>Unik historie<\/h4><p>Madkulturen i Macao b\u00e6rer tydeligt pr\u00e6g af byens unikke historie: I det 16. og 17. \u00e5rhundrede etablerede de portugisere, der p\u00e5 dav\u00e6rende tidspunkt boede i Macao, nemlig en sejlrute \u00f8stp\u00e5. Ad den vej bragte afrikanske og indiske k\u00f8bm\u00e6nd adskillige eksotiske krydderier og madkulturer til Macao.<br>Samtidig blev mange portugisere gift med lokale kinesere i Macao. P\u00e5 den m\u00e5de smeltede forskellige eksotiske ingredienser som karry, kokosm\u00e6lk, nelliker og kanel \u2013 og de kinesiske tilberedningsmetoder \u2013 over tid sammen med den traditionelle portugisiske madkultur. Blandt de mest popul\u00e6re macanske retter er i dag afrikansk kylling og macanske chili-rejer.<\/p><h4>Michelin-mad<\/h4><p>Macaos Michelin-restauranter sp\u00e6nder fra den 3-stjernede The Eight, der kombinerer kantonesisk og huiyang-kogekunst, til 1-stjernede hit-steder som Shinji by Kanesaka, der serverer fantastisk sushi, og The Kitchen, der har specialiseret sig i flammegrillet k\u00f8d.<\/p><p><a href=\"https:\/\/guide.michelin.com\/hk\/en\/hong-kong-macau\/dining-out\/11-michelin-listed-portuguese-restaurants-in-macau\/news\" target=\"_blank\" rel=\"noopener\">Se fx 11 forslag til Michelin-restauranter med portugisisk mad her.<\/a><\/p><h4>Streetfood<\/h4><p>Af street food-hits kan bl.a. n\u00e6vnes Lei Ka Choi, der serverer traditionelle kantonesiske retter i lersk\u00e5le, eller Ving Kei, der har specialiseret sig i mad med tofu \u2013 inkl. tofu-\u00f8l og -desserter.<\/p><p><a href=\"https:\/\/theculturetrip.com\/asia\/china\/articles\/the-best-street-food-stalls-in-macau\/\" target=\"_blank\" rel=\"noopener\">Se fx denne guide til street food i Macao.<\/a><\/p><h4>Internationale restauranter<\/h4><p>I omr\u00e5det Cotai, der huser st\u00f8rstedelen af de store, internationale resorts i Macao, finder man et stort udvalg af internationale restauranter i alle st\u00f8rrelser og prisklasser.<\/p><h4>Bagerier<\/h4><p>Har man brug for en bid mad p\u00e5 farten, er Macao ogs\u00e5 kendt for sine bagerier, der serverer specialiteter som mandel-cookies, for\u00e5rsruller, peanut- og sesamslik samt \u00e6gget\u00e6rter (portugisiske Past\u00e9is de Nata).<\/p><p>Det er sv\u00e6rt at v\u00e6lge et forkert bageri, men det mest ikoniske m\u00e5 v\u00e6re Lord Stow\u2019s Bakery, der blev \u00e5bnet af engl\u00e6nderen Andrew Stow i omr\u00e5det Coloane i 1989 og i dag har flere butikker rundt omkring i Macao.<\/p><p>Taipa er is\u00e6r kendt for sine traditionelle cookies, som kan k\u00f8bes flere steder i den gamle landsby.<\/p><h4>Broadway Food Street<\/h4><p>Broadway Food Street er byens f\u00f8rste overd\u00e6kkede street food-marked og har alt fra lokale restauranter til popul\u00e6re asiatiske restaurant-brands samt Michelin-restauranter.<\/p><h4>Lokalt marked<\/h4><p>Red Market er et af de mest bes\u00f8gte markeder i Macao. Her kommer de lokale for at k\u00f8be alt fra k\u00f8d, fisk og gr\u00f8ntsager til andre madvarer og husholdningsartikler. I gaderne omkring det tre etager store marked s\u00e6lger stadeholdere alt fra mad til t\u00f8j og tasker.<\/p><h4>Traditionsrig gade<\/h4><p>P\u00e5 gaden \u201d5 de Outubro Street\u201d finder man alt fra kinesiske urter og h\u00e5ndlavede nudler til lokale delikatesser og kaffebarer.<\/p><h4>Food Festival<\/h4><p>Hvert \u00e5r i november fejrer Macao sin kulinariske arv med en to uger lang <a href=\"http:\/\/en.macaotourism.gov.mo\/events\/majorevent_detail.php?id=6\" target=\"_blank\" rel=\"noopener\">Food Festival<\/a>, der i 2018 blev afholdt for 18. gang.<\/p><\/div><\/div><\/div><\/div><\/div><\/div><\/div><div class=\"vce-row-container\"><div class=\"vce-row vce-row--col-gap-30 vce-row-columns--top vce-row-content--top\" id=\"el-677446dd\" data-vce-do-apply=\"all el-677446dd\"><div class=\"vce-row-content\" data-vce-element-content=\"true\"><div class=\"vce-col vce-col--md-50p vce-col--xs-1 vce-col--xs-last vce-col--xs-first vce-col--sm-last vce-col--sm-first vce-col--md-first vce-col--lg-first vce-col--xl-first\" id=\"el-7e239e28\" data-vce-do-apply=\"background border el-7e239e28\"><div class=\"vce-col-inner\" data-vce-element-content=\"true\" data-vce-do-apply=\"padding margin  el-7e239e28\"><div class=\"vce-single-image-container vce-single-image--align-left\"><div class=\"vce vce-single-image-wrapper\" id=\"el-cbbb9fb0\" data-vce-do-apply=\"all el-cbbb9fb0\"><figure><div class=\"vce-single-image-inner\"><img class=\"vce-single-image\" data-width=\"600\" data-height=\"400\"src=\"https:\/\/www.related.dk\/macao-tradekit\/wp-content\/uploads\/2018\/11\/madbod-600x400.jpg\" data-img-src=\"https:\/\/www.related.dk\/macao-tradekit\/wp-content\/uploads\/2018\/11\/madbod.jpg\" alt=\"\" title=\"madbod\"\/><\/div><\/figure><\/div><\/div><\/div><\/div><div class=\"vce-col vce-col--md-50p vce-col--xs-1 vce-col--xs-last vce-col--xs-first vce-col--sm-last vce-col--sm-first vce-col--md-last vce-col--lg-last vce-col--xl-last\" id=\"el-fb803efe\" data-vce-do-apply=\"background border el-fb803efe\"><div class=\"vce-col-inner\" data-vce-element-content=\"true\" data-vce-do-apply=\"padding margin  el-fb803efe\"><div class=\"vce-single-image-container vce-single-image--align-left\"><div class=\"vce vce-single-image-wrapper\" id=\"el-d2a22f7c\" data-vce-do-apply=\"all el-d2a22f7c\"><figure><div class=\"vce-single-image-inner\"><img class=\"vce-single-image\" data-width=\"1024\" data-height=\"682\"src=\"https:\/\/www.related.dk\/macao-tradekit\/wp-content\/uploads\/2018\/11\/Macau-79-1024x682.jpg\" data-img-src=\"https:\/\/www.related.dk\/macao-tradekit\/wp-content\/uploads\/2018\/11\/Macau-79.jpg\" alt=\"\" title=\"Macau-79\"\/><\/div><\/figure><\/div><\/div><\/div><\/div><\/div><\/div><\/div>\n","protected":false},"excerpt":{"rendered":"<p>MACAO FOR MAD\u00d8RERMacao har ikke mindre end 19 Michelin-restauranter og 12 Michelin-anbefalede gadek\u00f8kkener.Macao er et mekka for madelskere og gemmer p\u00e5 madoplevelser fra hele verden. Faktisk blev byen i slutningen af 2017 optaget p\u00e5 UNESCOs liste over \u201dCreative Cities Network\u201d (UCCN) \u2013 netop pga. sin gastronomi.Unik historieMadkulturen i Macao b\u00e6rer tydeligt pr\u00e6g af byens unikke &hellip; <\/p>\n<p class=\"link-more\"><a href=\"https:\/\/www.related.dk\/macao-tradekit\/oplevelser\/macao-for-madoerer\/\" class=\"more-link\">L\u00e6s videre<span class=\"screen-reader-text\"> &#8220;Macao for mad\u00f8rer&#8221;<\/span><\/a><\/p>\n","protected":false},"author":2,"featured_media":0,"parent":406,"menu_order":0,"comment_status":"closed","ping_status":"closed","template":"","meta":[],"_links":{"self":[{"href":"https:\/\/www.related.dk\/macao-tradekit\/wp-json\/wp\/v2\/pages\/377"}],"collection":[{"href":"https:\/\/www.related.dk\/macao-tradekit\/wp-json\/wp\/v2\/pages"}],"about":[{"href":"https:\/\/www.related.dk\/macao-tradekit\/wp-json\/wp\/v2\/types\/page"}],"author":[{"embeddable":true,"href":"https:\/\/www.related.dk\/macao-tradekit\/wp-json\/wp\/v2\/users\/2"}],"replies":[{"embeddable":true,"href":"https:\/\/www.related.dk\/macao-tradekit\/wp-json\/wp\/v2\/comments?post=377"}],"version-history":[{"count":8,"href":"https:\/\/www.related.dk\/macao-tradekit\/wp-json\/wp\/v2\/pages\/377\/revisions"}],"predecessor-version":[{"id":1380,"href":"https:\/\/www.related.dk\/macao-tradekit\/wp-json\/wp\/v2\/pages\/377\/revisions\/1380"}],"up":[{"embeddable":true,"href":"https:\/\/www.related.dk\/macao-tradekit\/wp-json\/wp\/v2\/pages\/406"}],"wp:attachment":[{"href":"https:\/\/www.related.dk\/macao-tradekit\/wp-json\/wp\/v2\/media?parent=377"}],"curies":[{"name":"wp","href":"https:\/\/api.w.org\/{rel}","templated":true}]}}