{"id":368,"date":"2018-11-20T15:42:02","date_gmt":"2018-11-20T15:42:02","guid":{"rendered":"http:\/\/www.related.dk\/macao-tradekit\/?page_id=368"},"modified":"2018-11-21T12:50:22","modified_gmt":"2018-11-21T12:50:22","slug":"1-dag-i-macao","status":"publish","type":"page","link":"https:\/\/www.related.dk\/macao-tradekit\/oplevelser\/1-dag-i-macao\/","title":{"rendered":"1 dag i Macao"},"content":{"rendered":"<div class=\"vce-row-container\"><div class=\"vce-row vce-row--col-gap-30 vce-row-columns--top vce-row-content--top\" id=\"el-476ac9ba\" data-vce-do-apply=\"all el-476ac9ba\"><div class=\"vce-row-content\" data-vce-element-content=\"true\"><div class=\"vce-col vce-col--md-auto vce-col--xs-1 vce-col--xs-last vce-col--xs-first vce-col--sm-last vce-col--sm-first vce-col--md-last vce-col--lg-last vce-col--xl-last vce-col--md-first vce-col--lg-first vce-col--xl-first\" id=\"el-45c48d12\" data-vce-do-apply=\"background border el-45c48d12\"><div class=\"vce-col-inner\" data-vce-element-content=\"true\" data-vce-do-apply=\"padding margin  el-45c48d12\"><section class=\"vce-hero-section-container vce-hero-section-media--xs vce-hero-section-media--sm vce-hero-section-media--md vce-hero-section-media--lg\"><div class=\"vce vce-hero-section vce-hero-section--alignment-start\" id=\"el-91b9f817\" data-vce-do-apply=\"margin background border  el-91b9f817\"><div class=\"vce-hero-section--wrap-row vce-hero-section--background-position-center-center\" style=\"background-image: url('https:\/\/www.related.dk\/macao-tradekit\/wp-content\/uploads\/2018\/11\/Banner_MTB_Jacob_Photo-0267_1dag-i-Macao.jpg');\"><div class=\"vce-hero-section--wrap\"><div class=\"vce-hero-section--content\" data-vce-do-apply=\"padding el-91b9f817\"><div class=\"vce-hero-section--content-container\"><h1><strong>1 DAG I MACAO<\/strong><\/h1><p>Har man kun en enkelt dag til r\u00e5dighed i Macao \u2013 enten som en del af en forretningsrejse eller storbyferie i Hongkong, eller som stop-over p\u00e5 vej mod en anden destination \u2013 er her en r\u00e6kke forslag til \u201dmust sees\u201d i den asiatiske underholdningsmetropol.<\/p><\/div><\/div><\/div><\/div><\/div><\/section><\/div><\/div><\/div><\/div><\/div><div class=\"vce-row-container\"><div class=\"vce-row vce-row--col-gap-30 vce-row-columns--top vce-row-content--top\" id=\"el-314d3aff\" data-vce-do-apply=\"all el-314d3aff\"><div class=\"vce-row-content\" data-vce-element-content=\"true\"><div class=\"vce-col vce-col--md-auto vce-col--xs-1 vce-col--xs-last vce-col--xs-first vce-col--sm-last vce-col--sm-first vce-col--md-last vce-col--lg-last vce-col--xl-last vce-col--md-first vce-col--lg-first vce-col--xl-first\" id=\"el-6885929c\" data-vce-do-apply=\"background border el-6885929c\"><div class=\"vce-col-inner\" data-vce-element-content=\"true\" data-vce-do-apply=\"padding margin  el-6885929c\"><div class=\"vce-text-block\"><div class=\"vce-text-block-wrapper vce\" id=\"el-0583df4a\" data-vce-do-apply=\"all el-0583df4a\"><h2>Formiddag p\u00e5 Macao-halv\u00f8en<\/h2><p>Brug formiddagen p\u00e5 at udforske Macaos historiske centrum og m\u00e6rke historiens vingesus ved bl.a. at bes\u00f8ge disse steder:<\/p><ul><li><strong>Ruins of St. Paul\u2019s<\/strong> er ruinerne af kirken St. Paul\u2019s, der blev bygget i perioden 1602-1640. Kirken var en del af St. Paul\u2019s College \u2013 det f\u00f8rste vestlige universitet i Fjern\u00f8sten. I dag st\u00e5r kun kirkens facade tilbage.<\/li><li><strong>Na Tcha Temple<\/strong> er et lille, traditionelt kinesisk tempel bygget i 1888 for at \u00e6re guden Na Tcha. Templet er opf\u00f8rt i simple materialer og ligger t\u00e6t p\u00e5 St. Paul\u2019s-kirken. Omr\u00e5det symboliserer dermed m\u00f8det mellem de vestlige og kinesiske religioner samt den religionsfrihed og multikulturelle \u00e5benhed, der kendetegner Macao.<\/li><li>G\u00e5 langs <strong>\u201cLover\u2019s Lane\u201d<\/strong> \u2013 en smal brostensgade omgivet af romantiske pastelfarvede huse, ned mod <strong>Senado Square<\/strong>, der har v\u00e6ret Macaos hjerte siden det 16. \u00e5rhundrede og er kendt for sit karakteristiske m\u00f8nster af sorte og hvide brosten. Torvet er i dag centrum for en lang r\u00e6kke offentlige events og festivaler.<\/li><li>Ikke langt fra torvet ligger <strong>St. Dominic\u2019s Church<\/strong>. Her kan man beundre kirkens lysegule farve, mens man nyder en bid mad eller f\u00e5r lidt at drikke fra en af de mange boder omkring kirken.<\/li><li><strong>Lou Kau Mansion<\/strong> er bygget omkring \u00e5r 1889 og var bolig for den prominente kinesiske forretningsmand Lou Kau. Et typisk eksempel p\u00e5 kinesisk \u201cXiguan\u201d-arkitektur.<\/li><li><strong>Rua de Felicidade<\/strong> er det tidligere \u201cred light district\u201d \u2013 og i dag det ideelle sted at finde lokale delikatesser og souvenirs.<\/li><li><strong>Guia Fortress<\/strong> er et fort bygget i 1622 p\u00e5 Macaos h\u00f8jeste punkt. Foruden den gode udsigt er fortet bl.a. kendt for sit kapel og sit fyrt\u00e5rn.<\/li><li><strong>Lou Lim Ieoc Garden<\/strong> er bygget i 1800-tallet efter Suzhou-principperne og er den mest kinesiske af alle Macaos haver.<\/li><\/ul><\/div><\/div><div class=\"vce-row-container\"><div class=\"vce-row vce-row--col-gap-30 vce-row-columns--top vce-row-content--top\" id=\"el-49e4461d\" data-vce-do-apply=\"all el-49e4461d\"><div class=\"vce-row-content\" data-vce-element-content=\"true\"><div class=\"vce-col vce-col--md-50p vce-col--xs-1 vce-col--xs-last vce-col--xs-first vce-col--sm-last vce-col--sm-first vce-col--md-first vce-col--lg-first vce-col--xl-first\" id=\"el-9840af7a\" data-vce-do-apply=\"background border el-9840af7a\"><div class=\"vce-col-inner\" data-vce-element-content=\"true\" data-vce-do-apply=\"padding margin  el-9840af7a\"><div class=\"vce-single-image-container vce-single-image--align-left\"><div class=\"vce vce-single-image-wrapper\" id=\"el-0cfaab8a\" data-vce-do-apply=\"all el-0cfaab8a\"><figure><div class=\"vce-single-image-inner\"><img class=\"vce-single-image\" data-width=\"600\" data-height=\"400\"src=\"https:\/\/www.related.dk\/macao-tradekit\/wp-content\/uploads\/2018\/11\/dag-1_1-600x400.jpg\" data-img-src=\"https:\/\/www.related.dk\/macao-tradekit\/wp-content\/uploads\/2018\/11\/dag-1_1.jpg\" alt=\"\" title=\"dag 1_1\"\/><\/div><\/figure><\/div><\/div><\/div><\/div><div class=\"vce-col vce-col--md-50p vce-col--xs-1 vce-col--xs-last vce-col--xs-first vce-col--sm-last vce-col--sm-first vce-col--md-last vce-col--lg-last vce-col--xl-last\" id=\"el-6cd639ed\" data-vce-do-apply=\"background border el-6cd639ed\"><div class=\"vce-col-inner\" data-vce-element-content=\"true\" data-vce-do-apply=\"padding margin  el-6cd639ed\"><div class=\"vce-single-image-container vce-single-image--align-left\"><div class=\"vce vce-single-image-wrapper\" id=\"el-68de3f5e\" data-vce-do-apply=\"all el-68de3f5e\"><figure><div class=\"vce-single-image-inner\"><img class=\"vce-single-image\" data-width=\"600\" data-height=\"400\"src=\"https:\/\/www.related.dk\/macao-tradekit\/wp-content\/uploads\/2018\/11\/st-pauls-600x400.jpg\" data-img-src=\"https:\/\/www.related.dk\/macao-tradekit\/wp-content\/uploads\/2018\/11\/st-pauls.jpg\" alt=\"\" title=\"st pauls\"\/><\/div><\/figure><\/div><\/div><\/div><\/div><\/div><\/div><\/div><div class=\"vce-text-block\"><div class=\"vce-text-block-wrapper vce\" id=\"el-332ebe4e\" data-vce-do-apply=\"all el-332ebe4e\"><h2>Frokost<\/h2><ul><li>Bes\u00f8g et af byens mange spisesteder. Er du i hum\u00f8r til kinesisk eller portugisisk? Street food eller Michelin?<\/li><\/ul><p><a href=\"http:\/\/www.related.dk\/macao-tradekit\/oplevelser\/macao-for-madoerer\/\" target=\"_blank\" rel=\"noopener\">Find forslag til madoplevelser i Macao her<\/a><\/p><h2>Eftermiddag\/aften i Taipa, Coloane og Cotai<\/h2><ul><li>Bes\u00f8g <strong>Taipa Houses<\/strong>, der er bygget i portugisisk stil og opf\u00f8rt i 1921, i omr\u00e5det Taipa. Husk at k\u00f8be de fam\u00f8se mandelcookies i en af de lokale bagere!<\/li><li>Forts\u00e6t til omr\u00e5det <strong>Coloane<\/strong> og oplev en bid af det gamle Macao. Her finder man ogs\u00e5 Macaos mest ikoniske bageri, Lord Stow\u2019s Bakery, der har solgt portugisiske \u00e6gget\u00e6rter (Past\u00e9is de Nata) siden 1989.<\/li><li>Sl\u00e5 et smut forbi <strong>Cotai<\/strong> og de store internationale resorts og shows \u2013 og spis evt. aftensmad p\u00e5 en af omr\u00e5dets mange restauranter.<\/li><\/ul><\/div><\/div><\/div><\/div><\/div><\/div><\/div><div class=\"vce-row-container\"><div class=\"vce-row vce-row--col-gap-30 vce-row-columns--top vce-row-content--top\" id=\"el-30059918\" data-vce-do-apply=\"all el-30059918\"><div class=\"vce-row-content\" data-vce-element-content=\"true\"><div class=\"vce-col vce-col--md-50p vce-col--xs-1 vce-col--xs-last vce-col--xs-first vce-col--sm-last vce-col--sm-first vce-col--md-first vce-col--lg-first vce-col--xl-first\" id=\"el-dd793f18\" data-vce-do-apply=\"background border el-dd793f18\"><div class=\"vce-col-inner\" data-vce-element-content=\"true\" data-vce-do-apply=\"padding margin  el-dd793f18\"><div class=\"vce-single-image-container vce-single-image--align-left\"><div class=\"vce vce-single-image-wrapper\" id=\"el-536ca7c3\" data-vce-do-apply=\"all el-536ca7c3\"><figure><div class=\"vce-single-image-inner\"><img class=\"vce-single-image\" data-width=\"600\" data-height=\"400\"src=\"https:\/\/www.related.dk\/macao-tradekit\/wp-content\/uploads\/2018\/11\/sol-600x400.jpg\" data-img-src=\"https:\/\/www.related.dk\/macao-tradekit\/wp-content\/uploads\/2018\/11\/sol.jpg\" alt=\"\" title=\"sol\"\/><\/div><\/figure><\/div><\/div><\/div><\/div><div class=\"vce-col vce-col--md-50p vce-col--xs-1 vce-col--xs-last vce-col--xs-first vce-col--sm-last vce-col--sm-first vce-col--md-last vce-col--lg-last vce-col--xl-last\" id=\"el-6c6e27c0\" data-vce-do-apply=\"background border el-6c6e27c0\"><div class=\"vce-col-inner\" data-vce-element-content=\"true\" data-vce-do-apply=\"padding margin  el-6c6e27c0\"><div class=\"vce-single-image-container vce-single-image--align-left\"><div class=\"vce vce-single-image-wrapper\" id=\"el-47bda7b3\" data-vce-do-apply=\"all el-47bda7b3\"><figure><div class=\"vce-single-image-inner\"><img class=\"vce-single-image\" data-width=\"600\" data-height=\"400\"src=\"https:\/\/www.related.dk\/macao-tradekit\/wp-content\/uploads\/2018\/11\/DSC07510_night-600x400.jpg\" data-img-src=\"https:\/\/www.related.dk\/macao-tradekit\/wp-content\/uploads\/2018\/11\/DSC07510_night.jpg\" alt=\"\" title=\"DSC07510_night\"\/><\/div><\/figure><\/div><\/div><\/div><\/div><\/div><\/div><\/div>\n","protected":false},"excerpt":{"rendered":"<p>1 DAG I MACAOHar man kun en enkelt dag til r\u00e5dighed i Macao \u2013 enten som en del af en forretningsrejse eller storbyferie i Hongkong, eller som stop-over p\u00e5 vej mod en anden destination \u2013 er her en r\u00e6kke forslag til \u201dmust sees\u201d i den asiatiske underholdningsmetropol.Formiddag p\u00e5 Macao-halv\u00f8enBrug formiddagen p\u00e5 at udforske Macaos historiske &hellip; <\/p>\n<p class=\"link-more\"><a href=\"https:\/\/www.related.dk\/macao-tradekit\/oplevelser\/1-dag-i-macao\/\" class=\"more-link\">L\u00e6s videre<span class=\"screen-reader-text\"> &#8220;1 dag i Macao&#8221;<\/span><\/a><\/p>\n","protected":false},"author":2,"featured_media":0,"parent":406,"menu_order":0,"comment_status":"closed","ping_status":"closed","template":"","meta":[],"_links":{"self":[{"href":"https:\/\/www.related.dk\/macao-tradekit\/wp-json\/wp\/v2\/pages\/368"}],"collection":[{"href":"https:\/\/www.related.dk\/macao-tradekit\/wp-json\/wp\/v2\/pages"}],"about":[{"href":"https:\/\/www.related.dk\/macao-tradekit\/wp-json\/wp\/v2\/types\/page"}],"author":[{"embeddable":true,"href":"https:\/\/www.related.dk\/macao-tradekit\/wp-json\/wp\/v2\/users\/2"}],"replies":[{"embeddable":true,"href":"https:\/\/www.related.dk\/macao-tradekit\/wp-json\/wp\/v2\/comments?post=368"}],"version-history":[{"count":9,"href":"https:\/\/www.related.dk\/macao-tradekit\/wp-json\/wp\/v2\/pages\/368\/revisions"}],"predecessor-version":[{"id":647,"href":"https:\/\/www.related.dk\/macao-tradekit\/wp-json\/wp\/v2\/pages\/368\/revisions\/647"}],"up":[{"embeddable":true,"href":"https:\/\/www.related.dk\/macao-tradekit\/wp-json\/wp\/v2\/pages\/406"}],"wp:attachment":[{"href":"https:\/\/www.related.dk\/macao-tradekit\/wp-json\/wp\/v2\/media?parent=368"}],"curies":[{"name":"wp","href":"https:\/\/api.w.org\/{rel}","templated":true}]}}