{"id":332,"date":"2018-11-20T14:48:47","date_gmt":"2018-11-20T14:48:47","guid":{"rendered":"http:\/\/www.related.dk\/macao-tradekit\/?page_id=332"},"modified":"2018-11-22T14:15:39","modified_gmt":"2018-11-22T14:15:39","slug":"internationale-hotelbrands","status":"publish","type":"page","link":"https:\/\/www.related.dk\/macao-tradekit\/overnatning\/internationale-hotelbrands\/","title":{"rendered":"Internationale hotelbrands"},"content":{"rendered":"<div class=\"vce-row-container\"><div class=\"vce-row vce-row--col-gap-30 vce-row-columns--top vce-row-content--top\" id=\"el-9eab8113\" data-vce-do-apply=\"all el-9eab8113\"><div class=\"vce-row-content\" data-vce-element-content=\"true\"><div class=\"vce-col vce-col--md-auto vce-col--xs-1 vce-col--xs-last vce-col--xs-first vce-col--sm-last vce-col--sm-first vce-col--md-last vce-col--lg-last vce-col--xl-last vce-col--md-first vce-col--lg-first vce-col--xl-first\" id=\"el-9b7dbff3\" data-vce-do-apply=\"background border el-9b7dbff3\"><div class=\"vce-col-inner\" data-vce-do-apply=\"padding margin  el-9b7dbff3\" data-vce-element-content=\"true\"><section class=\"vce-hero-section-container vce-hero-section-media--xs vce-hero-section-media--sm vce-hero-section-media--md\"><div class=\"vce vce-hero-section vce-hero-section--alignment-start\" id=\"el-f2efe73e\" data-vce-do-apply=\"margin background border  el-f2efe73e\"><div class=\"vce-hero-section--wrap-row vce-hero-section--background-position-center-center\" style='background-image: url(\"https:\/\/www.related.dk\/macao-tradekit\/wp-content\/uploads\/2018\/11\/Banner_12606_1_hotel3.jpg\");'><div class=\"vce-hero-section--wrap\"><div class=\"vce-hero-section--content\" data-vce-do-apply=\"padding el-f2efe73e\"><div class=\"vce-hero-section--content-container\"><h1><strong>INTERNATIONALE HOTELBRANDS<\/strong><\/h1><\/div><\/div><\/div><\/div><\/div><\/section><div class=\"vce-text-block\"><div class=\"vce-text-block-wrapper vce\" id=\"el-efc1e6c3\" data-vce-do-apply=\"all el-efc1e6c3\"><p>En r\u00e6kke store resort- og hotelk\u00e6der har ogs\u00e5 etableret sig i Macao.&nbsp;<\/p><\/div><div class=\"vce-text-block-wrapper vce\" style=\"width: 0px; height: 0px; right: 0px; bottom: 0px; overflow: hidden; position: fixed;\" data-vce-do-apply=\"all el-efc1e6c3\"><p>En r\u00e6kke store resort- og hotelk\u00e6der har ogs\u00e5 etableret sig i Macao.&nbsp;<\/p><\/div><\/div><\/div><\/div><\/div><\/div><\/div><div class=\"vce-row-container\"><div class=\"vce-row vce-row--col-gap-30 vce-row-columns--top vce-row-content--top\" id=\"el-dfeaa551\" data-vce-do-apply=\"all el-dfeaa551\"><div class=\"vce-row-content\" data-vce-element-content=\"true\"><div class=\"vce-col vce-col--md-50p vce-col--xs-1 vce-col--xs-last vce-col--xs-first vce-col--sm-last vce-col--sm-first vce-col--md-first vce-col--lg-first vce-col--xl-first\" id=\"el-283c1d6a\" data-vce-do-apply=\"background border el-283c1d6a\"><div class=\"vce-col-inner\" data-vce-do-apply=\"padding margin  el-283c1d6a\" data-vce-element-content=\"true\"><div class=\"vce-text-block\"><div class=\"vce-text-block-wrapper vce\" id=\"el-c9cd21d1\" data-vce-do-apply=\"all el-c9cd21d1\"><h2>5* hoteller<\/h2><h4>Cotai<\/h4><ul><li><a href=\"https:\/\/www.fourseasons.com\/macau\/\" target=\"_blank\" rel=\"noopener\">FOUR SEASONS HOTEL<\/a><\/li><li><a href=\"https:\/\/www.venetianmacao.com\/\" target=\"_blank\" rel=\"noopener\">THE VENETIAN MACAO<\/a><\/li><li><a href=\"https:\/\/www.marriott.com\/hotels\/travel\/mfmjw-jw-marriott-hotel-macau\/\" target=\"_blank\" rel=\"noopener\">JW MARRIOTT HOTEL MACAU<\/a><\/li><li><a href=\"https:\/\/www.galaxymacau.com\/en\/\" target=\"_blank\" rel=\"noopener\">GALAXY HOTEL<\/a><\/li><li><a href=\"https:\/\/www.banyantree.com\/en\/china\/macau\" target=\"_blank\" rel=\"noopener\">BANYAN TREE MACAU<\/a><\/li><li><a href=\"http:\/\/www.ritzcarlton.com\/en\/hotels\/china\/macau\" target=\"_blank\" rel=\"noopener\">THE RITZ-CARLTON MACAU<\/a><\/li><li><a href=\"https:\/\/www.wynnpalace.com\/\" target=\"_blank\" rel=\"noopener\">WYNN PALACE<\/a><\/li><li><a href=\"https:\/\/www.hyatt.com\/en-US\/hotel\/china\/grand-hyatt-macau\/macgh\" target=\"_blank\" rel=\"noopener\">GRAND HYATT MACAU<\/a><\/li><li><a href=\"https:\/\/www.sandscotaicentral.com\/hotels\/st-regis-macao.html\" target=\"_blank\" rel=\"noopener\">ST. REGIS MACAU, COTAI&nbsp;CENTRAL<\/a><\/li><li><a href=\"https:\/\/www.mgm.mo\/en\/cotai\" target=\"_blank\" rel=\"noopener\">MGM COTAI<\/a><\/li><li><a href=\"https:\/\/www.cityofdreamsmacau.com\/en\/stay\/morpheus\/index.html\" target=\"_blank\" rel=\"noopener\">CITY OF DREAM \u201cMORPHEUS\u201d<\/a><\/li><\/ul><h4>Macao-halv\u00f8en<\/h4><ul><li><a href=\"http:\/\/www.sofitelmacau.com\/\" target=\"_blank\" rel=\"noopener\">SOFITEL MACAU AT PONTE 16<\/a><\/li><li><a href=\"https:\/\/www.wynnmacau.com\" target=\"_blank\" rel=\"noopener\">WYNN MACAU<\/a><\/li><li><a href=\"https:\/\/www.mgm.mo\/en\" target=\"_blank\" rel=\"noopener\">MGM MACAU<\/a><\/li><li><a href=\"https:\/\/www.starworldmacau.com\/\" target=\"_blank\" rel=\"noopener\">STARWORLD HOTEL<\/a><\/li><li><a href=\"https:\/\/www.mandarinoriental.com\/macau\/one-central\/luxury-hotel\" target=\"_blank\" rel=\"noopener\">MANDARIN ORIENTAL MACAU<\/a><\/li><li><a href=\"https:\/\/www.ihg.com\/crowneplaza\/hotels\/us\/en\/macau\/mfmcp\/hoteldetail\" target=\"_blank\" rel=\"noopener\">CROWNE PLAZA MACAU<\/a><\/li><\/ul><h4>Taipa<\/h4><ul><li><a href=\"http:\/\/www.regencyarthotel.com.mo\/\" target=\"_blank\" rel=\"noopener\">REGENCY ART HOTEL<\/a><\/li><\/ul><\/div><\/div><\/div><\/div><div class=\"vce-col vce-col--md-50p vce-col--xs-1 vce-col--xs-last vce-col--xs-first vce-col--sm-last vce-col--sm-first vce-col--md-last vce-col--lg-last vce-col--xl-last\" id=\"el-21ae738c\" data-vce-do-apply=\"background border el-21ae738c\"><div class=\"vce-col-inner\" data-vce-do-apply=\"padding margin  el-21ae738c\" data-vce-element-content=\"true\"><div class=\"vce-text-block\"><div class=\"vce-text-block-wrapper vce\" id=\"el-f8ba398b\" data-vce-do-apply=\"all el-f8ba398b\"><h2>4* hoteller<\/h2><h4>Cotai<\/h4><ul><li><a href=\"https:\/\/www.ihg.com\/holidayinn\/hotels\/gb\/en\/macau\/mfmma\/hoteldetail\" target=\"_blank\" rel=\"noopener\">HOLIDAY INN MACAO, COTAI CENTRAL<\/a><\/li><\/ul><h4>Macao-halv\u00f8en<\/h4><ul><li><a href=\"https:\/\/www.ihg.com\/holidayinn\/hotels\/us\/en\/macau\/qmpch\/hoteldetail\" target=\"_blank\" rel=\"noopener\">HOLIDAY INN MACAO<\/a><\/li><li><a href=\"https:\/\/www.the-ascott.com\/china\/macau\/ascott-macau\/index.html\" target=\"_blank\" rel=\"noopener\">ASCOTT MACAO<\/a><\/li><\/ul><p>&nbsp;<\/p><\/div><\/div><div class=\"vce-single-image-container vce-single-image--align-left\"><div class=\"vce vce-single-image-wrapper\" id=\"el-e1f4346d\" data-vce-do-apply=\"all el-e1f4346d\"><figure><div class=\"vce-single-image-inner\"><img class=\"vce-single-image\" data-width=\"600\" data-height=\"400\"src=\"https:\/\/www.related.dk\/macao-tradekit\/wp-content\/uploads\/2018\/11\/MGM-2-1-600x400.jpg\" data-img-src=\"https:\/\/www.related.dk\/macao-tradekit\/wp-content\/uploads\/2018\/11\/MGM-2-1.jpg\" alt=\"\" title=\"MGM 2\"\/><\/div><\/figure><\/div><\/div><\/div><\/div><\/div><\/div><\/div>\n","protected":false},"excerpt":{"rendered":"<p>INTERNATIONALE HOTELBRANDSEn r\u00e6kke store resort- og hotelk\u00e6der har ogs\u00e5 etableret sig i Macao.&nbsp;En r\u00e6kke store resort- og hotelk\u00e6der har ogs\u00e5 etableret sig i Macao.&nbsp;5* hotellerCotaiFOUR SEASONS HOTELTHE VENETIAN MACAOJW MARRIOTT HOTEL MACAUGALAXY HOTELBANYAN TREE MACAUTHE RITZ-CARLTON MACAUWYNN PALACEGRAND HYATT MACAUST. REGIS MACAU, COTAI&nbsp;CENTRALMGM COTAICITY OF DREAM \u201cMORPHEUS\u201dMacao-halv\u00f8enSOFITEL MACAU AT PONTE 16WYNN MACAUMGM MACAUSTARWORLD HOTELMANDARIN ORIENTAL &hellip; <\/p>\n<p class=\"link-more\"><a href=\"https:\/\/www.related.dk\/macao-tradekit\/overnatning\/internationale-hotelbrands\/\" class=\"more-link\">L\u00e6s videre<span class=\"screen-reader-text\"> &#8220;Internationale hotelbrands&#8221;<\/span><\/a><\/p>\n","protected":false},"author":2,"featured_media":0,"parent":318,"menu_order":0,"comment_status":"closed","ping_status":"closed","template":"","meta":[],"_links":{"self":[{"href":"https:\/\/www.related.dk\/macao-tradekit\/wp-json\/wp\/v2\/pages\/332"}],"collection":[{"href":"https:\/\/www.related.dk\/macao-tradekit\/wp-json\/wp\/v2\/pages"}],"about":[{"href":"https:\/\/www.related.dk\/macao-tradekit\/wp-json\/wp\/v2\/types\/page"}],"author":[{"embeddable":true,"href":"https:\/\/www.related.dk\/macao-tradekit\/wp-json\/wp\/v2\/users\/2"}],"replies":[{"embeddable":true,"href":"https:\/\/www.related.dk\/macao-tradekit\/wp-json\/wp\/v2\/comments?post=332"}],"version-history":[{"count":12,"href":"https:\/\/www.related.dk\/macao-tradekit\/wp-json\/wp\/v2\/pages\/332\/revisions"}],"predecessor-version":[{"id":840,"href":"https:\/\/www.related.dk\/macao-tradekit\/wp-json\/wp\/v2\/pages\/332\/revisions\/840"}],"up":[{"embeddable":true,"href":"https:\/\/www.related.dk\/macao-tradekit\/wp-json\/wp\/v2\/pages\/318"}],"wp:attachment":[{"href":"https:\/\/www.related.dk\/macao-tradekit\/wp-json\/wp\/v2\/media?parent=332"}],"curies":[{"name":"wp","href":"https:\/\/api.w.org\/{rel}","templated":true}]}}