{"id":329,"date":"2018-11-20T14:35:53","date_gmt":"2018-11-20T14:35:53","guid":{"rendered":"http:\/\/www.related.dk\/macao-tradekit\/?page_id=329"},"modified":"2018-11-24T11:28:49","modified_gmt":"2018-11-24T11:28:49","slug":"nye-hoteller","status":"publish","type":"page","link":"https:\/\/www.related.dk\/macao-tradekit\/overnatning\/nye-hoteller\/","title":{"rendered":"Nye hoteller"},"content":{"rendered":"<div class=\"vce-row-container\"><div class=\"vce-row vce-row--col-gap-30 vce-row-columns--top vce-row-content--top\" id=\"el-f08f0627\" data-vce-do-apply=\"all el-f08f0627\"><div class=\"vce-row-content\" data-vce-element-content=\"true\"><div class=\"vce-col vce-col--md-auto vce-col--xs-1 vce-col--xs-last vce-col--xs-first vce-col--sm-last vce-col--sm-first vce-col--md-last vce-col--lg-last vce-col--xl-last vce-col--md-first vce-col--lg-first vce-col--xl-first\" id=\"el-a7f9f88d\" data-vce-do-apply=\"background border el-a7f9f88d\"><div class=\"vce-col-inner\" data-vce-element-content=\"true\" data-vce-do-apply=\"padding margin  el-a7f9f88d\"><section class=\"vce-hero-section-container vce-hero-section-media--xs vce-hero-section-media--sm vce-hero-section-media--md vce-hero-section-media--lg\"><div class=\"vce vce-hero-section vce-hero-section--alignment-start\" id=\"el-080ba4f0\" data-vce-do-apply=\"margin background border  el-080ba4f0\"><div class=\"vce-hero-section--wrap-row vce-hero-section--background-position-center-center\" style=\"background-image: url('https:\/\/www.related.dk\/macao-tradekit\/wp-content\/uploads\/2018\/11\/Banner_MGM-1_nye.jpg');\"><div class=\"vce-hero-section--wrap\"><div class=\"vce-hero-section--content\" data-vce-do-apply=\"padding el-080ba4f0\"><div class=\"vce-hero-section--content-container\"><h1><strong>NYE HOTELLER<\/strong><\/h1><p>Der \u00e5bner j\u00e6vnligt nye, luksuri\u00f8se og innovative hoteller i Macao.&nbsp;&nbsp;<\/p><\/div><\/div><\/div><\/div><\/div><\/section><\/div><\/div><\/div><\/div><\/div><div class=\"vce-row-container\"><div class=\"vce-row vce-row--col-gap-30 vce-row-columns--top vce-row-content--top\" id=\"el-82a9626d\" data-vce-do-apply=\"all el-82a9626d\"><div class=\"vce-row-content\" data-vce-element-content=\"true\"><div class=\"vce-col vce-col--md-auto vce-col--xs-1 vce-col--xs-last vce-col--xs-first vce-col--sm-last vce-col--sm-first vce-col--md-last vce-col--lg-last vce-col--xl-last vce-col--md-first vce-col--lg-first vce-col--xl-first\" id=\"el-8194904c\" data-vce-do-apply=\"background border el-8194904c\"><div class=\"vce-col-inner\" data-vce-element-content=\"true\" data-vce-do-apply=\"padding margin  el-8194904c\"><div class=\"vce-text-block\"><div class=\"vce-text-block-wrapper vce\" id=\"el-a4806de1\" data-vce-do-apply=\"all el-a4806de1\"><p><strong>\u00c5bnet i 2018<\/strong><\/p><ul><li><a href=\"https:\/\/www.mgm.mo\/en\/cotai\" target=\"_blank\" rel=\"noopener\">MGM Cotai<\/a> (5* - 1,322 v\u00e6relser)<\/li><li><a href=\"https:\/\/www.cityofdreamsmacau.com\/en\/stay\/morpheus\/index.html\" target=\"_blank\" rel=\"noopener\">City of Dreams \u201dMorpheus\u201d<\/a> (5* - 772 v\u00e6relser)<\/li><li><a href=\"http:\/\/www.the13.com\/\" target=\"_blank\" rel=\"noopener\">The 13<\/a> (5* \u2013 200 v\u00e6relser)<\/li><\/ul><p><strong>\u00c5bner i 2019<\/strong><\/p><ul><li>Palazzo Versace Hotel<\/li><li>Karl Lagerfeld Hotel<\/li><li>Lisboa Palace<\/li><\/ul><\/div><div class=\"vce-text-block-wrapper vce\" id=\"\" data-vce-do-apply=\"all el-a4806de1\" style=\"height: 0px; width: 0px; overflow: hidden; position: fixed; bottom: 0px; right: 0px;\"><p><strong>\u00c5bnet i 2018<\/strong><\/p><ul><li><a href=\"https:\/\/www.mgm.mo\/en\/cotai\" target=\"_blank\" rel=\"noopener\">MGM Cotai<\/a> (5* - 1,322 v\u00e6relser)<\/li><li><a href=\"https:\/\/www.cityofdreamsmacau.com\/en\/stay\/morpheus\/index.html\" target=\"_blank\" rel=\"noopener\">City of Dreams \u201dMorpheus\u201d<\/a> (5* - 772 v\u00e6relser)<\/li><li><a href=\"http:\/\/www.the13.com\/\" target=\"_blank\" rel=\"noopener\">The 13<\/a> (5* \u2013 200 v\u00e6relser)<\/li><\/ul><p><strong>\u00c5bner i 2019<\/strong><\/p><ul><li>Palazzo Versace Hotel<\/li><li>Karl Lagerfeld Hotel<\/li><li>Lisboa Palace<\/li><\/ul><\/div><\/div><\/div><\/div><\/div><\/div><\/div>\n","protected":false},"excerpt":{"rendered":"<p>NYE HOTELLERDer \u00e5bner j\u00e6vnligt nye, luksuri\u00f8se og innovative hoteller i Macao.&nbsp;&nbsp;\u00c5bnet i 2018MGM Cotai (5* &#8211; 1,322 v\u00e6relser)City of Dreams \u201dMorpheus\u201d (5* &#8211; 772 v\u00e6relser)The 13 (5* \u2013 200 v\u00e6relser)\u00c5bner i 2019Palazzo Versace HotelKarl Lagerfeld HotelLisboa Palace\u00c5bnet i 2018MGM Cotai (5* &#8211; 1,322 v\u00e6relser)City of Dreams \u201dMorpheus\u201d (5* &#8211; 772 v\u00e6relser)The 13 (5* \u2013 200 &hellip; <\/p>\n<p class=\"link-more\"><a href=\"https:\/\/www.related.dk\/macao-tradekit\/overnatning\/nye-hoteller\/\" class=\"more-link\">L\u00e6s videre<span class=\"screen-reader-text\"> &#8220;Nye hoteller&#8221;<\/span><\/a><\/p>\n","protected":false},"author":2,"featured_media":0,"parent":318,"menu_order":0,"comment_status":"closed","ping_status":"closed","template":"","meta":[],"_links":{"self":[{"href":"https:\/\/www.related.dk\/macao-tradekit\/wp-json\/wp\/v2\/pages\/329"}],"collection":[{"href":"https:\/\/www.related.dk\/macao-tradekit\/wp-json\/wp\/v2\/pages"}],"about":[{"href":"https:\/\/www.related.dk\/macao-tradekit\/wp-json\/wp\/v2\/types\/page"}],"author":[{"embeddable":true,"href":"https:\/\/www.related.dk\/macao-tradekit\/wp-json\/wp\/v2\/users\/2"}],"replies":[{"embeddable":true,"href":"https:\/\/www.related.dk\/macao-tradekit\/wp-json\/wp\/v2\/comments?post=329"}],"version-history":[{"count":14,"href":"https:\/\/www.related.dk\/macao-tradekit\/wp-json\/wp\/v2\/pages\/329\/revisions"}],"predecessor-version":[{"id":1433,"href":"https:\/\/www.related.dk\/macao-tradekit\/wp-json\/wp\/v2\/pages\/329\/revisions\/1433"}],"up":[{"embeddable":true,"href":"https:\/\/www.related.dk\/macao-tradekit\/wp-json\/wp\/v2\/pages\/318"}],"wp:attachment":[{"href":"https:\/\/www.related.dk\/macao-tradekit\/wp-json\/wp\/v2\/media?parent=329"}],"curies":[{"name":"wp","href":"https:\/\/api.w.org\/{rel}","templated":true}]}}