{"id":318,"date":"2018-11-20T14:27:28","date_gmt":"2018-11-20T14:27:28","guid":{"rendered":"http:\/\/www.related.dk\/macao-tradekit\/?page_id=318"},"modified":"2018-11-23T05:43:06","modified_gmt":"2018-11-23T05:43:06","slug":"overnatning","status":"publish","type":"page","link":"https:\/\/www.related.dk\/macao-tradekit\/overnatning\/","title":{"rendered":"Overnatning"},"content":{"rendered":"<div class=\"vce-row-container\"><div class=\"vce-row vce-row--col-gap-30 vce-row-columns--top vce-row-content--top\" id=\"el-9f38acfa\" data-vce-do-apply=\"all el-9f38acfa\"><div class=\"vce-row-content\" data-vce-element-content=\"true\"><div class=\"vce-col vce-col--md-auto vce-col--xs-1 vce-col--xs-last vce-col--xs-first vce-col--sm-last vce-col--sm-first vce-col--md-last vce-col--lg-last vce-col--xl-last vce-col--md-first vce-col--lg-first vce-col--xl-first\" id=\"el-299426c0\" data-vce-do-apply=\"background border el-299426c0\"><div class=\"vce-col-inner\" data-vce-element-content=\"true\" data-vce-do-apply=\"padding margin  el-299426c0\"><section class=\"vce-hero-section-container vce-hero-section-media--xs vce-hero-section-media--sm vce-hero-section-media--md vce-hero-section-media--lg\"><div class=\"vce vce-hero-section vce-hero-section--alignment-start\" id=\"el-cdce5d9a\" data-vce-do-apply=\"margin background border  el-cdce5d9a\"><div class=\"vce-hero-section--wrap-row vce-hero-section--background-position-center-center\" style=\"background-image: url('https:\/\/www.related.dk\/macao-tradekit\/wp-content\/uploads\/2018\/11\/Banner_12609_4_overnatning.jpg');\"><div class=\"vce-hero-section--wrap\"><div class=\"vce-hero-section--content\" data-vce-do-apply=\"padding el-cdce5d9a\"><div class=\"vce-hero-section--content-container\"><h1><strong>OVERNATNING<\/strong><\/h1><\/div><\/div><\/div><\/div><\/div><\/section><\/div><\/div><\/div><\/div><\/div><div class=\"vce-row-container\"><div class=\"vce-row vce-row--col-gap-30 vce-row-columns--top vce-row-content--top\" id=\"el-7a86d4ed\" data-vce-do-apply=\"all el-7a86d4ed\"><div class=\"vce-row-content\" data-vce-element-content=\"true\"><div class=\"vce-col vce-col--md-auto vce-col--xs-1 vce-col--xs-last vce-col--xs-first vce-col--sm-last vce-col--sm-first vce-col--md-last vce-col--lg-last vce-col--xl-last vce-col--md-first vce-col--lg-first vce-col--xl-first\" id=\"el-261dca35\" data-vce-do-apply=\"background border el-261dca35\"><div class=\"vce-col-inner\" data-vce-element-content=\"true\" data-vce-do-apply=\"padding margin  el-261dca35\"><div class=\"vce-text-block\"><div class=\"vce-text-block-wrapper vce\" id=\"el-c5263e56\" data-vce-do-apply=\"all el-c5263e56\"><p>I Macao finder man b\u00e5de en lang r\u00e6kke <a href=\"http:\/\/www.related.dk\/macao-tradekit\/overnatning\/internationale-hotelbrands\/\">internationalt anerkendte resort- og hotelbrands<\/a> samt et udvalg af <a href=\"http:\/\/www.related.dk\/macao-tradekit\/overnatning\/hoteller-du-kun-finder-i-macao\/\">luksushoteller, som kun findes i Macao<\/a>.<\/p><h4>Facts om hotellerne i Macao<\/h4><ul><li>Standarden p\u00e5 hotellerne i Macao er generelt rigtig god.<\/li><li>Der er flere l\u00e6kre hoteller b\u00e5de i den historiske bydel, i Cotai, Coloane og Taipa.<\/li><li>Gennemsnitsprisen for et hotelv\u00e6relse (3-5*) er 168 USD per nat (statistik fra perioden jan-sep 2018).<\/li><\/ul><h4>Overblik<\/h4><ul><li>5*: 37 hoteller \u2013 24,899 v\u00e6relser<\/li><li>4*: 17 hoteller \u2013 7,862 v\u00e6relser<\/li><li>3*: 15 hoteller \u2013 5,472 v\u00e6relser<\/li><\/ul><p><em>(tal fra september 2018)<\/em><\/p><\/div><\/div><\/div><\/div><\/div><\/div><\/div><div class=\"vce-row-container\"><div class=\"vce-row vce-row--col-gap-30 vce-row-columns--top vce-row-content--top\" id=\"el-4756af0d\" data-vce-do-apply=\"all el-4756af0d\"><div class=\"vce-row-content\" data-vce-element-content=\"true\"><div class=\"vce-col vce-col--md-50p vce-col--xs-1 vce-col--xs-last vce-col--xs-first vce-col--sm-last vce-col--sm-first vce-col--md-first vce-col--lg-first vce-col--xl-first\" id=\"el-2f785cb3\" data-vce-do-apply=\"background border el-2f785cb3\"><div class=\"vce-col-inner\" data-vce-element-content=\"true\" data-vce-do-apply=\"padding margin  el-2f785cb3\"><div class=\"vce-single-image-container vce-single-image--align-left\"><div class=\"vce vce-single-image-wrapper\" id=\"el-de8782a9\" data-vce-do-apply=\"all el-de8782a9\"><figure><div class=\"vce-single-image-inner\"><img class=\"vce-single-image\" data-width=\"600\" data-height=\"400\"src=\"https:\/\/www.related.dk\/macao-tradekit\/wp-content\/uploads\/2018\/11\/eiffel_hori-600x400.jpg\" data-img-src=\"https:\/\/www.related.dk\/macao-tradekit\/wp-content\/uploads\/2018\/11\/eiffel_hori.jpg\" alt=\"\" title=\"eiffel_hori\"\/><\/div><\/figure><\/div><\/div><\/div><\/div><div class=\"vce-col vce-col--md-50p vce-col--xs-1 vce-col--xs-last vce-col--xs-first vce-col--sm-last vce-col--sm-first vce-col--md-last vce-col--lg-last vce-col--xl-last\" id=\"el-283ec606\" data-vce-do-apply=\"background border el-283ec606\"><div class=\"vce-col-inner\" data-vce-element-content=\"true\" data-vce-do-apply=\"padding margin  el-283ec606\"><div class=\"vce-single-image-container vce-single-image--align-left\"><div class=\"vce vce-single-image-wrapper\" id=\"el-776bdbd3\" data-vce-do-apply=\"all el-776bdbd3\"><figure><div class=\"vce-single-image-inner\"><img class=\"vce-single-image\" data-width=\"600\" data-height=\"400\"src=\"https:\/\/www.related.dk\/macao-tradekit\/wp-content\/uploads\/2018\/11\/hotel-view-600x400.jpg\" data-img-src=\"https:\/\/www.related.dk\/macao-tradekit\/wp-content\/uploads\/2018\/11\/hotel-view.jpg\" alt=\"\" title=\"hotel view\"\/><\/div><\/figure><\/div><\/div><\/div><\/div><\/div><\/div><\/div>\n","protected":false},"excerpt":{"rendered":"<p>OVERNATNINGI Macao finder man b\u00e5de en lang r\u00e6kke internationalt anerkendte resort- og hotelbrands samt et udvalg af luksushoteller, som kun findes i Macao.Facts om hotellerne i MacaoStandarden p\u00e5 hotellerne i Macao er generelt rigtig god.Der er flere l\u00e6kre hoteller b\u00e5de i den historiske bydel, i Cotai, Coloane og Taipa.Gennemsnitsprisen for et hotelv\u00e6relse (3-5*) er 168 &hellip; <\/p>\n<p class=\"link-more\"><a href=\"https:\/\/www.related.dk\/macao-tradekit\/overnatning\/\" class=\"more-link\">L\u00e6s videre<span class=\"screen-reader-text\"> &#8220;Overnatning&#8221;<\/span><\/a><\/p>\n","protected":false},"author":2,"featured_media":0,"parent":0,"menu_order":0,"comment_status":"closed","ping_status":"closed","template":"","meta":[],"_links":{"self":[{"href":"https:\/\/www.related.dk\/macao-tradekit\/wp-json\/wp\/v2\/pages\/318"}],"collection":[{"href":"https:\/\/www.related.dk\/macao-tradekit\/wp-json\/wp\/v2\/pages"}],"about":[{"href":"https:\/\/www.related.dk\/macao-tradekit\/wp-json\/wp\/v2\/types\/page"}],"author":[{"embeddable":true,"href":"https:\/\/www.related.dk\/macao-tradekit\/wp-json\/wp\/v2\/users\/2"}],"replies":[{"embeddable":true,"href":"https:\/\/www.related.dk\/macao-tradekit\/wp-json\/wp\/v2\/comments?post=318"}],"version-history":[{"count":9,"href":"https:\/\/www.related.dk\/macao-tradekit\/wp-json\/wp\/v2\/pages\/318\/revisions"}],"predecessor-version":[{"id":955,"href":"https:\/\/www.related.dk\/macao-tradekit\/wp-json\/wp\/v2\/pages\/318\/revisions\/955"}],"wp:attachment":[{"href":"https:\/\/www.related.dk\/macao-tradekit\/wp-json\/wp\/v2\/media?parent=318"}],"curies":[{"name":"wp","href":"https:\/\/api.w.org\/{rel}","templated":true}]}}