{"id":306,"date":"2018-11-20T12:48:04","date_gmt":"2018-11-20T12:48:04","guid":{"rendered":"http:\/\/www.related.dk\/macao-tradekit\/?page_id=306"},"modified":"2018-11-27T14:00:50","modified_gmt":"2018-11-27T14:00:50","slug":"godt-at-vide","status":"publish","type":"page","link":"https:\/\/www.related.dk\/macao-tradekit\/om-macao\/godt-at-vide\/","title":{"rendered":"Godt at vide"},"content":{"rendered":"<div class=\"vce-row-container\"><div class=\"vce-row vce-row--col-gap-30 vce-row-columns--top vce-row-content--top\" id=\"el-6ae446b0\" data-vce-do-apply=\"all el-6ae446b0\"><div class=\"vce-row-content\" data-vce-element-content=\"true\"><div class=\"vce-col vce-col--md-auto vce-col--xs-1 vce-col--xs-last vce-col--xs-first vce-col--sm-last vce-col--sm-first vce-col--md-last vce-col--lg-last vce-col--xl-last vce-col--md-first vce-col--lg-first vce-col--xl-first\" id=\"el-18891f4b\" data-vce-do-apply=\"background border el-18891f4b\"><div class=\"vce-col-inner\" data-vce-do-apply=\"padding margin  el-18891f4b\" data-vce-element-content=\"true\"><section class=\"vce-hero-section-container vce-hero-section-media--xs vce-hero-section-media--sm vce-hero-section-media--md vce-hero-section-media--lg\"><div class=\"vce vce-hero-section vce-hero-section--alignment-start\" id=\"el-09dc6a66\" data-vce-do-apply=\"margin background border  el-09dc6a66\"><div class=\"vce-hero-section--wrap-row vce-hero-section--background-position-center-center\" style='background-image: url(\"https:\/\/www.related.dk\/macao-tradekit\/wp-content\/uploads\/2018\/11\/Banner_MTB_Jacob_Photo-0040.jpg\");'><div class=\"vce-hero-section--wrap\"><div class=\"vce-hero-section--content\" data-vce-do-apply=\"padding el-09dc6a66\"><div class=\"vce-hero-section--content-container\"><h1><strong><br>GODT AT VIDE<\/strong><\/h1><\/div><\/div><\/div><\/div><\/div><\/section><\/div><\/div><\/div><\/div><\/div><div class=\"vce-row-container\"><div class=\"vce-row vce-row--col-gap-30 vce-row-columns--top vce-row-content--top\" id=\"el-b03f91a6\" data-vce-do-apply=\"all el-b03f91a6\"><div class=\"vce-row-content\" data-vce-element-content=\"true\"><div class=\"vce-col vce-col--md-auto vce-col--xs-1 vce-col--xs-last vce-col--xs-first vce-col--sm-last vce-col--sm-first vce-col--md-last vce-col--lg-last vce-col--xl-last vce-col--md-first vce-col--lg-first vce-col--xl-first\" id=\"el-070bc897\" data-vce-do-apply=\"background border el-070bc897\"><div class=\"vce-col-inner\" data-vce-do-apply=\"padding margin  el-070bc897\" data-vce-element-content=\"true\"><div class=\"vce-text-block\"><div class=\"vce-text-block-wrapper vce\" id=\"el-b1ffe59d\" data-vce-do-apply=\"all el-b1ffe59d\"><p><strong>Facts<br><\/strong>Macao har cirka 648,500 indbyggere.<br>Macao kan staves b\u00e5de \u201dMacao\u201d og \u201dMacau\u201d \u2013 sidstn\u00e6vnte er den portugisiske stavem\u00e5de.<\/p><p><strong>Nemt at finde vej<\/strong><br>Alle vej- og informationsskilte i Macao er oversat til engelsk, ligesom de lokale generelt er gode til at tale engelsk, hvilket g\u00f8r det nemt at begive sig rundt og udforske destinationen p\u00e5 egen h\u00e5nd.<\/p><p>Det lokale turistkontor har ligeledes adskillige brochurer og kort med engelske tekster.<br>Det ligger her: Alameda Dr. Carlos d'Assump\u00e7\u00e3o, n.os 335-341, Edif\u00edcio \"Hot Line\", 12\u00ba andar, Macau<\/p><p><strong>Sprog<\/strong><br>De officielle sprog er kinesisk og portugisisk. Kinesisk er det mest brugte.<\/p><p><strong>Visum<\/strong><br>Danske, svenske, norske og finske statsborgere kan bes\u00f8ge Macao visumfrit i op til 90 dage med gyldigt pas.<\/p><p><a href=\"http:\/\/en.macaotourism.gov.mo\/plan\/entry_requirements_detail.php\" target=\"_blank\" rel=\"noopener\">L\u00e6s mere om kravene til visum her<\/a><\/p><p><strong>Valuta<br><\/strong>Macao har sin egen valuta, MPO (Pataca) \u2013 men HKD (Hong Kong Dollar) accepteres de fleste steder.<\/p><p>103,20 Patacas svarer cirka til 1 HKD.<\/p><p>10 HKD er cirka 8,50 DKK.<\/p><p><strong>Klima<\/strong><br>Gennemsnitstemperaturen i Macao er 23 grader, og luftfugtigheden er relativt h\u00f8j.<\/p><ul><li>Macao er ideel at bes\u00f8ge i <strong>oktober-december<\/strong>, hvor vejret er lunt og luftfugtigheden lav.<\/li><li>I <strong>januar-marts<\/strong> er der relativt koldt, men solrigt. Temperaturen stiger igen fra <strong>april<\/strong>.<\/li><li>I <strong>maj-september<\/strong> er der typisk varmt og fugtigt med risiko for regn.<\/li><\/ul><p>Det anbefales at pakke lang\u00e6rmede tr\u00f8jer, hvis man rejser i marts-maj eller september-november, da der kan v\u00e6re koldt om aftenen.<\/p><p>I december-februar anbefales det at medbringe en jakke. V\u00e6r ogs\u00e5 opm\u00e6rksom p\u00e5, at der er aircondition p\u00e5 de store resorts og i shoppingcentrene, hvorfor det generelt er en god ide at medbringe en tr\u00f8je \u2013 \u00e5ret rundt.<\/p><p><a href=\"http:\/\/www.smg.gov.mo\/smg\/c_index.htm\" target=\"_blank\" rel=\"noopener\">Se mere om vejret i Macao her<\/a><\/p><\/div><\/div><\/div><\/div><\/div><\/div><\/div><div class=\"vce-row-container\"><div class=\"vce-row vce-row--col-gap-30 vce-row-columns--top vce-row-content--top\" id=\"el-ceecb45f\" data-vce-do-apply=\"all el-ceecb45f\"><div class=\"vce-row-content\" data-vce-element-content=\"true\"><div class=\"vce-col vce-col--md-33-33p vce-col--xs-1 vce-col--xs-last vce-col--xs-first vce-col--sm-last vce-col--sm-first vce-col--md-first vce-col--lg-first vce-col--xl-first\" id=\"el-aa6fd543\" data-vce-do-apply=\"background border el-aa6fd543\"><div class=\"vce-col-inner\" data-vce-do-apply=\"padding margin  el-aa6fd543\" data-vce-element-content=\"true\"><div class=\"vce-single-image-container vce-single-image--align-left\"><div class=\"vce vce-single-image-wrapper\" id=\"el-08cea4d0\" data-vce-do-apply=\"all el-08cea4d0\"><figure><div class=\"vce-single-image-inner\"><img class=\"vce-single-image\" data-width=\"682\" data-height=\"1024\"src=\"https:\/\/www.related.dk\/macao-tradekit\/wp-content\/uploads\/2018\/11\/Macau-31-682x1024.jpg\" data-img-src=\"https:\/\/www.related.dk\/macao-tradekit\/wp-content\/uploads\/2018\/11\/Macau-31.jpg\" alt=\"\" title=\"Macau-31\"\/><\/div><\/figure><\/div><\/div><\/div><\/div><div class=\"vce-col vce-col--md-33-33p vce-col--xs-1 vce-col--xs-last vce-col--xs-first vce-col--sm-last vce-col--sm-first\" id=\"el-015c35f2\" data-vce-do-apply=\"background border el-015c35f2\"><div class=\"vce-col-inner\" data-vce-do-apply=\"padding margin  el-015c35f2\" data-vce-element-content=\"true\"><div class=\"vce-single-image-container vce-single-image--align-left\"><div class=\"vce vce-single-image-wrapper\" id=\"el-3d482784\" data-vce-do-apply=\"all el-3d482784\"><figure><div class=\"vce-single-image-inner\"><img class=\"vce-single-image\" data-width=\"682\" data-height=\"1024\"src=\"https:\/\/www.related.dk\/macao-tradekit\/wp-content\/uploads\/2018\/11\/MTB_Jacob_Photo-0845-682x1024.jpg\" data-img-src=\"https:\/\/www.related.dk\/macao-tradekit\/wp-content\/uploads\/2018\/11\/MTB_Jacob_Photo-0845.jpg\" alt=\"\" title=\"MTB_Jacob_Photo-0845\"\/><\/div><\/figure><\/div><\/div><\/div><\/div><div class=\"vce-col vce-col--md-33-33p vce-col--xs-1 vce-col--xs-last vce-col--xs-first vce-col--sm-last vce-col--sm-first vce-col--md-last vce-col--lg-last vce-col--xl-last\" id=\"el-7a69b21c\" data-vce-do-apply=\"background border el-7a69b21c\"><div class=\"vce-col-inner\" data-vce-do-apply=\"padding margin  el-7a69b21c\" data-vce-element-content=\"true\"><div class=\"vce-single-image-container vce-single-image--align-left\"><div class=\"vce vce-single-image-wrapper\" id=\"el-5a2326ed\" data-vce-do-apply=\"all el-5a2326ed\"><figure><div class=\"vce-single-image-inner\"><img class=\"vce-single-image\" data-width=\"682\" data-height=\"1024\"src=\"https:\/\/www.related.dk\/macao-tradekit\/wp-content\/uploads\/2018\/11\/Macao-140-682x1024.jpg\" data-img-src=\"https:\/\/www.related.dk\/macao-tradekit\/wp-content\/uploads\/2018\/11\/Macao-140.jpg\" alt=\"\" title=\"Macao-140\"\/><\/div><\/figure><\/div><\/div><\/div><\/div><\/div><\/div><\/div>\n","protected":false},"excerpt":{"rendered":"<p>GODT AT VIDEFactsMacao har cirka 648,500 indbyggere.Macao kan staves b\u00e5de \u201dMacao\u201d og \u201dMacau\u201d \u2013 sidstn\u00e6vnte er den portugisiske stavem\u00e5de.Nemt at finde vejAlle vej- og informationsskilte i Macao er oversat til engelsk, ligesom de lokale generelt er gode til at tale engelsk, hvilket g\u00f8r det nemt at begive sig rundt og udforske destinationen p\u00e5 egen h\u00e5nd.Det &hellip; <\/p>\n<p class=\"link-more\"><a href=\"https:\/\/www.related.dk\/macao-tradekit\/om-macao\/godt-at-vide\/\" class=\"more-link\">L\u00e6s videre<span class=\"screen-reader-text\"> &#8220;Godt at vide&#8221;<\/span><\/a><\/p>\n","protected":false},"author":2,"featured_media":0,"parent":253,"menu_order":0,"comment_status":"closed","ping_status":"closed","template":"","meta":[],"_links":{"self":[{"href":"https:\/\/www.related.dk\/macao-tradekit\/wp-json\/wp\/v2\/pages\/306"}],"collection":[{"href":"https:\/\/www.related.dk\/macao-tradekit\/wp-json\/wp\/v2\/pages"}],"about":[{"href":"https:\/\/www.related.dk\/macao-tradekit\/wp-json\/wp\/v2\/types\/page"}],"author":[{"embeddable":true,"href":"https:\/\/www.related.dk\/macao-tradekit\/wp-json\/wp\/v2\/users\/2"}],"replies":[{"embeddable":true,"href":"https:\/\/www.related.dk\/macao-tradekit\/wp-json\/wp\/v2\/comments?post=306"}],"version-history":[{"count":11,"href":"https:\/\/www.related.dk\/macao-tradekit\/wp-json\/wp\/v2\/pages\/306\/revisions"}],"predecessor-version":[{"id":1445,"href":"https:\/\/www.related.dk\/macao-tradekit\/wp-json\/wp\/v2\/pages\/306\/revisions\/1445"}],"up":[{"embeddable":true,"href":"https:\/\/www.related.dk\/macao-tradekit\/wp-json\/wp\/v2\/pages\/253"}],"wp:attachment":[{"href":"https:\/\/www.related.dk\/macao-tradekit\/wp-json\/wp\/v2\/media?parent=306"}],"curies":[{"name":"wp","href":"https:\/\/api.w.org\/{rel}","templated":true}]}}