{"id":286,"date":"2018-11-20T12:24:22","date_gmt":"2018-11-20T12:24:22","guid":{"rendered":"http:\/\/www.related.dk\/macao-tradekit\/?page_id=286"},"modified":"2018-11-23T13:30:33","modified_gmt":"2018-11-23T13:30:33","slug":"transport","status":"publish","type":"page","link":"https:\/\/www.related.dk\/macao-tradekit\/om-macao\/transport\/","title":{"rendered":"Transport"},"content":{"rendered":"<div class=\"vce-row-container\"><div class=\"vce-row vce-row--col-gap-30 vce-row-columns--top vce-row-content--top\" id=\"el-91a085f1\" data-vce-do-apply=\"all el-91a085f1\"><div class=\"vce-row-content\" data-vce-element-content=\"true\"><div class=\"vce-col vce-col--md-auto vce-col--xs-1 vce-col--xs-last vce-col--xs-first vce-col--sm-last vce-col--sm-first vce-col--md-last vce-col--lg-last vce-col--xl-last vce-col--md-first vce-col--lg-first vce-col--xl-first\" id=\"el-39e8afce\" data-vce-do-apply=\"background border el-39e8afce\"><div class=\"vce-col-inner\" data-vce-element-content=\"true\" data-vce-do-apply=\"padding margin  el-39e8afce\"><section class=\"vce-hero-section-container vce-hero-section-media--xs vce-hero-section-media--sm vce-hero-section-media--md vce-hero-section-media--lg\"><div class=\"vce vce-hero-section vce-hero-section--alignment-start\" id=\"el-ec32fd0c\" data-vce-do-apply=\"margin background border  el-ec32fd0c\"><div class=\"vce-hero-section--wrap-row vce-hero-section--background-position-center-center\" style=\"background-image: url('https:\/\/www.related.dk\/macao-tradekit\/wp-content\/uploads\/2018\/11\/Banner_MTB_Jacob_Photo-9782.jpg');\"><div class=\"vce-hero-section--wrap\"><div class=\"vce-hero-section--content\" data-vce-do-apply=\"padding el-ec32fd0c\"><div class=\"vce-hero-section--content-container\"><h1><strong>TRANSPORT<\/strong><\/h1><\/div><\/div><\/div><\/div><\/div><\/section><\/div><\/div><\/div><\/div><\/div><div class=\"vce-row-container\"><div class=\"vce-row vce-row--col-gap-30 vce-row-columns--top vce-row-content--top\" id=\"el-3b9e2e0d\" data-vce-do-apply=\"all el-3b9e2e0d\"><div class=\"vce-row-content\" data-vce-element-content=\"true\"><div class=\"vce-col vce-col--md-auto vce-col--xs-1 vce-col--xs-last vce-col--xs-first vce-col--sm-last vce-col--sm-first vce-col--md-last vce-col--lg-last vce-col--xl-last vce-col--md-first vce-col--lg-first vce-col--xl-first\" id=\"el-46a9bc3c\" data-vce-do-apply=\"background border el-46a9bc3c\"><div class=\"vce-col-inner\" data-vce-element-content=\"true\" data-vce-do-apply=\"padding margin  el-46a9bc3c\"><div class=\"vce-text-block\"><div class=\"vce-text-block-wrapper vce\" id=\"el-3c1e64e3\" data-vce-do-apply=\"all el-3c1e64e3\"><h3>Fly til Hongkong<\/h3><p>Siden den 28. oktober har man kunnet flyve direkte fra K\u00f8benhavn til Hongkong med SAS fem gange ugentligt. Turen tager 10 timer og 20 minutter.<\/p><p>Finnair flyver dagligt fra Helsinki til Hong Kong. Turen tager lidt under 10 timer.<\/p><h3>Fra Hongkong til Macao<\/h3><p>Fra Hong Kong International Airport kan man rejse direkte til Macao \u2013 uden f\u00f8rst at skulle igennem Hongkongs immigration.<\/p><h4>F\u00e6rge<\/h4><p>Fra Hongkong kan man rejse med f\u00e6rge til Macao \u2013 en tur p\u00e5 en times tid. Rejser man med f\u00e6rge til\/fra Macao-halv\u00f8en, er <a href=\"https:\/\/www.turbojet.com.hk\/en\/routing-sailing-schedule\/hk-airport-macau\/sailing-schedule-fares.aspx\" target=\"_blank\" rel=\"noopener\">TurboJet<\/a> det mest oplagte valg, mens <a href=\"https:\/\/www.cotaiwaterjet.com\/ferry-schedule\/hkia-macau-taipa.html\" target=\"_blank\" rel=\"noopener\">Cotai Water Jet<\/a> anbefales, hvis man rejser til\/fra Taipa eller Cotai.<\/p><h4>Verdens l\u00e6ngste havbro<\/h4><p>Man kan nu ogs\u00e5 k\u00f8re fra Hongkong til Macao via verdens l\u00e6ngste havbro, der er 55 km lang og forbinder Hongkong med Macao og byen Zhuhai. Broen blev indviet den 23. oktober 2018.<\/p><p><a href=\"https:\/\/www.hzmb.gov.hk\/en\/transport\/cross-boundary.html\" target=\"_blank\" rel=\"noopener\">Info om bustransport via den nye bro kan findes her<\/a><\/p><\/div><\/div><div class=\"vce-row-container\"><div class=\"vce-row vce-row--col-gap-30 vce-row-columns--top vce-row-content--top\" id=\"el-877790aa\" data-vce-do-apply=\"all el-877790aa\"><div class=\"vce-row-content\" data-vce-element-content=\"true\"><div class=\"vce-col vce-col--md-50p vce-col--xs-1 vce-col--xs-last vce-col--xs-first vce-col--sm-last vce-col--sm-first vce-col--md-first vce-col--lg-first vce-col--xl-first\" id=\"el-f93c6326\" data-vce-do-apply=\"background border el-f93c6326\"><div class=\"vce-col-inner\" data-vce-element-content=\"true\" data-vce-do-apply=\"padding margin  el-f93c6326\"><div class=\"vce-single-image-container vce-single-image--align-left\"><div class=\"vce vce-single-image-wrapper\" id=\"el-1c68ef71\" data-vce-do-apply=\"all el-1c68ef71\"><figure><div class=\"vce-single-image-inner\"><img class=\"vce-single-image\" data-width=\"600\" data-height=\"400\"src=\"https:\/\/www.related.dk\/macao-tradekit\/wp-content\/uploads\/2018\/11\/bridge-600x400.jpg\" data-img-src=\"https:\/\/www.related.dk\/macao-tradekit\/wp-content\/uploads\/2018\/11\/bridge.jpg\" alt=\"\" title=\"bridge\"\/><\/div><\/figure><\/div><\/div><\/div><\/div><div class=\"vce-col vce-col--md-50p vce-col--xs-1 vce-col--xs-last vce-col--xs-first vce-col--sm-last vce-col--sm-first vce-col--md-last vce-col--lg-last vce-col--xl-last\" id=\"el-cc2255ae\" data-vce-do-apply=\"background border el-cc2255ae\"><div class=\"vce-col-inner\" data-vce-element-content=\"true\" data-vce-do-apply=\"padding margin  el-cc2255ae\"><div class=\"vce-single-image-container vce-single-image--align-left\"><div class=\"vce vce-single-image-wrapper\" id=\"el-da6cc41b\" data-vce-do-apply=\"all el-da6cc41b\"><figure><div class=\"vce-single-image-inner\"><img class=\"vce-single-image\" data-width=\"600\" data-height=\"400\"src=\"https:\/\/www.related.dk\/macao-tradekit\/wp-content\/uploads\/2018\/11\/ferry-600x400.jpg\" data-img-src=\"https:\/\/www.related.dk\/macao-tradekit\/wp-content\/uploads\/2018\/11\/ferry.jpg\" alt=\"\" title=\"ferry\"\/><\/div><\/figure><\/div><\/div><\/div><\/div><\/div><\/div><\/div><\/div><\/div><\/div><\/div><\/div><div class=\"vce-row-container\"><div class=\"vce-row vce-row--col-gap-30 vce-row-columns--top vce-row-content--top\" id=\"el-1691eb2f\" data-vce-do-apply=\"all el-1691eb2f\"><div class=\"vce-row-content\" data-vce-element-content=\"true\"><div class=\"vce-col vce-col--md-50p vce-col--xs-1 vce-col--xs-last vce-col--xs-first vce-col--sm-last vce-col--sm-first vce-col--md-first vce-col--lg-first vce-col--xl-first\" id=\"el-2056c6f1\" data-vce-do-apply=\"background border el-2056c6f1\"><div class=\"vce-col-inner\" data-vce-element-content=\"true\" data-vce-do-apply=\"padding margin  el-2056c6f1\"><div class=\"vce-single-image-container vce-single-image--align-left\"><div class=\"vce vce-single-image-wrapper\" id=\"el-9b5a1a2d\" data-vce-do-apply=\"all el-9b5a1a2d\"><figure><div class=\"vce-single-image-inner\"><img class=\"vce-single-image\" data-width=\"593\" data-height=\"374\"src=\"https:\/\/www.related.dk\/macao-tradekit\/wp-content\/uploads\/2018\/11\/Airport-sign_1-593x374.png\" data-img-src=\"https:\/\/www.related.dk\/macao-tradekit\/wp-content\/uploads\/2018\/11\/Airport-sign_1.png\" alt=\"\" title=\"Airport sign_1\"\/><\/div><\/figure><\/div><\/div><\/div><\/div><div class=\"vce-col vce-col--md-50p vce-col--xs-1 vce-col--xs-last vce-col--xs-first vce-col--sm-last vce-col--sm-first vce-col--md-last vce-col--lg-last vce-col--xl-last\" id=\"el-034f0406\" data-vce-do-apply=\"background border el-034f0406\"><div class=\"vce-col-inner\" data-vce-element-content=\"true\" data-vce-do-apply=\"padding margin  el-034f0406\"><div class=\"vce-single-image-container vce-single-image--align-left\"><div class=\"vce vce-single-image-wrapper\" id=\"el-e4e12368\" data-vce-do-apply=\"all el-e4e12368\"><figure><div class=\"vce-single-image-inner\"><img class=\"vce-single-image\" data-width=\"590\" data-height=\"375\"src=\"https:\/\/www.related.dk\/macao-tradekit\/wp-content\/uploads\/2018\/11\/Airport-sign_2-590x375.png\" data-img-src=\"https:\/\/www.related.dk\/macao-tradekit\/wp-content\/uploads\/2018\/11\/Airport-sign_2.png\" alt=\"\" title=\"Airport sign_2\"\/><\/div><\/figure><\/div><\/div><\/div><\/div><\/div><\/div><\/div><div class=\"vce-row-container\"><div class=\"vce-row vce-row--col-gap-30 vce-row-columns--top vce-row-content--top\" id=\"el-d882369d\" data-vce-do-apply=\"all el-d882369d\"><div class=\"vce-row-content\" data-vce-element-content=\"true\"><div class=\"vce-col vce-col--md-auto vce-col--xs-1 vce-col--xs-last vce-col--xs-first vce-col--sm-last vce-col--sm-first vce-col--md-last vce-col--lg-last vce-col--xl-last vce-col--md-first vce-col--lg-first vce-col--xl-first\" id=\"el-0cf8c977\" data-vce-do-apply=\"background border el-0cf8c977\"><div class=\"vce-col-inner\" data-vce-element-content=\"true\" data-vce-do-apply=\"padding margin  el-0cf8c977\"><div class=\"vce-text-block\"><div class=\"vce-text-block-wrapper vce\" id=\"el-ab9e9d08\" data-vce-do-apply=\"all el-ab9e9d08\"><p>Tydelig skiltning i lufthavnen g\u00f8r det nemt at finde f\u00e6rgeterminalen.<\/p><p>Al skiltning er b\u00e5de p\u00e5 kinesisk og engelsk.<\/p><\/div><\/div><\/div><\/div><\/div><\/div><\/div>\n","protected":false},"excerpt":{"rendered":"<p>TRANSPORTFly til HongkongSiden den 28. oktober har man kunnet flyve direkte fra K\u00f8benhavn til Hongkong med SAS fem gange ugentligt. Turen tager 10 timer og 20 minutter.Finnair flyver dagligt fra Helsinki til Hong Kong. Turen tager lidt under 10 timer.Fra Hongkong til MacaoFra Hong Kong International Airport kan man rejse direkte til Macao \u2013 uden &hellip; <\/p>\n<p class=\"link-more\"><a href=\"https:\/\/www.related.dk\/macao-tradekit\/om-macao\/transport\/\" class=\"more-link\">L\u00e6s videre<span class=\"screen-reader-text\"> &#8220;Transport&#8221;<\/span><\/a><\/p>\n","protected":false},"author":2,"featured_media":0,"parent":253,"menu_order":0,"comment_status":"closed","ping_status":"closed","template":"","meta":[],"_links":{"self":[{"href":"https:\/\/www.related.dk\/macao-tradekit\/wp-json\/wp\/v2\/pages\/286"}],"collection":[{"href":"https:\/\/www.related.dk\/macao-tradekit\/wp-json\/wp\/v2\/pages"}],"about":[{"href":"https:\/\/www.related.dk\/macao-tradekit\/wp-json\/wp\/v2\/types\/page"}],"author":[{"embeddable":true,"href":"https:\/\/www.related.dk\/macao-tradekit\/wp-json\/wp\/v2\/users\/2"}],"replies":[{"embeddable":true,"href":"https:\/\/www.related.dk\/macao-tradekit\/wp-json\/wp\/v2\/comments?post=286"}],"version-history":[{"count":8,"href":"https:\/\/www.related.dk\/macao-tradekit\/wp-json\/wp\/v2\/pages\/286\/revisions"}],"predecessor-version":[{"id":1377,"href":"https:\/\/www.related.dk\/macao-tradekit\/wp-json\/wp\/v2\/pages\/286\/revisions\/1377"}],"up":[{"embeddable":true,"href":"https:\/\/www.related.dk\/macao-tradekit\/wp-json\/wp\/v2\/pages\/253"}],"wp:attachment":[{"href":"https:\/\/www.related.dk\/macao-tradekit\/wp-json\/wp\/v2\/media?parent=286"}],"curies":[{"name":"wp","href":"https:\/\/api.w.org\/{rel}","templated":true}]}}