{"id":261,"date":"2018-11-20T12:13:56","date_gmt":"2018-11-20T12:13:56","guid":{"rendered":"http:\/\/www.related.dk\/macao-tradekit\/?page_id=261"},"modified":"2018-11-23T12:10:33","modified_gmt":"2018-11-23T12:10:33","slug":"hvorfor-macao","status":"publish","type":"page","link":"https:\/\/www.related.dk\/macao-tradekit\/om-macao\/hvorfor-macao\/","title":{"rendered":"Hvorfor Macao?"},"content":{"rendered":"<div class=\"vce-row-container\"><div class=\"vce-row vce-row--col-gap-30 vce-row-columns--top vce-row-content--top\" id=\"el-d3846d7f\" data-vce-do-apply=\"all el-d3846d7f\"><div class=\"vce-row-content\" data-vce-element-content=\"true\"><div class=\"vce-col vce-col--md-auto vce-col--xs-1 vce-col--xs-last vce-col--xs-first vce-col--sm-last vce-col--sm-first vce-col--md-last vce-col--lg-last vce-col--xl-last vce-col--md-first vce-col--lg-first vce-col--xl-first\" id=\"el-e41c04c3\" data-vce-do-apply=\"background border el-e41c04c3\"><div class=\"vce-col-inner\" data-vce-element-content=\"true\" data-vce-do-apply=\"padding margin  el-e41c04c3\"><section class=\"vce-hero-section-container vce-hero-section-media--xs vce-hero-section-media--sm vce-hero-section-media--md vce-hero-section-media--lg\"><div class=\"vce vce-hero-section vce-hero-section--alignment-start\" id=\"el-c978f1fc\" data-vce-do-apply=\"margin background border  el-c978f1fc\"><div class=\"vce-hero-section--wrap-row vce-hero-section--background-position-center-center\" style=\"background-image: url('https:\/\/www.related.dk\/macao-tradekit\/wp-content\/uploads\/2018\/11\/Banner_12609_6.jpg');\"><div class=\"vce-hero-section--wrap\"><div class=\"vce-hero-section--content\" data-vce-do-apply=\"padding el-c978f1fc\"><div class=\"vce-hero-section--content-container\"><h1><strong>HVORFOR MACAO?<\/strong><\/h1><\/div><\/div><\/div><\/div><\/div><\/section><\/div><\/div><\/div><\/div><\/div><div class=\"vce-row-container\"><div class=\"vce-row vce-row--col-gap-30 vce-row-columns--top vce-row-content--top\" id=\"el-2c554b22\" data-vce-do-apply=\"all el-2c554b22\"><div class=\"vce-row-content\" data-vce-element-content=\"true\"><div class=\"vce-col vce-col--md-auto vce-col--xs-1 vce-col--xs-last vce-col--xs-first vce-col--sm-last vce-col--sm-first vce-col--md-last vce-col--lg-last vce-col--xl-last vce-col--md-first vce-col--lg-first vce-col--xl-first\" id=\"el-c4f94728\" data-vce-do-apply=\"background border el-c4f94728\"><div class=\"vce-col-inner\" data-vce-element-content=\"true\" data-vce-do-apply=\"padding margin  el-c4f94728\"><div class=\"vce-text-block\"><div class=\"vce-text-block-wrapper vce\" id=\"el-01e3f4f1\" data-vce-do-apply=\"all el-01e3f4f1\"><p>Macao er is\u00e6r et must for de madglade. Her finder man ikke mindre end 19 Michelin-restauranter og 12 Michelin-anbefalede gadek\u00f8kkener, der serverer mad med inspiration fra b\u00e5de Asien og Portugal.<\/p><p>Faktisk blev Macao i slutningen af 2017 optaget p\u00e5 UNESCOs liste over \u201dCreative Cities Network\u201d (UCCN) \u2013 netop pga. sin gastronomi.<\/p><p>For de kultur- og historieinteresserede byder Macao desuden p\u00e5 et ret unikt mix af europ\u00e6isk og asiatisk kultur og arkitektur, hvor indflydelsen fra b\u00e5de Kina og Portugal er tydelig. Faktisk er Macaos historiske centrum, hvor man finder alt fra templer og kirker til et bibliotek og hyggelige torve, p\u00e5 UNESCOs verdensarvsliste.<\/p><p>Byen har ogs\u00e5 en lang r\u00e6kke shows og forestillinger at v\u00e6lge imellem, ligesom der er rig mulighed for shopping.<\/p><\/div><\/div><\/div><\/div><\/div><\/div><\/div><div class=\"vce-row-container\"><div class=\"vce-row vce-row--col-gap-30 vce-row-columns--top vce-row-content--top\" id=\"el-a7ee6436\" data-vce-do-apply=\"all el-a7ee6436\"><div class=\"vce-row-content\" data-vce-element-content=\"true\"><div class=\"vce-col vce-col--md-25p vce-col--xs-1 vce-col--xs-last vce-col--xs-first vce-col--sm-last vce-col--sm-first vce-col--md-first vce-col--lg-first vce-col--xl-first\" id=\"el-8eedfdc3\" data-vce-do-apply=\"background border el-8eedfdc3\"><div class=\"vce-col-inner\" data-vce-element-content=\"true\" data-vce-do-apply=\"padding margin  el-8eedfdc3\"><div class=\"vce-single-image-container vce-single-image--align-left\"><div class=\"vce vce-single-image-wrapper\" id=\"el-509c0d4b\" data-vce-do-apply=\"all el-509c0d4b\"><figure><div class=\"vce-single-image-inner\"><img class=\"vce-single-image\" data-width=\"684\" data-height=\"1024\"src=\"https:\/\/www.related.dk\/macao-tradekit\/wp-content\/uploads\/2018\/11\/macao-11-684x1024.jpg\" data-img-src=\"https:\/\/www.related.dk\/macao-tradekit\/wp-content\/uploads\/2018\/11\/macao-11.jpg\" alt=\"\" title=\"macao-11\"\/><\/div><\/figure><\/div><\/div><\/div><\/div><div class=\"vce-col vce-col--md-25p vce-col--xs-1 vce-col--xs-last vce-col--xs-first vce-col--sm-last vce-col--sm-first\" id=\"el-c126796c\" data-vce-do-apply=\"background border el-c126796c\"><div class=\"vce-col-inner\" data-vce-element-content=\"true\" data-vce-do-apply=\"padding margin  el-c126796c\"><div class=\"vce-single-image-container vce-single-image--align-left\"><div class=\"vce vce-single-image-wrapper\" id=\"el-21039f6e\" data-vce-do-apply=\"all el-21039f6e\"><figure><div class=\"vce-single-image-inner\"><img class=\"vce-single-image\" data-width=\"400\" data-height=\"600\"src=\"https:\/\/www.related.dk\/macao-tradekit\/wp-content\/uploads\/2018\/11\/600x400_12627_4-400x600.jpg\" data-img-src=\"https:\/\/www.related.dk\/macao-tradekit\/wp-content\/uploads\/2018\/11\/600x400_12627_4.jpg\" alt=\"\" title=\"600x400_12627_4\"\/><\/div><\/figure><\/div><\/div><\/div><\/div><div class=\"vce-col vce-col--md-25p vce-col--xs-1 vce-col--xs-last vce-col--xs-first vce-col--sm-last vce-col--sm-first\" id=\"el-8367c40f\" data-vce-do-apply=\"background border el-8367c40f\"><div class=\"vce-col-inner\" data-vce-element-content=\"true\" data-vce-do-apply=\"padding margin  el-8367c40f\"><div class=\"vce-single-image-container vce-single-image--align-left\"><div class=\"vce vce-single-image-wrapper\" id=\"el-449d83bc\" data-vce-do-apply=\"all el-449d83bc\"><figure><div class=\"vce-single-image-inner\"><img class=\"vce-single-image\" data-width=\"400\" data-height=\"600\"src=\"https:\/\/www.related.dk\/macao-tradekit\/wp-content\/uploads\/2018\/11\/600x400_321_6-400x600.jpg\" data-img-src=\"https:\/\/www.related.dk\/macao-tradekit\/wp-content\/uploads\/2018\/11\/600x400_321_6.jpg\" alt=\"\" title=\"600x400_321_6\"\/><\/div><\/figure><\/div><\/div><\/div><\/div><div class=\"vce-col vce-col--md-25p vce-col--xs-1 vce-col--xs-last vce-col--xs-first vce-col--sm-last vce-col--sm-first vce-col--md-last vce-col--lg-last vce-col--xl-last\" id=\"el-a3b8cc35\" data-vce-do-apply=\"background border el-a3b8cc35\"><div class=\"vce-col-inner\" data-vce-element-content=\"true\" data-vce-do-apply=\"padding margin  el-a3b8cc35\"><div class=\"vce-single-image-container vce-single-image--align-left\"><div class=\"vce vce-single-image-wrapper\" id=\"el-e0f3ea1e\" data-vce-do-apply=\"all el-e0f3ea1e\"><figure><div class=\"vce-single-image-inner\"><img class=\"vce-single-image\" data-width=\"400\" data-height=\"600\"src=\"https:\/\/www.related.dk\/macao-tradekit\/wp-content\/uploads\/2018\/11\/600x400_12148_1-400x600.jpg\" data-img-src=\"https:\/\/www.related.dk\/macao-tradekit\/wp-content\/uploads\/2018\/11\/600x400_12148_1.jpg\" alt=\"\" title=\"600x400_12148_1\"\/><\/div><\/figure><\/div><\/div><\/div><\/div><\/div><\/div><\/div>\n","protected":false},"excerpt":{"rendered":"<p>HVORFOR MACAO?Macao er is\u00e6r et must for de madglade. Her finder man ikke mindre end 19 Michelin-restauranter og 12 Michelin-anbefalede gadek\u00f8kkener, der serverer mad med inspiration fra b\u00e5de Asien og Portugal.Faktisk blev Macao i slutningen af 2017 optaget p\u00e5 UNESCOs liste over \u201dCreative Cities Network\u201d (UCCN) \u2013 netop pga. sin gastronomi.For de kultur- og historieinteresserede &hellip; <\/p>\n<p class=\"link-more\"><a href=\"https:\/\/www.related.dk\/macao-tradekit\/om-macao\/hvorfor-macao\/\" class=\"more-link\">L\u00e6s videre<span class=\"screen-reader-text\"> &#8220;Hvorfor Macao?&#8221;<\/span><\/a><\/p>\n","protected":false},"author":2,"featured_media":0,"parent":253,"menu_order":0,"comment_status":"closed","ping_status":"closed","template":"","meta":[],"_links":{"self":[{"href":"https:\/\/www.related.dk\/macao-tradekit\/wp-json\/wp\/v2\/pages\/261"}],"collection":[{"href":"https:\/\/www.related.dk\/macao-tradekit\/wp-json\/wp\/v2\/pages"}],"about":[{"href":"https:\/\/www.related.dk\/macao-tradekit\/wp-json\/wp\/v2\/types\/page"}],"author":[{"embeddable":true,"href":"https:\/\/www.related.dk\/macao-tradekit\/wp-json\/wp\/v2\/users\/2"}],"replies":[{"embeddable":true,"href":"https:\/\/www.related.dk\/macao-tradekit\/wp-json\/wp\/v2\/comments?post=261"}],"version-history":[{"count":5,"href":"https:\/\/www.related.dk\/macao-tradekit\/wp-json\/wp\/v2\/pages\/261\/revisions"}],"predecessor-version":[{"id":954,"href":"https:\/\/www.related.dk\/macao-tradekit\/wp-json\/wp\/v2\/pages\/261\/revisions\/954"}],"up":[{"embeddable":true,"href":"https:\/\/www.related.dk\/macao-tradekit\/wp-json\/wp\/v2\/pages\/253"}],"wp:attachment":[{"href":"https:\/\/www.related.dk\/macao-tradekit\/wp-json\/wp\/v2\/media?parent=261"}],"curies":[{"name":"wp","href":"https:\/\/api.w.org\/{rel}","templated":true}]}}