{"id":253,"date":"2018-11-20T12:08:18","date_gmt":"2018-11-20T12:08:18","guid":{"rendered":"http:\/\/www.related.dk\/macao-tradekit\/?page_id=253"},"modified":"2018-11-22T12:46:20","modified_gmt":"2018-11-22T12:46:20","slug":"om-macao","status":"publish","type":"page","link":"https:\/\/www.related.dk\/macao-tradekit\/om-macao\/","title":{"rendered":"Om Macao"},"content":{"rendered":"\r\n<div class=\"vce-row-container\">\r\n<div id=\"el-6f22c9f0\" class=\"vce-row vce-row--col-gap-30 vce-row-columns--top vce-row-content--top\" data-vce-do-apply=\"all el-6f22c9f0\">\r\n<div class=\"vce-row-content\" data-vce-element-content=\"true\">\r\n<div id=\"el-ad614595\" class=\"vce-col vce-col--md-auto vce-col--xs-1 vce-col--xs-last vce-col--xs-first vce-col--sm-last vce-col--sm-first vce-col--md-last vce-col--lg-last vce-col--xl-last vce-col--md-first vce-col--lg-first vce-col--xl-first\" data-vce-do-apply=\"background border el-ad614595\">\r\n<div class=\"vce-col-inner\" data-vce-element-content=\"true\" data-vce-do-apply=\"padding margin el-ad614595\"><section class=\"vce-hero-section-container vce-hero-section-media--xs vce-hero-section-media--sm vce-hero-section-media--md vce-hero-section-media--lg\">\r\n<div id=\"el-2ea5fa98\" class=\"vce vce-hero-section vce-hero-section--alignment-start\" data-vce-do-apply=\"margin background border el-2ea5fa98\">\r\n<div class=\"vce-hero-section--wrap-row vce-hero-section--background-position-center-center\" style=\"background-image: url('http:\/\/www.related.dk\/macao-tradekit\/wp-content\/uploads\/2018\/11\/Banner_330_2.jpg');\">\r\n<div class=\"vce-hero-section--wrap\">\r\n<div class=\"vce-hero-section--content\" data-vce-do-apply=\"padding el-2ea5fa98\">\r\n<div class=\"vce-hero-section--content-container\">\r\n<h1><strong>OM MACAO<\/strong><\/h1>\r\n<\/div>\r\n<\/div>\r\n<\/div>\r\n<\/div>\r\n<\/div>\r\n<\/section><\/div>\r\n<\/div>\r\n<\/div>\r\n<\/div>\r\n<\/div>\r\n<div class=\"vce-row-container\">\r\n<div id=\"el-4284100a\" class=\"vce-row vce-row--col-gap-30 vce-row-columns--top vce-row-content--top\" data-vce-do-apply=\"all el-4284100a\">\r\n<div class=\"vce-row-content\" data-vce-element-content=\"true\">\r\n<div id=\"el-e56221b0\" class=\"vce-col vce-col--md-100p vce-col--xs-1 vce-col--xs-last vce-col--xs-first vce-col--sm-last vce-col--sm-first vce-col--md-last vce-col--lg-last vce-col--xl-last vce-col--md-first vce-col--lg-first vce-col--xl-first\" data-vce-do-apply=\"background border el-e56221b0\">\r\n<div class=\"vce-col-inner\" data-vce-element-content=\"true\" data-vce-do-apply=\"padding margin el-e56221b0\">\r\n<div class=\"vce-text-block\">\r\n<div id=\"el-5062bf1b\" class=\"vce-text-block-wrapper vce\" data-vce-do-apply=\"all el-5062bf1b\">\r\n\r\nMacao ligger omkring 60 km vest for Hongkong og best\u00e5r af Macao-halv\u00f8en samt \u00f8erne Taipa og Coloane. Macao-halv\u00f8en, der er Macaos hjerte og bl.a. huser \u00f8statens historiske centrum, er forbundet med Taipa med tre broer. Mellem Taipa og Coloane har flere store international resorts etableret sig p\u00e5 det indvundne land \u2013 i et nyt omr\u00e5de kaldet Cotai.\r\n\r\nPortugiserne kom til Macao i midten af det 16. \u00e5rhundrede, og i dag er byens arkitektur, kunst, religion, traditioner og madkultur stadig p\u00e5virket af b\u00e5de kinesisk, vestlig og portugisisk kultur. Macao blev i 1999 en s\u00e6rlig administrativ region under Folkerepublikken Kina. I 2005 blev Macaos historiske centrum optaget p\u00e5 UNESCOS verdensarvsliste, mens Macao i 2017 blev optaget som medlem af UNESCO Creative Cities Network (UCCN) inden for gastronomi.\r\n\r\n<\/div>\r\n<\/div>\r\n<\/div>\r\n<\/div>\r\n<\/div>\r\n<\/div>\r\n<\/div>\r\n<div class=\"vce-row-container\">\r\n<div id=\"el-553d31e6\" class=\"vce-row vce-row--col-gap-30 vce-row-columns--top vce-row-content--top\" data-vce-do-apply=\"all el-553d31e6\">\r\n<div class=\"vce-row-content\" data-vce-element-content=\"true\">\r\n<div id=\"el-5e01ea0d\" class=\"vce-col vce-col--md-auto vce-col--xs-1 vce-col--xs-last vce-col--xs-first vce-col--sm-last vce-col--sm-first vce-col--md-last vce-col--lg-last vce-col--xl-last vce-col--md-first vce-col--lg-first vce-col--xl-first\" data-vce-do-apply=\"background border el-5e01ea0d\">\r\n<div class=\"vce-col-inner\" data-vce-element-content=\"true\" data-vce-do-apply=\"padding margin el-5e01ea0d\">\r\n<div class=\"vce-google-maps vce-google-maps--align-left\">\r\n<div id=\"el-92779058\" class=\"vce-google-maps-wrapper vce vce-google-maps--width-custom vce-google-maps-proportional\" style=\"width: 1600px; height: auto;\" data-vce-do-apply=\"all el-92779058\">\r\n<div class=\"vce-google-maps-inner\" style=\"padding-bottom: 75%;\"><iframe loading=\"lazy\" style=\"border: 0px; pointer-events: none;\" src=\"https:\/\/www.google.com\/maps\/embed?pb=!1m14!1m12!1m3!1d223107.6947029463!2d113.50276886288114!3d22.226749360030087!2m3!1f0!2f0!3f0!3m2!1i1024!2i768!4f13.1!5e0!3m2!1sda!2sdk!4v1542715948494\" width=\"600\" height=\"450\" frameborder=\"0\" allowfullscreen=\"allowfullscreen\"><\/iframe><\/div>\r\n<\/div>\r\n<\/div>\r\n<\/div>\r\n<\/div>\r\n<\/div>\r\n<\/div>\r\n<\/div>\r\n\n","protected":false},"excerpt":{"rendered":"<p>OM MACAO Macao ligger omkring 60 km vest for Hongkong og best\u00e5r af Macao-halv\u00f8en samt \u00f8erne Taipa og Coloane. Macao-halv\u00f8en, der er Macaos hjerte og bl.a. huser \u00f8statens historiske centrum, er forbundet med Taipa med tre broer. Mellem Taipa og Coloane har flere store international resorts etableret sig p\u00e5 det indvundne land \u2013 i et &hellip; <\/p>\n<p class=\"link-more\"><a href=\"https:\/\/www.related.dk\/macao-tradekit\/om-macao\/\" class=\"more-link\">L\u00e6s videre<span class=\"screen-reader-text\"> &#8220;Om Macao&#8221;<\/span><\/a><\/p>\n","protected":false},"author":2,"featured_media":0,"parent":0,"menu_order":0,"comment_status":"closed","ping_status":"closed","template":"","meta":[],"_links":{"self":[{"href":"https:\/\/www.related.dk\/macao-tradekit\/wp-json\/wp\/v2\/pages\/253"}],"collection":[{"href":"https:\/\/www.related.dk\/macao-tradekit\/wp-json\/wp\/v2\/pages"}],"about":[{"href":"https:\/\/www.related.dk\/macao-tradekit\/wp-json\/wp\/v2\/types\/page"}],"author":[{"embeddable":true,"href":"https:\/\/www.related.dk\/macao-tradekit\/wp-json\/wp\/v2\/users\/2"}],"replies":[{"embeddable":true,"href":"https:\/\/www.related.dk\/macao-tradekit\/wp-json\/wp\/v2\/comments?post=253"}],"version-history":[{"count":4,"href":"https:\/\/www.related.dk\/macao-tradekit\/wp-json\/wp\/v2\/pages\/253\/revisions"}],"predecessor-version":[{"id":791,"href":"https:\/\/www.related.dk\/macao-tradekit\/wp-json\/wp\/v2\/pages\/253\/revisions\/791"}],"wp:attachment":[{"href":"https:\/\/www.related.dk\/macao-tradekit\/wp-json\/wp\/v2\/media?parent=253"}],"curies":[{"name":"wp","href":"https:\/\/api.w.org\/{rel}","templated":true}]}}