{"id":1486,"date":"2019-07-05T09:32:49","date_gmt":"2019-07-05T09:32:49","guid":{"rendered":"http:\/\/www.related.dk\/macao-tradekit\/tietoa-macaosta\/macao-suomen-mediassa\/"},"modified":"2019-07-05T09:36:56","modified_gmt":"2019-07-05T09:36:56","slug":"macao-suomen-mediassa","status":"publish","type":"page","link":"https:\/\/www.related.dk\/macao-tradekit\/tietoa-macaosta\/macao-suomen-mediassa\/?lang=fi","title":{"rendered":"Macao Suomen mediassa"},"content":{"rendered":"<div class=\"vce-row-container\"><div class=\"vce-row vce-row--col-gap-30 vce-row-columns--top vce-row-content--top\" id=\"el-09b5df07\" data-vce-do-apply=\"all el-09b5df07\"><div class=\"vce-row-content\" data-vce-element-content=\"true\"><div class=\"vce-col vce-col--md-auto vce-col--xs-1 vce-col--xs-last vce-col--xs-first vce-col--sm-last vce-col--sm-first vce-col--md-last vce-col--lg-last vce-col--xl-last vce-col--md-first vce-col--lg-first vce-col--xl-first\" id=\"el-a0ecfe51\" data-vce-do-apply=\"background border el-a0ecfe51\"><div class=\"vce-col-inner\" data-vce-element-content=\"true\" data-vce-do-apply=\"padding margin  el-a0ecfe51\"><section class=\"vce-hero-section-container vce-hero-section-media--xs vce-hero-section-media--sm vce-hero-section-media--md vce-hero-section-media--lg\"><div class=\"vce vce-hero-section vce-hero-section--alignment-start\" id=\"el-6f2abeec\" data-vce-do-apply=\"margin background border  el-6f2abeec\"><div class=\"vce-hero-section--wrap-row vce-hero-section--background-position-center-center\" style=\"background-image: url('https:\/\/www.related.dk\/macao-tradekit\/wp-content\/uploads\/2018\/11\/Banner_330_3_events.jpg');\"><div class=\"vce-hero-section--wrap\"><div class=\"vce-hero-section--content\" data-vce-do-apply=\"padding el-6f2abeec\"><div class=\"vce-hero-section--content-container\"><h2><strong>MACAO SUOMEN MEDIASSA<\/strong><\/h2><\/div><\/div><\/div><\/div><\/div><\/section><\/div><\/div><\/div><\/div><\/div><div class=\"vce-row-container\"><div class=\"vce-row vce-row--col-gap-30 vce-row-columns--top vce-row-content--top\" id=\"el-3af17bca\" data-vce-do-apply=\"all el-3af17bca\"><div class=\"vce-row-content\" data-vce-element-content=\"true\"><div class=\"vce-col vce-col--md-auto vce-col--xs-1 vce-col--xs-last vce-col--xs-first vce-col--sm-last vce-col--sm-first vce-col--md-last vce-col--lg-last vce-col--xl-last vce-col--md-first vce-col--lg-first vce-col--xl-first\" id=\"el-ee68f058\" data-vce-do-apply=\"background border el-ee68f058\"><div class=\"vce-col-inner\" data-vce-element-content=\"true\" data-vce-do-apply=\"padding margin  el-ee68f058\"><div class=\"vce-text-block\"><div class=\"vce-text-block-wrapper vce\" id=\"el-66998a1e\" data-vce-do-apply=\"all el-66998a1e\"><p><strong>Julia Toivola<\/strong><br><a href=\"http:\/\/juliatoivola.com\/40-kuppia-teeta-ja-4-paivaa-sadetta-macao\/\" target=\"_blank\" rel=\"noopener\">40 kuppia teet\u00e4 ja 4 p\u00e4iv\u00e4\u00e4 sadetta \u2013 Macao<\/a><\/p><p><strong>Adventurista\/Me Naiset<\/strong><br><a href=\"http:\/\/www.menaiset.fi\/blogit\/adventurista\/macao-opas-100-vinkkia-syo-juo-nuku-koe-nae-ja-viihdy\" target=\"_blank\" rel=\"noopener\">100 vinkki\u00e4 Macaoon: sy\u00f6, nuku ja viihdy!<\/a><\/p><\/div><\/div><\/div><\/div><\/div><\/div><\/div>\n","protected":false},"excerpt":{"rendered":"<p>MACAO SUOMEN MEDIASSAJulia Toivola40 kuppia teet\u00e4 ja 4 p\u00e4iv\u00e4\u00e4 sadetta \u2013 MacaoAdventurista\/Me Naiset100 vinkki\u00e4 Macaoon: sy\u00f6, nuku ja viihdy!<\/p>\n","protected":false},"author":2,"featured_media":0,"parent":930,"menu_order":0,"comment_status":"closed","ping_status":"closed","template":"","meta":[],"_links":{"self":[{"href":"https:\/\/www.related.dk\/macao-tradekit\/wp-json\/wp\/v2\/pages\/1486"}],"collection":[{"href":"https:\/\/www.related.dk\/macao-tradekit\/wp-json\/wp\/v2\/pages"}],"about":[{"href":"https:\/\/www.related.dk\/macao-tradekit\/wp-json\/wp\/v2\/types\/page"}],"author":[{"embeddable":true,"href":"https:\/\/www.related.dk\/macao-tradekit\/wp-json\/wp\/v2\/users\/2"}],"replies":[{"embeddable":true,"href":"https:\/\/www.related.dk\/macao-tradekit\/wp-json\/wp\/v2\/comments?post=1486"}],"version-history":[{"count":1,"href":"https:\/\/www.related.dk\/macao-tradekit\/wp-json\/wp\/v2\/pages\/1486\/revisions"}],"predecessor-version":[{"id":1487,"href":"https:\/\/www.related.dk\/macao-tradekit\/wp-json\/wp\/v2\/pages\/1486\/revisions\/1487"}],"up":[{"embeddable":true,"href":"https:\/\/www.related.dk\/macao-tradekit\/wp-json\/wp\/v2\/pages\/930"}],"wp:attachment":[{"href":"https:\/\/www.related.dk\/macao-tradekit\/wp-json\/wp\/v2\/media?parent=1486"}],"curies":[{"name":"wp","href":"https:\/\/api.w.org\/{rel}","templated":true}]}}