{"id":1468,"date":"2019-07-05T09:09:17","date_gmt":"2019-07-05T09:09:17","guid":{"rendered":"http:\/\/www.related.dk\/macao-tradekit\/?page_id=1468"},"modified":"2019-07-05T09:41:57","modified_gmt":"2019-07-05T09:41:57","slug":"macao-i-danske-medier","status":"publish","type":"page","link":"https:\/\/www.related.dk\/macao-tradekit\/om-macao\/macao-i-danske-medier\/","title":{"rendered":"Macao i danske medier"},"content":{"rendered":"<div class=\"vce-row-container\"><div class=\"vce-row vce-row--col-gap-30 vce-row-columns--top vce-row-content--top\" id=\"el-e6a4ad63\" data-vce-do-apply=\"all el-e6a4ad63\"><div class=\"vce-row-content\" data-vce-element-content=\"true\"><div class=\"vce-col vce-col--md-auto vce-col--xs-1 vce-col--xs-last vce-col--xs-first vce-col--sm-last vce-col--sm-first vce-col--md-last vce-col--lg-last vce-col--xl-last vce-col--md-first vce-col--lg-first vce-col--xl-first\" id=\"el-0dcc5d6a\" data-vce-do-apply=\"background border el-0dcc5d6a\"><div class=\"vce-col-inner\" data-vce-element-content=\"true\" data-vce-do-apply=\"padding margin  el-0dcc5d6a\"><section class=\"vce-hero-section-container vce-hero-section-media--xs vce-hero-section-media--sm vce-hero-section-media--md vce-hero-section-media--lg\"><div class=\"vce vce-hero-section vce-hero-section--alignment-start\" id=\"el-7568fcff\" data-vce-do-apply=\"margin background border  el-7568fcff\"><div class=\"vce-hero-section--wrap-row vce-hero-section--background-position-center-center\" style=\"background-image: url('https:\/\/www.related.dk\/macao-tradekit\/wp-content\/uploads\/2018\/11\/Banner_330_3_events.jpg');\"><div class=\"vce-hero-section--wrap\"><div class=\"vce-hero-section--content\" data-vce-do-apply=\"padding el-7568fcff\"><div class=\"vce-hero-section--content-container\"><h2 style=\"text-align: left;\"><strong>MACAO I DANSKE MEDIER<\/strong><\/h2><\/div><\/div><\/div><\/div><\/div><\/section><\/div><\/div><\/div><\/div><\/div><div class=\"vce-row-container\"><div class=\"vce-row vce-row--col-gap-30 vce-row-columns--top vce-row-content--top\" id=\"el-52156494\" data-vce-do-apply=\"all el-52156494\"><div class=\"vce-row-content\" data-vce-element-content=\"true\"><div class=\"vce-col vce-col--md-auto vce-col--xs-1 vce-col--xs-last vce-col--xs-first vce-col--sm-last vce-col--sm-first vce-col--md-last vce-col--lg-last vce-col--xl-last vce-col--md-first vce-col--lg-first vce-col--xl-first\" id=\"el-82659788\" data-vce-do-apply=\"background border el-82659788\"><div class=\"vce-col-inner\" data-vce-element-content=\"true\" data-vce-do-apply=\"padding margin  el-82659788\"><div class=\"vce-text-block\"><div class=\"vce-text-block-wrapper vce\" id=\"el-afbec9e1\" data-vce-do-apply=\"all el-afbec9e1\"><p><strong>Politiken<\/strong><br><a href=\"https:\/\/politiken.dk\/rejser\/art6926105\/Her-er-fem-madoplevelser-n%C3%A6r-Hongkong\" target=\"_blank\" rel=\"noopener\">\u00c6gget\u00e6rter, dim sum og 3-stjernede havsnegle: Her er fem madoplevelser n\u00e6r Hongkong<\/a><\/p><p><strong>Femina<br><\/strong><a href=\"https:\/\/www.femina.dk\/kultur\/rejser\/rejseguide-kinesiske-macau-hvor-oesten-moeder-portugal\" target=\"_blank\" rel=\"noopener\">Rejseguide: Kinesiske Macau - hvor \u00d8sten m\u00f8der Portugal<\/a><\/p><p><strong>B\u00f8rsen<\/strong><br><a href=\"https:\/\/pleasure.borsen.dk\/rejser\/artikel\/11\/223998\/.html\" target=\"_blank\" rel=\"noopener\">Kinesisk kasinoby med portugisisk charme<\/a><\/p><p><strong>Connery<\/strong><br><a href=\"https:\/\/connery.dk\/turen-gaar-til-macao.132946.html\" target=\"_blank\" rel=\"noopener\">Turen g\u00e5r til: Macao - Det 'kinesiske' Las Vegas er rig p\u00e5 b\u00e5de rigdom og kulturarv<\/a><\/p><p><strong>Sneglcille (blog)<\/strong><br><a href=\"http:\/\/sneglcille.dk\/2018\/12\/macao\/\" target=\"_blank\" rel=\"noopener\">Macao rejseguide<\/a><\/p><p><strong>Mette Marie Lei Lange (blog)<\/strong><br><a href=\"https:\/\/mettemarieleilange.dk\/2018\/12\/macao\/\" target=\"_blank\" rel=\"noopener\">Macao rejseguide<\/a><\/p><\/div><\/div><\/div><\/div><\/div><\/div><\/div>\n","protected":false},"excerpt":{"rendered":"<p>MACAO I DANSKE MEDIERPolitiken\u00c6gget\u00e6rter, dim sum og 3-stjernede havsnegle: Her er fem madoplevelser n\u00e6r HongkongFeminaRejseguide: Kinesiske Macau &#8211; hvor \u00d8sten m\u00f8der PortugalB\u00f8rsenKinesisk kasinoby med portugisisk charmeConneryTuren g\u00e5r til: Macao &#8211; Det &#8216;kinesiske&#8217; Las Vegas er rig p\u00e5 b\u00e5de rigdom og kulturarvSneglcille (blog)Macao rejseguideMette Marie Lei Lange (blog)Macao rejseguide<\/p>\n","protected":false},"author":2,"featured_media":0,"parent":253,"menu_order":0,"comment_status":"closed","ping_status":"closed","template":"","meta":[],"_links":{"self":[{"href":"https:\/\/www.related.dk\/macao-tradekit\/wp-json\/wp\/v2\/pages\/1468"}],"collection":[{"href":"https:\/\/www.related.dk\/macao-tradekit\/wp-json\/wp\/v2\/pages"}],"about":[{"href":"https:\/\/www.related.dk\/macao-tradekit\/wp-json\/wp\/v2\/types\/page"}],"author":[{"embeddable":true,"href":"https:\/\/www.related.dk\/macao-tradekit\/wp-json\/wp\/v2\/users\/2"}],"replies":[{"embeddable":true,"href":"https:\/\/www.related.dk\/macao-tradekit\/wp-json\/wp\/v2\/comments?post=1468"}],"version-history":[{"count":7,"href":"https:\/\/www.related.dk\/macao-tradekit\/wp-json\/wp\/v2\/pages\/1468\/revisions"}],"predecessor-version":[{"id":1490,"href":"https:\/\/www.related.dk\/macao-tradekit\/wp-json\/wp\/v2\/pages\/1468\/revisions\/1490"}],"up":[{"embeddable":true,"href":"https:\/\/www.related.dk\/macao-tradekit\/wp-json\/wp\/v2\/pages\/253"}],"wp:attachment":[{"href":"https:\/\/www.related.dk\/macao-tradekit\/wp-json\/wp\/v2\/media?parent=1468"}],"curies":[{"name":"wp","href":"https:\/\/api.w.org\/{rel}","templated":true}]}}