{"id":1318,"date":"2018-11-23T12:18:29","date_gmt":"2018-11-23T12:18:29","guid":{"rendered":"http:\/\/www.related.dk\/macao-tradekit\/opplevelser\/det-historiske-macao\/"},"modified":"2018-11-23T13:22:10","modified_gmt":"2018-11-23T13:22:10","slug":"det-historiske-macao","status":"publish","type":"page","link":"https:\/\/www.related.dk\/macao-tradekit\/opplevelser\/det-historiske-macao\/?lang=no","title":{"rendered":"Det historiske Macao"},"content":{"rendered":"<div class=\"vce-row-container\"><div class=\"vce-row vce-row--col-gap-30 vce-row-columns--top vce-row-content--top\" id=\"el-c787650d\" data-vce-do-apply=\"all el-c787650d\"><div class=\"vce-row-content\" data-vce-element-content=\"true\"><div class=\"vce-col vce-col--md-100p vce-col--xs-1 vce-col--xs-last vce-col--xs-first vce-col--sm-last vce-col--sm-first vce-col--md-last vce-col--lg-last vce-col--xl-last vce-col--md-first vce-col--lg-first vce-col--xl-first\" id=\"el-3619e9df\" data-vce-do-apply=\"background border el-3619e9df\"><div class=\"vce-col-inner\" data-vce-element-content=\"true\" data-vce-do-apply=\"padding margin  el-3619e9df\"><section class=\"vce-hero-section-container vce-hero-section-media--xs vce-hero-section-media--sm vce-hero-section-media--md vce-hero-section-media--lg\"><div class=\"vce vce-hero-section vce-hero-section--alignment-start\" id=\"el-11602d97\" data-vce-do-apply=\"margin background border  el-11602d97\"><div class=\"vce-hero-section--wrap-row vce-hero-section--background-position-center-center\" style=\"background-image: url('https:\/\/www.related.dk\/macao-tradekit\/wp-content\/uploads\/2018\/11\/Banner_historie_3-dage.jpg');\"><div class=\"vce-hero-section--wrap\"><div class=\"vce-hero-section--content\" data-vce-do-apply=\"padding el-11602d97\"><div class=\"vce-hero-section--content-container\"><h1><strong>DET HISTORISKE MACAO<\/strong><\/h1><\/div><\/div><\/div><\/div><\/div><\/section><\/div><\/div><\/div><\/div><\/div><div class=\"vce-row-container\"><div class=\"vce-row vce-row--col-gap-30 vce-row-columns--top vce-row-content--top\" id=\"el-8b809fb8\" data-vce-do-apply=\"all el-8b809fb8\"><div class=\"vce-row-content\" data-vce-element-content=\"true\"><div class=\"vce-col vce-col--md-100p vce-col--xs-1 vce-col--xs-last vce-col--xs-first vce-col--sm-last vce-col--sm-first vce-col--md-last vce-col--lg-last vce-col--xl-last vce-col--md-first vce-col--lg-first vce-col--xl-first\" id=\"el-99854866\" data-vce-do-apply=\"background border el-99854866\"><div class=\"vce-col-inner\" data-vce-element-content=\"true\" data-vce-do-apply=\"padding margin  el-99854866\"><div class=\"vce-text-block\"><div class=\"vce-text-block-wrapper vce\" id=\"el-38b01af9\" data-vce-do-apply=\"all el-38b01af9\"><p>For kultur- og historieinteresserte byr Macao p\u00e5 en unik blanding av europeisk og asiatisk kultur og arkitektur, hvor innflytelsen fra b\u00e5de Kina og Portugal er tydelig.<\/p><h2>Dag 1: Det historiske sentrum<\/h2><p>Utforsk Macaos historiske sentrum, som i 2005 ble innlemmet p\u00e5 UNESCOs verdensarvliste.<\/p><h3>Formiddag + ettermiddag<\/h3><p>Bes\u00f8k Macaos historiske sentrum, som er p\u00e5 UNESCO-listen, og opplev blant annet:<\/p><ul><li><strong>Ruins of St. Paul\u2019s<\/strong> er ruinene av kirken St. Paul\u2019s, som ble bygget i perioden 1602\u20131640. Kirken var en del av St. Paul\u2019s College \u2013 det f\u00f8rste vestlige universitetet i \u00d8st-Asia. I dag er det bare kirkens fasade som st\u00e5r igjen.<\/li><li><strong>Na Tcha Temple<\/strong> er et lite, tradisjonelt kinesisk tempel bygget i 1888 for \u00e5 \u00e6re guden Na Tcha. Templet er oppf\u00f8rt i enkle materialer og ligger like i n\u00e6rheten av St. Paul\u2019s. Omr\u00e5det symboliserer dermed m\u00f8tet mellom de vestlige og de kinesiske religionene samt den religionsfriheten og multikulturelle \u00e5penheten som kjennetegner Macao.<\/li><li>G\u00e5 langs <strong>\u00abLover\u2019s Lane\u00bb<\/strong>, en smal brosteinsgate som er omgitt av romantiske pastellfargede hus, ned mot <strong>Senado Square<\/strong>, som har v\u00e6rt Macaos hjerte siden det 16. \u00e5rhundre og er kjent for sitt karakteristiske m\u00f8nster av svarte og hvite brostein. Torget er i dag sentrum for en lang rekke offentlige begivenheter og festivaler.<\/li><li>Ikke langt fra torget ligger <strong>St. Dominic\u2019s Church<\/strong>. Her kan du beundre kirkens lysegule farge mens du nyter en matbit eller noe \u00e5 drikke fra en av de mange bodene i n\u00e6rheten av kirken.<\/li><li><strong>Lou Kau Mansion<\/strong> ble bygget omkring \u00e5r 1889 og var bolig for den prominente kinesiske forretningsmannen Lou Kau. Et typisk eksempel p\u00e5 kinesisk \u00abXiguan\u00bb-arkitektur.<\/li><li><strong>Rua de Felicidade<\/strong> er det tidligere \u00abred light district\u00bb \u2013 og i dag det ideelle stedet for \u00e5 finne lokale delikatesser og suvenirer.<\/li><li><strong>Guia Fortress<\/strong> er et fort som ble bygget i 1622 p\u00e5 Macaos h\u00f8yeste punkt. Foruten den flotte utsikten er fortet blant annet kjent for sitt kapell og fyrt\u00e5rn.<\/li><li><strong>Lou Lim Ieoc Garden<\/strong> ble bygget p\u00e5 1800-tallet etter Suzhou-prinsippene og er den mest kinesiske av alle Macaos hager.<\/li><\/ul><h3>Kveld<\/h3><p>Bes\u00f8k en av Macaos mange portugisiske restauranter for virkelig \u00e5 fornemme byens europeiske kulturarv.<\/p><\/div><\/div><\/div><\/div><\/div><\/div><\/div><div class=\"vce-row-container\"><div class=\"vce-row vce-row--col-gap-30 vce-row-columns--top vce-row-content--top\" id=\"el-9f454590\" data-vce-do-apply=\"all el-9f454590\"><div class=\"vce-row-content\" data-vce-element-content=\"true\"><div class=\"vce-col vce-col--md-50p vce-col--xs-1 vce-col--xs-last vce-col--xs-first vce-col--sm-last vce-col--sm-first vce-col--md-first vce-col--lg-first vce-col--xl-first\" id=\"el-96243004\" data-vce-do-apply=\"background border el-96243004\"><div class=\"vce-col-inner\" data-vce-element-content=\"true\" data-vce-do-apply=\"padding margin  el-96243004\"><div class=\"vce-single-image-container vce-single-image--align-left\"><div class=\"vce vce-single-image-wrapper\" id=\"el-97894091\" data-vce-do-apply=\"all el-97894091\"><figure><div class=\"vce-single-image-inner\"><img class=\"vce-single-image\" data-width=\"600\" data-height=\"400\"src=\"https:\/\/www.related.dk\/macao-tradekit\/wp-content\/uploads\/2018\/11\/st-pauls-600x400.jpg\" data-img-src=\"https:\/\/www.related.dk\/macao-tradekit\/wp-content\/uploads\/2018\/11\/st-pauls.jpg\" alt=\"\" title=\"st pauls\"\/><\/div><\/figure><\/div><\/div><\/div><\/div><div class=\"vce-col vce-col--md-50p vce-col--xs-1 vce-col--xs-last vce-col--xs-first vce-col--sm-last vce-col--sm-first vce-col--md-last vce-col--lg-last vce-col--xl-last\" id=\"el-b86eaaf6\" data-vce-do-apply=\"background border el-b86eaaf6\"><div class=\"vce-col-inner\" data-vce-element-content=\"true\" data-vce-do-apply=\"padding margin  el-b86eaaf6\"><div class=\"vce-single-image-container vce-single-image--align-left\"><div class=\"vce vce-single-image-wrapper\" id=\"el-bc76b357\" data-vce-do-apply=\"all el-bc76b357\"><figure><div class=\"vce-single-image-inner\"><img class=\"vce-single-image\" data-width=\"600\" data-height=\"400\"src=\"https:\/\/www.related.dk\/macao-tradekit\/wp-content\/uploads\/2018\/11\/dag-1_1-600x400.jpg\" data-img-src=\"https:\/\/www.related.dk\/macao-tradekit\/wp-content\/uploads\/2018\/11\/dag-1_1.jpg\" alt=\"\" title=\"dag 1_1\"\/><\/div><\/figure><\/div><\/div><\/div><\/div><\/div><\/div><\/div><div class=\"vce-row-container\"><div class=\"vce-row vce-row--col-gap-30 vce-row-columns--top vce-row-content--top\" id=\"el-bf1ebe70\" data-vce-do-apply=\"all el-bf1ebe70\"><div class=\"vce-row-content\" data-vce-element-content=\"true\"><div class=\"vce-col vce-col--md-100p vce-col--xs-1 vce-col--xs-last vce-col--xs-first vce-col--sm-last vce-col--sm-first vce-col--md-last vce-col--lg-last vce-col--xl-last vce-col--md-first vce-col--lg-first vce-col--xl-first\" id=\"el-5257d924\" data-vce-do-apply=\"background border el-5257d924\"><div class=\"vce-col-inner\" data-vce-element-content=\"true\" data-vce-do-apply=\"padding margin  el-5257d924\"><div class=\"vce-text-block\"><div class=\"vce-text-block-wrapper vce\" id=\"el-4a4be081\" data-vce-do-apply=\"all el-4a4be081\"><h2>Dag 2: Flere historiske skatter<\/h2><p>Efter \u00e5 ha bes\u00f8kt de mest ikoniske stedene i det historiske sentrum er det n\u00e5 tid for \u00e5 l\u00e6re mer om Macaos historie og kulturarv \u2013 og samtidig oppleve det nye Macao.<\/p><h3>Formiddag + ettermiddag<\/h3><ul><li><strong>Lin Fong Temple<\/strong> (Temple of Lotus) ble bygget i 1592 og nylig restaurert. Historisk er stedet kjent som det stedet hvor kinesiske embedsmenn bodde n\u00e5r de ankom Macao.<\/li><li><strong>Kun Iam Temple<\/strong> er et buddhistisk tempel fra det 13. \u00e5rhundre. Den n\u00e5v\u00e6rende bygningen er fra 1627.<\/li><li><strong>Memorial House of Dr. Sun Yat-Sen<\/strong> er det tidligere hjemmet til dr. Sun Yat-Sen \u2013 en av de b\u00e6rende kreftene bak den kinesisk-republikanske revolusjon (Xinhai), som styrtet Qingdynastiet, som dermed ble det siste av Kinas dynastier.<\/li><li><strong>Cam\u00f5es Garden<\/strong> er en hage fra det 18. \u00e5rhundre som i dag b\u00e5de huser Old Protestant Cemetery, hvor atskillige kj\u00f8pmenn og mission\u00e6rer ligger begravet, en kinesisk paviljong samt en stor hage hvor de lokale m\u00f8tes til tai chi om morgenen.<\/li><li><strong>St Anthony Church<\/strong> er en av Macaos eldste kirker. Den ble bygget i bambus og tre i 1560 og er siden blitt renovert og rekonstruert flere ganger. Den n\u00e5v\u00e6rende kirken er fra 1930.<\/li><li><strong>Tam Kong Temple<\/strong> er dedikert til sj\u00f8farernes gud, Tam Kong. Templet er spesielt kjent for sin r\u00f8de farge og den lange drageb\u00e5tmodellen laget av hvalknokler. Denne finner du inne i templet.<\/li><li><strong>5 de Outubro Street<\/strong> er en historisk gate med alt fra kinesiske urter og h\u00e5ndlagede nudler til lokale delikatesser og kaffebarer.<\/li><\/ul><h3>Kveld<\/h3><p>Bes\u00f8k de store resortene i<strong> Cotai,<\/strong> som skjuler underholdning i verdensklasse, kasinoer, restauranter og shopping \u2013 og merk kontrasten mellom det nye og det historiske Macao.<\/p><\/div><\/div><\/div><\/div><\/div><\/div><\/div><div class=\"vce-row-container\"><div class=\"vce-row vce-row--col-gap-30 vce-row-columns--top vce-row-content--top\" id=\"el-e37f595b\" data-vce-do-apply=\"all el-e37f595b\"><div class=\"vce-row-content\" data-vce-element-content=\"true\"><div class=\"vce-col vce-col--md-50p vce-col--xs-1 vce-col--xs-last vce-col--xs-first vce-col--sm-last vce-col--sm-first vce-col--md-first vce-col--lg-first vce-col--xl-first\" id=\"el-56ee7bb3\" data-vce-do-apply=\"background border el-56ee7bb3\"><div class=\"vce-col-inner\" data-vce-element-content=\"true\" data-vce-do-apply=\"padding margin  el-56ee7bb3\"><div class=\"vce-single-image-container vce-single-image--align-left\"><div class=\"vce vce-single-image-wrapper\" id=\"el-75929296\" data-vce-do-apply=\"all el-75929296\"><figure><div class=\"vce-single-image-inner\"><img class=\"vce-single-image\" data-width=\"600\" data-height=\"400\"src=\"https:\/\/www.related.dk\/macao-tradekit\/wp-content\/uploads\/2018\/11\/eiffel_hori-600x400.jpg\" data-img-src=\"https:\/\/www.related.dk\/macao-tradekit\/wp-content\/uploads\/2018\/11\/eiffel_hori.jpg\" alt=\"\" title=\"eiffel_hori\"\/><\/div><\/figure><\/div><\/div><\/div><\/div><div class=\"vce-col vce-col--md-50p vce-col--xs-1 vce-col--xs-last vce-col--xs-first vce-col--sm-last vce-col--sm-first vce-col--md-last vce-col--lg-last vce-col--xl-last\" id=\"el-175b733a\" data-vce-do-apply=\"background border el-175b733a\"><div class=\"vce-col-inner\" data-vce-element-content=\"true\" data-vce-do-apply=\"padding margin  el-175b733a\"><div class=\"vce-single-image-container vce-single-image--align-left\"><div class=\"vce vce-single-image-wrapper\" id=\"el-59cd9ce5\" data-vce-do-apply=\"all el-59cd9ce5\"><figure><div class=\"vce-single-image-inner\"><img class=\"vce-single-image\" data-width=\"600\" data-height=\"400\"src=\"https:\/\/www.related.dk\/macao-tradekit\/wp-content\/uploads\/2018\/11\/DSC07510_night-600x400.jpg\" data-img-src=\"https:\/\/www.related.dk\/macao-tradekit\/wp-content\/uploads\/2018\/11\/DSC07510_night.jpg\" alt=\"\" title=\"DSC07510_night\"\/><\/div><\/figure><\/div><\/div><\/div><\/div><\/div><\/div><\/div><div class=\"vce-row-container\"><div class=\"vce-row vce-row--col-gap-30 vce-row-columns--top vce-row-content--top\" id=\"el-b920f521\" data-vce-do-apply=\"all el-b920f521\"><div class=\"vce-row-content\" data-vce-element-content=\"true\"><div class=\"vce-col vce-col--md-100p vce-col--xs-1 vce-col--xs-last vce-col--xs-first vce-col--sm-last vce-col--sm-first vce-col--md-last vce-col--lg-last vce-col--xl-last vce-col--md-first vce-col--lg-first vce-col--xl-first\" id=\"el-c07c898b\" data-vce-do-apply=\"background border el-c07c898b\"><div class=\"vce-col-inner\" data-vce-element-content=\"true\" data-vce-do-apply=\"padding margin  el-c07c898b\"><div class=\"vce-text-block\"><div class=\"vce-text-block-wrapper vce\" id=\"el-4b5ed0dc\" data-vce-do-apply=\"all el-4b5ed0dc\"><h2>Dag 3: Coloane og Taipa<\/h2><p>P\u00e5 g\u00e5- eller sykkeltur rundt i det autentiske Macao.<\/p><h3>Formiddag<\/h3><p>Bes\u00f8k omr\u00e5det Taipa, som er en skattkiste av butikker, tradisjonelle kafeer, suvenirbutikker og mye mer. G\u00e5r du en tur i omr\u00e5det, vil du finne en masse historiske bygninger og f\u00e5 et glimt av det tidligere landsbylivet i omr\u00e5det.<\/p><ul><li><strong>Taipa Houses<\/strong> er hus som ble bygget i portugisisk stil og oppf\u00f8rt i 1921 som boliger til h\u00f8ytst\u00e5ende embedsmenn.<\/li><li><strong>Museum of Taipa and Coloane History<\/strong> er det tidligere r\u00e5dhuset, som siden 2006 har fungert som museum. Her kan du se flere arkeologiske funn fra Macao.<\/li><li>Du kan for eksempel kj\u00f8pe lunsj ved en av <strong>matbodene<\/strong> utenfor museet og nyte maten midt i den gamle Taipa-landsbyen.<\/li><li><strong>Pak Tai Temple<\/strong> er et av de mest bemerkelsesverdige templene i Taipa. Her kan de lokale nemlig tilby offergaver til gudene, noe en ikke ser s\u00e5 ofte i dette omr\u00e5det.<\/li><li>Ved siden av Pak Tai kan du <strong>leie sykkel<\/strong>, noe som gj\u00f8r det mulig \u00e5 utforske den gamle bydelen p\u00e5 to hjul.<\/li><li>For eksempel kan du sykle (eller g\u00e5) forbi den fine katolske kirken <strong>Our Lady of Camo Churc<\/strong>h, som ligger p\u00e5 en bakketopp med utsikt over Taipa.<\/li><\/ul><h4>Tips til Taipa:<\/h4><ul><li>Hvis du har behov for \u00e5 fylle energitanken underveis, har Taipa b\u00e5de is- og kaffebarer samt forskjellige restauranter som serverer alt fra kinesisk og thai til portugisisk.<\/li><li>Husk \u00e5 kj\u00f8pe de ber\u00f8mte mandel-sm\u00e5kakene \u2013 en ekte Taipa-spesialitet \u2013 hos en av de lokale bakerne!<\/li><\/ul><p><a href=\"http:\/\/en.macaotourism.gov.mo\/plan\/walking_tours.php?id=1335\" target=\"_blank\" rel=\"noopener\">Her ser du et forslag til en g\u00e5tur i omr\u00e5det, inkludert tips til restauranter<\/a><\/p><h2>Ettermiddag<\/h2><p>Utforsk den gamle fiskerlandsbyen Coloane, og gjenopplev en svunnen tid.<\/p><ul><li><strong>Largo do Presidente Ant\u00f3nio Ramalho Eanes<\/strong> \u2013 et lite torg oppkalt etter den portugisiske presidenten Ant\u00f3nio Ramalho Eanes. Torget er godt bes\u00f8kt av de lokale, som kommer hit for \u00e5 kj\u00f8pe skalldyr, eggeterter eller andre lokale spesialiteter i en av de mange bodene.<\/li><li><strong>Coloane Library<\/strong> \u2013 den tidligere lokale skolen i Coloane, som i dag er et hyggelig sted \u00e5 sl\u00e5 seg ned med en bok. Her kan du ogs\u00e5 leie en sykkel, noe som gj\u00f8r det lettere \u00e5 utforske utkanten av landsbyen og dermed gjenoppleve en svunnen tid \u2013 den gangen Coloane var en fiskerlandsby.<\/li><li><strong>Coloanes<\/strong> 4 templer \u2013 Ancient Temple of Kun Iam, Tin Hau Ancient Temple, Tam Kong Temple og Sam Seng Temple er de fire mest bes\u00f8kte templene i Coloane. Ved sistnevnte, som ligger i den nordlige delen av landsbyen, finner du de tradisjonelle p\u00e5lehusene, som ligger p\u00e5 p\u00e5ler langs kysten.<\/li><li><strong>Lord Stow\u2019s Bakery<\/strong> \u2013 Macaos mest ikoniske bakeri, som har solgt portugisiske eggeterter (Past\u00e9is de Nata) siden 1989.<\/li><\/ul><p><a href=\"http:\/\/en.macaotourism.gov.mo\/plan\/walking_tours.php?id=1336\" target=\"_blank\" rel=\"noopener\">Her ser du et forslag til en g\u00e5tur i Coloane, inkludert tips til restauranter<\/a><\/p><\/div><\/div><\/div><\/div><\/div><\/div><\/div><div class=\"vce-row-container\"><div class=\"vce-row vce-row--col-gap-30 vce-row-columns--top vce-row-content--top\" id=\"el-96f9dbf0\" data-vce-do-apply=\"all el-96f9dbf0\"><div class=\"vce-row-content\" data-vce-element-content=\"true\"><div class=\"vce-col vce-col--md-50p vce-col--xs-1 vce-col--xs-last vce-col--xs-first vce-col--sm-last vce-col--sm-first vce-col--md-first vce-col--lg-first vce-col--xl-first\" id=\"el-4fb8606f\" data-vce-do-apply=\"background border el-4fb8606f\"><div class=\"vce-col-inner\" data-vce-element-content=\"true\" data-vce-do-apply=\"padding margin  el-4fb8606f\"><div class=\"vce-single-image-container vce-single-image--align-left\"><div class=\"vce vce-single-image-wrapper\" id=\"el-bfa1a9e2\" data-vce-do-apply=\"all el-bfa1a9e2\"><figure><div class=\"vce-single-image-inner\"><img class=\"vce-single-image\" data-width=\"600\" data-height=\"400\"src=\"https:\/\/www.related.dk\/macao-tradekit\/wp-content\/uploads\/2018\/11\/coloane_1-600x400.jpg\" data-img-src=\"https:\/\/www.related.dk\/macao-tradekit\/wp-content\/uploads\/2018\/11\/coloane_1.jpg\" alt=\"\" title=\"coloane_1\"\/><\/div><\/figure><\/div><\/div><\/div><\/div><div class=\"vce-col vce-col--md-50p vce-col--xs-1 vce-col--xs-last vce-col--xs-first vce-col--sm-last vce-col--sm-first vce-col--md-last vce-col--lg-last vce-col--xl-last\" id=\"el-1d7ab776\" data-vce-do-apply=\"background border el-1d7ab776\"><div class=\"vce-col-inner\" data-vce-element-content=\"true\" data-vce-do-apply=\"padding margin  el-1d7ab776\"><div class=\"vce-single-image-container vce-single-image--align-left\"><div class=\"vce vce-single-image-wrapper\" id=\"el-d44e6437\" data-vce-do-apply=\"all el-d44e6437\"><figure><div class=\"vce-single-image-inner\"><img class=\"vce-single-image\" data-width=\"600\" data-height=\"400\"src=\"https:\/\/www.related.dk\/macao-tradekit\/wp-content\/uploads\/2018\/11\/coloane_2-600x400.jpg\" data-img-src=\"https:\/\/www.related.dk\/macao-tradekit\/wp-content\/uploads\/2018\/11\/coloane_2.jpg\" alt=\"\" title=\"coloane_2\"\/><\/div><\/figure><\/div><\/div><\/div><\/div><\/div><\/div><\/div>\n","protected":false},"excerpt":{"rendered":"<p>DET HISTORISKE MACAOFor kultur- og historieinteresserte byr Macao p\u00e5 en unik blanding av europeisk og asiatisk kultur og arkitektur, hvor innflytelsen fra b\u00e5de Kina og Portugal er tydelig.Dag 1: Det historiske sentrumUtforsk Macaos historiske sentrum, som i 2005 ble innlemmet p\u00e5 UNESCOs verdensarvliste.Formiddag + ettermiddagBes\u00f8k Macaos historiske sentrum, som er p\u00e5 UNESCO-listen, og opplev blant &hellip; <\/p>\n<p class=\"link-more\"><a href=\"https:\/\/www.related.dk\/macao-tradekit\/opplevelser\/det-historiske-macao\/?lang=no\" class=\"more-link\">L\u00e6s videre<span class=\"screen-reader-text\"> &#8220;Det historiske Macao&#8221;<\/span><\/a><\/p>\n","protected":false},"author":2,"featured_media":0,"parent":969,"menu_order":0,"comment_status":"closed","ping_status":"closed","template":"","meta":[],"_links":{"self":[{"href":"https:\/\/www.related.dk\/macao-tradekit\/wp-json\/wp\/v2\/pages\/1318"}],"collection":[{"href":"https:\/\/www.related.dk\/macao-tradekit\/wp-json\/wp\/v2\/pages"}],"about":[{"href":"https:\/\/www.related.dk\/macao-tradekit\/wp-json\/wp\/v2\/types\/page"}],"author":[{"embeddable":true,"href":"https:\/\/www.related.dk\/macao-tradekit\/wp-json\/wp\/v2\/users\/2"}],"replies":[{"embeddable":true,"href":"https:\/\/www.related.dk\/macao-tradekit\/wp-json\/wp\/v2\/comments?post=1318"}],"version-history":[{"count":18,"href":"https:\/\/www.related.dk\/macao-tradekit\/wp-json\/wp\/v2\/pages\/1318\/revisions"}],"predecessor-version":[{"id":1369,"href":"https:\/\/www.related.dk\/macao-tradekit\/wp-json\/wp\/v2\/pages\/1318\/revisions\/1369"}],"up":[{"embeddable":true,"href":"https:\/\/www.related.dk\/macao-tradekit\/wp-json\/wp\/v2\/pages\/969"}],"wp:attachment":[{"href":"https:\/\/www.related.dk\/macao-tradekit\/wp-json\/wp\/v2\/media?parent=1318"}],"curies":[{"name":"wp","href":"https:\/\/api.w.org\/{rel}","templated":true}]}}