{"id":1289,"date":"2018-11-23T11:39:41","date_gmt":"2018-11-23T11:39:41","guid":{"rendered":"http:\/\/www.related.dk\/macao-tradekit\/elaemykset\/3-paeivaeae-macaossa\/"},"modified":"2018-11-23T13:37:48","modified_gmt":"2018-11-23T13:37:48","slug":"3-paeivaeae-macaossa","status":"publish","type":"page","link":"https:\/\/www.related.dk\/macao-tradekit\/elaemykset\/3-paeivaeae-macaossa\/?lang=fi","title":{"rendered":"3 p\u00e4iv\u00e4\u00e4 Macaossa"},"content":{"rendered":"<div class=\"vce-row-container\"><div class=\"vce-row vce-row--col-gap-30 vce-row-columns--top vce-row-content--top\" id=\"el-8df9994b\" data-vce-do-apply=\"all el-8df9994b\"><div class=\"vce-row-content\" data-vce-element-content=\"true\"><div class=\"vce-col vce-col--md-100p vce-col--xs-1 vce-col--xs-last vce-col--xs-first vce-col--sm-last vce-col--sm-first vce-col--md-last vce-col--lg-last vce-col--xl-last vce-col--md-first vce-col--lg-first vce-col--xl-first\" id=\"el-b06c2524\" data-vce-do-apply=\"background border el-b06c2524\"><div class=\"vce-col-inner\" data-vce-element-content=\"true\" data-vce-do-apply=\"padding margin  el-b06c2524\"><section class=\"vce-hero-section-container vce-hero-section-media--xs vce-hero-section-media--sm vce-hero-section-media--md vce-hero-section-media--lg\"><div class=\"vce vce-hero-section vce-hero-section--alignment-start\" id=\"el-0a461470\" data-vce-do-apply=\"margin background border  el-0a461470\"><div class=\"vce-hero-section--wrap-row vce-hero-section--background-position-center-center\" style=\"background-image: url('https:\/\/www.related.dk\/macao-tradekit\/wp-content\/uploads\/2018\/11\/Banner_343_5_2-dage.jpg');\"><div class=\"vce-hero-section--wrap\"><div class=\"vce-hero-section--content\" data-vce-do-apply=\"padding el-0a461470\"><div class=\"vce-hero-section--content-container\"><h1><strong>3 P\u00c4IV\u00c4\u00c4 MACAOSSA<\/strong>&nbsp;<\/h1><\/div><\/div><\/div><\/div><\/div><\/section><\/div><\/div><\/div><\/div><\/div><div class=\"vce-row-container\"><div class=\"vce-row vce-row--col-gap-30 vce-row-columns--top vce-row-content--top\" id=\"el-72b67fc5\" data-vce-do-apply=\"all el-72b67fc5\"><div class=\"vce-row-content\" data-vce-element-content=\"true\"><div class=\"vce-col vce-col--md-100p vce-col--xs-1 vce-col--xs-last vce-col--xs-first vce-col--sm-last vce-col--sm-first vce-col--md-last vce-col--lg-last vce-col--xl-last vce-col--md-first vce-col--lg-first vce-col--xl-first\" id=\"el-9c51cbc3\" data-vce-do-apply=\"background border el-9c51cbc3\"><div class=\"vce-col-inner\" data-vce-element-content=\"true\" data-vce-do-apply=\"padding margin  el-9c51cbc3\"><div class=\"vce-text-block\"><div class=\"vce-text-block-wrapper vce\" id=\"el-291b8f2e\" data-vce-do-apply=\"all el-291b8f2e\"><p>Kolmessa p\u00e4iv\u00e4ss\u00e4 ehtii syventy\u00e4 kunnolla Macaon historiaan, ruokakulttuuriin ja viihdetarjontaan.<\/p><ul><li>Vinkki: Varaa yhten\u00e4 iltana p\u00f6yt\u00e4 Michelin-ravintolasta ja herkuttele seuraavana iltana katuruoalla.<\/li><\/ul><h2>1. p\u00e4iv\u00e4: Macaon niemimaa ja UNESCO-el\u00e4myksi\u00e4<\/h2><h3>Aamup\u00e4iv\u00e4 ja iltap\u00e4iv\u00e4<\/h3><p>Vieraile Unescon maailmanperint\u00f6kohteeksi valitussa Macaon historiallisessa keskustassa ja koe muun muassa seuraavat n\u00e4ht\u00e4vyydet:<\/p><ul><li><strong>Pyh\u00e4n Paavalin kirkon raunio<\/strong>t (Ruins of St. Paul\u2019s) ovat j\u00e4\u00e4nne vuosina 1602\u20131640 rakennetusta Pyh\u00e4n Paavalin kirkosta. Kirkko oli osan Kaukoid\u00e4n ensimm\u00e4ist\u00e4 l\u00e4nsimaista yliopistoa, St. Paul\u2019s Collegea. Nykyisin kirkosta on j\u00e4ljell\u00e4 vain julkisivu.<\/li><li><strong>Na Tchan temppeli<\/strong> (Na Tcha Temple) on pieni perinteinen kiinalaistemppeli, joka rakennettiin Na Tcha -jumalan kunniaksi vuonna 1888. Yksinkertaisista materiaaleista rakennettu temppeli sijaitsee Pyh\u00e4n Paavalin kirkon l\u00e4hist\u00f6ll\u00e4. Alue symboloi siten l\u00e4ntisten ja kiinalaisten uskontojen kohtaamista sek\u00e4 Macaolle tunnusomaista uskonnonvapautta ja monikulttuurista avoimuutta.<\/li><li>K\u00e4vele pitkin romanttisten pastellinv\u00e4risten talojen reunustamaa<strong> \u201dLovers' Lane\u201d<\/strong> -mukulakivikatua kohti <strong>Senado Squarea<\/strong>, joka on ollut Macaon syd\u00e4n 1500-luvulta l\u00e4htien. Aukio tunnetaan mustavalkoisesta kiveyksest\u00e4\u00e4n, ja sill\u00e4 j\u00e4rjestet\u00e4\u00e4n nykyisin monia julkisia tapahtumia ja festivaaleja.<\/li><li>V\u00e4h\u00e4n matkan p\u00e4\u00e4st\u00e4 l\u00f6ytyy <strong>Pyh\u00e4n Dominicuksen kirkko<\/strong> (St. Dominic\u2019s Church). Vaaleankeltaista kirkkoa ihaillessa voi nauttia l\u00e4hist\u00f6n kojuista ostettua sy\u00f6t\u00e4v\u00e4\u00e4 tai juotavaa.<\/li><li><strong>Lou Kaun kartano<\/strong> (Lou Kau Mansion) rakennettiin vuonna 1889, ja se oli nimekk\u00e4\u00e4n kiinalaisen liikemiehen Lou Kaun koti. Tyyppiesimerkki kiinalaisesta Xiguan-arkkitehtuurista.<\/li><li><strong>Rua de Felicidade<\/strong> on entinen \u201dpunaisten lyhtyjen alue\u201d ja nykyisin ihanteellinen paikka paikallisten herkkujen ja matkamuistojen etsimiseen.<\/li><li><strong>Guian linnoitus<\/strong> (Guia Fortress) rakennettiin Macaon korkeimpaan kohtaan vuonna 1622. Hyvien n\u00e4kymien lis\u00e4ksi linnoitus tunnetaan kappelistaan ja majakastaan.<\/li><li><strong>Lou Lim Ieoc Garden<\/strong> on puutarha, joka rakennettiin 1800-luvulla Suzhou-periaatteiden mukaisesti, ja se on Macaon puutarhoista kaikkein kiinalaisin.<\/li><\/ul><h3>Ilta<\/h3><ul><li>Nauti illan p\u00e4\u00e4tteeksi Macau Towerista avautuvista<strong> Macao-n\u00e4kymist\u00e4.<\/strong><\/li><\/ul><\/div><\/div><\/div><\/div><\/div><\/div><\/div><div class=\"vce-row-container\"><div class=\"vce-row vce-row--col-gap-30 vce-row-columns--top vce-row-content--top\" id=\"el-6beb9fae\" data-vce-do-apply=\"all el-6beb9fae\"><div class=\"vce-row-content\" data-vce-element-content=\"true\"><div class=\"vce-col vce-col--md-50p vce-col--xs-1 vce-col--xs-last vce-col--xs-first vce-col--sm-last vce-col--sm-first vce-col--md-first vce-col--lg-first vce-col--xl-first\" id=\"el-4f5025dd\" data-vce-do-apply=\"background border el-4f5025dd\"><div class=\"vce-col-inner\" data-vce-element-content=\"true\" data-vce-do-apply=\"padding margin  el-4f5025dd\"><div class=\"vce-single-image-container vce-single-image--align-left\"><div class=\"vce vce-single-image-wrapper\" id=\"el-679829f5\" data-vce-do-apply=\"all el-679829f5\"><figure><div class=\"vce-single-image-inner\"><img class=\"vce-single-image\" data-width=\"600\" data-height=\"400\"src=\"https:\/\/www.related.dk\/macao-tradekit\/wp-content\/uploads\/2018\/11\/dag-1_1-600x400.jpg\" data-img-src=\"https:\/\/www.related.dk\/macao-tradekit\/wp-content\/uploads\/2018\/11\/dag-1_1.jpg\" alt=\"\" title=\"dag 1_1\"\/><\/div><\/figure><\/div><\/div><\/div><\/div><div class=\"vce-col vce-col--md-50p vce-col--xs-1 vce-col--xs-last vce-col--xs-first vce-col--sm-last vce-col--sm-first vce-col--md-last vce-col--lg-last vce-col--xl-last\" id=\"el-66406ef9\" data-vce-do-apply=\"background border el-66406ef9\"><div class=\"vce-col-inner\" data-vce-element-content=\"true\" data-vce-do-apply=\"padding margin  el-66406ef9\"><div class=\"vce-single-image-container vce-single-image--align-left\"><div class=\"vce vce-single-image-wrapper\" id=\"el-55f8a876\" data-vce-do-apply=\"all el-55f8a876\"><figure><div class=\"vce-single-image-inner\"><img class=\"vce-single-image\" data-width=\"600\" data-height=\"400\"src=\"https:\/\/www.related.dk\/macao-tradekit\/wp-content\/uploads\/2018\/11\/st-pauls-600x400.jpg\" data-img-src=\"https:\/\/www.related.dk\/macao-tradekit\/wp-content\/uploads\/2018\/11\/st-pauls.jpg\" alt=\"\" title=\"st pauls\"\/><\/div><\/figure><\/div><\/div><\/div><\/div><\/div><\/div><\/div><div class=\"vce-row-container\"><div class=\"vce-row vce-row--col-gap-30 vce-row-columns--top vce-row-content--top\" id=\"el-6c90778f\" data-vce-do-apply=\"all el-6c90778f\"><div class=\"vce-row-content\" data-vce-element-content=\"true\"><div class=\"vce-col vce-col--md-100p vce-col--xs-1 vce-col--xs-last vce-col--xs-first vce-col--sm-last vce-col--sm-first vce-col--md-last vce-col--lg-last vce-col--xl-last vce-col--md-first vce-col--lg-first vce-col--xl-first\" id=\"el-c3c01684\" data-vce-do-apply=\"background border el-c3c01684\"><div class=\"vce-col-inner\" data-vce-element-content=\"true\" data-vce-do-apply=\"padding margin  el-c3c01684\"><div class=\"vce-text-block\"><div class=\"vce-text-block-wrapper vce\" id=\"el-6224d436\" data-vce-do-apply=\"all el-6224d436\"><h2>2. p\u00e4iv\u00e4: Vanha ja uusi Macao<\/h2><h3>Aamup\u00e4iv\u00e4<\/h3><p>Vieraile Taipan alueella, joka on myym\u00e4l\u00f6iden, perinteisten kahviloiden ja matkamuistokauppojen keidas. Alueella k\u00e4velless\u00e4 voi ihastella sen monia historiallisia rakennuksia, jotka ovat muistumia vanhan ajan kyl\u00e4el\u00e4m\u00e4st\u00e4.<\/p><ul><li>Portugalilaistyyliset <strong>Taipa-talot<\/strong> (Taipa Houses) rakennettiin vuonna 1921 korkeiden virkamiesten asunnoiksi.<\/li><li><strong>Museum of Taipa and Coloane History<\/strong> toimii entisess\u00e4 kunnantalossa, joka muuttui museoksi vuonna 2006. T\u00e4\u00e4ll\u00e4 voi tutustua Macaosta tehtyihin moniin arkeologisiin l\u00f6yt\u00f6ihin.<\/li><li>Osta lounasta museon edustalla olevista <strong>paikallisista ruokakojuista<\/strong> ja nauti ruoasta keskell\u00e4 vanhaa Taipan kyl\u00e4\u00e4.<\/li><li><strong>Pak Tain temppeli<\/strong> (Pak Tai Temple) on Taipan t\u00e4rkeimpi\u00e4 temppeleit\u00e4. Paikallisilla on mahdollisuus tuoda t\u00e4nne uhrilahjoja, mit\u00e4 ei Taipassa ei muuten juuri n\u00e4e.<\/li><li>Temppelin vierest\u00e4 voi <strong>vuokrata polkupy\u00f6r\u00e4n<\/strong>, jonka avulla vanhaan kaupunginosaan voi tutustua ketter\u00e4mmin.<\/li><li>Py\u00f6r\u00e4ile (tai k\u00e4vele) m\u00e4en p\u00e4\u00e4ll\u00e4 sijaitsevan kauniin katolisen kirkon <strong>Our Lady of Camon<\/strong> ohi ja ihastele hienoja Taipa-n\u00e4kymi\u00e4.<\/li><\/ul><h4>Taipa-vinkkej\u00e4:<\/h4><ul><li>Kun n\u00e4lk\u00e4 yll\u00e4tt\u00e4\u00e4, Taipasta l\u00f6ytyy j\u00e4\u00e4tel\u00f6baareja ja kahviloita sek\u00e4 erilaisia ravintoloita, jotka tarjoavat esimerkiksi kiinalaista, portugalilaista ja thairuokaa.<\/li><li>Muista maistaa Taipan maineikkaita mantelikeksej\u00e4, joita myyd\u00e4\u00e4n paikallisissa leipomoissa.<\/li><\/ul><p><a href=\"http:\/\/en.macaotourism.gov.mo\/plan\/walking_tours.php?id=1335.\" target=\"_blank\" rel=\"noopener\">Katso ehdotus k\u00e4velykierrokseksi ja tutustu alueen ravintolavinkkeihin t\u00e4\u00e4ll\u00e4<\/a><\/p><h3>Iltap\u00e4iv\u00e4 ja ilta<\/h3><p>Nauti p\u00e4iv\u00e4n p\u00e4\u00e4tteeksi kunnon viihteest\u00e4 Cotain alueen suurissa kansainv\u00e4lisiss\u00e4 hotelleissa ja kasinoissa tai teattereissa. Koe esimerkiksi n\u00e4m\u00e4:<\/p><ul><li><a href=\"http:\/\/www.thehouseofdancingwater.com\/en.html\" target=\"_blank\" rel=\"noopener\">House of Dancing Water<\/a><\/li><li><a href=\"http:\/\/www.broadwaymacau.com.mo\" target=\"_blank\" rel=\"noopener\">Broadway Macau<\/a><\/li><li><a href=\"http:\/\/www.wynnmacau.com\/en\/shows\/tree-of-prosperity\" target=\"_blank\" rel=\"noopener\">Vaurauden puu<\/a> (Tree of Prosperity)<\/li><li><a href=\"http:\/\/www.wynnmacau.com\/en\/shows\/performance-lake\" target=\"_blank\" rel=\"noopener\">Performance Lake<\/a><\/li><li><a href=\"http:\/\/www.galaxymacau.com\" target=\"_blank\" rel=\"noopener\">Fortune Diamond<\/a><\/li><\/ul><p>Ihaile Cotain valomerta <strong>SkyCab<\/strong>-k\u00f6ysiradan vaunusta tai Parisian Macaon <strong>Eiffel-tornista<\/strong> k\u00e4sin.<\/p><\/div><\/div><\/div><\/div><\/div><\/div><\/div><div class=\"vce-row-container\"><div class=\"vce-row vce-row--col-gap-30 vce-row-columns--top vce-row-content--top\" id=\"el-1e3c165b\" data-vce-do-apply=\"all el-1e3c165b\"><div class=\"vce-row-content\" data-vce-element-content=\"true\"><div class=\"vce-col vce-col--md-50p vce-col--xs-1 vce-col--xs-last vce-col--xs-first vce-col--sm-last vce-col--sm-first vce-col--md-first vce-col--lg-first vce-col--xl-first\" id=\"el-7cf9a63a\" data-vce-do-apply=\"background border el-7cf9a63a\"><div class=\"vce-col-inner\" data-vce-element-content=\"true\" data-vce-do-apply=\"padding margin  el-7cf9a63a\"><div class=\"vce-single-image-container vce-single-image--align-left\"><div class=\"vce vce-single-image-wrapper\" id=\"el-512dcabe\" data-vce-do-apply=\"all el-512dcabe\"><figure><div class=\"vce-single-image-inner\"><img class=\"vce-single-image\" data-width=\"600\" data-height=\"400\"src=\"https:\/\/www.related.dk\/macao-tradekit\/wp-content\/uploads\/2018\/11\/eiffel_hori-600x400.jpg\" data-img-src=\"https:\/\/www.related.dk\/macao-tradekit\/wp-content\/uploads\/2018\/11\/eiffel_hori.jpg\" alt=\"\" title=\"eiffel_hori\"\/><\/div><\/figure><\/div><\/div><\/div><\/div><div class=\"vce-col vce-col--md-50p vce-col--xs-1 vce-col--xs-last vce-col--xs-first vce-col--sm-last vce-col--sm-first vce-col--md-last vce-col--lg-last vce-col--xl-last\" id=\"el-c89fc3e9\" data-vce-do-apply=\"background border el-c89fc3e9\"><div class=\"vce-col-inner\" data-vce-element-content=\"true\" data-vce-do-apply=\"padding margin  el-c89fc3e9\"><div class=\"vce-single-image-container vce-single-image--align-left\"><div class=\"vce vce-single-image-wrapper\" id=\"el-598bae19\" data-vce-do-apply=\"all el-598bae19\"><figure><div class=\"vce-single-image-inner\"><img class=\"vce-single-image\" data-width=\"1024\" data-height=\"682\"src=\"https:\/\/www.related.dk\/macao-tradekit\/wp-content\/uploads\/2018\/11\/Macao-154-1024x682.jpg\" data-img-src=\"https:\/\/www.related.dk\/macao-tradekit\/wp-content\/uploads\/2018\/11\/Macao-154.jpg\" alt=\"\" title=\"Macao-154\"\/><\/div><\/figure><\/div><\/div><\/div><\/div><\/div><\/div><\/div><div class=\"vce-row-container\"><div class=\"vce-row vce-row--col-gap-30 vce-row-columns--top vce-row-content--top\" id=\"el-15f74959\" data-vce-do-apply=\"all el-15f74959\"><div class=\"vce-row-content\" data-vce-element-content=\"true\"><div class=\"vce-col vce-col--md-100p vce-col--xs-1 vce-col--xs-last vce-col--xs-first vce-col--sm-last vce-col--sm-first vce-col--md-last vce-col--lg-last vce-col--xl-last vce-col--md-first vce-col--lg-first vce-col--xl-first\" id=\"el-48e35b60\" data-vce-do-apply=\"background border el-48e35b60\"><div class=\"vce-col-inner\" data-vce-element-content=\"true\" data-vce-do-apply=\"padding margin  el-48e35b60\"><div class=\"vce-text-block\"><div class=\"vce-text-block-wrapper vce\" id=\"el-0df930ef\" data-vce-do-apply=\"all el-0df930ef\"><h2>3. p\u00e4iv\u00e4: Leipomoita ja shoppailua<\/h2><h3>Aamup\u00e4iv\u00e4:<\/h3><p>Vieraile Coloanen alueella ja aisti vanhan Macaon tunnelmaa esimerkiksi seuraavissa kohteissa:<\/p><ul><li><strong>Largo do Presidente Ant\u00f3nio Ramalho Eanes<\/strong> \u2013 Portugalin entisen presidentin Ant\u00f3nio Ramalho Eanesin mukaan nimetty pieni tori. Paikalliset tulevat t\u00e4nne ostamaan \u00e4yri\u00e4isi\u00e4, egg tart -leivoksia tai muita paikallisia erikoisuuksia.<\/li><li><strong>Coloanen kirjasto<\/strong> \u2013 toimii entisen koulun tiloissa, ja siell\u00e4 on nykyisin kiva viett\u00e4\u00e4 pieni lukuhetki. T\u00e4\u00e4lt\u00e4 voi vuokrata my\u00f6s py\u00f6r\u00e4n ja polkaista kyl\u00e4n reunamille kokemaan h\u00e4iv\u00e4hdyksi\u00e4 kadonneesta ajasta, jolloin Coloane oli viel\u00e4 kalastajakyl\u00e4.<\/li><li><strong>Coloanen 4 temppeli\u00e4<\/strong> \u2013 Ancient Temple of Kun Iam, Tin Hau Ancient Temple, Tam Kong Temple ja Sam Seng Temple ovat Coloanen suosituimmat temppelit. Viimeksi mainittu sijaitsee vanhan kyl\u00e4n pohjoisp\u00e4\u00e4ss\u00e4, mist\u00e4 l\u00f6ytyy perinteisi\u00e4 paalujen varaan rakennettuja rantataloja.<\/li><li><strong>Lord Stow\u2019s Baker<\/strong>y \u2013 Macaon maineikkain leipomo on myynyt portugalilaisia past\u00e9is de nata -leivoksia (Macaossa \u201degg tart\u201d) vuodesta 1989 l\u00e4htien.<\/li><\/ul><p><a href=\"http:\/\/en.macaotourism.gov.mo\/plan\/walking_tours.php?id=1336\" target=\"_blank\" rel=\"noopener\">Katso ehdotus k\u00e4velykierrokseksi ja tutustu Coloanen ravintolavinkkeihin t\u00e4\u00e4ll\u00e4<\/a><\/p><h3>Iltap\u00e4iv\u00e4<\/h3><p>K\u00e4yt\u00e4 viimeinen iltap\u00e4iv\u00e4 matkamuistojen shoppailuun ja tee hyvi\u00e4 l\u00f6yt\u00f6j\u00e4 joko isoissa ostoskeskuksissa, pikkukaduilla, suuressa <strong>Red Marketissa<\/strong> tai <strong>Taipan sunnuntaikirpparilla.<\/strong><\/p><p><a href=\"http:\/\/en.macaotourism.gov.mo\/shopping\/shopping.php?c=2\" target=\"_blank\" rel=\"noopener\">Tutustu ostosmahdollisuuksiin t\u00e4\u00e4ll\u00e4<\/a><\/p><\/div><\/div><\/div><\/div><\/div><\/div><\/div><div class=\"vce-row-container\"><div class=\"vce-row vce-row--col-gap-30 vce-row-columns--top vce-row-content--top\" id=\"el-34aeb92f\" data-vce-do-apply=\"all el-34aeb92f\"><div class=\"vce-row-content\" data-vce-element-content=\"true\"><div class=\"vce-col vce-col--md-50p vce-col--xs-1 vce-col--xs-last vce-col--xs-first vce-col--sm-last vce-col--sm-first vce-col--md-first vce-col--lg-first vce-col--xl-first\" id=\"el-0bcaf1dc\" data-vce-do-apply=\"background border el-0bcaf1dc\"><div class=\"vce-col-inner\" data-vce-element-content=\"true\" data-vce-do-apply=\"padding margin  el-0bcaf1dc\"><div class=\"vce-single-image-container vce-single-image--align-left\"><div class=\"vce vce-single-image-wrapper\" id=\"el-0787391c\" data-vce-do-apply=\"all el-0787391c\"><figure><div class=\"vce-single-image-inner\"><img class=\"vce-single-image\" data-width=\"600\" data-height=\"400\"src=\"https:\/\/www.related.dk\/macao-tradekit\/wp-content\/uploads\/2018\/11\/tempel-600x400.jpg\" data-img-src=\"https:\/\/www.related.dk\/macao-tradekit\/wp-content\/uploads\/2018\/11\/tempel.jpg\" alt=\"\" title=\"tempel\"\/><\/div><\/figure><\/div><\/div><\/div><\/div><div class=\"vce-col vce-col--md-50p vce-col--xs-1 vce-col--xs-last vce-col--xs-first vce-col--sm-last vce-col--sm-first vce-col--md-last vce-col--lg-last vce-col--xl-last\" id=\"el-ef51eb58\" data-vce-do-apply=\"background border el-ef51eb58\"><div class=\"vce-col-inner\" data-vce-element-content=\"true\" data-vce-do-apply=\"padding margin  el-ef51eb58\"><div class=\"vce-single-image-container vce-single-image--align-left\"><div class=\"vce vce-single-image-wrapper\" id=\"el-f9c97082\" data-vce-do-apply=\"all el-f9c97082\"><figure><div class=\"vce-single-image-inner\"><img class=\"vce-single-image\" data-width=\"600\" data-height=\"400\"src=\"https:\/\/www.related.dk\/macao-tradekit\/wp-content\/uploads\/2018\/11\/coloane_2-600x400.jpg\" data-img-src=\"https:\/\/www.related.dk\/macao-tradekit\/wp-content\/uploads\/2018\/11\/coloane_2.jpg\" alt=\"\" title=\"coloane_2\"\/><\/div><\/figure><\/div><\/div><\/div><\/div><\/div><\/div><\/div>\n","protected":false},"excerpt":{"rendered":"<p>3 P\u00c4IV\u00c4\u00c4 MACAOSSA&nbsp;Kolmessa p\u00e4iv\u00e4ss\u00e4 ehtii syventy\u00e4 kunnolla Macaon historiaan, ruokakulttuuriin ja viihdetarjontaan.Vinkki: Varaa yhten\u00e4 iltana p\u00f6yt\u00e4 Michelin-ravintolasta ja herkuttele seuraavana iltana katuruoalla.1. p\u00e4iv\u00e4: Macaon niemimaa ja UNESCO-el\u00e4myksi\u00e4Aamup\u00e4iv\u00e4 ja iltap\u00e4iv\u00e4Vieraile Unescon maailmanperint\u00f6kohteeksi valitussa Macaon historiallisessa keskustassa ja koe muun muassa seuraavat n\u00e4ht\u00e4vyydet:Pyh\u00e4n Paavalin kirkon rauniot (Ruins of St. Paul\u2019s) ovat j\u00e4\u00e4nne vuosina 1602\u20131640 rakennetusta Pyh\u00e4n Paavalin &hellip; <\/p>\n<p class=\"link-more\"><a href=\"https:\/\/www.related.dk\/macao-tradekit\/elaemykset\/3-paeivaeae-macaossa\/?lang=fi\" class=\"more-link\">L\u00e6s videre<span class=\"screen-reader-text\"> &#8220;3 p\u00e4iv\u00e4\u00e4 Macaossa&#8221;<\/span><\/a><\/p>\n","protected":false},"author":2,"featured_media":0,"parent":958,"menu_order":0,"comment_status":"closed","ping_status":"closed","template":"","meta":[],"_links":{"self":[{"href":"https:\/\/www.related.dk\/macao-tradekit\/wp-json\/wp\/v2\/pages\/1289"}],"collection":[{"href":"https:\/\/www.related.dk\/macao-tradekit\/wp-json\/wp\/v2\/pages"}],"about":[{"href":"https:\/\/www.related.dk\/macao-tradekit\/wp-json\/wp\/v2\/types\/page"}],"author":[{"embeddable":true,"href":"https:\/\/www.related.dk\/macao-tradekit\/wp-json\/wp\/v2\/users\/2"}],"replies":[{"embeddable":true,"href":"https:\/\/www.related.dk\/macao-tradekit\/wp-json\/wp\/v2\/comments?post=1289"}],"version-history":[{"count":19,"href":"https:\/\/www.related.dk\/macao-tradekit\/wp-json\/wp\/v2\/pages\/1289\/revisions"}],"predecessor-version":[{"id":1387,"href":"https:\/\/www.related.dk\/macao-tradekit\/wp-json\/wp\/v2\/pages\/1289\/revisions\/1387"}],"up":[{"embeddable":true,"href":"https:\/\/www.related.dk\/macao-tradekit\/wp-json\/wp\/v2\/pages\/958"}],"wp:attachment":[{"href":"https:\/\/www.related.dk\/macao-tradekit\/wp-json\/wp\/v2\/media?parent=1289"}],"curies":[{"name":"wp","href":"https:\/\/api.w.org\/{rel}","templated":true}]}}