{"id":1285,"date":"2018-11-23T11:22:48","date_gmt":"2018-11-23T11:22:48","guid":{"rendered":"http:\/\/www.related.dk\/macao-tradekit\/opplevelser\/3-dager-i-macao\/"},"modified":"2018-11-23T13:26:41","modified_gmt":"2018-11-23T13:26:41","slug":"3-dager-i-macao","status":"publish","type":"page","link":"https:\/\/www.related.dk\/macao-tradekit\/opplevelser\/3-dager-i-macao\/?lang=no","title":{"rendered":"3 dager i Macao"},"content":{"rendered":"<div class=\"vce-row-container\"><div class=\"vce-row vce-row--col-gap-30 vce-row-columns--top vce-row-content--top\" id=\"el-66a1e0ca\" data-vce-do-apply=\"all el-66a1e0ca\"><div class=\"vce-row-content\" data-vce-element-content=\"true\"><div class=\"vce-col vce-col--md-100p vce-col--xs-1 vce-col--xs-last vce-col--xs-first vce-col--sm-last vce-col--sm-first vce-col--md-last vce-col--lg-last vce-col--xl-last vce-col--md-first vce-col--lg-first vce-col--xl-first\" id=\"el-aedb23b8\" data-vce-do-apply=\"background border el-aedb23b8\"><div class=\"vce-col-inner\" data-vce-element-content=\"true\" data-vce-do-apply=\"padding margin  el-aedb23b8\"><section class=\"vce-hero-section-container vce-hero-section-media--xs vce-hero-section-media--sm vce-hero-section-media--md vce-hero-section-media--lg\"><div class=\"vce vce-hero-section vce-hero-section--alignment-start\" id=\"el-509af8a8\" data-vce-do-apply=\"margin background border  el-509af8a8\"><div class=\"vce-hero-section--wrap-row vce-hero-section--background-position-center-center\" style=\"background-image: url('https:\/\/www.related.dk\/macao-tradekit\/wp-content\/uploads\/2018\/11\/Banner_343_5_2-dage.jpg');\"><div class=\"vce-hero-section--wrap\"><div class=\"vce-hero-section--content\" data-vce-do-apply=\"padding el-509af8a8\"><div class=\"vce-hero-section--content-container\"><h1><strong>3 DAGER I MACAO<\/strong><\/h1><\/div><\/div><\/div><\/div><\/div><\/section><\/div><\/div><\/div><\/div><\/div><div class=\"vce-row-container\"><div class=\"vce-row vce-row--col-gap-30 vce-row-columns--top vce-row-content--top\" id=\"el-d53ebb52\" data-vce-do-apply=\"all el-d53ebb52\"><div class=\"vce-row-content\" data-vce-element-content=\"true\"><div class=\"vce-col vce-col--md-100p vce-col--xs-1 vce-col--xs-last vce-col--xs-first vce-col--sm-last vce-col--sm-first vce-col--md-last vce-col--lg-last vce-col--xl-last vce-col--md-first vce-col--lg-first vce-col--xl-first\" id=\"el-3f75cc94\" data-vce-do-apply=\"background border el-3f75cc94\"><div class=\"vce-col-inner\" data-vce-element-content=\"true\" data-vce-do-apply=\"padding margin  el-3f75cc94\"><div class=\"vce-text-block\"><div class=\"vce-text-block-wrapper vce\" id=\"el-a2a40f1c\" data-vce-do-apply=\"all el-a2a40f1c\"><p><span style=\"display: inline !important; float: none; background-color: transparent; color: #333333; cursor: text; font-family: 'Libre Franklin','Helvetica Neue',helvetica,arial,sans-serif; font-size: 16px; font-style: normal; font-variant: normal; font-weight: 400; letter-spacing: normal; orphans: 2; text-align: left; text-decoration: none; text-indent: 0px; text-transform: none; -webkit-text-stroke-width: 0px; white-space: normal; word-spacing: 0px;\">Med tre dager til r\u00e5dighet har du god tid til \u00e5 utforske en god del av Macaos historie, matkultur og underholdningstilbud.<\/span><\/p><ul><li>Tips: Bestill bord p\u00e5 en Michelin-restaurant den ene kvelden, og pr\u00f8v gatematen den neste.<\/li><\/ul><h2>Dag 1: Macao-halv\u00f8ya og UNESCO-opplevelser<\/h2><h3>Formiddag + ettermiddag<\/h3><p>Bes\u00f8k Macaos historiske sentrum, som er p\u00e5 UNESCO-listen, og opplev blant annet:<\/p><ul><li><strong>Ruins of St. Paul\u2019s<\/strong> er ruinene av kirken St. Paul\u2019s, som ble bygget i perioden 1602\u20131640. Kirken var en del av St. Paul\u2019s College \u2013 det f\u00f8rste vestlige universitetet i \u00d8st-Asia. I dag er det bare kirkens fasade som st\u00e5r igjen.<\/li><li><strong>Na Tcha Temple<\/strong> er et lite, tradisjonelt kinesisk tempel bygget i 1888 for \u00e5 \u00e6re guden Na Tcha. Templet er oppf\u00f8rt i enkle materialer og ligger like i n\u00e6rheten av St. Paul\u2019s. Omr\u00e5det symboliserer dermed m\u00f8tet mellom de vestlige og de kinesiske religionene samt den religionsfriheten og multikulturelle \u00e5penheten som kjennetegner Macao.<\/li><li>G\u00e5 langs <strong>\u00abLover\u2019s Lane\u00bb<\/strong>, en smal brosteinsgate som er omgitt av romantiske pastellfargede hus, ned mot <strong>Senado Square<\/strong>, som har v\u00e6rt Macaos hjerte siden det 16. \u00e5rhundre og er kjent for sitt karakteristiske m\u00f8nster av svarte og hvite brostein. Torget er i dag sentrum for en lang rekke offentlige begivenheter og festivaler.<\/li><li>Ikke langt fra torget ligger <strong>St. Dominic\u2019s Church<\/strong>. Her kan du beundre kirkens lysegule farge mens du nyter en matbit eller noe \u00e5 drikke fra en av de mange bodene i n\u00e6rheten av kirken.<\/li><li><strong>Lou Kau Mansion<\/strong> ble bygget omkring \u00e5r 1889 og var bolig for den prominente kinesiske forretningsmannen Lou Kau. Et typisk eksempel p\u00e5 kinesisk \u00abXiguan\u00bb-arkitektur.<\/li><li><strong>Rua de Felicidade<\/strong> er det tidligere \u00abred light district\u00bb \u2013 og i dag det ideelle stedet for \u00e5 finne lokale delikatesser og suvenirer.<\/li><li><strong>Guia Fortress<\/strong> er et fort som ble bygget i 1622 p\u00e5 Macaos h\u00f8yeste punkt. Foruten den flotte utsikten er fortet blant annet kjent for sitt kapell og fyrt\u00e5rn.<\/li><li><strong>Lou Lim Ieoc Garden<\/strong> ble bygget p\u00e5 1800-tallet etter Suzhou-prinsippene og er den mest kinesiske av alle Macaos hager.<\/li><\/ul><h3>Kveld<\/h3><ul><li>Avslutt dagen med \u00e5 nyte utsikten over Macao fra <strong>Macau Tower.<\/strong><\/li><\/ul><\/div><\/div><\/div><\/div><\/div><\/div><\/div><div class=\"vce-row-container\"><div class=\"vce-row vce-row--col-gap-30 vce-row-columns--top vce-row-content--top\" id=\"el-3d51cd9e\" data-vce-do-apply=\"all el-3d51cd9e\"><div class=\"vce-row-content\" data-vce-element-content=\"true\"><div class=\"vce-col vce-col--md-50p vce-col--xs-1 vce-col--xs-last vce-col--xs-first vce-col--sm-last vce-col--sm-first vce-col--md-first vce-col--lg-first vce-col--xl-first\" id=\"el-e543b15f\" data-vce-do-apply=\"background border el-e543b15f\"><div class=\"vce-col-inner\" data-vce-element-content=\"true\" data-vce-do-apply=\"padding margin  el-e543b15f\"><div class=\"vce-single-image-container vce-single-image--align-left\"><div class=\"vce vce-single-image-wrapper\" id=\"el-014b686d\" data-vce-do-apply=\"all el-014b686d\"><figure><div class=\"vce-single-image-inner\"><img class=\"vce-single-image\" data-width=\"600\" data-height=\"400\"src=\"https:\/\/www.related.dk\/macao-tradekit\/wp-content\/uploads\/2018\/11\/dag-1_1-600x400.jpg\" data-img-src=\"https:\/\/www.related.dk\/macao-tradekit\/wp-content\/uploads\/2018\/11\/dag-1_1.jpg\" alt=\"\" title=\"dag 1_1\"\/><\/div><\/figure><\/div><\/div><\/div><\/div><div class=\"vce-col vce-col--md-50p vce-col--xs-1 vce-col--xs-last vce-col--xs-first vce-col--sm-last vce-col--sm-first vce-col--md-last vce-col--lg-last vce-col--xl-last\" id=\"el-e527a986\" data-vce-do-apply=\"background border el-e527a986\"><div class=\"vce-col-inner\" data-vce-element-content=\"true\" data-vce-do-apply=\"padding margin  el-e527a986\"><div class=\"vce-single-image-container vce-single-image--align-left\"><div class=\"vce vce-single-image-wrapper\" id=\"el-7e4631d0\" data-vce-do-apply=\"all el-7e4631d0\"><figure><div class=\"vce-single-image-inner\"><img class=\"vce-single-image\" data-width=\"600\" data-height=\"400\"src=\"https:\/\/www.related.dk\/macao-tradekit\/wp-content\/uploads\/2018\/11\/st-pauls-600x400.jpg\" data-img-src=\"https:\/\/www.related.dk\/macao-tradekit\/wp-content\/uploads\/2018\/11\/st-pauls.jpg\" alt=\"\" title=\"st pauls\"\/><\/div><\/figure><\/div><\/div><\/div><\/div><\/div><\/div><\/div><div class=\"vce-row-container\"><div class=\"vce-row vce-row--col-gap-30 vce-row-columns--top vce-row-content--top\" id=\"el-3d0538c4\" data-vce-do-apply=\"all el-3d0538c4\"><div class=\"vce-row-content\" data-vce-element-content=\"true\"><div class=\"vce-col vce-col--md-100p vce-col--xs-1 vce-col--xs-last vce-col--xs-first vce-col--sm-last vce-col--sm-first vce-col--md-last vce-col--lg-last vce-col--xl-last vce-col--md-first vce-col--lg-first vce-col--xl-first\" id=\"el-f8a4f21c\" data-vce-do-apply=\"background border el-f8a4f21c\"><div class=\"vce-col-inner\" data-vce-element-content=\"true\" data-vce-do-apply=\"padding margin  el-f8a4f21c\"><div class=\"vce-text-block\"><div class=\"vce-text-block-wrapper vce\" id=\"el-85414451\" data-vce-do-apply=\"all el-85414451\"><h2>Dag 2: Det gamle vs. det nye Macao<\/h2><h3>Formiddag<\/h3><p>Bes\u00f8k omr\u00e5det Taipa, som er en skattkiste av butikker, tradisjonelle kafeer, suvenirbutikker og mye mer. G\u00e5r du en tur i omr\u00e5det, vil du finne en masse historiske bygninger og f\u00e5 et glimt av det tidligere landsbylivet i omr\u00e5det.<\/p><ul><li><strong>Taipa Houses<\/strong> er hus som ble bygget i portugisisk stil og oppf\u00f8rt i 1921 som boliger til h\u00f8ytst\u00e5ende embedsmenn.<\/li><li><strong>Museum of Taipa and Coloane History<\/strong> er det tidligere r\u00e5dhuset, som siden 2006 har fungert som museum. Her kan du se flere arkeologiske funn fra Macao.<\/li><li>Du kan for eksempel kj\u00f8pe lunsj ved en av <strong>matbodene<\/strong> utenfor museet og nyte maten midt i den gamle Taipa-landsbyen.<\/li><li><strong>Pak Tai Temple<\/strong> er et av de mest bemerkelsesverdige templene i Taipa. Her kan de lokale nemlig tilby offergaver til gudene, noe en ikke ser s\u00e5 ofte i dette omr\u00e5det.<\/li><li>Ved siden av Pak Tai kan du <strong>leie sykkel<\/strong>, noe som gj\u00f8r det mulig \u00e5 utforske den gamle bydelen p\u00e5 to hjul.<\/li><li>For eksempel kan du sykle (eller g\u00e5) forbi den fine katolske kirken <strong>Our Lady of Camo Churc<\/strong>h, som ligger p\u00e5 en bakketopp med utsikt over Taipa.<\/li><\/ul><h4>Tips til Taipa:<\/h4><ul><li>Hvis du har behov for \u00e5 fylle energitanken underveis, har Taipa b\u00e5de is- og kaffebarer samt forskjellige restauranter som serverer alt fra kinesisk og thai til portugisisk.<\/li><li>Husk \u00e5 kj\u00f8pe de ber\u00f8mte mandel-sm\u00e5kakene \u2013 en ekte Taipa-spesialitet \u2013 hos en av de lokale bakerne!<\/li><\/ul><p><a href=\"http:\/\/en.macaotourism.gov.mo\/plan\/walking_tours.php?id=1335\" target=\"_blank\" rel=\"noopener\">Her ser du et forslag til en g\u00e5tur i omr\u00e5det, inkludert tips til restauranter<\/a><\/p><h3>Ettermiddag\/kveld<\/h3><p>Avslutt dagen med en seri\u00f8s omgang underholdning p\u00e5 en av de store internasjonale resortene, kasinoene eller showene i omr\u00e5det <strong>Cotai.<\/strong> For eksempel kan du oppleve:<\/p><ul><li><a href=\"https:\/\/www.thehouseofdancingwater.com\/en.html\" target=\"_blank\" rel=\"noopener\">House of Dancing Water<\/a><\/li><li><a href=\"https:\/\/www.broadwaymacau.com.mo\/\" target=\"_blank\" rel=\"noopener\">Broadway Macau<\/a><\/li><li><a href=\"https:\/\/www.wynnmacau.com\/en\/shows\/tree-of-prosperity\" target=\"_blank\" rel=\"noopener\">Velstandens tre<\/a><\/li><li><a href=\"https:\/\/www.wynnmacau.com\/en\/shows\/performance-lake\" target=\"_blank\" rel=\"noopener\">The Performance Lake<\/a><\/li><li><a href=\"https:\/\/www.galaxymacau.com\/en\/\" target=\"_blank\" rel=\"noopener\">Fortune Diamond<\/a><\/li><\/ul><p>Nyt eventuelt Cotais mange lys ovenfra i <strong>SkyCab<\/strong> eller <strong>Eiffelt\u00e5rnet<\/strong> p\u00e5 Parisian Macao.<\/p><\/div><\/div><\/div><\/div><\/div><\/div><\/div><div class=\"vce-row-container\"><div class=\"vce-row vce-row--col-gap-30 vce-row-columns--top vce-row-content--top\" id=\"el-a28ea7a0\" data-vce-do-apply=\"all el-a28ea7a0\"><div class=\"vce-row-content\" data-vce-element-content=\"true\"><div class=\"vce-col vce-col--md-50p vce-col--xs-1 vce-col--xs-last vce-col--xs-first vce-col--sm-last vce-col--sm-first vce-col--md-first vce-col--lg-first vce-col--xl-first\" id=\"el-fbfcd6ee\" data-vce-do-apply=\"background border el-fbfcd6ee\"><div class=\"vce-col-inner\" data-vce-element-content=\"true\" data-vce-do-apply=\"padding margin  el-fbfcd6ee\"><div class=\"vce-single-image-container vce-single-image--align-left\"><div class=\"vce vce-single-image-wrapper\" id=\"el-4066dbae\" data-vce-do-apply=\"all el-4066dbae\"><figure><div class=\"vce-single-image-inner\"><img class=\"vce-single-image\" data-width=\"600\" data-height=\"400\"src=\"https:\/\/www.related.dk\/macao-tradekit\/wp-content\/uploads\/2018\/11\/eiffel_hori-600x400.jpg\" data-img-src=\"https:\/\/www.related.dk\/macao-tradekit\/wp-content\/uploads\/2018\/11\/eiffel_hori.jpg\" alt=\"\" title=\"eiffel_hori\"\/><\/div><\/figure><\/div><\/div><\/div><\/div><div class=\"vce-col vce-col--md-50p vce-col--xs-1 vce-col--xs-last vce-col--xs-first vce-col--sm-last vce-col--sm-first vce-col--md-last vce-col--lg-last vce-col--xl-last\" id=\"el-fb49bc9c\" data-vce-do-apply=\"background border el-fb49bc9c\"><div class=\"vce-col-inner\" data-vce-element-content=\"true\" data-vce-do-apply=\"padding margin  el-fb49bc9c\"><div class=\"vce-single-image-container vce-single-image--align-left\"><div class=\"vce vce-single-image-wrapper\" id=\"el-fb753fb2\" data-vce-do-apply=\"all el-fb753fb2\"><figure><div class=\"vce-single-image-inner\"><img class=\"vce-single-image\" data-width=\"1024\" data-height=\"682\"src=\"https:\/\/www.related.dk\/macao-tradekit\/wp-content\/uploads\/2018\/11\/Macao-154-1024x682.jpg\" data-img-src=\"https:\/\/www.related.dk\/macao-tradekit\/wp-content\/uploads\/2018\/11\/Macao-154.jpg\" alt=\"\" title=\"Macao-154\"\/><\/div><\/figure><\/div><\/div><\/div><\/div><\/div><\/div><\/div><div class=\"vce-row-container\"><div class=\"vce-row vce-row--col-gap-30 vce-row-columns--top vce-row-content--top\" id=\"el-add0f29e\" data-vce-do-apply=\"all el-add0f29e\"><div class=\"vce-row-content\" data-vce-element-content=\"true\"><div class=\"vce-col vce-col--md-100p vce-col--xs-1 vce-col--xs-last vce-col--xs-first vce-col--sm-last vce-col--sm-first vce-col--md-last vce-col--lg-last vce-col--xl-last vce-col--md-first vce-col--lg-first vce-col--xl-first\" id=\"el-d7ec3ac4\" data-vce-do-apply=\"background border el-d7ec3ac4\"><div class=\"vce-col-inner\" data-vce-element-content=\"true\" data-vce-do-apply=\"padding margin  el-d7ec3ac4\"><div class=\"vce-text-block\"><div class=\"vce-text-block-wrapper vce\" id=\"el-b67fb62d\" data-vce-do-apply=\"all el-b67fb62d\"><h2>Dag 3: Bakerier og shopping<\/h2><h3>Formiddag<\/h3><p>Bes\u00f8k omr\u00e5det <strong>Coloane<\/strong> for \u00e5 oppleve en bit av det gamle Macao:<\/p><ul><li><strong>Largo do Presidente Ant\u00f3nio Ramalho Eanes<\/strong> \u2013 et lite torg oppkalt etter den portugisiske presidenten Ant\u00f3nio Ramalho Eanes. Torget er godt bes\u00f8kt av de lokale, som kommer hit for \u00e5 kj\u00f8pe skalldyr, eggeterter eller andre lokale spesialiteter i en av de mange bodene.<\/li><li><strong>Coloane Library<\/strong> \u2013 den tidligere lokale skolen i Coloane, som i dag er et hyggelig sted \u00e5 sl\u00e5 seg ned med en bok. Her kan du ogs\u00e5 leie en sykkel, noe som gj\u00f8r det lettere \u00e5 utforske utkanten av landsbyen og dermed gjenoppleve en svunnen tid \u2013 den gangen Coloane var en fiskerlandsby.<\/li><li><strong>Coloanes<\/strong> 4 templer \u2013 Ancient Temple of Kun Iam, Tin Hau Ancient Temple, Tam Kong Temple og Sam Seng Temple er de fire mest bes\u00f8kte templene i Coloane. Ved sistnevnte, som ligger i den nordlige delen av landsbyen, finner du de tradisjonelle p\u00e5lehusene, som ligger p\u00e5 p\u00e5ler langs kysten.<\/li><li><strong>Lord Stow\u2019s Bakery<\/strong> \u2013 Macaos mest ikoniske bakeri, som har solgt portugisiske eggeterter (Past\u00e9is de Nata) siden 1989.<\/li><\/ul><p><a href=\"http:\/\/en.macaotourism.gov.mo\/plan\/walking_tours.php?id=1336\" target=\"_blank\" rel=\"noopener\">Her ser du et forslag til en g\u00e5tur i Coloane, inkludert tips til restauranter<\/a><\/p><h3>Ettermiddag<\/h3><p>Bruk den siste ettermiddagen p\u00e5 \u00e5 shoppe suvenirer og gj\u00f8re et godt kupp \u2013 enten i de store kj\u00f8pesentrene, i de sm\u00e5 gatene, p\u00e5 det store <strong>Red Market<\/strong> eller p\u00e5 <strong>s\u00f8ndagsloppemarkedet i Taipa.<\/strong><\/p><p><a href=\"http:\/\/en.macaotourism.gov.mo\/shopping\/shopping.php?c=2\" target=\"_blank\" rel=\"noopener\">Les mer om shoppingmulighetene her<\/a><\/p><\/div><\/div><\/div><\/div><\/div><\/div><\/div><div class=\"vce-row-container\"><div class=\"vce-row vce-row--col-gap-30 vce-row-columns--top vce-row-content--top\" id=\"el-a8e9bef6\" data-vce-do-apply=\"all el-a8e9bef6\"><div class=\"vce-row-content\" data-vce-element-content=\"true\"><div class=\"vce-col vce-col--md-50p vce-col--xs-1 vce-col--xs-last vce-col--xs-first vce-col--sm-last vce-col--sm-first vce-col--md-first vce-col--lg-first vce-col--xl-first\" id=\"el-e8daeeca\" data-vce-do-apply=\"background border el-e8daeeca\"><div class=\"vce-col-inner\" data-vce-element-content=\"true\" data-vce-do-apply=\"padding margin  el-e8daeeca\"><div class=\"vce-single-image-container vce-single-image--align-left\"><div class=\"vce vce-single-image-wrapper\" id=\"el-426f0038\" data-vce-do-apply=\"all el-426f0038\"><figure><div class=\"vce-single-image-inner\"><img class=\"vce-single-image\" data-width=\"600\" data-height=\"400\"src=\"https:\/\/www.related.dk\/macao-tradekit\/wp-content\/uploads\/2018\/11\/coloane_1-600x400.jpg\" data-img-src=\"https:\/\/www.related.dk\/macao-tradekit\/wp-content\/uploads\/2018\/11\/coloane_1.jpg\" alt=\"\" title=\"coloane_1\"\/><\/div><\/figure><\/div><\/div><\/div><\/div><div class=\"vce-col vce-col--md-50p vce-col--xs-1 vce-col--xs-last vce-col--xs-first vce-col--sm-last vce-col--sm-first vce-col--md-last vce-col--lg-last vce-col--xl-last\" id=\"el-7efe71d3\" data-vce-do-apply=\"background border el-7efe71d3\"><div class=\"vce-col-inner\" data-vce-element-content=\"true\" data-vce-do-apply=\"padding margin  el-7efe71d3\"><div class=\"vce-single-image-container vce-single-image--align-left\"><div class=\"vce vce-single-image-wrapper\" id=\"el-cc81ccb1\" data-vce-do-apply=\"all el-cc81ccb1\"><figure><div class=\"vce-single-image-inner\"><img class=\"vce-single-image\" data-width=\"600\" data-height=\"400\"src=\"https:\/\/www.related.dk\/macao-tradekit\/wp-content\/uploads\/2018\/11\/coloane_2-600x400.jpg\" data-img-src=\"https:\/\/www.related.dk\/macao-tradekit\/wp-content\/uploads\/2018\/11\/coloane_2.jpg\" alt=\"\" title=\"coloane_2\"\/><\/div><\/figure><\/div><\/div><\/div><\/div><\/div><\/div><\/div>\n","protected":false},"excerpt":{"rendered":"<p>3 DAGER I MACAOMed tre dager til r\u00e5dighet har du god tid til \u00e5 utforske en god del av Macaos historie, matkultur og underholdningstilbud.Tips: Bestill bord p\u00e5 en Michelin-restaurant den ene kvelden, og pr\u00f8v gatematen den neste.Dag 1: Macao-halv\u00f8ya og UNESCO-opplevelserFormiddag + ettermiddagBes\u00f8k Macaos historiske sentrum, som er p\u00e5 UNESCO-listen, og opplev blant annet:Ruins of &hellip; <\/p>\n<p class=\"link-more\"><a href=\"https:\/\/www.related.dk\/macao-tradekit\/opplevelser\/3-dager-i-macao\/?lang=no\" class=\"more-link\">L\u00e6s videre<span class=\"screen-reader-text\"> &#8220;3 dager i Macao&#8221;<\/span><\/a><\/p>\n","protected":false},"author":2,"featured_media":0,"parent":969,"menu_order":0,"comment_status":"closed","ping_status":"closed","template":"","meta":[],"_links":{"self":[{"href":"https:\/\/www.related.dk\/macao-tradekit\/wp-json\/wp\/v2\/pages\/1285"}],"collection":[{"href":"https:\/\/www.related.dk\/macao-tradekit\/wp-json\/wp\/v2\/pages"}],"about":[{"href":"https:\/\/www.related.dk\/macao-tradekit\/wp-json\/wp\/v2\/types\/page"}],"author":[{"embeddable":true,"href":"https:\/\/www.related.dk\/macao-tradekit\/wp-json\/wp\/v2\/users\/2"}],"replies":[{"embeddable":true,"href":"https:\/\/www.related.dk\/macao-tradekit\/wp-json\/wp\/v2\/comments?post=1285"}],"version-history":[{"count":21,"href":"https:\/\/www.related.dk\/macao-tradekit\/wp-json\/wp\/v2\/pages\/1285\/revisions"}],"predecessor-version":[{"id":1373,"href":"https:\/\/www.related.dk\/macao-tradekit\/wp-json\/wp\/v2\/pages\/1285\/revisions\/1373"}],"up":[{"embeddable":true,"href":"https:\/\/www.related.dk\/macao-tradekit\/wp-json\/wp\/v2\/pages\/969"}],"wp:attachment":[{"href":"https:\/\/www.related.dk\/macao-tradekit\/wp-json\/wp\/v2\/media?parent=1285"}],"curies":[{"name":"wp","href":"https:\/\/api.w.org\/{rel}","templated":true}]}}