{"id":1270,"date":"2018-11-23T11:09:52","date_gmt":"2018-11-23T11:09:52","guid":{"rendered":"http:\/\/www.related.dk\/macao-tradekit\/elaemykset\/1-paeivae-macaossa\/"},"modified":"2018-11-23T14:04:02","modified_gmt":"2018-11-23T14:04:02","slug":"1-paeivae-macaossa","status":"publish","type":"page","link":"https:\/\/www.related.dk\/macao-tradekit\/elaemykset\/1-paeivae-macaossa\/?lang=fi","title":{"rendered":"1 p\u00e4iv\u00e4 Macaossa"},"content":{"rendered":"<div class=\"vce-row-container\"><div class=\"vce-row vce-row--col-gap-30 vce-row-columns--top vce-row-content--top\" id=\"el-6e50fa2b\" data-vce-do-apply=\"all el-6e50fa2b\"><div class=\"vce-row-content\" data-vce-element-content=\"true\"><div class=\"vce-col vce-col--md-100p vce-col--xs-1 vce-col--xs-last vce-col--xs-first vce-col--sm-last vce-col--sm-first vce-col--md-last vce-col--lg-last vce-col--xl-last vce-col--md-first vce-col--lg-first vce-col--xl-first\" id=\"el-8e99b7e1\" data-vce-do-apply=\"background border el-8e99b7e1\"><div class=\"vce-col-inner\" data-vce-do-apply=\"padding margin  el-8e99b7e1\" data-vce-element-content=\"true\"><section class=\"vce-hero-section-container vce-hero-section-media--xs vce-hero-section-media--sm vce-hero-section-media--md vce-hero-section-media--lg\"><div class=\"vce vce-hero-section vce-hero-section--alignment-start\" id=\"el-02e1250f\" data-vce-do-apply=\"margin background border  el-02e1250f\"><div class=\"vce-hero-section--wrap-row vce-hero-section--background-position-center-center\" style='background-image: url(\"https:\/\/www.related.dk\/macao-tradekit\/wp-content\/uploads\/2018\/11\/Banner_MTB_Jacob_Photo-0267_1dag-i-Macao.jpg\");'><div class=\"vce-hero-section--wrap\"><div class=\"vce-hero-section--content\" data-vce-do-apply=\"padding el-02e1250f\"><div class=\"vce-hero-section--content-container\"><h1><strong>1 P\u00c4IV\u00c4 MACAOSSA<\/strong><\/h1><p>Jos Macaossa piipahtaa vain p\u00e4iv\u00e4selt\u00e4\u00e4n Hongkongiin suuntautuvan liike-, loma- tai stopover-matkan yhteydess\u00e4, t\u00e4ss\u00e4 on joukko ehdotuksia Aasian viihdemetropolin parhaista t\u00e4rpeist\u00e4<\/p><\/div><\/div><\/div><\/div><\/div><\/section><\/div><\/div><\/div><\/div><\/div><div class=\"vce-row-container\"><div class=\"vce-row vce-row--col-gap-30 vce-row-columns--top vce-row-content--top\" id=\"el-9251ff6a\" data-vce-do-apply=\"all el-9251ff6a\"><div class=\"vce-row-content\" data-vce-element-content=\"true\"><div class=\"vce-col vce-col--md-100p vce-col--xs-1 vce-col--xs-last vce-col--xs-first vce-col--sm-last vce-col--sm-first vce-col--md-last vce-col--lg-last vce-col--xl-last vce-col--md-first vce-col--lg-first vce-col--xl-first\" id=\"el-4e9025fd\" data-vce-do-apply=\"background border el-4e9025fd\"><div class=\"vce-col-inner\" data-vce-do-apply=\"padding margin  el-4e9025fd\" data-vce-element-content=\"true\"><div class=\"vce-text-block\"><div class=\"vce-text-block-wrapper vce\" id=\"el-bd2eac99\" data-vce-do-apply=\"all el-bd2eac99\"><h2>Aamup\u00e4iv\u00e4 Macaon niemimaalla<\/h2><p>K\u00e4yt\u00e4 aamup\u00e4iv\u00e4 tutustumalla Macaon historialliseen keskustaan ja koe menneisyyden lumo vierailemalla esimerkiksi seuraavissa kohteissa:<\/p><ul><li><strong>Pyh\u00e4n Paavalin kirkon raunio<\/strong>t (Ruins of St. Paul\u2019s) ovat j\u00e4\u00e4nne vuosina 1602\u20131640 rakennetusta Pyh\u00e4n Paavalin kirkosta. Kirkko oli osan Kaukoid\u00e4n ensimm\u00e4ist\u00e4 l\u00e4nsimaista yliopistoa, St. Paul\u2019s Collegea. Nykyisin kirkosta on j\u00e4ljell\u00e4 vain julkisivu.<\/li><li><strong>Na Tchan temppeli<\/strong> (Na Tcha Temple) on pieni perinteinen kiinalaistemppeli, joka rakennettiin Na Tcha -jumalan kunniaksi vuonna 1888. Yksinkertaisista materiaaleista rakennettu temppeli sijaitsee Pyh\u00e4n Paavalin kirkon l\u00e4hist\u00f6ll\u00e4. Alue symboloi siten l\u00e4ntisten ja kiinalaisten uskontojen kohtaamista sek\u00e4 Macaolle tunnusomaista uskonnonvapautta ja monikulttuurista avoimuutta.<\/li><li>K\u00e4vele pitkin romanttisten pastellinv\u00e4risten talojen reunustamaa<strong> \u201dLovers' Lane\u201d<\/strong> -mukulakivikatua kohti <strong>Senado Squarea<\/strong>, joka on ollut Macaon syd\u00e4n 1500-luvulta l\u00e4htien. Aukio tunnetaan mustavalkoisesta kiveyksest\u00e4\u00e4n, ja sill\u00e4 j\u00e4rjestet\u00e4\u00e4n nykyisin monia julkisia tapahtumia ja festivaaleja.<\/li><li>V\u00e4h\u00e4n matkan p\u00e4\u00e4st\u00e4 l\u00f6ytyy <strong>Pyh\u00e4n Dominicuksen kirkko<\/strong> (St. Dominic\u2019s Church). Vaaleankeltaista kirkkoa ihaillessa voi nauttia l\u00e4hist\u00f6n kojuista ostettua sy\u00f6t\u00e4v\u00e4\u00e4 tai juotavaa.<\/li><li><strong>Lou Kaun kartano<\/strong> (Lou Kau Mansion) rakennettiin vuonna 1889, ja se oli nimekk\u00e4\u00e4n kiinalaisen liikemiehen Lou Kaun koti. Tyyppiesimerkki kiinalaisesta Xiguan-arkkitehtuurista.<\/li><li><strong>Rua de Felicidade<\/strong> on entinen \u201dpunaisten lyhtyjen alue\u201d ja nykyisin ihanteellinen paikka paikallisten herkkujen ja matkamuistojen etsimiseen.<\/li><li><strong>Guian linnoitus<\/strong> (Guia Fortress) rakennettiin Macaon korkeimpaan kohtaan vuonna 1622. Hyvien n\u00e4kymien lis\u00e4ksi linnoitus tunnetaan kappelistaan ja majakastaan.<\/li><li><strong>Lou Lim Ieoc Garden<\/strong> on puutarha, joka rakennettiin 1800-luvulla Suzhou-periaatteiden mukaisesti, ja se on Macaon puutarhoista kaikkein kiinalaisin. <\/li><\/ul><\/div><\/div><\/div><\/div><\/div><\/div><\/div><div class=\"vce-row-container\"><div class=\"vce-row vce-row--col-gap-30 vce-row-columns--top vce-row-content--top\" id=\"el-948d9576\" data-vce-do-apply=\"all el-948d9576\"><div class=\"vce-row-content\" data-vce-element-content=\"true\"><div class=\"vce-col vce-col--md-50p vce-col--xs-1 vce-col--xs-last vce-col--xs-first vce-col--sm-last vce-col--sm-first vce-col--md-first vce-col--lg-first vce-col--xl-first\" id=\"el-256fee62\" data-vce-do-apply=\"background border el-256fee62\"><div class=\"vce-col-inner\" data-vce-do-apply=\"padding margin  el-256fee62\" data-vce-element-content=\"true\"><div class=\"vce-single-image-container vce-single-image--align-left\"><div class=\"vce vce-single-image-wrapper\" id=\"el-87dda2df\" data-vce-do-apply=\"all el-87dda2df\"><figure><div class=\"vce-single-image-inner\"><img class=\"vce-single-image\" data-width=\"600\" data-height=\"400\"src=\"https:\/\/www.related.dk\/macao-tradekit\/wp-content\/uploads\/2018\/11\/dag-1_1-600x400.jpg\" data-img-src=\"https:\/\/www.related.dk\/macao-tradekit\/wp-content\/uploads\/2018\/11\/dag-1_1.jpg\" alt=\"\" title=\"dag 1_1\"\/><\/div><\/figure><\/div><\/div><\/div><\/div><div class=\"vce-col vce-col--md-50p vce-col--xs-1 vce-col--xs-last vce-col--xs-first vce-col--sm-last vce-col--sm-first vce-col--md-last vce-col--lg-last vce-col--xl-last\" id=\"el-df1ba9e5\" data-vce-do-apply=\"background border el-df1ba9e5\"><div class=\"vce-col-inner\" data-vce-do-apply=\"padding margin  el-df1ba9e5\" data-vce-element-content=\"true\"><div class=\"vce-single-image-container vce-single-image--align-left\"><div class=\"vce vce-single-image-wrapper\" id=\"el-7b9eb359\" data-vce-do-apply=\"all el-7b9eb359\"><figure><div class=\"vce-single-image-inner\"><img class=\"vce-single-image\" data-width=\"600\" data-height=\"400\"src=\"https:\/\/www.related.dk\/macao-tradekit\/wp-content\/uploads\/2018\/11\/st-pauls-600x400.jpg\" data-img-src=\"https:\/\/www.related.dk\/macao-tradekit\/wp-content\/uploads\/2018\/11\/st-pauls.jpg\" alt=\"\" title=\"st pauls\"\/><\/div><\/figure><\/div><\/div><\/div><\/div><\/div><\/div><\/div><div class=\"vce-row-container\"><div class=\"vce-row vce-row--col-gap-30 vce-row-columns--top vce-row-content--top\" id=\"el-5cc93f84\" data-vce-do-apply=\"all el-5cc93f84\"><div class=\"vce-row-content\" data-vce-element-content=\"true\"><div class=\"vce-col vce-col--md-100p vce-col--xs-1 vce-col--xs-last vce-col--xs-first vce-col--sm-last vce-col--sm-first vce-col--md-last vce-col--lg-last vce-col--xl-last vce-col--md-first vce-col--lg-first vce-col--xl-first\" id=\"el-0b5af7ec\" data-vce-do-apply=\"background border el-0b5af7ec\"><div class=\"vce-col-inner\" data-vce-do-apply=\"padding margin  el-0b5af7ec\" data-vce-element-content=\"true\"><div class=\"vce-text-block\"><div class=\"vce-text-block-wrapper vce\" id=\"el-169ab648\" data-vce-do-apply=\"all el-169ab648\"><h2>Louna<\/h2><ul><li>Valinnanvaraa riitt\u00e4\u00e4, tekip\u00e4 mieli kiinalaista, portugalilaista, katuruokaa tai Michelin-luokan herkkuja<\/li><\/ul><p><a href=\"http:\/\/www.related.dk\/macao-tradekit\/elaemykset\/herkkusuiden-macao\/?lang=fi\" target=\"_blank\" rel=\"noopener\">Tutustu Macaon makuel\u00e4myksiin t\u00e4\u00e4ll\u00e4.<\/a><\/p><h2>Iltap\u00e4iv\u00e4 ja ilta Taipassa, Coloanessa ja Cotaissa<\/h2><ul><li>Vieraile portugalilaista tyyli\u00e4 edustavissa <strong>Taipa-taloissa<\/strong> (Taipa Houses), jotka rakennettiin Taipan alueelle vuonna 1921. Muista maistaa maineikkaita mantelikeksej\u00e4, joita myyd\u00e4\u00e4n paikallisissa leipomoissa.<\/li><li>Jatka <strong>Coloanen<\/strong> alueelle aistimaan vanhan Macaon tunnelmaa. T\u00e4\u00e4lt\u00e4 l\u00f6ytyy my\u00f6s Macaon maineikkain leipomo Lord Stow\u2019s Bakery, joka on myynyt portugalilaisia past\u00e9is de nata -leivoksia (Macaossa \u201degg tart\u201d) vuodesta 1989 l\u00e4htien.<\/li><li>Tee pikapyr\u00e4hdys <strong>Cotaissa<\/strong>, joka tunnetaan suurista kansainv\u00e4lisist\u00e4 hotelleistaan ja show-esityksist\u00e4\u00e4n, ja nauti illallista jossakin alueen monista ravintoloista.<\/li><\/ul><\/div><\/div><\/div><\/div><\/div><\/div><\/div><div class=\"vce-row-container\"><div class=\"vce-row vce-row--col-gap-30 vce-row-columns--top vce-row-content--top\" id=\"el-77769167\" data-vce-do-apply=\"all el-77769167\"><div class=\"vce-row-content\" data-vce-element-content=\"true\"><div class=\"vce-col vce-col--md-50p vce-col--xs-1 vce-col--xs-last vce-col--xs-first vce-col--sm-last vce-col--sm-first vce-col--md-first vce-col--lg-first vce-col--xl-first\" id=\"el-8923ce87\" data-vce-do-apply=\"background border el-8923ce87\"><div class=\"vce-col-inner\" data-vce-do-apply=\"padding margin  el-8923ce87\" data-vce-element-content=\"true\"><div class=\"vce-single-image-container vce-single-image--align-left\"><div class=\"vce vce-single-image-wrapper\" id=\"el-b43a0207\" data-vce-do-apply=\"all el-b43a0207\"><figure><div class=\"vce-single-image-inner\"><img class=\"vce-single-image\" data-width=\"600\" data-height=\"400\"src=\"https:\/\/www.related.dk\/macao-tradekit\/wp-content\/uploads\/2018\/11\/sol-600x400.jpg\" data-img-src=\"https:\/\/www.related.dk\/macao-tradekit\/wp-content\/uploads\/2018\/11\/sol.jpg\" alt=\"\" title=\"sol\"\/><\/div><\/figure><\/div><\/div><\/div><\/div><div class=\"vce-col vce-col--md-50p vce-col--xs-1 vce-col--xs-last vce-col--xs-first vce-col--sm-last vce-col--sm-first vce-col--md-last vce-col--lg-last vce-col--xl-last\" id=\"el-a417f817\" data-vce-do-apply=\"background border el-a417f817\"><div class=\"vce-col-inner\" data-vce-do-apply=\"padding margin  el-a417f817\" data-vce-element-content=\"true\"><div class=\"vce-single-image-container vce-single-image--align-left\"><div class=\"vce vce-single-image-wrapper\" id=\"el-e3d0209e\" data-vce-do-apply=\"all el-e3d0209e\"><figure><div class=\"vce-single-image-inner\"><img class=\"vce-single-image\" data-width=\"600\" data-height=\"400\"src=\"https:\/\/www.related.dk\/macao-tradekit\/wp-content\/uploads\/2018\/11\/DSC07510_night-600x400.jpg\" data-img-src=\"https:\/\/www.related.dk\/macao-tradekit\/wp-content\/uploads\/2018\/11\/DSC07510_night.jpg\" alt=\"\" title=\"DSC07510_night\"\/><\/div><\/figure><\/div><\/div><\/div><\/div><\/div><\/div><\/div>\n","protected":false},"excerpt":{"rendered":"<p>1 P\u00c4IV\u00c4 MACAOSSAJos Macaossa piipahtaa vain p\u00e4iv\u00e4selt\u00e4\u00e4n Hongkongiin suuntautuvan liike-, loma- tai stopover-matkan yhteydess\u00e4, t\u00e4ss\u00e4 on joukko ehdotuksia Aasian viihdemetropolin parhaista t\u00e4rpeist\u00e4Aamup\u00e4iv\u00e4 Macaon niemimaallaK\u00e4yt\u00e4 aamup\u00e4iv\u00e4 tutustumalla Macaon historialliseen keskustaan ja koe menneisyyden lumo vierailemalla esimerkiksi seuraavissa kohteissa:Pyh\u00e4n Paavalin kirkon rauniot (Ruins of St. Paul\u2019s) ovat j\u00e4\u00e4nne vuosina 1602\u20131640 rakennetusta Pyh\u00e4n Paavalin kirkosta. Kirkko oli osan &hellip; <\/p>\n<p class=\"link-more\"><a href=\"https:\/\/www.related.dk\/macao-tradekit\/elaemykset\/1-paeivae-macaossa\/?lang=fi\" class=\"more-link\">L\u00e6s videre<span class=\"screen-reader-text\"> &#8220;1 p\u00e4iv\u00e4 Macaossa&#8221;<\/span><\/a><\/p>\n","protected":false},"author":2,"featured_media":0,"parent":958,"menu_order":0,"comment_status":"closed","ping_status":"closed","template":"","meta":[],"_links":{"self":[{"href":"https:\/\/www.related.dk\/macao-tradekit\/wp-json\/wp\/v2\/pages\/1270"}],"collection":[{"href":"https:\/\/www.related.dk\/macao-tradekit\/wp-json\/wp\/v2\/pages"}],"about":[{"href":"https:\/\/www.related.dk\/macao-tradekit\/wp-json\/wp\/v2\/types\/page"}],"author":[{"embeddable":true,"href":"https:\/\/www.related.dk\/macao-tradekit\/wp-json\/wp\/v2\/users\/2"}],"replies":[{"embeddable":true,"href":"https:\/\/www.related.dk\/macao-tradekit\/wp-json\/wp\/v2\/comments?post=1270"}],"version-history":[{"count":8,"href":"https:\/\/www.related.dk\/macao-tradekit\/wp-json\/wp\/v2\/pages\/1270\/revisions"}],"predecessor-version":[{"id":1414,"href":"https:\/\/www.related.dk\/macao-tradekit\/wp-json\/wp\/v2\/pages\/1270\/revisions\/1414"}],"up":[{"embeddable":true,"href":"https:\/\/www.related.dk\/macao-tradekit\/wp-json\/wp\/v2\/pages\/958"}],"wp:attachment":[{"href":"https:\/\/www.related.dk\/macao-tradekit\/wp-json\/wp\/v2\/media?parent=1270"}],"curies":[{"name":"wp","href":"https:\/\/api.w.org\/{rel}","templated":true}]}}