{"id":1248,"date":"2018-11-23T10:52:50","date_gmt":"2018-11-23T10:52:50","guid":{"rendered":"http:\/\/www.related.dk\/macao-tradekit\/opplevelser\/1-dag-i-macao\/"},"modified":"2018-11-23T13:03:57","modified_gmt":"2018-11-23T13:03:57","slug":"1-dag-i-macao","status":"publish","type":"page","link":"https:\/\/www.related.dk\/macao-tradekit\/opplevelser\/1-dag-i-macao\/?lang=no","title":{"rendered":"1 dag i Macao"},"content":{"rendered":"<div class=\"vce-row-container\"><div class=\"vce-row vce-row--col-gap-30 vce-row-columns--top vce-row-content--top\" id=\"el-b6d04135\" data-vce-do-apply=\"all el-b6d04135\"><div class=\"vce-row-content\" data-vce-element-content=\"true\"><div class=\"vce-col vce-col--md-100p vce-col--xs-1 vce-col--xs-last vce-col--xs-first vce-col--sm-last vce-col--sm-first vce-col--md-last vce-col--lg-last vce-col--xl-last vce-col--md-first vce-col--lg-first vce-col--xl-first\" id=\"el-52a62344\" data-vce-do-apply=\"background border el-52a62344\"><div class=\"vce-col-inner\" data-vce-element-content=\"true\" data-vce-do-apply=\"padding margin  el-52a62344\"><section class=\"vce-hero-section-container vce-hero-section-media--xs vce-hero-section-media--sm vce-hero-section-media--md vce-hero-section-media--lg\"><div class=\"vce vce-hero-section vce-hero-section--alignment-start\" id=\"el-3e665d3e\" data-vce-do-apply=\"margin background border  el-3e665d3e\"><div class=\"vce-hero-section--wrap-row vce-hero-section--background-position-center-center\" style=\"background-image: url('https:\/\/www.related.dk\/macao-tradekit\/wp-content\/uploads\/2018\/11\/Banner_MTB_Jacob_Photo-0267_1dag-i-Macao.jpg');\"><div class=\"vce-hero-section--wrap\"><div class=\"vce-hero-section--content\" data-vce-do-apply=\"padding el-3e665d3e\"><div class=\"vce-hero-section--content-container\"><h1><strong>1 DAG I MACAO<\/strong><\/h1><p>Hvis du kun har \u00e9n dag til r\u00e5dighet i Macao \u2013 enten som en del av en forretningsreise eller storbyferie i Hongkong, eller i forbindelse med en mellomlanding p\u00e5 vei mot en annen destinasjon \u2013 kan du se p\u00e5 disse forslagene til ting du bare m\u00e5 f\u00e5 med deg i den asiatiske underholdningsmetropolen.<\/p><\/div><\/div><\/div><\/div><\/div><\/section><\/div><\/div><\/div><\/div><\/div><div class=\"vce-row-container\"><div class=\"vce-row vce-row--col-gap-30 vce-row-columns--top vce-row-content--top\" id=\"el-0d7d4c39\" data-vce-do-apply=\"all el-0d7d4c39\"><div class=\"vce-row-content\" data-vce-element-content=\"true\"><div class=\"vce-col vce-col--md-100p vce-col--xs-1 vce-col--xs-last vce-col--xs-first vce-col--sm-last vce-col--sm-first vce-col--md-last vce-col--lg-last vce-col--xl-last vce-col--md-first vce-col--lg-first vce-col--xl-first\" id=\"el-1319e380\" data-vce-do-apply=\"background border el-1319e380\"><div class=\"vce-col-inner\" data-vce-element-content=\"true\" data-vce-do-apply=\"padding margin  el-1319e380\"><div class=\"vce-text-block\"><div class=\"vce-text-block-wrapper vce\" id=\"el-58232697\" data-vce-do-apply=\"all el-58232697\"><h2>Formiddag p\u00e5 Macao-halv\u00f8ya<\/h2><p>Bruk formiddagen p\u00e5 \u00e5 utforske Macaos historiske sentrum og kjenne historiens vingesus ved blant annet \u00e5 bes\u00f8ke disse stedene:<\/p><ul><li><strong>Ruins of St. Paul\u2019s<\/strong> er ruinene av kirken St. Paul\u2019s, som ble bygget i perioden 1602\u20131640. Kirken var en del av St. Paul\u2019s College \u2013 det f\u00f8rste vestlige universitetet i \u00d8st-Asia. I dag er det bare kirkens fasade som st\u00e5r igjen.<\/li><li><strong>Na Tcha Temple<\/strong> er et lite, tradisjonelt kinesisk tempel bygget i 1888 for \u00e5 \u00e6re guden Na Tcha. Templet er oppf\u00f8rt i enkle materialer og ligger like i n\u00e6rheten av St. Paul\u2019s. Omr\u00e5det symboliserer dermed m\u00f8tet mellom de vestlige og de kinesiske religionene samt den religionsfriheten og multikulturelle \u00e5penheten som kjennetegner Macao.<\/li><li>G\u00e5 langs <strong>\u00abLover\u2019s Lane\u00bb<\/strong>, en smal brosteinsgate som er omgitt av romantiske pastellfargede hus, ned mot <strong>Senado Square<\/strong>, som har v\u00e6rt Macaos hjerte siden det 16. \u00e5rhundre og er kjent for sitt karakteristiske m\u00f8nster av svarte og hvite brostein. Torget er i dag sentrum for en lang rekke offentlige begivenheter og festivaler.<\/li><li>Ikke langt fra torget ligger <strong>St. Dominic\u2019s Church<\/strong>. Her kan du beundre kirkens lysegule farge mens du nyter en matbit eller noe \u00e5 drikke fra en av de mange bodene i n\u00e6rheten av kirken.<\/li><li><strong>Lou Kau Mansion<\/strong> ble bygget omkring \u00e5r 1889 og var bolig for den prominente kinesiske forretningsmannen Lou Kau. Et typisk eksempel p\u00e5 kinesisk \u00abXiguan\u00bb-arkitektur.<\/li><li><strong>Rua de Felicidade<\/strong> er det tidligere \u00abred light district\u00bb \u2013 og i dag det ideelle stedet for \u00e5 finne lokale delikatesser og suvenirer.<\/li><li><strong>Guia Fortress<\/strong> er et fort som ble bygget i 1622 p\u00e5 Macaos h\u00f8yeste punkt. Foruten den flotte utsikten er fortet blant annet kjent for sitt kapell og fyrt\u00e5rn.<\/li><li><strong>Lou Lim Ieoc Garden<\/strong> ble bygget p\u00e5 1800-tallet etter Suzhou-prinsippene og er den mest kinesiske av alle Macaos hager.<\/li><\/ul><\/div><\/div><\/div><\/div><\/div><\/div><\/div><div class=\"vce-row-container\"><div class=\"vce-row vce-row--col-gap-30 vce-row-columns--top vce-row-content--top\" id=\"el-a74b761c\" data-vce-do-apply=\"all el-a74b761c\"><div class=\"vce-row-content\" data-vce-element-content=\"true\"><div class=\"vce-col vce-col--md-50p vce-col--xs-1 vce-col--xs-last vce-col--xs-first vce-col--sm-last vce-col--sm-first vce-col--md-first vce-col--lg-first vce-col--xl-first\" id=\"el-0790e13b\" data-vce-do-apply=\"background border el-0790e13b\"><div class=\"vce-col-inner\" data-vce-element-content=\"true\" data-vce-do-apply=\"padding margin  el-0790e13b\"><div class=\"vce-single-image-container vce-single-image--align-left\"><div class=\"vce vce-single-image-wrapper\" id=\"el-7365633f\" data-vce-do-apply=\"all el-7365633f\"><figure><div class=\"vce-single-image-inner\"><img class=\"vce-single-image\" data-width=\"600\" data-height=\"400\"src=\"https:\/\/www.related.dk\/macao-tradekit\/wp-content\/uploads\/2018\/11\/dag-1_1-600x400.jpg\" data-img-src=\"https:\/\/www.related.dk\/macao-tradekit\/wp-content\/uploads\/2018\/11\/dag-1_1.jpg\" alt=\"\" title=\"dag 1_1\"\/><\/div><\/figure><\/div><\/div><\/div><\/div><div class=\"vce-col vce-col--md-50p vce-col--xs-1 vce-col--xs-last vce-col--xs-first vce-col--sm-last vce-col--sm-first vce-col--md-last vce-col--lg-last vce-col--xl-last\" id=\"el-a7f359d3\" data-vce-do-apply=\"background border el-a7f359d3\"><div class=\"vce-col-inner\" data-vce-element-content=\"true\" data-vce-do-apply=\"padding margin  el-a7f359d3\"><div class=\"vce-single-image-container vce-single-image--align-left\"><div class=\"vce vce-single-image-wrapper\" id=\"el-da4fdfa8\" data-vce-do-apply=\"all el-da4fdfa8\"><figure><div class=\"vce-single-image-inner\"><img class=\"vce-single-image\" data-width=\"600\" data-height=\"400\"src=\"https:\/\/www.related.dk\/macao-tradekit\/wp-content\/uploads\/2018\/11\/st-pauls-600x400.jpg\" data-img-src=\"https:\/\/www.related.dk\/macao-tradekit\/wp-content\/uploads\/2018\/11\/st-pauls.jpg\" alt=\"\" title=\"st pauls\"\/><\/div><\/figure><\/div><\/div><\/div><\/div><\/div><\/div><\/div><div class=\"vce-row-container\"><div class=\"vce-row vce-row--col-gap-30 vce-row-columns--top vce-row-content--top\" id=\"el-10589226\" data-vce-do-apply=\"all el-10589226\"><div class=\"vce-row-content\" data-vce-element-content=\"true\"><div class=\"vce-col vce-col--md-100p vce-col--xs-1 vce-col--xs-last vce-col--xs-first vce-col--sm-last vce-col--sm-first vce-col--md-last vce-col--lg-last vce-col--xl-last vce-col--md-first vce-col--lg-first vce-col--xl-first\" id=\"el-e527b080\" data-vce-do-apply=\"background border el-e527b080\"><div class=\"vce-col-inner\" data-vce-element-content=\"true\" data-vce-do-apply=\"padding margin  el-e527b080\"><div class=\"vce-text-block\"><div class=\"vce-text-block-wrapper vce\" id=\"el-5e4440fc\" data-vce-do-apply=\"all el-5e4440fc\"><h2>Lunsj<\/h2><p>Bes\u00f8k et av byens mange spisesteder. Er du lysten p\u00e5 kinesisk eller portugisisk? Gatemat eller Michelin-niv\u00e5?<\/p><p><a href=\"http:\/\/www.related.dk\/macao-tradekit\/opplevelser\/macao-for-matglade\/?lang=no\" target=\"_blank\" rel=\"noopener\">Her finner du forslag til matopplevelser i Macao<\/a><\/p><h2>Ettermiddag\/kveld i Taipa, Coloane og Cotai<\/h2><ul><li>Bes\u00f8k <strong>Taipa Houses<\/strong>, som er bygget i portugisisk stil og oppf\u00f8rt i 1921, i omr\u00e5det Taipa. Husk \u00e5 kj\u00f8pe de ber\u00f8mte mandel-sm\u00e5kakene hos en av de lokale bakerne!<\/li><li>Fortsett til omr\u00e5det <strong>Coloane<\/strong> for \u00e5 oppleve en bit av det gamle Macao. Her finner du ogs\u00e5 Macaos mest ikoniske bakeri, Lord Stow\u2019s Bakery, som har solgt portugisiske eggeterter (Past\u00e9is de Nata) siden 1989.<\/li><li>Stikk s\u00e5 innom <strong>Cotai<\/strong> og de store internasjonale resortene og showene \u2013 og spis eventuelt middag p\u00e5 en av omr\u00e5dets mange restauranter.<\/li><\/ul><\/div><\/div><\/div><\/div><\/div><\/div><\/div><div class=\"vce-row-container\"><div class=\"vce-row vce-row--col-gap-30 vce-row-columns--top vce-row-content--top\" id=\"el-86e1abc3\" data-vce-do-apply=\"all el-86e1abc3\"><div class=\"vce-row-content\" data-vce-element-content=\"true\"><div class=\"vce-col vce-col--md-50p vce-col--xs-1 vce-col--xs-last vce-col--xs-first vce-col--sm-last vce-col--sm-first vce-col--md-first vce-col--lg-first vce-col--xl-first\" id=\"el-85e11448\" data-vce-do-apply=\"background border el-85e11448\"><div class=\"vce-col-inner\" data-vce-element-content=\"true\" data-vce-do-apply=\"padding margin  el-85e11448\"><div class=\"vce-single-image-container vce-single-image--align-left\"><div class=\"vce vce-single-image-wrapper\" id=\"el-b0cc9786\" data-vce-do-apply=\"all el-b0cc9786\"><figure><div class=\"vce-single-image-inner\"><img class=\"vce-single-image\" data-width=\"600\" data-height=\"400\"src=\"https:\/\/www.related.dk\/macao-tradekit\/wp-content\/uploads\/2018\/11\/sol-600x400.jpg\" data-img-src=\"https:\/\/www.related.dk\/macao-tradekit\/wp-content\/uploads\/2018\/11\/sol.jpg\" alt=\"\" title=\"sol\"\/><\/div><\/figure><\/div><\/div><\/div><\/div><div class=\"vce-col vce-col--md-50p vce-col--xs-1 vce-col--xs-last vce-col--xs-first vce-col--sm-last vce-col--sm-first vce-col--md-last vce-col--lg-last vce-col--xl-last\" id=\"el-bd74a245\" data-vce-do-apply=\"background border el-bd74a245\"><div class=\"vce-col-inner\" data-vce-element-content=\"true\" data-vce-do-apply=\"padding margin  el-bd74a245\"><div class=\"vce-single-image-container vce-single-image--align-left\"><div class=\"vce vce-single-image-wrapper\" id=\"el-aab776bb\" data-vce-do-apply=\"all el-aab776bb\"><figure><div class=\"vce-single-image-inner\"><img class=\"vce-single-image\" data-width=\"600\" data-height=\"400\"src=\"https:\/\/www.related.dk\/macao-tradekit\/wp-content\/uploads\/2018\/11\/DSC07510_night-600x400.jpg\" data-img-src=\"https:\/\/www.related.dk\/macao-tradekit\/wp-content\/uploads\/2018\/11\/DSC07510_night.jpg\" alt=\"\" title=\"DSC07510_night\"\/><\/div><\/figure><\/div><\/div><\/div><\/div><\/div><\/div><\/div>\n","protected":false},"excerpt":{"rendered":"<p>1 DAG I MACAOHvis du kun har \u00e9n dag til r\u00e5dighet i Macao \u2013 enten som en del av en forretningsreise eller storbyferie i Hongkong, eller i forbindelse med en mellomlanding p\u00e5 vei mot en annen destinasjon \u2013 kan du se p\u00e5 disse forslagene til ting du bare m\u00e5 f\u00e5 med deg i den asiatiske &hellip; <\/p>\n<p class=\"link-more\"><a href=\"https:\/\/www.related.dk\/macao-tradekit\/opplevelser\/1-dag-i-macao\/?lang=no\" class=\"more-link\">L\u00e6s videre<span class=\"screen-reader-text\"> &#8220;1 dag i Macao&#8221;<\/span><\/a><\/p>\n","protected":false},"author":2,"featured_media":0,"parent":969,"menu_order":0,"comment_status":"closed","ping_status":"closed","template":"","meta":[],"_links":{"self":[{"href":"https:\/\/www.related.dk\/macao-tradekit\/wp-json\/wp\/v2\/pages\/1248"}],"collection":[{"href":"https:\/\/www.related.dk\/macao-tradekit\/wp-json\/wp\/v2\/pages"}],"about":[{"href":"https:\/\/www.related.dk\/macao-tradekit\/wp-json\/wp\/v2\/types\/page"}],"author":[{"embeddable":true,"href":"https:\/\/www.related.dk\/macao-tradekit\/wp-json\/wp\/v2\/users\/2"}],"replies":[{"embeddable":true,"href":"https:\/\/www.related.dk\/macao-tradekit\/wp-json\/wp\/v2\/comments?post=1248"}],"version-history":[{"count":12,"href":"https:\/\/www.related.dk\/macao-tradekit\/wp-json\/wp\/v2\/pages\/1248\/revisions"}],"predecessor-version":[{"id":1353,"href":"https:\/\/www.related.dk\/macao-tradekit\/wp-json\/wp\/v2\/pages\/1248\/revisions\/1353"}],"up":[{"embeddable":true,"href":"https:\/\/www.related.dk\/macao-tradekit\/wp-json\/wp\/v2\/pages\/969"}],"wp:attachment":[{"href":"https:\/\/www.related.dk\/macao-tradekit\/wp-json\/wp\/v2\/media?parent=1248"}],"curies":[{"name":"wp","href":"https:\/\/api.w.org\/{rel}","templated":true}]}}