{"id":1232,"date":"2018-11-23T10:31:57","date_gmt":"2018-11-23T10:31:57","guid":{"rendered":"http:\/\/www.related.dk\/macao-tradekit\/elaemykset\/tapahtumat-ja-festivaalit\/"},"modified":"2018-11-23T14:04:55","modified_gmt":"2018-11-23T14:04:55","slug":"tapahtumat-ja-festivaalit","status":"publish","type":"page","link":"https:\/\/www.related.dk\/macao-tradekit\/elaemykset\/tapahtumat-ja-festivaalit\/?lang=fi","title":{"rendered":"Tapahtumat ja festivaalit"},"content":{"rendered":"<div class=\"vce-row-container\"><div class=\"vce-row vce-row--col-gap-30 vce-row-columns--top vce-row-content--top\" id=\"el-b4e90020\" data-vce-do-apply=\"all el-b4e90020\"><div class=\"vce-row-content\" data-vce-element-content=\"true\"><div class=\"vce-col vce-col--md-100p vce-col--xs-1 vce-col--xs-last vce-col--xs-first vce-col--sm-last vce-col--sm-first vce-col--md-last vce-col--lg-last vce-col--xl-last vce-col--md-first vce-col--lg-first vce-col--xl-first\" id=\"el-de4eea4a\" data-vce-do-apply=\"background border el-de4eea4a\"><div class=\"vce-col-inner\" data-vce-do-apply=\"padding margin  el-de4eea4a\" data-vce-element-content=\"true\"><section class=\"vce-hero-section-container vce-hero-section-media--xs vce-hero-section-media--sm vce-hero-section-media--md vce-hero-section-media--lg\"><div class=\"vce vce-hero-section vce-hero-section--alignment-start\" id=\"el-546f72dd\" data-vce-do-apply=\"margin background border  el-546f72dd\"><div class=\"vce-hero-section--wrap-row vce-hero-section--background-position-center-center\" style='background-image: url(\"https:\/\/www.related.dk\/macao-tradekit\/wp-content\/uploads\/2018\/11\/Banner_330_3_events.jpg\");'><div class=\"vce-hero-section--wrap\"><div class=\"vce-hero-section--content\" data-vce-do-apply=\"padding el-546f72dd\"><div class=\"vce-hero-section--content-container\"><h1><strong>TAPAHTUMAT JA FESTIVAALIT<\/strong><\/h1><\/div><\/div><\/div><\/div><\/div><\/section><\/div><\/div><\/div><\/div><\/div><div class=\"vce-row-container\"><div class=\"vce-row vce-row--col-gap-30 vce-row-columns--top vce-row-content--top\" id=\"el-7a48de9a\" data-vce-do-apply=\"all el-7a48de9a\"><div class=\"vce-row-content\" data-vce-element-content=\"true\"><div class=\"vce-col vce-col--md-100p vce-col--xs-1 vce-col--xs-last vce-col--xs-first vce-col--sm-last vce-col--sm-first vce-col--md-last vce-col--lg-last vce-col--xl-last vce-col--md-first vce-col--lg-first vce-col--xl-first\" id=\"el-373e0f62\" data-vce-do-apply=\"background border el-373e0f62\"><div class=\"vce-col-inner\" data-vce-do-apply=\"padding margin  el-373e0f62\" data-vce-element-content=\"true\"><div class=\"vce-text-block\"><div class=\"vce-text-block-wrapper vce\" id=\"el-130dd634\" data-vce-do-apply=\"all el-130dd634\"><p>Macaon-k\u00e4vij\u00e4t voivat l\u00e4hes vuodenajasta riippumatta l\u00f6yt\u00e4\u00e4 paikallisia festivaaleja tai juhlia.<\/p><p>T\u00e4ss\u00e4 on joitakin vuoden kohokohtia, joiden tarkemmista p\u00e4iv\u00e4m\u00e4\u00e4rist\u00e4 ja yksityiskohdista saa lis\u00e4tietoja <a href=\"http:\/\/en.macaotourism.gov.mo\/events\/calendar.php\" target=\"_blank\" rel=\"noopener\">matkailuneuvoston sivustosta.<\/a><\/p><p>Tammikuu: <strong>Macao City Fringe Festival<\/strong><\/p><p>Helmikuu: <strong>kiinalainen uusivuosi<\/strong><\/p><p>Maaliskuu: <strong>p\u00e4\u00e4si\u00e4inen<\/strong><\/p><p>Huhtikuu: <strong>A-Ma Festival<\/strong><\/p><p>Toukokuu: <strong>Macao Arts Festival + Dragon Boat Festival<\/strong><\/p><p>Kes\u00e4kuu: <strong>Lotus Flower Festival<\/strong><\/p><p>Hein\u00e4kuu <strong>International Youth Dance Festival<\/strong><\/p><p>Elokuu: <strong>Wushu Masters Challenge<\/strong><\/p><p>Syys\u2013lokakuu: <strong>Macao International Fireworks Display Contest<\/strong><\/p><p>Loka\u2013marraskuu: <strong>Macao International Music Festival<\/strong><\/p><p>Marraskuu: <strong>Macau Food Festival + Macao Grand Prix<\/strong><\/p><p>Joulukuu:<strong> Macao Light Festival + Macao Latin Festival<\/strong><\/p><\/div><\/div><\/div><\/div><\/div><\/div><\/div><div class=\"vce-row-container\"><div class=\"vce-row vce-row--col-gap-30 vce-row-columns--top vce-row-content--top\" id=\"el-a61b9745\" data-vce-do-apply=\"all el-a61b9745\"><div class=\"vce-row-content\" data-vce-element-content=\"true\"><div class=\"vce-col vce-col--md-50p vce-col--xs-1 vce-col--xs-last vce-col--xs-first vce-col--sm-last vce-col--sm-first vce-col--md-first vce-col--lg-first vce-col--xl-first\" id=\"el-9238ba70\" data-vce-do-apply=\"background border el-9238ba70\"><div class=\"vce-col-inner\" data-vce-do-apply=\"padding margin  el-9238ba70\" data-vce-element-content=\"true\"><div class=\"vce-single-image-container vce-single-image--align-left\"><div class=\"vce vce-single-image-wrapper\" id=\"el-0c5ef819\" data-vce-do-apply=\"all el-0c5ef819\"><figure><div class=\"vce-single-image-inner\"><img class=\"vce-single-image\" data-width=\"600\" data-height=\"400\"src=\"https:\/\/www.related.dk\/macao-tradekit\/wp-content\/uploads\/2018\/11\/event_1_400x600-600x400.jpg\" data-img-src=\"https:\/\/www.related.dk\/macao-tradekit\/wp-content\/uploads\/2018\/11\/event_1_400x600.jpg\" alt=\"\" title=\"event_1_400x600\"\/><\/div><\/figure><\/div><\/div><\/div><\/div><div class=\"vce-col vce-col--md-50p vce-col--xs-1 vce-col--xs-last vce-col--xs-first vce-col--sm-last vce-col--sm-first vce-col--md-last vce-col--lg-last vce-col--xl-last\" id=\"el-59b469c1\" data-vce-do-apply=\"background border el-59b469c1\"><div class=\"vce-col-inner\" data-vce-do-apply=\"padding margin  el-59b469c1\" data-vce-element-content=\"true\"><div class=\"vce-single-image-container vce-single-image--align-left\"><div class=\"vce vce-single-image-wrapper\" id=\"el-0146d231\" data-vce-do-apply=\"all el-0146d231\"><figure><div class=\"vce-single-image-inner\"><img class=\"vce-single-image\" data-width=\"600\" data-height=\"400\"src=\"https:\/\/www.related.dk\/macao-tradekit\/wp-content\/uploads\/2018\/11\/event_2_400x600-600x400.jpg\" data-img-src=\"https:\/\/www.related.dk\/macao-tradekit\/wp-content\/uploads\/2018\/11\/event_2_400x600.jpg\" alt=\"\" title=\"event_2_400x600\"\/><\/div><\/figure><\/div><\/div><\/div><\/div><\/div><\/div><\/div><div class=\"vce-row-container\"><div class=\"vce-row vce-row--col-gap-30 vce-row-columns--top vce-row-content--top\" id=\"el-172be744\" data-vce-do-apply=\"all el-172be744\"><div class=\"vce-row-content\" data-vce-element-content=\"true\"><div class=\"vce-col vce-col--md-50p vce-col--xs-1 vce-col--xs-last vce-col--xs-first vce-col--sm-last vce-col--sm-first vce-col--md-first vce-col--lg-first vce-col--xl-first\" id=\"el-f57eb7b9\" data-vce-do-apply=\"background border el-f57eb7b9\"><div class=\"vce-col-inner\" data-vce-do-apply=\"padding margin  el-f57eb7b9\" data-vce-element-content=\"true\"><div class=\"vce-single-image-container vce-single-image--align-left\"><div class=\"vce vce-single-image-wrapper\" id=\"el-a12456e1\" data-vce-do-apply=\"all el-a12456e1\"><figure><div class=\"vce-single-image-inner\"><img class=\"vce-single-image\" data-width=\"600\" data-height=\"400\"src=\"https:\/\/www.related.dk\/macao-tradekit\/wp-content\/uploads\/2018\/11\/event_3-600x400.jpg\" data-img-src=\"https:\/\/www.related.dk\/macao-tradekit\/wp-content\/uploads\/2018\/11\/event_3.jpg\" alt=\"\" title=\"event_3\"\/><\/div><\/figure><\/div><\/div><\/div><\/div><div class=\"vce-col vce-col--md-50p vce-col--xs-1 vce-col--xs-last vce-col--xs-first vce-col--sm-last vce-col--sm-first vce-col--md-last vce-col--lg-last vce-col--xl-last\" id=\"el-dd7c2379\" data-vce-do-apply=\"background border el-dd7c2379\"><div class=\"vce-col-inner\" data-vce-do-apply=\"padding margin  el-dd7c2379\" data-vce-element-content=\"true\"><div class=\"vce-single-image-container vce-single-image--align-left\"><div class=\"vce vce-single-image-wrapper\" id=\"el-ef3c98e8\" data-vce-do-apply=\"all el-ef3c98e8\"><figure><div class=\"vce-single-image-inner\"><img class=\"vce-single-image\" data-width=\"600\" data-height=\"400\"src=\"https:\/\/www.related.dk\/macao-tradekit\/wp-content\/uploads\/2018\/11\/event_4-600x400.jpg\" data-img-src=\"https:\/\/www.related.dk\/macao-tradekit\/wp-content\/uploads\/2018\/11\/event_4.jpg\" alt=\"\" title=\"event_4\"\/><\/div><\/figure><\/div><\/div><\/div><\/div><\/div><\/div><\/div>\n","protected":false},"excerpt":{"rendered":"<p>TAPAHTUMAT JA FESTIVAALITMacaon-k\u00e4vij\u00e4t voivat l\u00e4hes vuodenajasta riippumatta l\u00f6yt\u00e4\u00e4 paikallisia festivaaleja tai juhlia.T\u00e4ss\u00e4 on joitakin vuoden kohokohtia, joiden tarkemmista p\u00e4iv\u00e4m\u00e4\u00e4rist\u00e4 ja yksityiskohdista saa lis\u00e4tietoja matkailuneuvoston sivustosta.Tammikuu: Macao City Fringe FestivalHelmikuu: kiinalainen uusivuosiMaaliskuu: p\u00e4\u00e4si\u00e4inenHuhtikuu: A-Ma FestivalToukokuu: Macao Arts Festival + Dragon Boat FestivalKes\u00e4kuu: Lotus Flower FestivalHein\u00e4kuu International Youth Dance FestivalElokuu: Wushu Masters ChallengeSyys\u2013lokakuu: Macao International Fireworks Display &hellip; <\/p>\n<p class=\"link-more\"><a href=\"https:\/\/www.related.dk\/macao-tradekit\/elaemykset\/tapahtumat-ja-festivaalit\/?lang=fi\" class=\"more-link\">L\u00e6s videre<span class=\"screen-reader-text\"> &#8220;Tapahtumat ja festivaalit&#8221;<\/span><\/a><\/p>\n","protected":false},"author":2,"featured_media":0,"parent":958,"menu_order":0,"comment_status":"closed","ping_status":"closed","template":"","meta":[],"_links":{"self":[{"href":"https:\/\/www.related.dk\/macao-tradekit\/wp-json\/wp\/v2\/pages\/1232"}],"collection":[{"href":"https:\/\/www.related.dk\/macao-tradekit\/wp-json\/wp\/v2\/pages"}],"about":[{"href":"https:\/\/www.related.dk\/macao-tradekit\/wp-json\/wp\/v2\/types\/page"}],"author":[{"embeddable":true,"href":"https:\/\/www.related.dk\/macao-tradekit\/wp-json\/wp\/v2\/users\/2"}],"replies":[{"embeddable":true,"href":"https:\/\/www.related.dk\/macao-tradekit\/wp-json\/wp\/v2\/comments?post=1232"}],"version-history":[{"count":7,"href":"https:\/\/www.related.dk\/macao-tradekit\/wp-json\/wp\/v2\/pages\/1232\/revisions"}],"predecessor-version":[{"id":1416,"href":"https:\/\/www.related.dk\/macao-tradekit\/wp-json\/wp\/v2\/pages\/1232\/revisions\/1416"}],"up":[{"embeddable":true,"href":"https:\/\/www.related.dk\/macao-tradekit\/wp-json\/wp\/v2\/pages\/958"}],"wp:attachment":[{"href":"https:\/\/www.related.dk\/macao-tradekit\/wp-json\/wp\/v2\/media?parent=1232"}],"curies":[{"name":"wp","href":"https:\/\/api.w.org\/{rel}","templated":true}]}}