{"id":1221,"date":"2018-11-23T10:24:56","date_gmt":"2018-11-23T10:24:56","guid":{"rendered":"http:\/\/www.related.dk\/macao-tradekit\/upplevelser-2\/events-och-festivaler\/"},"modified":"2018-11-23T13:46:52","modified_gmt":"2018-11-23T13:46:52","slug":"events-och-festivaler","status":"publish","type":"page","link":"https:\/\/www.related.dk\/macao-tradekit\/upplevelser-2\/events-och-festivaler\/?lang=sv","title":{"rendered":""},"content":{"rendered":"<div class=\"vce-row-container\"><div class=\"vce-row vce-row--col-gap-30 vce-row-columns--top vce-row-content--top\" id=\"el-3b7fc3c9\" data-vce-do-apply=\"all el-3b7fc3c9\"><div class=\"vce-row-content\" data-vce-element-content=\"true\"><div class=\"vce-col vce-col--md-auto vce-col--xs-1 vce-col--xs-last vce-col--xs-first vce-col--sm-last vce-col--sm-first vce-col--md-last vce-col--lg-last vce-col--xl-last vce-col--md-first vce-col--lg-first vce-col--xl-first\" id=\"el-c57b8e5c\" data-vce-do-apply=\"background border el-c57b8e5c\"><div class=\"vce-col-inner\" data-vce-element-content=\"true\" data-vce-do-apply=\"padding margin  el-c57b8e5c\"><section class=\"vce-hero-section-container vce-hero-section-media--xs vce-hero-section-media--sm vce-hero-section-media--md vce-hero-section-media--lg\"><div class=\"vce vce-hero-section vce-hero-section--alignment-start\" id=\"el-2ed2d2aa\" data-vce-do-apply=\"margin background border  el-2ed2d2aa\"><div class=\"vce-hero-section--wrap-row vce-hero-section--background-position-center-center\" style=\"background-image: url('https:\/\/www.related.dk\/macao-tradekit\/wp-content\/uploads\/2018\/11\/Banner_330_3_events.jpg');\"><div class=\"vce-hero-section--wrap\"><div class=\"vce-hero-section--content\" data-vce-do-apply=\"padding el-2ed2d2aa\"><div class=\"vce-hero-section--content-container\"><h1><strong>EVENTS OCH FESTIVALER<\/strong><\/h1><\/div><\/div><\/div><\/div><\/div><\/section><\/div><\/div><\/div><\/div><\/div><div class=\"vce-row-container\"><div class=\"vce-row vce-row--col-gap-30 vce-row-columns--top vce-row-content--top\" id=\"el-f7ee535f\" data-vce-do-apply=\"all el-f7ee535f\"><div class=\"vce-row-content\" data-vce-element-content=\"true\"><div class=\"vce-col vce-col--md-auto vce-col--xs-1 vce-col--xs-last vce-col--xs-first vce-col--sm-last vce-col--sm-first vce-col--md-last vce-col--lg-last vce-col--xl-last vce-col--md-first vce-col--lg-first vce-col--xl-first\" id=\"el-87654ab3\" data-vce-do-apply=\"background border el-87654ab3\"><div class=\"vce-col-inner\" data-vce-element-content=\"true\" data-vce-do-apply=\"padding margin  el-87654ab3\"><div class=\"vce-text-block\"><div class=\"vce-text-block-wrapper vce\" id=\"el-25af597a\" data-vce-do-apply=\"all el-25af597a\"><h2><span style=\"display: inline !important; float: none; background-color: transparent; color: #333333; cursor: text; font-family: 'Libre Franklin','Helvetica Neue',helvetica,arial,sans-serif; font-size: 16px; font-style: normal; font-variant: normal; font-weight: 400; letter-spacing: normal; orphans: 2; text-align: left; text-decoration: none; text-indent: 0px; text-transform: none; -webkit-text-stroke-width: 0px; white-space: normal; word-spacing: 0px;\">Oavsett n\u00e4r p\u00e5 \u00e5ret man bes\u00f6ker Macao kan vara ganska s\u00e4ker p\u00e5 att pricka in en lokal festival eller ett evenemang.<\/span><\/h2><p>H\u00e4r n\u00e5gra av h\u00f6jdpunkterna under \u00e5ret \u2013 f\u00f6r exakta datum och n\u00e4rmare detaljer,<a href=\"http:\/\/en.macaotourism.gov.mo\/events\/calendar.php\" target=\"_blank\" rel=\"noopener\"> bes\u00f6k turistr\u00e5dets hemsida.<\/a><\/p><p>Januari: <strong>Macao City Fringe Festival<\/strong><\/p><p>Februari: <strong>Kinesiskt Ny\u00e5r<\/strong><\/p><p>Mars: <strong>P\u00e5sk<\/strong><\/p><p>April: <strong>A-Ma Festival<\/strong><\/p><p>Maj: <strong>Macao Arts Festival + Dragon Boat Festival<\/strong><\/p><p>Juni: <strong>Lotus Flower Festival<\/strong><\/p><p>Juli: <strong>International Youth Dance Festival<\/strong><\/p><p>Augusti: <strong>Wushu Masters Challenge<\/strong><\/p><p>September\/Oktober: <strong>Macao International Fireworks Display Contest<\/strong><\/p><p>Oktober\/November: <strong>Macao International Music Festival<\/strong><\/p><p>November: <strong>Macau Food Festival + Macao Grand Prix<\/strong><\/p><p>December: <strong>Macao Light Festival + Macao Latin Festival<\/strong><\/p><\/div><\/div><\/div><\/div><\/div><\/div><\/div><div class=\"vce-row-container\"><div class=\"vce-row vce-row--col-gap-30 vce-row-columns--top vce-row-content--top\" id=\"el-704e80cd\" data-vce-do-apply=\"all el-704e80cd\"><div class=\"vce-row-content\" data-vce-element-content=\"true\"><div class=\"vce-col vce-col--md-50p vce-col--xs-1 vce-col--xs-last vce-col--xs-first vce-col--sm-last vce-col--sm-first vce-col--md-first vce-col--lg-first vce-col--xl-first\" id=\"el-153be556\" data-vce-do-apply=\"background border el-153be556\"><div class=\"vce-col-inner\" data-vce-element-content=\"true\" data-vce-do-apply=\"padding margin  el-153be556\"><div class=\"vce-single-image-container vce-single-image--align-left\"><div class=\"vce vce-single-image-wrapper\" id=\"el-91e92b1b\" data-vce-do-apply=\"all el-91e92b1b\"><figure><div class=\"vce-single-image-inner\"><img class=\"vce-single-image\" data-width=\"600\" data-height=\"400\"src=\"https:\/\/www.related.dk\/macao-tradekit\/wp-content\/uploads\/2018\/11\/event_1_400x600-600x400.jpg\" data-img-src=\"https:\/\/www.related.dk\/macao-tradekit\/wp-content\/uploads\/2018\/11\/event_1_400x600.jpg\" alt=\"\" title=\"event_1_400x600\"\/><\/div><\/figure><\/div><\/div><\/div><\/div><div class=\"vce-col vce-col--md-50p vce-col--xs-1 vce-col--xs-last vce-col--xs-first vce-col--sm-last vce-col--sm-first vce-col--md-last vce-col--lg-last vce-col--xl-last\" id=\"el-a7ff74c5\" data-vce-do-apply=\"background border el-a7ff74c5\"><div class=\"vce-col-inner\" data-vce-element-content=\"true\" data-vce-do-apply=\"padding margin  el-a7ff74c5\"><div class=\"vce-single-image-container vce-single-image--align-left\"><div class=\"vce vce-single-image-wrapper\" id=\"el-48467589\" data-vce-do-apply=\"all el-48467589\"><figure><div class=\"vce-single-image-inner\"><img class=\"vce-single-image\" data-width=\"600\" data-height=\"400\"src=\"https:\/\/www.related.dk\/macao-tradekit\/wp-content\/uploads\/2018\/11\/event_2_400x600-600x400.jpg\" data-img-src=\"https:\/\/www.related.dk\/macao-tradekit\/wp-content\/uploads\/2018\/11\/event_2_400x600.jpg\" alt=\"\" title=\"event_2_400x600\"\/><\/div><\/figure><\/div><\/div><\/div><\/div><\/div><\/div><\/div><div class=\"vce-row-container\"><div class=\"vce-row vce-row--col-gap-30 vce-row-columns--top vce-row-content--top\" id=\"el-57b2f50f\" data-vce-do-apply=\"all el-57b2f50f\"><div class=\"vce-row-content\" data-vce-element-content=\"true\"><div class=\"vce-col vce-col--md-50p vce-col--xs-1 vce-col--xs-last vce-col--xs-first vce-col--sm-last vce-col--sm-first vce-col--md-first vce-col--lg-first vce-col--xl-first\" id=\"el-a6b9b595\" data-vce-do-apply=\"background border el-a6b9b595\"><div class=\"vce-col-inner\" data-vce-element-content=\"true\" data-vce-do-apply=\"padding margin  el-a6b9b595\"><div class=\"vce-single-image-container vce-single-image--align-left\"><div class=\"vce vce-single-image-wrapper\" id=\"el-744042ba\" data-vce-do-apply=\"all el-744042ba\"><figure><div class=\"vce-single-image-inner\"><img class=\"vce-single-image\" data-width=\"600\" data-height=\"400\"src=\"https:\/\/www.related.dk\/macao-tradekit\/wp-content\/uploads\/2018\/11\/event_3-600x400.jpg\" data-img-src=\"https:\/\/www.related.dk\/macao-tradekit\/wp-content\/uploads\/2018\/11\/event_3.jpg\" alt=\"\" title=\"event_3\"\/><\/div><\/figure><\/div><\/div><\/div><\/div><div class=\"vce-col vce-col--md-50p vce-col--xs-1 vce-col--xs-last vce-col--xs-first vce-col--sm-last vce-col--sm-first vce-col--md-last vce-col--lg-last vce-col--xl-last\" id=\"el-dfd9e16b\" data-vce-do-apply=\"background border el-dfd9e16b\"><div class=\"vce-col-inner\" data-vce-element-content=\"true\" data-vce-do-apply=\"padding margin  el-dfd9e16b\"><div class=\"vce-single-image-container vce-single-image--align-left\"><div class=\"vce vce-single-image-wrapper\" id=\"el-97b533b2\" data-vce-do-apply=\"all el-97b533b2\"><figure><div class=\"vce-single-image-inner\"><img class=\"vce-single-image\" data-width=\"600\" data-height=\"400\"src=\"https:\/\/www.related.dk\/macao-tradekit\/wp-content\/uploads\/2018\/11\/event_4-600x400.jpg\" data-img-src=\"https:\/\/www.related.dk\/macao-tradekit\/wp-content\/uploads\/2018\/11\/event_4.jpg\" alt=\"\" title=\"event_4\"\/><\/div><\/figure><\/div><\/div><\/div><\/div><\/div><\/div><\/div>\n","protected":false},"excerpt":{"rendered":"<p>EVENTS OCH FESTIVALEROavsett n\u00e4r p\u00e5 \u00e5ret man bes\u00f6ker Macao kan vara ganska s\u00e4ker p\u00e5 att pricka in en lokal festival eller ett evenemang.H\u00e4r n\u00e5gra av h\u00f6jdpunkterna under \u00e5ret \u2013 f\u00f6r exakta datum och n\u00e4rmare detaljer, bes\u00f6k turistr\u00e5dets hemsida.Januari: Macao City Fringe FestivalFebruari: Kinesiskt Ny\u00e5rMars: P\u00e5skApril: A-Ma FestivalMaj: Macao Arts Festival + Dragon Boat FestivalJuni: Lotus &hellip; <\/p>\n<p class=\"link-more\"><a href=\"https:\/\/www.related.dk\/macao-tradekit\/upplevelser-2\/events-och-festivaler\/?lang=sv\" class=\"more-link\">L\u00e6s videre<span class=\"screen-reader-text\"> &#8220;&#8221;<\/span><\/a><\/p>\n","protected":false},"author":2,"featured_media":0,"parent":852,"menu_order":0,"comment_status":"closed","ping_status":"closed","template":"","meta":[],"_links":{"self":[{"href":"https:\/\/www.related.dk\/macao-tradekit\/wp-json\/wp\/v2\/pages\/1221"}],"collection":[{"href":"https:\/\/www.related.dk\/macao-tradekit\/wp-json\/wp\/v2\/pages"}],"about":[{"href":"https:\/\/www.related.dk\/macao-tradekit\/wp-json\/wp\/v2\/types\/page"}],"author":[{"embeddable":true,"href":"https:\/\/www.related.dk\/macao-tradekit\/wp-json\/wp\/v2\/users\/2"}],"replies":[{"embeddable":true,"href":"https:\/\/www.related.dk\/macao-tradekit\/wp-json\/wp\/v2\/comments?post=1221"}],"version-history":[{"count":7,"href":"https:\/\/www.related.dk\/macao-tradekit\/wp-json\/wp\/v2\/pages\/1221\/revisions"}],"predecessor-version":[{"id":1398,"href":"https:\/\/www.related.dk\/macao-tradekit\/wp-json\/wp\/v2\/pages\/1221\/revisions\/1398"}],"up":[{"embeddable":true,"href":"https:\/\/www.related.dk\/macao-tradekit\/wp-json\/wp\/v2\/pages\/852"}],"wp:attachment":[{"href":"https:\/\/www.related.dk\/macao-tradekit\/wp-json\/wp\/v2\/media?parent=1221"}],"curies":[{"name":"wp","href":"https:\/\/api.w.org\/{rel}","templated":true}]}}