{"id":1205,"date":"2018-11-23T10:14:50","date_gmt":"2018-11-23T10:14:50","guid":{"rendered":"http:\/\/www.related.dk\/macao-tradekit\/elaemykset\/herkkusuiden-macao\/"},"modified":"2018-11-24T13:07:14","modified_gmt":"2018-11-24T13:07:14","slug":"herkkusuiden-macao","status":"publish","type":"page","link":"https:\/\/www.related.dk\/macao-tradekit\/elaemykset\/herkkusuiden-macao\/?lang=fi","title":{"rendered":"Herkkusuiden Macao"},"content":{"rendered":"<div class=\"vce-row-container\"><div class=\"vce-row vce-row--col-gap-30 vce-row-columns--top vce-row-content--top\" id=\"el-12cb81f4\" data-vce-do-apply=\"all el-12cb81f4\"><div class=\"vce-row-content\" data-vce-element-content=\"true\"><div class=\"vce-col vce-col--md-100p vce-col--xs-1 vce-col--xs-last vce-col--xs-first vce-col--sm-last vce-col--sm-first vce-col--md-last vce-col--lg-last vce-col--xl-last vce-col--md-first vce-col--lg-first vce-col--xl-first\" id=\"el-6cc0ce04\" data-vce-do-apply=\"background border el-6cc0ce04\"><div class=\"vce-col-inner\" data-vce-element-content=\"true\" data-vce-do-apply=\"padding margin  el-6cc0ce04\"><section class=\"vce-hero-section-container vce-hero-section-media--xs vce-hero-section-media--sm vce-hero-section-media--md vce-hero-section-media--lg\"><div class=\"vce vce-hero-section vce-hero-section--alignment-start\" id=\"el-e529284d\" data-vce-do-apply=\"margin background border  el-e529284d\"><div class=\"vce-hero-section--wrap-row vce-hero-section--background-position-center-center\" style=\"background-image: url('https:\/\/www.related.dk\/macao-tradekit\/wp-content\/uploads\/2018\/11\/Banner_DSC07269_mad.jpg');\"><div class=\"vce-hero-section--wrap\"><div class=\"vce-hero-section--content\" data-vce-do-apply=\"padding el-e529284d\"><div class=\"vce-hero-section--content-container\"><h1><strong>HERKKUSUIDEN MACAO<\/strong><\/h1><p>Macaossa on jopa 19 Michelin-ravintolaa ja 12 Michelinin suosittelemaa katukeitti\u00f6t\u00e4.<\/p><\/div><\/div><\/div><\/div><\/div><\/section><\/div><\/div><\/div><\/div><\/div><div class=\"vce-row-container\"><div class=\"vce-row vce-row--col-gap-30 vce-row-columns--top vce-row-content--top\" id=\"el-ceda4ab6\" data-vce-do-apply=\"all el-ceda4ab6\"><div class=\"vce-row-content\" data-vce-element-content=\"true\"><div class=\"vce-col vce-col--md-auto vce-col--xs-1 vce-col--xs-last vce-col--xs-first vce-col--sm-last vce-col--sm-first vce-col--md-last vce-col--lg-last vce-col--xl-last vce-col--md-first vce-col--lg-first vce-col--xl-first\" id=\"el-14045de6\" data-vce-do-apply=\"background border el-14045de6\"><div class=\"vce-col-inner\" data-vce-element-content=\"true\" data-vce-do-apply=\"padding margin  el-14045de6\"><div class=\"vce-text-block\"><div class=\"vce-text-block-wrapper vce\" id=\"el-feb0e5ad\" data-vce-do-apply=\"all el-feb0e5ad\"><p>Macao on herkkusuiden helmi, joka tarjoaa koko maailman makuja. Ruokakulttuurinsa takia Macao otettiin vuoden 2017 lopussa mukaan Unescon luovien kaupunkien verkostoon (Creative Cities Network, UCCN).<\/p><h4>Ainutlaatuista historiaa<\/h4><p>Macaolaisessa keitti\u00f6ss\u00e4 on selkeit\u00e4 vaikutteita kaupungin ainutlaatuisesta historiasta. Macaoon asettuneet portugalilaiset perustivat nimitt\u00e4in 1500\u20131600-luvulla purjehdusreitin, jonka kautta afrikkalaiset ja intialaiset kauppiaat toivat Macaoon eksoottisia mausteita ja ruokakulttuureja. Samalla monet portugalilaiset meniv\u00e4t naimisiin Macaon kiinalaisten kanssa. T\u00e4ll\u00e4 tavoin curryn, kookosmaidon, neilikan ja kanelin kaltaiset eksoottiset ainesosat ja kiinalaiset ruoanlaittomenetelm\u00e4t nivoutuivat yhteen portugalilaisten ruokaperinteiden kanssa. Nyky-Macaon suosituimpia ruokalajeja ovat afrikkalainen kana ja macaolaiset chilikatkaravut.<\/p><h4>Michelin-ruokaa<\/h4><p>Macaon Michelin-ravintoloiden kirjo ulottuu kolmen t\u00e4hden kantonilaisravintola The Eightist\u00e4 yhden t\u00e4hden hittipaikkoihin. Niist\u00e4 voidaan mainita fantastista sushia tarjoava Shinji by Kanesaka ja avotuligrilliss\u00e4 valmistettuun lihaan erikoistunut The Kitchen.<\/p><p><a href=\"https:\/\/guide.michelin.com\/hk\/en\/hong-kong-macau\/dining-out\/11-michelin-listed-portuguese-restaurants-in-macau\/news\" target=\"_blank\" rel=\"noopener\">Katso esimerkiksi 11 ehdotusta portugalilaista ruokaa tarjoavista Michelin-ravintoloista t\u00e4\u00e4ll\u00e4.<\/a><\/p><h4>Katuruokaa<\/h4><p>Katuruokat\u00e4rpeist\u00e4 voidaan mainita Lei Ka Choi, joka tarjoaa saviruukussa valmistettavia kantonilaisia perinneruokia, sek\u00e4 Ving Kei, joka on erikoistunut tofuun, ml. tofuoluisiin ja j\u00e4lkiruokiin.<\/p><p><a href=\"https:\/\/theculturetrip.com\/asia\/china\/articles\/the-best-street-food-stalls-in-macau\/\" target=\"_blank\" rel=\"noopener\">Katso muun muassa t\u00e4m\u00e4 Macaon katuruokaopas.<\/a><\/p><h4>Kansainv\u00e4lisi\u00e4 ravintoloita<\/h4><p>Cotain alueella, josta l\u00f6ytyy valtaosa Macaon suurista kansainv\u00e4lisist\u00e4 hotelleista, on runsaasti kaikenkokoisia ja -hintaisia kansainv\u00e4lisi\u00e4 ravintoloita.<\/p><h4>Leipomot<\/h4><p>Macao tunnetaan my\u00f6s leipomoistaan, joiden erikoisuuksiin kuuluvat mantelikeksit, kev\u00e4trullat, maap\u00e4hkin\u00e4- ja seesamimakeiset sek\u00e4 \u201degg tartit\u201d (vastaavat portugalilaisia past\u00e9is de nata -leivoksia).<\/p><p>V\u00e4\u00e4r\u00e4\u00e4 valintaa on vaikea tehd\u00e4, mutta kaikkein maineikkain leipomo lienee Lord Stow\u2019s Bakery, jonka englantilainen Andrew Stow avasi Coloanen alueelle vuonna 1989. Leipomolla on nykyisin useita myym\u00e4l\u00f6it\u00e4 eri puolilla Macaota.<\/p><p>Taipa tunnetaan varsinkin perinteisist\u00e4 kekseist\u00e4\u00e4n, joita myyd\u00e4\u00e4n vanhassa kyl\u00e4ss\u00e4 monin paikoin.<\/p><h4>Broadway Food Street<\/h4><p>Broadway Food Streetill\u00e4 on tarjontaa laidasta laitaan aina paikallisista ravintoloista suosittuihin aasialaisiin ketjuihin ja Michelin-ravintoloihin.<\/p><h4>Paikallista ruokaa<\/h4><p>Red Market on Macaon suosituimpia toreja. Paikalliset tulevat t\u00e4nne ostamaan lihaa, kalaa, vihanneksia ja taloustavaraa. Kolmikerroksista toria ymp\u00e4r\u00f6ivill\u00e4 kaduilla on kojuja, joista myyd\u00e4\u00e4n esimerkiksi vaatteita ja laukkuja.<\/p><h4>Perinteik\u00e4s katu<\/h4><p>5 de Outubro Street on historiallinen katu, josta l\u00f6ytyy kaikkea mahdollista kiinalaisista yrteist\u00e4 ja k\u00e4sin tehdyist\u00e4 nuudeleista paikallisiin herkkuihin ja kahviloihin.<\/p><h4>Food Festival<\/h4><p>Macao juhlii kulinaarista perint\u00f6\u00e4\u00e4n joka marraskuussa j\u00e4rjestett\u00e4v\u00e4ll\u00e4 kaksiviikkoisella <a href=\"http:\/\/en.macaotourism.gov.mo\/events\/majorevent_detail.php?id=6\" target=\"_blank\" rel=\"noopener\">Ruokafestivaalilla<\/a>, joka pidettiin vuonna 2018 jo 18. kerran.<\/p><\/div><\/div><\/div><\/div><\/div><\/div><\/div><div class=\"vce-row-container\"><div class=\"vce-row vce-row--col-gap-30 vce-row-columns--top vce-row-content--top\" id=\"el-7908ce1a\" data-vce-do-apply=\"all el-7908ce1a\"><div class=\"vce-row-content\" data-vce-element-content=\"true\"><div class=\"vce-col vce-col--md-50p vce-col--xs-1 vce-col--xs-last vce-col--xs-first vce-col--sm-last vce-col--sm-first vce-col--md-first vce-col--lg-first vce-col--xl-first\" id=\"el-9b581aa0\" data-vce-do-apply=\"background border el-9b581aa0\"><div class=\"vce-col-inner\" data-vce-element-content=\"true\" data-vce-do-apply=\"padding margin  el-9b581aa0\"><div class=\"vce-single-image-container vce-single-image--align-left\"><div class=\"vce vce-single-image-wrapper\" id=\"el-a27790f9\" data-vce-do-apply=\"all el-a27790f9\"><figure><div class=\"vce-single-image-inner\"><img class=\"vce-single-image\" data-width=\"600\" data-height=\"400\"src=\"https:\/\/www.related.dk\/macao-tradekit\/wp-content\/uploads\/2018\/11\/madbod-600x400.jpg\" data-img-src=\"https:\/\/www.related.dk\/macao-tradekit\/wp-content\/uploads\/2018\/11\/madbod.jpg\" alt=\"\" title=\"madbod\"\/><\/div><\/figure><\/div><\/div><\/div><\/div><div class=\"vce-col vce-col--md-50p vce-col--xs-1 vce-col--xs-last vce-col--xs-first vce-col--sm-last vce-col--sm-first vce-col--md-last vce-col--lg-last vce-col--xl-last\" id=\"el-7fdcc5d3\" data-vce-do-apply=\"background border el-7fdcc5d3\"><div class=\"vce-col-inner\" data-vce-element-content=\"true\" data-vce-do-apply=\"padding margin  el-7fdcc5d3\"><div class=\"vce-single-image-container vce-single-image--align-left\"><div class=\"vce vce-single-image-wrapper\" id=\"el-6342c0e6\" data-vce-do-apply=\"all el-6342c0e6\"><figure><div class=\"vce-single-image-inner\"><img class=\"vce-single-image\" data-width=\"1024\" data-height=\"682\"src=\"https:\/\/www.related.dk\/macao-tradekit\/wp-content\/uploads\/2018\/11\/Macau-79-1024x682.jpg\" data-img-src=\"https:\/\/www.related.dk\/macao-tradekit\/wp-content\/uploads\/2018\/11\/Macau-79.jpg\" alt=\"\" title=\"Macau-79\"\/><\/div><\/figure><\/div><\/div><\/div><\/div><\/div><\/div><\/div>\n","protected":false},"excerpt":{"rendered":"<p>HERKKUSUIDEN MACAOMacaossa on jopa 19 Michelin-ravintolaa ja 12 Michelinin suosittelemaa katukeitti\u00f6t\u00e4.Macao on herkkusuiden helmi, joka tarjoaa koko maailman makuja. Ruokakulttuurinsa takia Macao otettiin vuoden 2017 lopussa mukaan Unescon luovien kaupunkien verkostoon (Creative Cities Network, UCCN).Ainutlaatuista historiaaMacaolaisessa keitti\u00f6ss\u00e4 on selkeit\u00e4 vaikutteita kaupungin ainutlaatuisesta historiasta. Macaoon asettuneet portugalilaiset perustivat nimitt\u00e4in 1500\u20131600-luvulla purjehdusreitin, jonka kautta afrikkalaiset ja intialaiset &hellip; <\/p>\n<p class=\"link-more\"><a href=\"https:\/\/www.related.dk\/macao-tradekit\/elaemykset\/herkkusuiden-macao\/?lang=fi\" class=\"more-link\">L\u00e6s videre<span class=\"screen-reader-text\"> &#8220;Herkkusuiden Macao&#8221;<\/span><\/a><\/p>\n","protected":false},"author":2,"featured_media":0,"parent":958,"menu_order":0,"comment_status":"closed","ping_status":"closed","template":"","meta":[],"_links":{"self":[{"href":"https:\/\/www.related.dk\/macao-tradekit\/wp-json\/wp\/v2\/pages\/1205"}],"collection":[{"href":"https:\/\/www.related.dk\/macao-tradekit\/wp-json\/wp\/v2\/pages"}],"about":[{"href":"https:\/\/www.related.dk\/macao-tradekit\/wp-json\/wp\/v2\/types\/page"}],"author":[{"embeddable":true,"href":"https:\/\/www.related.dk\/macao-tradekit\/wp-json\/wp\/v2\/users\/2"}],"replies":[{"embeddable":true,"href":"https:\/\/www.related.dk\/macao-tradekit\/wp-json\/wp\/v2\/comments?post=1205"}],"version-history":[{"count":7,"href":"https:\/\/www.related.dk\/macao-tradekit\/wp-json\/wp\/v2\/pages\/1205\/revisions"}],"predecessor-version":[{"id":1442,"href":"https:\/\/www.related.dk\/macao-tradekit\/wp-json\/wp\/v2\/pages\/1205\/revisions\/1442"}],"up":[{"embeddable":true,"href":"https:\/\/www.related.dk\/macao-tradekit\/wp-json\/wp\/v2\/pages\/958"}],"wp:attachment":[{"href":"https:\/\/www.related.dk\/macao-tradekit\/wp-json\/wp\/v2\/media?parent=1205"}],"curies":[{"name":"wp","href":"https:\/\/api.w.org\/{rel}","templated":true}]}}