{"id":117,"date":"2018-11-20T06:33:58","date_gmt":"2018-11-20T06:33:58","guid":{"rendered":"http:\/\/www.related.dk\/macao-tradekit\/?page_id=117"},"modified":"2018-11-20T18:22:30","modified_gmt":"2018-11-20T18:22:30","slug":"omraader","status":"publish","type":"page","link":"https:\/\/www.related.dk\/macao-tradekit\/om-macao\/omraader\/","title":{"rendered":""},"content":{"rendered":"<div class=\"vce-row-container\"><div class=\"vce-row vce-row--col-gap-30 vce-row-columns--top vce-row-content--top\" id=\"el-a3ed2df5\" data-vce-do-apply=\"all el-a3ed2df5\"><div class=\"vce-row-content\" data-vce-element-content=\"true\"><div class=\"vce-col vce-col--md-100p vce-col--xs-1 vce-col--xs-last vce-col--xs-first vce-col--sm-last vce-col--sm-first vce-col--md-last vce-col--lg-last vce-col--xl-last vce-col--md-first vce-col--lg-first vce-col--xl-first\" id=\"el-a0348644\" data-vce-do-apply=\"background border el-a0348644\"><div class=\"vce-col-inner\" data-vce-element-content=\"true\" data-vce-do-apply=\"padding margin  el-a0348644\"><section class=\"vce-hero-section-container vce-hero-section-media--xs vce-hero-section-media--sm vce-hero-section-media--md vce-hero-section-media--lg\"><div class=\"vce vce-hero-section vce-hero-section--alignment-start\" id=\"el-29fd6b31\" data-vce-do-apply=\"margin background border  el-29fd6b31\"><div class=\"vce-hero-section--wrap-row vce-hero-section--background-position-center-top\" style=\"background-image: url('https:\/\/www.related.dk\/macao-tradekit\/wp-content\/uploads\/2018\/11\/Banner_MTB_Jacob_Photo-0320.jpg');\"><div class=\"vce-hero-section--wrap\"><div class=\"vce-hero-section--content\" data-vce-do-apply=\"padding el-29fd6b31\"><div class=\"vce-hero-section--content-container\"><h1><strong>OMR\u00c5DER<\/strong><\/h1><p>Macao er delt op i fire omr\u00e5der, der tilsammen d\u00e6kker et areal p\u00e5 cirka 30,5 km2.<\/p><\/div><\/div><\/div><\/div><\/div><\/section><\/div><\/div><\/div><\/div><\/div><div class=\"vce-row-container\"><div class=\"vce-row vce-row--col-gap-30 vce-row-columns--top vce-row-content--top\" id=\"el-e6e7ddb1\" data-vce-do-apply=\"all el-e6e7ddb1\"><div class=\"vce-row-content\" data-vce-element-content=\"true\"><div class=\"vce-col vce-col--md-auto vce-col--xs-1 vce-col--xs-last vce-col--xs-first vce-col--sm-last vce-col--sm-first vce-col--md-last vce-col--lg-last vce-col--xl-last vce-col--md-first vce-col--lg-first vce-col--xl-first\" id=\"el-a54b98dd\" data-vce-do-apply=\"background border el-a54b98dd\"><div class=\"vce-col-inner\" data-vce-element-content=\"true\" data-vce-do-apply=\"padding margin  el-a54b98dd\"><div class=\"vce-text-block\"><div class=\"vce-text-block-wrapper vce\" id=\"el-e579124f\" data-vce-do-apply=\"all el-e579124f\"><h3>Macao-halv\u00f8en<\/h3><p>Macao-halv\u00f8en er Macaos hjerte og huser bl.a. byens historiske centrum, der i 2005 blev optaget p\u00e5 UNESCOS verdensarvsliste. Her finder man i alt 8 torve og 22 historiske bygninger \u2013 inklusiv adskillige kirker, et bibliotek, f\u00e6stningsanl\u00e6g, en kirkeg\u00e5rd, et teater, et universitet og meget mere.<\/p><h3>Taipa<\/h3><p>Taipa er en skattekiste af butikker, traditionelle cafeer, souvenirshops og meget mere. Omr\u00e5det er is\u00e6r kendt for sin portugisiske vibe med pastelfarvede huse og rolige gader \u2013 og omr\u00e5det gemmer ogs\u00e5 p\u00e5 et stort udvalg af l\u00e6kre portugisiske restauranter.<\/p><h3>Coloane<\/h3><p>I Coloanes smalle gader kan man opleve en bid af det gamle Macao, og omr\u00e5det er kendetegnet ved gr\u00f8nne omgivelser, traditionelle landsbyer samt strande og bugter. To af omr\u00e5dets mest velbes\u00f8gte steder er St. Francis Xavier-kapellet og Taoist Temple, der blev dedikeret til s\u00f8fareren God Tam Kang. P\u00e5 torvet foran kapellet finder man flere anbefalelsesv\u00e6rdige restauranter, der serverer b\u00e5de portugisisk og kinesisk mad. G\u00e5r man langs floden hen til Tam Kong Temple, kan man opleve de lokales livsstil og huse bygget p\u00e5 p\u00e6le i vandet.<\/p><h3>Cotai<\/h3><p>Cotai ligger mellem Taipa og Coloane. Her finder man de store internationale resort- og hotelbrands som fx The Venetian, Four Seasons, Banyan Tree, JW Marriot, The Ritz-Carlton, Wynn og MGM. <\/p><\/div><\/div><\/div><\/div><\/div><\/div><\/div><div class=\"vce-row-container\"><div class=\"vce-row vce-row--col-gap-30 vce-row-columns--top vce-row-content--top\" id=\"el-ad91acdc\" data-vce-do-apply=\"all el-ad91acdc\"><div class=\"vce-row-content\" data-vce-element-content=\"true\"><div class=\"vce-col vce-col--md-auto vce-col--xs-1 vce-col--xs-last vce-col--xs-first vce-col--sm-last vce-col--sm-first vce-col--md-last vce-col--lg-last vce-col--xl-last vce-col--md-first vce-col--lg-first vce-col--xl-first\" id=\"el-71b199c5\" data-vce-do-apply=\"background border el-71b199c5\"><div class=\"vce-col-inner\" data-vce-element-content=\"true\" data-vce-do-apply=\"padding margin  el-71b199c5\"><div class=\"vce-google-maps vce-google-maps--align-left\"><div class=\"vce-google-maps-wrapper vce vce-google-maps--width-custom vce-google-maps-proportional\" id=\"el-d6e37478\" data-vce-do-apply=\"all el-d6e37478\" style=\"width: 1600px; height: auto;\"><div class=\"vce-google-maps-inner\" style=\"padding-bottom: 75%;\"><iframe loading=\"lazy\" src=\"https:\/\/www.google.com\/maps\/embed?pb=!1m14!1m12!1m3!1d29565.080537295016!2d113.54955291591959!3d22.139885524535728!2m3!1f0!2f0!3f0!3m2!1i1024!2i768!4f13.1!5e0!3m2!1sda!2sdk!4v1542707781599\" width=\"600\" height=\"450\" frameborder=\"0\" style=\"border: 0px; pointer-events: none;\" allowfullscreen=\"\"><\/iframe><\/div><\/div><\/div><\/div><\/div><\/div><\/div><\/div>\n","protected":false},"excerpt":{"rendered":"<p>OMR\u00c5DERMacao er delt op i fire omr\u00e5der, der tilsammen d\u00e6kker et areal p\u00e5 cirka 30,5 km2.Macao-halv\u00f8enMacao-halv\u00f8en er Macaos hjerte og huser bl.a. byens historiske centrum, der i 2005 blev optaget p\u00e5 UNESCOS verdensarvsliste. Her finder man i alt 8 torve og 22 historiske bygninger \u2013 inklusiv adskillige kirker, et bibliotek, f\u00e6stningsanl\u00e6g, en kirkeg\u00e5rd, et teater, &hellip; <\/p>\n<p class=\"link-more\"><a href=\"https:\/\/www.related.dk\/macao-tradekit\/om-macao\/omraader\/\" class=\"more-link\">L\u00e6s videre<span class=\"screen-reader-text\"> &#8220;&#8221;<\/span><\/a><\/p>\n","protected":false},"author":2,"featured_media":0,"parent":253,"menu_order":0,"comment_status":"closed","ping_status":"closed","template":"","meta":[],"_links":{"self":[{"href":"https:\/\/www.related.dk\/macao-tradekit\/wp-json\/wp\/v2\/pages\/117"}],"collection":[{"href":"https:\/\/www.related.dk\/macao-tradekit\/wp-json\/wp\/v2\/pages"}],"about":[{"href":"https:\/\/www.related.dk\/macao-tradekit\/wp-json\/wp\/v2\/types\/page"}],"author":[{"embeddable":true,"href":"https:\/\/www.related.dk\/macao-tradekit\/wp-json\/wp\/v2\/users\/2"}],"replies":[{"embeddable":true,"href":"https:\/\/www.related.dk\/macao-tradekit\/wp-json\/wp\/v2\/comments?post=117"}],"version-history":[{"count":6,"href":"https:\/\/www.related.dk\/macao-tradekit\/wp-json\/wp\/v2\/pages\/117\/revisions"}],"predecessor-version":[{"id":488,"href":"https:\/\/www.related.dk\/macao-tradekit\/wp-json\/wp\/v2\/pages\/117\/revisions\/488"}],"up":[{"embeddable":true,"href":"https:\/\/www.related.dk\/macao-tradekit\/wp-json\/wp\/v2\/pages\/253"}],"wp:attachment":[{"href":"https:\/\/www.related.dk\/macao-tradekit\/wp-json\/wp\/v2\/media?parent=117"}],"curies":[{"name":"wp","href":"https:\/\/api.w.org\/{rel}","templated":true}]}}