{"id":1107,"date":"2018-11-23T10:01:52","date_gmt":"2018-11-23T10:01:52","guid":{"rendered":"http:\/\/www.related.dk\/macao-tradekit\/upplevelser-2\/macao-foer-gourmander\/"},"modified":"2018-11-23T13:44:42","modified_gmt":"2018-11-23T13:44:42","slug":"macao-foer-gourmander","status":"publish","type":"page","link":"https:\/\/www.related.dk\/macao-tradekit\/upplevelser-2\/macao-foer-gourmander\/?lang=sv","title":{"rendered":"Macao f\u00f6r gourmander"},"content":{"rendered":"<div class=\"vce-row-container\"><div class=\"vce-row vce-row--col-gap-30 vce-row-columns--top vce-row-content--top\" id=\"el-792d8b01\" data-vce-do-apply=\"all el-792d8b01\"><div class=\"vce-row-content\" data-vce-element-content=\"true\"><div class=\"vce-col vce-col--md-100p vce-col--xs-1 vce-col--xs-last vce-col--xs-first vce-col--sm-last vce-col--sm-first vce-col--md-last vce-col--lg-last vce-col--xl-last vce-col--md-first vce-col--lg-first vce-col--xl-first\" id=\"el-d15bfadd\" data-vce-do-apply=\"background border el-d15bfadd\"><div class=\"vce-col-inner\" data-vce-element-content=\"true\" data-vce-do-apply=\"padding margin  el-d15bfadd\"><section class=\"vce-hero-section-container vce-hero-section-media--xs vce-hero-section-media--sm vce-hero-section-media--md vce-hero-section-media--lg\"><div class=\"vce vce-hero-section vce-hero-section--alignment-start\" id=\"el-cad45d12\" data-vce-do-apply=\"margin background border  el-cad45d12\"><div class=\"vce-hero-section--wrap-row vce-hero-section--background-position-center-center\" style=\"background-image: url('https:\/\/www.related.dk\/macao-tradekit\/wp-content\/uploads\/2018\/11\/mad_forside2.jpg');\"><div class=\"vce-hero-section--wrap\"><div class=\"vce-hero-section--content\" data-vce-do-apply=\"padding el-cad45d12\"><div class=\"vce-hero-section--content-container\"><h1><strong>MACAO F\u00d6R GOURMANDER<\/strong><\/h1><p>Macao har inte mindre \u00e4n 19 Michelin-restauranger och 12 Michelin-rekommenderade gatuk\u00f6k.<\/p><\/div><\/div><\/div><\/div><\/div><\/section><\/div><\/div><\/div><\/div><\/div><div class=\"vce-row-container\"><div class=\"vce-row vce-row--col-gap-30 vce-row-columns--top vce-row-content--top\" id=\"el-deed8f2d\" data-vce-do-apply=\"all el-deed8f2d\"><div class=\"vce-row-content\" data-vce-element-content=\"true\"><div class=\"vce-col vce-col--md-auto vce-col--xs-1 vce-col--xs-last vce-col--xs-first vce-col--sm-last vce-col--sm-first vce-col--md-last vce-col--lg-last vce-col--xl-last vce-col--md-first vce-col--lg-first vce-col--xl-first\" id=\"el-c2dda1ce\" data-vce-do-apply=\"background border el-c2dda1ce\"><div class=\"vce-col-inner\" data-vce-element-content=\"true\" data-vce-do-apply=\"padding margin  el-c2dda1ce\"><div class=\"vce-text-block\"><div class=\"vce-text-block-wrapper vce\" id=\"el-1cba09a5\" data-vce-do-apply=\"all el-1cba09a5\"><p>Macao \u00e4r ett mecka f\u00f6r matintresserade och bjuder p\u00e5 smakupplevelser fr\u00e5n hela v\u00e4rlden. I slutet av 2017 uts\u00e5gs Macau till UNESCO v\u00e4rldsarv mot bakgrund av stadens gastronomiska historia och tillf\u00f6rdes som medlem i \u201dCreative Cities Network\u201d (UCCN).<\/p><h4>Unik historia<\/h4><p>Macaus unika historia har satt en tydlig pr\u00e4gel p\u00e5 matkulturen i den asiatiska underh\u00e5llningsmetropolen: Under 1500- och 1600-talet etablerade portugiserna, som levde i Macau p\u00e5 d\u00e5varande tidpunkt, en sj\u00f6v\u00e4g mellan Europa och Macau, vilket gav ett uppsving f\u00f6r handeln med afrikanska och indiska k\u00f6pm\u00e4n. Dessa introducerade exotiska kryddor och nya matkulturer i Macau. Samtidigt gifte sig m\u00e5nga portugiser med den kinesiska lokalbefolkningen och p\u00e5 s\u00e5 s\u00e4tt blandades s\u00e5 v\u00e4l exotiska ingredienser som curry, kokosmj\u00f6lk, nejlikor och kanel med kinesiska tillagningsmetoder, samtidigt som den traditionella portugisiska matkulturen gjorde sitt int\u00e5g i de macauiska hemmen. Afrikansk kyckling och macauiska chili-r\u00e4kor \u00e4r \u00e4n idag n\u00e5gra av de mest popul\u00e4ra macauiska matr\u00e4tterna.<\/p><h4><strong>Michelin-mat<\/strong><\/h4><p>Macaus Michelin-restauranger sp\u00e4nner fr\u00e5n den tre-stj\u00e4rniga The Eight, som kombinerar kantonesiska- och huiyang-kokkonster, till en-stj\u00e4rniga topprestauranger som Shinji by Kanesaka, som serverar fantastisk sushi, och The Kitchen, som har specialiserat sig p\u00e5 flamberat k\u00f6tt.<\/p><p><a href=\"https:\/\/guide.michelin.com\/hk\/en\/hong-kong-macau\/dining-out\/11-michelin-listed-portuguese-restaurants-in-macau\/news\" target=\"_blank\" rel=\"noopener\">H\u00e4r hittar du en lista p\u00e5 11 Michelin-restauranger som serverar portugisisk mat.<\/a><\/p><h4><strong>Street food<\/strong><\/h4><p>Bland n\u00e5gra av de fr\u00e4msta street food-haken kan n\u00e4mnas Lei Ka Choi, som serverar traditionella kantonesiska matr\u00e4tter i lersk\u00e5lar och Ving Kei, som har specialiserat sig p\u00e5 matr\u00e4tter med tofu: inklusive tofu-\u00f6l och tofu-desserter.<\/p><p><a href=\"https:\/\/theculturetrip.com\/asia\/china\/articles\/the-best-street-food-stalls-in-macau\/\" target=\"_blank\" rel=\"noopener\">H\u00e4r hittar du en guide till street food i Macau.<\/a><\/p><h4>Internationella restauranger<\/h4><p>I omr\u00e5det Cotai, d\u00e4r m\u00e5nga av de st\u00f6rre resorten \u00e4r bel\u00e4gna, finns ett stort urval av internationella restauranger i alla storlekar och prisklasser.<\/p><h4><strong>Bagerier<\/strong><\/h4><p>Macau \u00e4r \u00e4ven k\u00e4nt f\u00f6r sina m\u00e5nga bagerier med specialiteter som mandelkakor, v\u00e5rrullar, jordn\u00f6t- och sesamgodis samt de traditionella portugisiska bakverken Past\u00e9is de Nata, sm\u00f6rdegsbakelser fyllda med \u00e4ggkr\u00e4m.<\/p><p>Ett av de mest ikoniska bagerierna \u00e4r Lord Stow\u2019s Bakery som \u00f6ppnade i omr\u00e5det Coloane \u00e5r 1989 av engelsmannen Andrew Stow och som idag ut\u00f6kats till flera butiker runt om i Macau.<\/p><h4><strong>Broadway Food Street<\/strong><\/h4><p>Broadway Food Street \u00e4r stadens f\u00f6rsta street food-marknad under tak och har allt fr\u00e5n lokala restauranger till popul\u00e4ra asiatiska restaurangkedjor och Michelin-restauranger.<\/p><h4>Lokal marknad<\/h4><p>Red Market \u00e4r en av de mest bes\u00f6kta marknaderna i Macau. Hit g\u00e5r lokalinv\u00e5narna f\u00f6r att handla allt fr\u00e5n k\u00f6tt, fisk och gr\u00f6nsaker till andra matvaror och hush\u00e5llsartiklar. P\u00e5 gatorna runt den stora marknaden, finns ytterligare marknadsst\u00e5nd med f\u00f6rs\u00e4ljare som s\u00e4ljer bland annat kl\u00e4der och v\u00e4skor.<\/p><h4>Traditionsrik gata<\/h4><p>P\u00e5 gatan \u201d5 de Outubro Street\u201d hittar man allt fr\u00e5n kinesiska \u00f6rter och handgjorda nudlar till lokala delikatesser och kaffebarer.<\/p><h4><strong>Food Festival<\/strong><\/h4><p>I november varje \u00e5r arrangerar Macao en tv\u00e5 veckor l\u00e5ng matfestival som en hyllning till sitt kulinariska arv. 2018 arrangerades Macao <a href=\"http:\/\/en.macaotourism.gov.mo\/events\/majorevent_detail.php?id=6\" target=\"_blank\" rel=\"noopener\">Food Festival<\/a> 18:e g\u00e5ngen.<\/p><\/div><\/div><\/div><\/div><\/div><\/div><\/div><div class=\"vce-row-container\"><div class=\"vce-row vce-row--col-gap-30 vce-row-columns--top vce-row-content--top\" id=\"el-8a37fc38\" data-vce-do-apply=\"all el-8a37fc38\"><div class=\"vce-row-content\" data-vce-element-content=\"true\"><div class=\"vce-col vce-col--md-50p vce-col--xs-1 vce-col--xs-last vce-col--xs-first vce-col--sm-last vce-col--sm-first vce-col--md-first vce-col--lg-first vce-col--xl-first\" id=\"el-7bedfa9e\" data-vce-do-apply=\"background border el-7bedfa9e\"><div class=\"vce-col-inner\" data-vce-element-content=\"true\" data-vce-do-apply=\"padding margin  el-7bedfa9e\"><div class=\"vce-single-image-container vce-single-image--align-left\"><div class=\"vce vce-single-image-wrapper\" id=\"el-d1cd7d41\" data-vce-do-apply=\"all el-d1cd7d41\"><figure><div class=\"vce-single-image-inner\"><img class=\"vce-single-image\" data-width=\"600\" data-height=\"400\"src=\"https:\/\/www.related.dk\/macao-tradekit\/wp-content\/uploads\/2018\/11\/madbod-600x400.jpg\" data-img-src=\"https:\/\/www.related.dk\/macao-tradekit\/wp-content\/uploads\/2018\/11\/madbod.jpg\" alt=\"\" title=\"madbod\"\/><\/div><\/figure><\/div><\/div><\/div><\/div><div class=\"vce-col vce-col--md-50p vce-col--xs-1 vce-col--xs-last vce-col--xs-first vce-col--sm-last vce-col--sm-first vce-col--md-last vce-col--lg-last vce-col--xl-last\" id=\"el-b11d7492\" data-vce-do-apply=\"background border el-b11d7492\"><div class=\"vce-col-inner\" data-vce-element-content=\"true\" data-vce-do-apply=\"padding margin  el-b11d7492\"><div class=\"vce-single-image-container vce-single-image--align-left\"><div class=\"vce vce-single-image-wrapper\" id=\"el-0a7b4682\" data-vce-do-apply=\"all el-0a7b4682\"><figure><div class=\"vce-single-image-inner\"><img class=\"vce-single-image\" data-width=\"1024\" data-height=\"682\"src=\"https:\/\/www.related.dk\/macao-tradekit\/wp-content\/uploads\/2018\/11\/Macau-79-1024x682.jpg\" data-img-src=\"https:\/\/www.related.dk\/macao-tradekit\/wp-content\/uploads\/2018\/11\/Macau-79.jpg\" alt=\"\" title=\"Macau-79\"\/><\/div><\/figure><\/div><\/div><\/div><\/div><\/div><\/div><\/div>\n","protected":false},"excerpt":{"rendered":"<p>MACAO F\u00d6R GOURMANDERMacao har inte mindre \u00e4n 19 Michelin-restauranger och 12 Michelin-rekommenderade gatuk\u00f6k.Macao \u00e4r ett mecka f\u00f6r matintresserade och bjuder p\u00e5 smakupplevelser fr\u00e5n hela v\u00e4rlden. I slutet av 2017 uts\u00e5gs Macau till UNESCO v\u00e4rldsarv mot bakgrund av stadens gastronomiska historia och tillf\u00f6rdes som medlem i \u201dCreative Cities Network\u201d (UCCN).Unik historiaMacaus unika historia har satt en &hellip; <\/p>\n<p class=\"link-more\"><a href=\"https:\/\/www.related.dk\/macao-tradekit\/upplevelser-2\/macao-foer-gourmander\/?lang=sv\" class=\"more-link\">L\u00e6s videre<span class=\"screen-reader-text\"> &#8220;Macao f\u00f6r gourmander&#8221;<\/span><\/a><\/p>\n","protected":false},"author":2,"featured_media":0,"parent":852,"menu_order":0,"comment_status":"closed","ping_status":"closed","template":"","meta":[],"_links":{"self":[{"href":"https:\/\/www.related.dk\/macao-tradekit\/wp-json\/wp\/v2\/pages\/1107"}],"collection":[{"href":"https:\/\/www.related.dk\/macao-tradekit\/wp-json\/wp\/v2\/pages"}],"about":[{"href":"https:\/\/www.related.dk\/macao-tradekit\/wp-json\/wp\/v2\/types\/page"}],"author":[{"embeddable":true,"href":"https:\/\/www.related.dk\/macao-tradekit\/wp-json\/wp\/v2\/users\/2"}],"replies":[{"embeddable":true,"href":"https:\/\/www.related.dk\/macao-tradekit\/wp-json\/wp\/v2\/comments?post=1107"}],"version-history":[{"count":11,"href":"https:\/\/www.related.dk\/macao-tradekit\/wp-json\/wp\/v2\/pages\/1107\/revisions"}],"predecessor-version":[{"id":1394,"href":"https:\/\/www.related.dk\/macao-tradekit\/wp-json\/wp\/v2\/pages\/1107\/revisions\/1394"}],"up":[{"embeddable":true,"href":"https:\/\/www.related.dk\/macao-tradekit\/wp-json\/wp\/v2\/pages\/852"}],"wp:attachment":[{"href":"https:\/\/www.related.dk\/macao-tradekit\/wp-json\/wp\/v2\/media?parent=1107"}],"curies":[{"name":"wp","href":"https:\/\/api.w.org\/{rel}","templated":true}]}}