{"id":1095,"date":"2018-11-23T09:33:13","date_gmt":"2018-11-23T09:33:13","guid":{"rendered":"http:\/\/www.related.dk\/macao-tradekit\/kontakt\/"},"modified":"2018-11-24T12:54:48","modified_gmt":"2018-11-24T12:54:48","slug":"kontakt","status":"publish","type":"page","link":"https:\/\/www.related.dk\/macao-tradekit\/kontakt\/?lang=sv","title":{"rendered":""},"content":{"rendered":"<div class=\"vce-row-container\"><div class=\"vce-row vce-row--col-gap-30 vce-row-columns--top vce-row-content--top\" id=\"el-f99b1623\" data-vce-do-apply=\"all el-f99b1623\"><div class=\"vce-row-content\" data-vce-element-content=\"true\"><div class=\"vce-col vce-col--md-100p vce-col--xs-1 vce-col--xs-last vce-col--xs-first vce-col--sm-last vce-col--sm-first vce-col--md-last vce-col--lg-last vce-col--xl-last vce-col--md-first vce-col--lg-first vce-col--xl-first\" id=\"el-e825d188\" data-vce-do-apply=\"background border el-e825d188\"><div class=\"vce-col-inner\" data-vce-element-content=\"true\" data-vce-do-apply=\"padding margin  el-e825d188\"><section class=\"vce-hero-section-container vce-hero-section-media--xs vce-hero-section-media--sm vce-hero-section-media--md vce-hero-section-media--lg\"><div class=\"vce vce-hero-section vce-hero-section--alignment-start\" id=\"el-70bbbf4d\" data-vce-do-apply=\"margin background border  el-70bbbf4d\"><div class=\"vce-hero-section--wrap-row vce-hero-section--background-position-center-center\" style=\"background-image: url('https:\/\/www.related.dk\/macao-tradekit\/wp-content\/uploads\/2018\/11\/Banner_12616_1_kontakt2.jpg');\"><div class=\"vce-hero-section--wrap\"><div class=\"vce-hero-section--content\" data-vce-do-apply=\"padding el-70bbbf4d\"><div class=\"vce-hero-section--content-container\"><h1><strong>KONTAKT<\/strong><\/h1><\/div><\/div><\/div><\/div><\/div><\/section><\/div><\/div><\/div><\/div><\/div><div class=\"vce-row-container\"><div class=\"vce-row vce-row--col-gap-30 vce-row-columns--top vce-row-content--top\" id=\"el-815721de\" data-vce-do-apply=\"all el-815721de\"><div class=\"vce-row-content\" data-vce-element-content=\"true\"><div class=\"vce-col vce-col--md-100p vce-col--xs-1 vce-col--xs-last vce-col--xs-first vce-col--sm-last vce-col--sm-first vce-col--md-last vce-col--lg-last vce-col--xl-last vce-col--md-first vce-col--lg-first vce-col--xl-first\" id=\"el-fc5e4302\" data-vce-do-apply=\"background border el-fc5e4302\"><div class=\"vce-col-inner\" data-vce-element-content=\"true\" data-vce-do-apply=\"padding margin  el-fc5e4302\"><div class=\"vce-row-container\"><div class=\"vce-row vce-row--col-gap-30 vce-row-columns--top vce-row-content--top\" id=\"el-9adb1edf\" data-vce-do-apply=\"all el-9adb1edf\"><div class=\"vce-row-content\" data-vce-element-content=\"true\"><div class=\"vce-col vce-col--md-66-66p vce-col--xs-1 vce-col--xs-last vce-col--xs-first vce-col--sm-last vce-col--sm-first vce-col--md-first vce-col--lg-first vce-col--xl-first\" id=\"el-47e35f4e\" data-vce-do-apply=\"background border el-47e35f4e\"><div class=\"vce-col-inner\" data-vce-element-content=\"true\" data-vce-do-apply=\"padding margin  el-47e35f4e\"><div class=\"vce-text-block\"><div class=\"vce-text-block-wrapper vce\" id=\"el-7ec2b2e0\" data-vce-do-apply=\"all el-7ec2b2e0\"><h4>Har du id\u00e9er till samarbete, f\u00f6rslag till kampanjer eller behov av ytterligare information, v\u00e4nligen kontakta:<\/h4><p>Henrik Koch, Trade-ansvarig f\u00f6r Macao i Norden<br>E-post: <a href=\"mailto:hek@related.dk\">hek@related.dk<\/a><br>Tel: +45 2231 5930<\/p><h4>F\u00f6r fr\u00e5gor om PR- eller influencer-samarbeten, v\u00e4nligen kontakta:<\/h4><p>Christina Holm Hansen, PR-ansvarig for Macao i Norden<br>E-post: <a href=\"mailto:chh@related.dk\">chh@related.dk<\/a><br>Tel: +45 4014 3615<\/p><h4>Macaos Turistkontor<\/h4><p>Fysisk adress: <br>Alameda Dr. Carlos d'Assump\u00e7\u00e3o, n.os 335-341,<br>Edif\u00edcio \"Hot Line\", <br>12\u00ba andar, <br>Macau<\/p><p><a href=\"http:\/\/en.macaotourism.gov.mo\/index.php\" target=\"_blank\" rel=\"noopener\">macaotourism.gov.mo<\/a><\/p><\/div><\/div><\/div><\/div><div class=\"vce-col vce-col--md-33-34p vce-col--xs-1 vce-col--xs-last vce-col--xs-first vce-col--sm-last vce-col--sm-first vce-col--md-last vce-col--lg-last vce-col--xl-last\" id=\"el-ff506e4b\" data-vce-do-apply=\"background border el-ff506e4b\"><div class=\"vce-col-inner\" data-vce-element-content=\"true\" data-vce-do-apply=\"padding margin  el-ff506e4b\"><div class=\"vce-single-image-container vce-single-image--align-left\"><div class=\"vce vce-single-image-wrapper\" id=\"el-2fced459\" data-vce-do-apply=\"all el-2fced459\"><figure><div class=\"vce-single-image-inner\"><img class=\"vce-single-image\" data-width=\"1024\" data-height=\"682\"src=\"https:\/\/www.related.dk\/macao-tradekit\/wp-content\/uploads\/2018\/11\/MTB_Jacob_Photo-0024-1024x682.jpg\" data-img-src=\"https:\/\/www.related.dk\/macao-tradekit\/wp-content\/uploads\/2018\/11\/MTB_Jacob_Photo-0024.jpg\" alt=\"\" title=\"MTB_Jacob_Photo-0024\"\/><\/div><\/figure><\/div><\/div><div class=\"vce-single-image-container vce-single-image--align-left\"><div class=\"vce vce-single-image-wrapper\" id=\"el-e4ba0ec2\" data-vce-do-apply=\"all el-e4ba0ec2\"><figure><div class=\"vce-single-image-inner\"><img class=\"vce-single-image\" data-width=\"1024\" data-height=\"682\"src=\"https:\/\/www.related.dk\/macao-tradekit\/wp-content\/uploads\/2018\/11\/Macau-79-1024x682.jpg\" data-img-src=\"https:\/\/www.related.dk\/macao-tradekit\/wp-content\/uploads\/2018\/11\/Macau-79.jpg\" alt=\"\" title=\"Macau-79\"\/><\/div><\/figure><\/div><\/div><\/div><\/div><\/div><\/div><\/div><\/div><\/div><\/div><\/div><\/div>\n","protected":false},"excerpt":{"rendered":"<p>KONTAKTHar du id\u00e9er till samarbete, f\u00f6rslag till kampanjer eller behov av ytterligare information, v\u00e4nligen kontakta:Henrik Koch, Trade-ansvarig f\u00f6r Macao i NordenE-post: hek@related.dkTel: +45 2231 5930F\u00f6r fr\u00e5gor om PR- eller influencer-samarbeten, v\u00e4nligen kontakta:Christina Holm Hansen, PR-ansvarig for Macao i NordenE-post: chh@related.dkTel: +45 4014 3615Macaos TuristkontorFysisk adress: Alameda Dr. Carlos d&#8217;Assump\u00e7\u00e3o, n.os 335-341,Edif\u00edcio &#8220;Hot Line&#8221;, 12\u00ba andar, &hellip; <\/p>\n<p class=\"link-more\"><a href=\"https:\/\/www.related.dk\/macao-tradekit\/kontakt\/?lang=sv\" class=\"more-link\">L\u00e6s videre<span class=\"screen-reader-text\"> &#8220;&#8221;<\/span><\/a><\/p>\n","protected":false},"author":2,"featured_media":0,"parent":0,"menu_order":0,"comment_status":"closed","ping_status":"closed","template":"","meta":[],"_links":{"self":[{"href":"https:\/\/www.related.dk\/macao-tradekit\/wp-json\/wp\/v2\/pages\/1095"}],"collection":[{"href":"https:\/\/www.related.dk\/macao-tradekit\/wp-json\/wp\/v2\/pages"}],"about":[{"href":"https:\/\/www.related.dk\/macao-tradekit\/wp-json\/wp\/v2\/types\/page"}],"author":[{"embeddable":true,"href":"https:\/\/www.related.dk\/macao-tradekit\/wp-json\/wp\/v2\/users\/2"}],"replies":[{"embeddable":true,"href":"https:\/\/www.related.dk\/macao-tradekit\/wp-json\/wp\/v2\/comments?post=1095"}],"version-history":[{"count":8,"href":"https:\/\/www.related.dk\/macao-tradekit\/wp-json\/wp\/v2\/pages\/1095\/revisions"}],"predecessor-version":[{"id":1288,"href":"https:\/\/www.related.dk\/macao-tradekit\/wp-json\/wp\/v2\/pages\/1095\/revisions\/1288"}],"wp:attachment":[{"href":"https:\/\/www.related.dk\/macao-tradekit\/wp-json\/wp\/v2\/media?parent=1095"}],"curies":[{"name":"wp","href":"https:\/\/api.w.org\/{rel}","templated":true}]}}