{"id":1082,"date":"2018-11-23T09:15:29","date_gmt":"2018-11-23T09:15:29","guid":{"rendered":"http:\/\/www.related.dk\/macao-tradekit\/yoepyminen\/vain-macaosta-loeytyvaet-hotellit\/"},"modified":"2018-11-23T14:08:04","modified_gmt":"2018-11-23T14:08:04","slug":"vain-macaosta-loeytyvaet-hotellit","status":"publish","type":"page","link":"https:\/\/www.related.dk\/macao-tradekit\/yoepyminen\/vain-macaosta-loeytyvaet-hotellit\/?lang=fi","title":{"rendered":""},"content":{"rendered":"<div class=\"vce-row-container\"><div class=\"vce-row vce-row--col-gap-30 vce-row-columns--top vce-row-content--top\" id=\"el-54201379\" data-vce-do-apply=\"all el-54201379\"><div class=\"vce-row-content\" data-vce-element-content=\"true\"><div class=\"vce-col vce-col--md-100p vce-col--xs-1 vce-col--xs-last vce-col--xs-first vce-col--sm-last vce-col--sm-first vce-col--md-last vce-col--lg-last vce-col--xl-last vce-col--md-first vce-col--lg-first vce-col--xl-first\" id=\"el-a6c2b2e5\" data-vce-do-apply=\"background border el-a6c2b2e5\"><div class=\"vce-col-inner\" data-vce-do-apply=\"padding margin  el-a6c2b2e5\" data-vce-element-content=\"true\"><section class=\"vce-hero-section-container vce-hero-section-media--xs vce-hero-section-media--sm vce-hero-section-media--md vce-hero-section-media--lg\"><div class=\"vce vce-hero-section vce-hero-section--alignment-start\" id=\"el-f55a5d49\" data-vce-do-apply=\"margin background border  el-f55a5d49\"><div class=\"vce-hero-section--wrap-row vce-hero-section--background-position-center-center\" style='background-image: url(\"https:\/\/www.related.dk\/macao-tradekit\/wp-content\/uploads\/2018\/11\/Banner_Grand-Lisboa-og-MGM.jpg\");'><div class=\"vce-hero-section--wrap\"><div class=\"vce-hero-section--content\" data-vce-do-apply=\"padding el-f55a5d49\"><div class=\"vce-hero-section--content-container\"><h1><strong>VAIN MACAOSTA L\u00d6YTYV\u00c4T HOTELLIT<\/strong><\/h1><p>Kansainv\u00e4listen br\u00e4ndien tarjonnan lis\u00e4ksi Macaosta l\u00f6ytyy t\u00e4ysin uniikkeja luksushotelleja.<\/p><\/div><\/div><\/div><\/div><\/div><\/section><\/div><\/div><\/div><\/div><\/div><div class=\"vce-row-container\"><div class=\"vce-row vce-row--col-gap-30 vce-row-columns--top vce-row-content--top\" id=\"el-918b62f8\" data-vce-do-apply=\"all el-918b62f8\"><div class=\"vce-row-content\" data-vce-element-content=\"true\"><div class=\"vce-col vce-col--md-auto vce-col--xs-1 vce-col--xs-last vce-col--xs-first vce-col--sm-last vce-col--sm-first vce-col--md-last vce-col--lg-last vce-col--xl-last vce-col--md-first vce-col--lg-first vce-col--xl-first\" id=\"el-1a2c537b\" data-vce-do-apply=\"background border el-1a2c537b\"><div class=\"vce-col-inner\" data-vce-do-apply=\"padding margin  el-1a2c537b\" data-vce-element-content=\"true\"><div class=\"vce-row-container\"><div class=\"vce-row vce-row--col-gap-30 vce-row-columns--top vce-row-content--top\" id=\"el-e84d217f\" data-vce-do-apply=\"all el-e84d217f\"><div class=\"vce-row-content\" data-vce-element-content=\"true\"><div class=\"vce-col vce-col--md-66-66p vce-col--xs-1 vce-col--xs-last vce-col--xs-first vce-col--sm-last vce-col--sm-first vce-col--md-first vce-col--lg-first vce-col--xl-first\" id=\"el-36bdd1d8\" data-vce-do-apply=\"background border el-36bdd1d8\"><div class=\"vce-col-inner\" data-vce-do-apply=\"padding margin  el-36bdd1d8\" data-vce-element-content=\"true\"><div class=\"vce-text-block\"><div class=\"vce-text-block-wrapper vce\" id=\"el-f5ce66e0\" data-vce-do-apply=\"all el-f5ce66e0\"><h2>5 t\u00e4hden hotellit<\/h2><h4>Macaon niemimaa<\/h4><ul><li><a href=\"https:\/\/www.grandlisboahotels.com\/en\/grandlisboa\" target=\"_blank\" rel=\"noopener\">GRAND LISBOA<\/a><\/li><li><a href=\"http:\/\/www.larcmacau.com\/index.php\/en\/\" target=\"_blank\" rel=\"noopener\">L'ARC HOTEL MACAU<\/a><\/li><li><a href=\"https:\/\/www.grandlapa.com\/\" target=\"_blank\" rel=\"noopener\">GRAND LAPA<\/a><\/li><\/ul><h4>Coloane<\/h4><ul><li><a href=\"https:\/\/www.grandcoloane.com\/\" target=\"_blank\" rel=\"noopener\">GRAND COLOANE RESORT<\/a><\/li><\/ul><\/div><\/div><\/div><\/div><div class=\"vce-col vce-col--md-33-34p vce-col--xs-1 vce-col--xs-last vce-col--xs-first vce-col--sm-last vce-col--sm-first vce-col--md-last vce-col--lg-last vce-col--xl-last\" id=\"el-971b8989\" data-vce-do-apply=\"background border el-971b8989\"><div class=\"vce-col-inner\" data-vce-do-apply=\"padding margin  el-971b8989\" data-vce-element-content=\"true\"><div class=\"vce-single-image-container vce-single-image--align-left\"><div class=\"vce vce-single-image-wrapper\" id=\"el-3e9cb4b7\" data-vce-do-apply=\"all el-3e9cb4b7\"><figure><div class=\"vce-single-image-inner\"><img class=\"vce-single-image\" data-width=\"600\" data-height=\"400\"src=\"https:\/\/www.related.dk\/macao-tradekit\/wp-content\/uploads\/2018\/11\/eiffel_hori-600x400.jpg\" data-img-src=\"https:\/\/www.related.dk\/macao-tradekit\/wp-content\/uploads\/2018\/11\/eiffel_hori.jpg\" alt=\"\" title=\"eiffel_hori\"\/><\/div><\/figure><\/div><\/div><\/div><\/div><\/div><\/div><\/div><\/div><\/div><\/div><\/div><\/div>\n","protected":false},"excerpt":{"rendered":"<p>VAIN MACAOSTA L\u00d6YTYV\u00c4T HOTELLITKansainv\u00e4listen br\u00e4ndien tarjonnan lis\u00e4ksi Macaosta l\u00f6ytyy t\u00e4ysin uniikkeja luksushotelleja.5 t\u00e4hden hotellitMacaon niemimaaGRAND LISBOAL&#8217;ARC HOTEL MACAUGRAND LAPAColoaneGRAND COLOANE RESORT<\/p>\n","protected":false},"author":2,"featured_media":0,"parent":1013,"menu_order":0,"comment_status":"closed","ping_status":"closed","template":"","meta":[],"_links":{"self":[{"href":"https:\/\/www.related.dk\/macao-tradekit\/wp-json\/wp\/v2\/pages\/1082"}],"collection":[{"href":"https:\/\/www.related.dk\/macao-tradekit\/wp-json\/wp\/v2\/pages"}],"about":[{"href":"https:\/\/www.related.dk\/macao-tradekit\/wp-json\/wp\/v2\/types\/page"}],"author":[{"embeddable":true,"href":"https:\/\/www.related.dk\/macao-tradekit\/wp-json\/wp\/v2\/users\/2"}],"replies":[{"embeddable":true,"href":"https:\/\/www.related.dk\/macao-tradekit\/wp-json\/wp\/v2\/comments?post=1082"}],"version-history":[{"count":7,"href":"https:\/\/www.related.dk\/macao-tradekit\/wp-json\/wp\/v2\/pages\/1082\/revisions"}],"predecessor-version":[{"id":1421,"href":"https:\/\/www.related.dk\/macao-tradekit\/wp-json\/wp\/v2\/pages\/1082\/revisions\/1421"}],"up":[{"embeddable":true,"href":"https:\/\/www.related.dk\/macao-tradekit\/wp-json\/wp\/v2\/pages\/1013"}],"wp:attachment":[{"href":"https:\/\/www.related.dk\/macao-tradekit\/wp-json\/wp\/v2\/media?parent=1082"}],"curies":[{"name":"wp","href":"https:\/\/api.w.org\/{rel}","templated":true}]}}