{"id":1076,"date":"2018-11-23T09:07:15","date_gmt":"2018-11-23T09:07:15","guid":{"rendered":"http:\/\/www.related.dk\/macao-tradekit\/boende\/hotell-unika-foer-macao\/"},"modified":"2018-11-23T13:55:05","modified_gmt":"2018-11-23T13:55:05","slug":"hotell-unika-foer-macao","status":"publish","type":"page","link":"https:\/\/www.related.dk\/macao-tradekit\/boende\/hotell-unika-foer-macao\/?lang=sv","title":{"rendered":""},"content":{"rendered":"<div class=\"vce-row-container\"><div class=\"vce-row vce-row--col-gap-30 vce-row-columns--top vce-row-content--top\" id=\"el-c76ebfc1\" data-vce-do-apply=\"all el-c76ebfc1\"><div class=\"vce-row-content\" data-vce-element-content=\"true\"><div class=\"vce-col vce-col--md-100p vce-col--xs-1 vce-col--xs-last vce-col--xs-first vce-col--sm-last vce-col--sm-first vce-col--md-last vce-col--lg-last vce-col--xl-last vce-col--md-first vce-col--lg-first vce-col--xl-first\" id=\"el-9f5da42b\" data-vce-do-apply=\"background border el-9f5da42b\"><div class=\"vce-col-inner\" data-vce-element-content=\"true\" data-vce-do-apply=\"padding margin  el-9f5da42b\"><section class=\"vce-hero-section-container vce-hero-section-media--xs vce-hero-section-media--sm vce-hero-section-media--md vce-hero-section-media--lg\"><div class=\"vce vce-hero-section vce-hero-section--alignment-start\" id=\"el-5f16c1a8\" data-vce-do-apply=\"margin background border  el-5f16c1a8\"><div class=\"vce-hero-section--wrap-row vce-hero-section--background-position-center-center\" style=\"background-image: url('https:\/\/www.related.dk\/macao-tradekit\/wp-content\/uploads\/2018\/11\/Banner_Grand-Lisboa-og-MGM.jpg');\"><div class=\"vce-hero-section--wrap\"><div class=\"vce-hero-section--content\" data-vce-do-apply=\"padding el-5f16c1a8\"><div class=\"vce-hero-section--content-container\"><h1><strong>HOTELL UNIKA F\u00d6R MACAO<\/strong><\/h1><p>Ut\u00f6ver de internationella kedjorna finns \u00e4ven ett flertal ikoniska lyxhotell som \u00e4r unika f\u00f6r Macao.<\/p><\/div><\/div><\/div><\/div><\/div><\/section><\/div><\/div><\/div><\/div><\/div><div class=\"vce-row-container\"><div class=\"vce-row vce-row--col-gap-30 vce-row-columns--top vce-row-content--top\" id=\"el-c614adc4\" data-vce-do-apply=\"all el-c614adc4\"><div class=\"vce-row-content\" data-vce-element-content=\"true\"><div class=\"vce-col vce-col--md-auto vce-col--xs-1 vce-col--xs-last vce-col--xs-first vce-col--sm-last vce-col--sm-first vce-col--md-last vce-col--lg-last vce-col--xl-last vce-col--md-first vce-col--lg-first vce-col--xl-first\" id=\"el-7fe0201a\" data-vce-do-apply=\"background border el-7fe0201a\"><div class=\"vce-col-inner\" data-vce-element-content=\"true\" data-vce-do-apply=\"padding margin  el-7fe0201a\"><div class=\"vce-row-container\"><div class=\"vce-row vce-row--col-gap-30 vce-row-columns--top vce-row-content--top\" id=\"el-346c76de\" data-vce-do-apply=\"all el-346c76de\"><div class=\"vce-row-content\" data-vce-element-content=\"true\"><div class=\"vce-col vce-col--md-66-66p vce-col--xs-1 vce-col--xs-last vce-col--xs-first vce-col--sm-last vce-col--sm-first vce-col--md-first vce-col--lg-first vce-col--xl-first\" id=\"el-78ec2bb4\" data-vce-do-apply=\"background border el-78ec2bb4\"><div class=\"vce-col-inner\" data-vce-element-content=\"true\" data-vce-do-apply=\"padding margin  el-78ec2bb4\"><div class=\"vce-text-block\"><div class=\"vce-text-block-wrapper vce\" id=\"el-232729a2\" data-vce-do-apply=\"all el-232729a2\"><h2>5* hotell<\/h2><h4>Macao-halv\u00f6n<\/h4><ul><li><a href=\"https:\/\/www.grandlisboahotels.com\/en\/grandlisboa\" target=\"_blank\" rel=\"noopener\">GRAND LISBOA <\/a><\/li><li><a href=\"http:\/\/www.larcmacau.com\/index.php\/en\/\" target=\"_blank\" rel=\"noopener\">L'ARC HOTEL MACAU<\/a><\/li><li><a href=\"https:\/\/www.grandlapa.com\/\" target=\"_blank\" rel=\"noopener\">GRAND LAPA<\/a><\/li><\/ul><h4>Coloane<\/h4><ul><li><a href=\"https:\/\/www.grandcoloane.com\/\" target=\"_blank\" rel=\"noopener\">GRAND COLOANE RESORT<\/a><\/li><\/ul><\/div><\/div><\/div><\/div><div class=\"vce-col vce-col--md-33-34p vce-col--xs-1 vce-col--xs-last vce-col--xs-first vce-col--sm-last vce-col--sm-first vce-col--md-last vce-col--lg-last vce-col--xl-last\" id=\"el-06e7c133\" data-vce-do-apply=\"background border el-06e7c133\"><div class=\"vce-col-inner\" data-vce-element-content=\"true\" data-vce-do-apply=\"padding margin  el-06e7c133\"><div class=\"vce-single-image-container vce-single-image--align-left\"><div class=\"vce vce-single-image-wrapper\" id=\"el-9f591958\" data-vce-do-apply=\"all el-9f591958\"><figure><div class=\"vce-single-image-inner\"><img class=\"vce-single-image\" data-width=\"600\" data-height=\"400\"src=\"https:\/\/www.related.dk\/macao-tradekit\/wp-content\/uploads\/2018\/11\/eiffel_hori-600x400.jpg\" data-img-src=\"https:\/\/www.related.dk\/macao-tradekit\/wp-content\/uploads\/2018\/11\/eiffel_hori.jpg\" alt=\"\" title=\"eiffel_hori\"\/><\/div><\/figure><\/div><\/div><\/div><\/div><\/div><\/div><\/div><\/div><\/div><\/div><\/div><\/div>\n","protected":false},"excerpt":{"rendered":"<p>HOTELL UNIKA F\u00d6R MACAOUt\u00f6ver de internationella kedjorna finns \u00e4ven ett flertal ikoniska lyxhotell som \u00e4r unika f\u00f6r Macao.5* hotellMacao-halv\u00f6nGRAND LISBOA L&#8217;ARC HOTEL MACAUGRAND LAPAColoaneGRAND COLOANE RESORT<\/p>\n","protected":false},"author":2,"featured_media":0,"parent":1019,"menu_order":0,"comment_status":"closed","ping_status":"closed","template":"","meta":[],"_links":{"self":[{"href":"https:\/\/www.related.dk\/macao-tradekit\/wp-json\/wp\/v2\/pages\/1076"}],"collection":[{"href":"https:\/\/www.related.dk\/macao-tradekit\/wp-json\/wp\/v2\/pages"}],"about":[{"href":"https:\/\/www.related.dk\/macao-tradekit\/wp-json\/wp\/v2\/types\/page"}],"author":[{"embeddable":true,"href":"https:\/\/www.related.dk\/macao-tradekit\/wp-json\/wp\/v2\/users\/2"}],"replies":[{"embeddable":true,"href":"https:\/\/www.related.dk\/macao-tradekit\/wp-json\/wp\/v2\/comments?post=1076"}],"version-history":[{"count":6,"href":"https:\/\/www.related.dk\/macao-tradekit\/wp-json\/wp\/v2\/pages\/1076\/revisions"}],"predecessor-version":[{"id":1403,"href":"https:\/\/www.related.dk\/macao-tradekit\/wp-json\/wp\/v2\/pages\/1076\/revisions\/1403"}],"up":[{"embeddable":true,"href":"https:\/\/www.related.dk\/macao-tradekit\/wp-json\/wp\/v2\/pages\/1019"}],"wp:attachment":[{"href":"https:\/\/www.related.dk\/macao-tradekit\/wp-json\/wp\/v2\/media?parent=1076"}],"curies":[{"name":"wp","href":"https:\/\/api.w.org\/{rel}","templated":true}]}}