{"id":1062,"date":"2018-11-23T08:56:19","date_gmt":"2018-11-23T08:56:19","guid":{"rendered":"http:\/\/www.related.dk\/macao-tradekit\/yoepyminen\/kansainvaeliset-hotellibraendit\/"},"modified":"2018-12-13T19:39:25","modified_gmt":"2018-12-13T19:39:25","slug":"kansainvaeliset-hotellibraendit","status":"publish","type":"page","link":"https:\/\/www.related.dk\/macao-tradekit\/yoepyminen\/kansainvaeliset-hotellibraendit\/?lang=fi","title":{"rendered":"Kansainv\u00e4liset hotellibr\u00e4ndit"},"content":{"rendered":"<div class=\"vce-row-container\"><div class=\"vce-row vce-row--col-gap-30 vce-row-columns--top vce-row-content--top\" id=\"el-690a768a\" data-vce-do-apply=\"all el-690a768a\"><div class=\"vce-row-content\" data-vce-element-content=\"true\"><div class=\"vce-col vce-col--md-100p vce-col--xs-1 vce-col--xs-last vce-col--xs-first vce-col--sm-last vce-col--sm-first vce-col--md-last vce-col--lg-last vce-col--xl-last vce-col--md-first vce-col--lg-first vce-col--xl-first\" id=\"el-7273a3ae\" data-vce-do-apply=\"background border el-7273a3ae\"><div class=\"vce-col-inner\" data-vce-do-apply=\"padding margin  el-7273a3ae\" data-vce-element-content=\"true\"><section class=\"vce-hero-section-container vce-hero-section-media--xs vce-hero-section-media--sm\"><div class=\"vce vce-hero-section vce-hero-section--alignment-start\" id=\"el-800f42e4\" data-vce-do-apply=\"margin background border  el-800f42e4\"><div class=\"vce-hero-section--wrap-row vce-hero-section--background-position-center-center\" style='background-image: url(\"https:\/\/www.related.dk\/macao-tradekit\/wp-content\/uploads\/2018\/11\/Banner_12606_1_hotel3.jpg\");'><div class=\"vce-hero-section--wrap\"><div class=\"vce-hero-section--content\" data-vce-do-apply=\"padding el-800f42e4\"><div class=\"vce-hero-section--content-container\"><h1><strong>KANSAINV\u00c4LISET HOTELLIBR\u00c4NDIT<\/strong><\/h1><\/div><\/div><\/div><\/div><\/div><\/section><\/div><\/div><\/div><\/div><\/div><div class=\"vce-row-container\"><div class=\"vce-row vce-row--col-gap-30 vce-row-columns--top vce-row-content--top\" id=\"el-a260f0da\" data-vce-do-apply=\"all el-a260f0da\"><div class=\"vce-row-content\" data-vce-element-content=\"true\"><div class=\"vce-col vce-col--md-auto vce-col--xs-1 vce-col--xs-last vce-col--xs-first vce-col--sm-last vce-col--sm-first vce-col--md-last vce-col--lg-last vce-col--xl-last vce-col--md-first vce-col--lg-first vce-col--xl-first\" id=\"el-27648347\" data-vce-do-apply=\"background border el-27648347\"><div class=\"vce-col-inner\" data-vce-do-apply=\"padding margin  el-27648347\" data-vce-element-content=\"true\"><div class=\"vce-text-block\"><div class=\"vce-text-block-wrapper vce\" id=\"el-2999b30b\" data-vce-do-apply=\"all el-2999b30b\"><p>Macaoon on rantautunut my\u00f6s useita suuria resort- ja hotellibr\u00e4ndej\u00e4.<\/p><\/div><\/div><\/div><\/div><\/div><\/div><\/div><div class=\"vce-row-container\"><div class=\"vce-row vce-row--col-gap-30 vce-row-columns--top vce-row-content--top\" id=\"el-4e33942b\" data-vce-do-apply=\"all el-4e33942b\"><div class=\"vce-row-content\" data-vce-element-content=\"true\"><div class=\"vce-col vce-col--md-50p vce-col--xs-1 vce-col--xs-last vce-col--xs-first vce-col--sm-last vce-col--sm-first vce-col--md-first vce-col--lg-first vce-col--xl-first\" id=\"el-040fa854\" data-vce-do-apply=\"background border el-040fa854\"><div class=\"vce-col-inner\" data-vce-do-apply=\"padding margin  el-040fa854\" data-vce-element-content=\"true\"><div class=\"vce-text-block\"><div class=\"vce-text-block-wrapper vce\" id=\"el-fcf53e44\" data-vce-do-apply=\"all el-fcf53e44\"><h2>5 t\u00e4hden hotellit<\/h2><h4>Cotai<\/h4><ul><li><a href=\"https:\/\/www.fourseasons.com\/macau\/\" target=\"_blank\" rel=\"noopener\">FOUR SEASONS HOTEL<\/a><\/li><li><a href=\"https:\/\/www.venetianmacao.com\/\" target=\"_blank\" rel=\"noopener\">THE VENETIAN MACAO<\/a><\/li><li><a href=\"https:\/\/www.marriott.com\/hotels\/travel\/mfmjw-jw-marriott-hotel-macau\/\" target=\"_blank\" rel=\"noopener\">JW MARRIOTT HOTEL MACAU<\/a><\/li><li><a href=\"https:\/\/www.galaxymacau.com\/en\/\" target=\"_blank\" rel=\"noopener\">GALAXY HOTEL<\/a><\/li><li><a href=\"https:\/\/www.banyantree.com\/en\/china\/macau\" target=\"_blank\" rel=\"noopener\">BANYAN TREE MACAU<\/a><\/li><li><a href=\"http:\/\/www.ritzcarlton.com\/en\/hotels\/china\/macau\" target=\"_blank\" rel=\"noopener\">THE RITZ-CARLTON MACAU<\/a><\/li><li><a href=\"https:\/\/www.wynnpalace.com\/\" target=\"_blank\" rel=\"noopener\">WYNN PALACE<\/a><\/li><li><a href=\"https:\/\/www.hyatt.com\/en-US\/hotel\/china\/grand-hyatt-macau\/macgh\" target=\"_blank\" rel=\"noopener\">GRAND HYATT MACAU<\/a><\/li><li><a href=\"https:\/\/www.sandscotaicentral.com\/hotels\/st-regis-macao.html\" target=\"_blank\" rel=\"noopener\">ST. REGIS MACAU, COTAI CENTRAL<\/a><\/li><li><a href=\"https:\/\/www.mgm.mo\/en\/cotai\" target=\"_blank\" rel=\"noopener\">MGM COTAI<\/a><\/li><li><a href=\"https:\/\/www.cityofdreamsmacau.com\/en\/stay\/morpheus\/index.html\" target=\"_blank\" rel=\"noopener\">CITY OF DREAMS \u201cMORPHEUS\u201d<\/a><\/li><\/ul><h4>Macaon niemimaa<\/h4><ul><li><a href=\"http:\/\/www.sofitelmacau.com\/\" target=\"_blank\" rel=\"noopener\">SOFITEL MACAU AT PONTE 16<\/a><\/li><li><a href=\"https:\/\/www.wynnmacau.com\" target=\"_blank\" rel=\"noopener\">WYNN MACAU<\/a><\/li><li><a href=\"https:\/\/www.mgm.mo\/en\" target=\"_blank\" rel=\"noopener\">MGM MACAU<\/a><\/li><li><a href=\"https:\/\/www.starworldmacau.com\/\" target=\"_blank\" rel=\"noopener\">STARWORLD HOTEL<\/a><\/li><li><a href=\"https:\/\/www.mandarinoriental.com\/macau\/one-central\/luxury-hotel\" target=\"_blank\" rel=\"noopener\">MANDARIN ORIENTAL MACAU<\/a><\/li><li><a href=\"https:\/\/www.ihg.com\/crowneplaza\/hotels\/us\/en\/macau\/mfmcp\/hoteldetail\" target=\"_blank\" rel=\"noopener\">CROWNE PLAZA MACAU<\/a><\/li><\/ul><h4>Taipa<\/h4><ul><li><a href=\"http:\/\/www.regencyarthotel.com.mo\/\" target=\"_blank\" rel=\"noopener\">REGENCY ART HOTEL<\/a><\/li><\/ul><\/div><\/div><\/div><\/div><div class=\"vce-col vce-col--md-50p vce-col--xs-1 vce-col--xs-last vce-col--xs-first vce-col--sm-last vce-col--sm-first vce-col--md-last vce-col--lg-last vce-col--xl-last\" id=\"el-f1a9d1d1\" data-vce-do-apply=\"background border el-f1a9d1d1\"><div class=\"vce-col-inner\" data-vce-do-apply=\"padding margin  el-f1a9d1d1\" data-vce-element-content=\"true\"><div class=\"vce-text-block\"><div class=\"vce-text-block-wrapper vce\" id=\"el-02757a02\" data-vce-do-apply=\"all el-02757a02\"><h2>4 t\u00e4hden hotellit<\/h2><h4>Cotai<\/h4><ul><li><a href=\"https:\/\/www.ihg.com\/holidayinn\/hotels\/gb\/en\/macau\/mfmma\/hoteldetail\" target=\"_blank\" rel=\"noopener\">HOLIDAY INN MACAO, COTAI CENTRAL<\/a><\/li><\/ul><h4>Macaon niemimaa<\/h4><ul><li><a href=\"https:\/\/www.ihg.com\/holidayinn\/hotels\/us\/en\/macau\/qmpch\/hoteldetail\" target=\"_blank\" rel=\"noopener\">HOLIDAY INN MACAO<\/a><\/li><li><a href=\"https:\/\/www.the-ascott.com\/china\/macau\/ascott-macau\/index.html\" target=\"_blank\" rel=\"noopener\">ASCOTT MACAO<\/a><\/li><\/ul><\/div><\/div><div class=\"vce-single-image-container vce-single-image--align-left\"><div class=\"vce vce-single-image-wrapper\" id=\"el-900023e4\" data-vce-do-apply=\"all el-900023e4\"><figure><div class=\"vce-single-image-inner\"><img class=\"vce-single-image\" data-width=\"600\" data-height=\"400\"src=\"https:\/\/www.related.dk\/macao-tradekit\/wp-content\/uploads\/2018\/12\/MGM-2-1-600x400.jpg\" data-img-src=\"https:\/\/www.related.dk\/macao-tradekit\/wp-content\/uploads\/2018\/11\/MGM-2-1.jpg\" alt=\"\" title=\"MGM 2\"\/><\/div><\/figure><\/div><\/div><\/div><\/div><\/div><\/div><\/div>\n","protected":false},"excerpt":{"rendered":"<p>KANSAINV\u00c4LISET HOTELLIBR\u00c4NDITMacaoon on rantautunut my\u00f6s useita suuria resort- ja hotellibr\u00e4ndej\u00e4.5 t\u00e4hden hotellitCotaiFOUR SEASONS HOTELTHE VENETIAN MACAOJW MARRIOTT HOTEL MACAUGALAXY HOTELBANYAN TREE MACAUTHE RITZ-CARLTON MACAUWYNN PALACEGRAND HYATT MACAUST. REGIS MACAU, COTAI CENTRALMGM COTAICITY OF DREAMS \u201cMORPHEUS\u201dMacaon niemimaaSOFITEL MACAU AT PONTE 16WYNN MACAUMGM MACAUSTARWORLD HOTELMANDARIN ORIENTAL MACAUCROWNE PLAZA MACAUTaipaREGENCY ART HOTEL4 t\u00e4hden hotellitCotaiHOLIDAY INN MACAO, COTAI CENTRALMacaon &hellip; <\/p>\n<p class=\"link-more\"><a href=\"https:\/\/www.related.dk\/macao-tradekit\/yoepyminen\/kansainvaeliset-hotellibraendit\/?lang=fi\" class=\"more-link\">L\u00e6s videre<span class=\"screen-reader-text\"> &#8220;Kansainv\u00e4liset hotellibr\u00e4ndit&#8221;<\/span><\/a><\/p>\n","protected":false},"author":2,"featured_media":0,"parent":1013,"menu_order":0,"comment_status":"closed","ping_status":"closed","template":"","meta":[],"_links":{"self":[{"href":"https:\/\/www.related.dk\/macao-tradekit\/wp-json\/wp\/v2\/pages\/1062"}],"collection":[{"href":"https:\/\/www.related.dk\/macao-tradekit\/wp-json\/wp\/v2\/pages"}],"about":[{"href":"https:\/\/www.related.dk\/macao-tradekit\/wp-json\/wp\/v2\/types\/page"}],"author":[{"embeddable":true,"href":"https:\/\/www.related.dk\/macao-tradekit\/wp-json\/wp\/v2\/users\/2"}],"replies":[{"embeddable":true,"href":"https:\/\/www.related.dk\/macao-tradekit\/wp-json\/wp\/v2\/comments?post=1062"}],"version-history":[{"count":10,"href":"https:\/\/www.related.dk\/macao-tradekit\/wp-json\/wp\/v2\/pages\/1062\/revisions"}],"predecessor-version":[{"id":1454,"href":"https:\/\/www.related.dk\/macao-tradekit\/wp-json\/wp\/v2\/pages\/1062\/revisions\/1454"}],"up":[{"embeddable":true,"href":"https:\/\/www.related.dk\/macao-tradekit\/wp-json\/wp\/v2\/pages\/1013"}],"wp:attachment":[{"href":"https:\/\/www.related.dk\/macao-tradekit\/wp-json\/wp\/v2\/media?parent=1062"}],"curies":[{"name":"wp","href":"https:\/\/api.w.org\/{rel}","templated":true}]}}