{"id":1051,"date":"2018-11-23T08:52:06","date_gmt":"2018-11-23T08:52:06","guid":{"rendered":"http:\/\/www.related.dk\/macao-tradekit\/bilder-og-video\/"},"modified":"2018-11-23T10:48:44","modified_gmt":"2018-11-23T10:48:44","slug":"bilder-og-video","status":"publish","type":"page","link":"https:\/\/www.related.dk\/macao-tradekit\/bilder-og-video\/?lang=no","title":{"rendered":"Bilder og video"},"content":{"rendered":"<div class=\"vce-row-container\"><div class=\"vce-row vce-row--col-gap-30 vce-row-columns--top vce-row-content--top\" id=\"el-dea6336f\" data-vce-do-apply=\"all el-dea6336f\"><div class=\"vce-row-content\" data-vce-element-content=\"true\"><div class=\"vce-col vce-col--md-100p vce-col--xs-1 vce-col--xs-last vce-col--xs-first vce-col--sm-last vce-col--sm-first vce-col--md-last vce-col--lg-last vce-col--xl-last vce-col--md-first vce-col--lg-first vce-col--xl-first\" id=\"el-dd4c2603\" data-vce-do-apply=\"background border el-dd4c2603\"><div class=\"vce-col-inner\" data-vce-element-content=\"true\" data-vce-do-apply=\"padding margin  el-dd4c2603\"><section class=\"vce-hero-section-container vce-hero-section-media--xs vce-hero-section-media--sm vce-hero-section-media--md vce-hero-section-media--lg\"><div class=\"vce vce-hero-section vce-hero-section--alignment-start\" id=\"el-eba53e91\" data-vce-do-apply=\"margin background border  el-eba53e91\"><div class=\"vce-hero-section--wrap-row vce-hero-section--background-position-center-center\" style=\"background-image: url('https:\/\/www.related.dk\/macao-tradekit\/wp-content\/uploads\/2018\/11\/Banner_MTB_Jacob_Photo-0024_Billeder.jpg');\"><div class=\"vce-hero-section--wrap\"><div class=\"vce-hero-section--content\" data-vce-do-apply=\"padding el-eba53e91\"><div class=\"vce-hero-section--content-container\"><h1><strong>BILDER OG VIDEO<\/strong><\/h1><\/div><\/div><\/div><\/div><\/div><\/section><\/div><\/div><\/div><\/div><\/div><div class=\"vce-row-container\"><div class=\"vce-row vce-row--col-gap-30 vce-row-columns--top vce-row-content--top\" id=\"el-ff9d93b0\" data-vce-do-apply=\"all el-ff9d93b0\"><div class=\"vce-row-content\" data-vce-element-content=\"true\"><div class=\"vce-col vce-col--md-100p vce-col--xs-1 vce-col--xs-last vce-col--xs-first vce-col--sm-last vce-col--sm-first vce-col--md-last vce-col--lg-last vce-col--xl-last vce-col--md-first vce-col--lg-first vce-col--xl-first\" id=\"el-acd871c5\" data-vce-do-apply=\"background border el-acd871c5\"><div class=\"vce-col-inner\" data-vce-element-content=\"true\" data-vce-do-apply=\"padding margin  el-acd871c5\"><div class=\"vce-text-block\"><div class=\"vce-text-block-wrapper vce\" id=\"el-6cebd4f9\" data-vce-do-apply=\"all el-6cebd4f9\"><h2>Bilder<\/h2><p>Innholdet i denne bransjepakken (tekst, bilder og videoer) kan fritt anvendes av norske reisebyr\u00e5er, turoperat\u00f8rer og andre akt\u00f8rer i reisebransjen som \u00f8nsker \u00e5 promotere Macao som reisem\u00e5l \u2013 for eksempel p\u00e5 sosiale medier, nettsteder, i brosjyrer og i andre markedsf\u00f8ringsmaterialer.<\/p><p>Bilder skal krediteres Macao Goverment Tourism Office.<\/p><p>Kontakt Related hvis du er i tvil.<\/p><\/div><\/div><\/div><\/div><\/div><\/div><\/div><div class=\"vce-row-container\"><div class=\"vce-row vce-row--col-gap-30 vce-row-columns--top vce-row-content--top\" id=\"el-3e9d64f1\" data-vce-do-apply=\"all el-3e9d64f1\"><div class=\"vce-row-content\" data-vce-element-content=\"true\"><div class=\"vce-col vce-col--md-100p vce-col--xs-1 vce-col--xs-last vce-col--xs-first vce-col--sm-last vce-col--sm-first vce-col--md-last vce-col--lg-last vce-col--xl-last vce-col--md-first vce-col--lg-first vce-col--xl-first\" id=\"el-ed651129\" data-vce-do-apply=\"background border el-ed651129\"><div class=\"vce-col-inner\" data-vce-element-content=\"true\" data-vce-do-apply=\"padding margin  el-ed651129\"><div class=\"vce-image-gallery vce-image-gallery--gap-10 vce-image-gallery--columns-3\"><div class=\"vce-image-gallery-wrapper vce\" id=\"el-affb74b5\" data-vce-do-apply=\"all el-affb74b5\"><div class=\"vce-image-gallery-list\"><div class=\"vce-image-gallery-item\"><figure class=\"vce-image-gallery-item-inner-wrapper\"><a href=\"https:\/\/www.related.dk\/macao-tradekit\/wp-content\/uploads\/2018\/11\/Senado-Square.jpg\" data-lightbox=\"lightbox-affb74b5\" class=\"vce-image-gallery-item-inner\"><img decoding=\"async\" class=\"vce-image-gallery-img\" src=\"https:\/\/www.related.dk\/macao-tradekit\/wp-content\/uploads\/2018\/11\/Senado-Square-1024x683.jpg\" alt=\"\" title=\"Senado Square\"><\/a><\/figure><\/div><div class=\"vce-image-gallery-item\"><figure class=\"vce-image-gallery-item-inner-wrapper\"><a href=\"https:\/\/www.related.dk\/macao-tradekit\/wp-content\/uploads\/2018\/11\/Guia-Fortress-from-above.jpg\" data-lightbox=\"lightbox-affb74b5\" class=\"vce-image-gallery-item-inner\"><img decoding=\"async\" class=\"vce-image-gallery-img\" src=\"https:\/\/www.related.dk\/macao-tradekit\/wp-content\/uploads\/2018\/11\/Guia-Fortress-from-above-1024x590.jpg\" alt=\"\" title=\"Guia Fortress from above\"><\/a><\/figure><\/div><div class=\"vce-image-gallery-item\"><figure class=\"vce-image-gallery-item-inner-wrapper\"><a href=\"https:\/\/www.related.dk\/macao-tradekit\/wp-content\/uploads\/2018\/11\/Macao_busy-street-1.jpg\" data-lightbox=\"lightbox-affb74b5\" class=\"vce-image-gallery-item-inner\"><img decoding=\"async\" class=\"vce-image-gallery-img\" src=\"https:\/\/www.related.dk\/macao-tradekit\/wp-content\/uploads\/2018\/11\/Macao_busy-street-1-1024x683.jpg\" alt=\"\" title=\"Macao_busy street\"><\/a><\/figure><\/div><div class=\"vce-image-gallery-item\"><figure class=\"vce-image-gallery-item-inner-wrapper\"><a href=\"https:\/\/www.related.dk\/macao-tradekit\/wp-content\/uploads\/2018\/11\/A-Ma-Temple_inside.jpg\" data-lightbox=\"lightbox-affb74b5\" class=\"vce-image-gallery-item-inner\"><img decoding=\"async\" class=\"vce-image-gallery-img vce-image-gallery-img--orientation-portrait\" src=\"https:\/\/www.related.dk\/macao-tradekit\/wp-content\/uploads\/2018\/11\/A-Ma-Temple_inside-683x1024.jpg\" alt=\"\" title=\"A-Ma Temple_inside\"><\/a><\/figure><\/div><div class=\"vce-image-gallery-item\"><figure class=\"vce-image-gallery-item-inner-wrapper\"><a href=\"https:\/\/www.related.dk\/macao-tradekit\/wp-content\/uploads\/2018\/11\/The-strip.jpg\" data-lightbox=\"lightbox-affb74b5\" class=\"vce-image-gallery-item-inner\"><img decoding=\"async\" class=\"vce-image-gallery-img\" src=\"https:\/\/www.related.dk\/macao-tradekit\/wp-content\/uploads\/2018\/11\/The-strip-1024x683.jpg\" alt=\"\" title=\"The strip\"><\/a><\/figure><\/div><div class=\"vce-image-gallery-item\"><figure class=\"vce-image-gallery-item-inner-wrapper\"><a href=\"https:\/\/www.related.dk\/macao-tradekit\/wp-content\/uploads\/2018\/11\/A-Ma-Temple.jpg\" data-lightbox=\"lightbox-affb74b5\" class=\"vce-image-gallery-item-inner\"><img decoding=\"async\" class=\"vce-image-gallery-img\" src=\"https:\/\/www.related.dk\/macao-tradekit\/wp-content\/uploads\/2018\/11\/A-Ma-Temple-1024x683.jpg\" alt=\"\" title=\"A-Ma Temple\"><\/a><\/figure><\/div><div class=\"vce-image-gallery-item\"><figure class=\"vce-image-gallery-item-inner-wrapper\"><a href=\"https:\/\/www.related.dk\/macao-tradekit\/wp-content\/uploads\/2018\/11\/Chapel-of-Our-Lady-of-Penha.jpg\" data-lightbox=\"lightbox-affb74b5\" class=\"vce-image-gallery-item-inner\"><img decoding=\"async\" class=\"vce-image-gallery-img\" src=\"https:\/\/www.related.dk\/macao-tradekit\/wp-content\/uploads\/2018\/11\/Chapel-of-Our-Lady-of-Penha-1024x520.jpg\" alt=\"\" title=\"Chapel of Our Lady of Penha\"><\/a><\/figure><\/div><div class=\"vce-image-gallery-item\"><figure class=\"vce-image-gallery-item-inner-wrapper\"><a href=\"https:\/\/www.related.dk\/macao-tradekit\/wp-content\/uploads\/2018\/11\/Cotai_Parisian.jpg\" data-lightbox=\"lightbox-affb74b5\" class=\"vce-image-gallery-item-inner\"><img decoding=\"async\" class=\"vce-image-gallery-img\" src=\"https:\/\/www.related.dk\/macao-tradekit\/wp-content\/uploads\/2018\/11\/Cotai_Parisian-1024x683.jpg\" alt=\"\" title=\"Cotai_Parisian\"><\/a><\/figure><\/div><div class=\"vce-image-gallery-item\"><figure class=\"vce-image-gallery-item-inner-wrapper\"><a href=\"https:\/\/www.related.dk\/macao-tradekit\/wp-content\/uploads\/2018\/11\/Macao_Skyline.jpg\" data-lightbox=\"lightbox-affb74b5\" class=\"vce-image-gallery-item-inner\"><img decoding=\"async\" class=\"vce-image-gallery-img\" src=\"https:\/\/www.related.dk\/macao-tradekit\/wp-content\/uploads\/2018\/11\/Macao_Skyline-1024x683.jpg\" alt=\"\" title=\"Macao_Skyline\"><\/a><\/figure><\/div><div class=\"vce-image-gallery-item\"><figure class=\"vce-image-gallery-item-inner-wrapper\"><a href=\"https:\/\/www.related.dk\/macao-tradekit\/wp-content\/uploads\/2018\/11\/Food.jpg\" data-lightbox=\"lightbox-affb74b5\" class=\"vce-image-gallery-item-inner\"><img decoding=\"async\" class=\"vce-image-gallery-img\" src=\"https:\/\/www.related.dk\/macao-tradekit\/wp-content\/uploads\/2018\/11\/Food-1024x683.jpg\" alt=\"\" title=\"Food\"><\/a><\/figure><\/div><div class=\"vce-image-gallery-item\"><figure class=\"vce-image-gallery-item-inner-wrapper\"><a href=\"https:\/\/www.related.dk\/macao-tradekit\/wp-content\/uploads\/2018\/11\/Guia-Fortress.jpg\" data-lightbox=\"lightbox-affb74b5\" class=\"vce-image-gallery-item-inner\"><img decoding=\"async\" class=\"vce-image-gallery-img vce-image-gallery-img--orientation-portrait\" src=\"https:\/\/www.related.dk\/macao-tradekit\/wp-content\/uploads\/2018\/11\/Guia-Fortress-683x1024.jpg\" alt=\"\" title=\"Guia Fortress\"><\/a><\/figure><\/div><div class=\"vce-image-gallery-item\"><figure class=\"vce-image-gallery-item-inner-wrapper\"><a href=\"https:\/\/www.related.dk\/macao-tradekit\/wp-content\/uploads\/2018\/11\/Lou-Lim-Ieoc-Garden.jpg\" data-lightbox=\"lightbox-affb74b5\" class=\"vce-image-gallery-item-inner\"><img decoding=\"async\" class=\"vce-image-gallery-img\" src=\"https:\/\/www.related.dk\/macao-tradekit\/wp-content\/uploads\/2018\/11\/Lou-Lim-Ieoc-Garden-1024x575.jpg\" alt=\"\" title=\"Lou Lim Ieoc Garden\"><\/a><\/figure><\/div><div class=\"vce-image-gallery-item\"><figure class=\"vce-image-gallery-item-inner-wrapper\"><a href=\"https:\/\/www.related.dk\/macao-tradekit\/wp-content\/uploads\/2018\/11\/Macao-International-Parade_1.jpg\" data-lightbox=\"lightbox-affb74b5\" class=\"vce-image-gallery-item-inner\"><img decoding=\"async\" class=\"vce-image-gallery-img\" src=\"https:\/\/www.related.dk\/macao-tradekit\/wp-content\/uploads\/2018\/11\/Macao-International-Parade_1-1024x683.jpg\" alt=\"\" title=\"Macao International Parade_1\"><\/a><\/figure><\/div><div class=\"vce-image-gallery-item\"><figure class=\"vce-image-gallery-item-inner-wrapper\"><a href=\"https:\/\/www.related.dk\/macao-tradekit\/wp-content\/uploads\/2018\/11\/Macao-International-Parade_2.jpg\" data-lightbox=\"lightbox-affb74b5\" class=\"vce-image-gallery-item-inner\"><img decoding=\"async\" class=\"vce-image-gallery-img\" src=\"https:\/\/www.related.dk\/macao-tradekit\/wp-content\/uploads\/2018\/11\/Macao-International-Parade_2-1024x683.jpg\" alt=\"\" title=\"Macao International Parade_2\"><\/a><\/figure><\/div><div class=\"vce-image-gallery-item\"><figure class=\"vce-image-gallery-item-inner-wrapper\"><a href=\"https:\/\/www.related.dk\/macao-tradekit\/wp-content\/uploads\/2018\/11\/Taipa-Houses.jpg\" data-lightbox=\"lightbox-affb74b5\" class=\"vce-image-gallery-item-inner\"><img decoding=\"async\" class=\"vce-image-gallery-img\" src=\"https:\/\/www.related.dk\/macao-tradekit\/wp-content\/uploads\/2018\/11\/Taipa-Houses-1024x683.jpg\" alt=\"\" title=\"Taipa Houses\"><\/a><\/figure><\/div><div class=\"vce-image-gallery-item\"><figure class=\"vce-image-gallery-item-inner-wrapper\"><a href=\"https:\/\/www.related.dk\/macao-tradekit\/wp-content\/uploads\/2018\/11\/The-Chapel-of-St.-Francis-Xavier-Coloane.jpg\" data-lightbox=\"lightbox-affb74b5\" class=\"vce-image-gallery-item-inner\"><img decoding=\"async\" class=\"vce-image-gallery-img vce-image-gallery-img--orientation-portrait\" src=\"https:\/\/www.related.dk\/macao-tradekit\/wp-content\/uploads\/2018\/11\/The-Chapel-of-St.-Francis-Xavier-Coloane-683x1024.jpg\" alt=\"\" title=\"The Chapel of St. Francis Xavier, Coloane\"><\/a><\/figure><\/div><div class=\"vce-image-gallery-item\"><figure class=\"vce-image-gallery-item-inner-wrapper\"><a href=\"https:\/\/www.related.dk\/macao-tradekit\/wp-content\/uploads\/2018\/11\/The-House-of-Dancing-Water.jpg\" data-lightbox=\"lightbox-affb74b5\" class=\"vce-image-gallery-item-inner\"><img decoding=\"async\" class=\"vce-image-gallery-img\" src=\"https:\/\/www.related.dk\/macao-tradekit\/wp-content\/uploads\/2018\/11\/The-House-of-Dancing-Water-1024x683.jpg\" alt=\"\" title=\"The House of Dancing Water\"><\/a><\/figure><\/div><div class=\"vce-image-gallery-item\"><figure class=\"vce-image-gallery-item-inner-wrapper\"><a href=\"https:\/\/www.related.dk\/macao-tradekit\/wp-content\/uploads\/2018\/11\/Macao_Streetfood.jpg\" data-lightbox=\"lightbox-affb74b5\" class=\"vce-image-gallery-item-inner\"><img decoding=\"async\" class=\"vce-image-gallery-img\" src=\"https:\/\/www.related.dk\/macao-tradekit\/wp-content\/uploads\/2018\/11\/Macao_Streetfood-1024x683.jpg\" alt=\"\" title=\"Macao_Streetfood\"><\/a><\/figure><\/div><div class=\"vce-image-gallery-item\"><figure class=\"vce-image-gallery-item-inner-wrapper\"><a href=\"https:\/\/www.related.dk\/macao-tradekit\/wp-content\/uploads\/2018\/11\/Macao_Bakery.jpg\" data-lightbox=\"lightbox-affb74b5\" class=\"vce-image-gallery-item-inner\"><img decoding=\"async\" class=\"vce-image-gallery-img\" src=\"https:\/\/www.related.dk\/macao-tradekit\/wp-content\/uploads\/2018\/11\/Macao_Bakery-1024x683.jpg\" alt=\"\" title=\"Macao_Bakery\"><\/a><\/figure><\/div><div class=\"vce-image-gallery-item\"><figure class=\"vce-image-gallery-item-inner-wrapper\"><a href=\"https:\/\/www.related.dk\/macao-tradekit\/wp-content\/uploads\/2018\/11\/Cotai.jpg\" data-lightbox=\"lightbox-affb74b5\" class=\"vce-image-gallery-item-inner\"><img decoding=\"async\" class=\"vce-image-gallery-img vce-image-gallery-img--orientation-portrait\" src=\"https:\/\/www.related.dk\/macao-tradekit\/wp-content\/uploads\/2018\/11\/Cotai-819x1024.jpg\" alt=\"\" title=\"Cotai\"><\/a><\/figure><\/div><div class=\"vce-image-gallery-item\"><figure class=\"vce-image-gallery-item-inner-wrapper\"><a href=\"https:\/\/www.related.dk\/macao-tradekit\/wp-content\/uploads\/2018\/11\/Temple-experience.jpg\" data-lightbox=\"lightbox-affb74b5\" class=\"vce-image-gallery-item-inner\"><img decoding=\"async\" class=\"vce-image-gallery-img vce-image-gallery-img--orientation-portrait\" src=\"https:\/\/www.related.dk\/macao-tradekit\/wp-content\/uploads\/2018\/11\/Temple-experience-683x1024.jpg\" alt=\"\" title=\"Temple experience\"><\/a><\/figure><\/div><\/div><\/div><\/div><\/div><\/div><\/div><\/div><\/div><div class=\"vce-row-container\"><div class=\"vce-row vce-row--col-gap-30 vce-row-columns--top vce-row-content--top\" id=\"el-0bcab9ae\" data-vce-do-apply=\"all el-0bcab9ae\"><div class=\"vce-row-content\" data-vce-element-content=\"true\"><div class=\"vce-col vce-col--md-100p vce-col--xs-1 vce-col--xs-last vce-col--xs-first vce-col--sm-last vce-col--sm-first vce-col--md-last vce-col--lg-last vce-col--xl-last vce-col--md-first vce-col--lg-first vce-col--xl-first\" id=\"el-f3b24837\" data-vce-do-apply=\"background border el-f3b24837\"><div class=\"vce-col-inner\" data-vce-element-content=\"true\" data-vce-do-apply=\"padding margin  el-f3b24837\"><div class=\"vce-text-block\"><div class=\"vce-text-block-wrapper vce\" id=\"el-5b01dc19\" data-vce-do-apply=\"all el-5b01dc19\"><h2>Video<\/h2><\/div><\/div><\/div><\/div><\/div><\/div><\/div><div class=\"vce-row-container\"><div class=\"vce-row vce-row--col-gap-30 vce-row-columns--top vce-row-content--top\" id=\"el-2633f984\" data-vce-do-apply=\"all el-2633f984\"><div class=\"vce-row-content\" data-vce-element-content=\"true\"><div class=\"vce-col vce-col--md-50p vce-col--xs-1 vce-col--xs-last vce-col--xs-first vce-col--sm-last vce-col--sm-first vce-col--md-first vce-col--lg-first vce-col--xl-first\" id=\"el-54d82558\" data-vce-do-apply=\"background border el-54d82558\"><div class=\"vce-col-inner\" data-vce-element-content=\"true\" data-vce-do-apply=\"padding margin  el-54d82558\"><div class=\"vce-text-block\"><div class=\"vce-text-block-wrapper vce\" id=\"el-1ec82a24\" data-vce-do-apply=\"all el-1ec82a24\"><p>1 min. video<\/p><\/div><\/div><div class=\"vce-yt-video-player vce-yt-video-player--align-left vce-yt-video-player--size-560x315\"><div class=\"vce vce-yt-video-player-wrapper\" id=\"el-8db4944d\" data-vce-do-apply=\"all el-8db4944d\" style=\"width: 560px;\"><div class=\"vce-yt-video-player-inner\"><iframe loading=\"lazy\" class=\"vce-yt-video-player-iframe\" src=\"https:\/\/www.youtube.com\/embed\/QiaTS7hUSKU?autoplay=0&amp;color=red&amp;controls=2&amp;loop=0&amp;rel=0&amp;start=0&amp;cc_load_policy=0&amp;iv_load_policy=3\" width=\"640\" height=\"390\" frameborder=\"0\" allowfullscreen=\"\"><\/iframe><\/div><\/div><\/div><\/div><\/div><div class=\"vce-col vce-col--md-50p vce-col--xs-1 vce-col--xs-last vce-col--xs-first vce-col--sm-last vce-col--sm-first vce-col--md-last vce-col--lg-last vce-col--xl-last\" id=\"el-d2c2e834\" data-vce-do-apply=\"background border el-d2c2e834\"><div class=\"vce-col-inner\" data-vce-element-content=\"true\" data-vce-do-apply=\"padding margin  el-d2c2e834\"><div class=\"vce-text-block\"><div class=\"vce-text-block-wrapper vce\" id=\"el-9909f6f1\" data-vce-do-apply=\"all el-9909f6f1\"><p>3 min. video<\/p><\/div><\/div><div class=\"vce-yt-video-player vce-yt-video-player--align-left vce-yt-video-player--size-560x315\"><div class=\"vce vce-yt-video-player-wrapper\" id=\"el-d441dbbf\" data-vce-do-apply=\"all el-d441dbbf\" style=\"width: 560px;\"><div class=\"vce-yt-video-player-inner\"><iframe loading=\"lazy\" class=\"vce-yt-video-player-iframe\" src=\"https:\/\/www.youtube.com\/embed\/J7BUEx8_cqM?autoplay=0&amp;color=red&amp;controls=2&amp;loop=0&amp;rel=0&amp;start=0&amp;cc_load_policy=0&amp;iv_load_policy=3\" width=\"640\" height=\"390\" frameborder=\"0\" allowfullscreen=\"\"><\/iframe><\/div><\/div><\/div><\/div><\/div><\/div><\/div><\/div>\n","protected":false},"excerpt":{"rendered":"<p>BILDER OG VIDEOBilderInnholdet i denne bransjepakken (tekst, bilder og videoer) kan fritt anvendes av norske reisebyr\u00e5er, turoperat\u00f8rer og andre akt\u00f8rer i reisebransjen som \u00f8nsker \u00e5 promotere Macao som reisem\u00e5l \u2013 for eksempel p\u00e5 sosiale medier, nettsteder, i brosjyrer og i andre markedsf\u00f8ringsmaterialer.Bilder skal krediteres Macao Goverment Tourism Office.Kontakt Related hvis du er i tvil.Video1 min. &hellip; <\/p>\n<p class=\"link-more\"><a href=\"https:\/\/www.related.dk\/macao-tradekit\/bilder-og-video\/?lang=no\" class=\"more-link\">L\u00e6s videre<span class=\"screen-reader-text\"> &#8220;Bilder og video&#8221;<\/span><\/a><\/p>\n","protected":false},"author":2,"featured_media":0,"parent":0,"menu_order":0,"comment_status":"closed","ping_status":"closed","template":"","meta":[],"_links":{"self":[{"href":"https:\/\/www.related.dk\/macao-tradekit\/wp-json\/wp\/v2\/pages\/1051"}],"collection":[{"href":"https:\/\/www.related.dk\/macao-tradekit\/wp-json\/wp\/v2\/pages"}],"about":[{"href":"https:\/\/www.related.dk\/macao-tradekit\/wp-json\/wp\/v2\/types\/page"}],"author":[{"embeddable":true,"href":"https:\/\/www.related.dk\/macao-tradekit\/wp-json\/wp\/v2\/users\/2"}],"replies":[{"embeddable":true,"href":"https:\/\/www.related.dk\/macao-tradekit\/wp-json\/wp\/v2\/comments?post=1051"}],"version-history":[{"count":4,"href":"https:\/\/www.related.dk\/macao-tradekit\/wp-json\/wp\/v2\/pages\/1051\/revisions"}],"predecessor-version":[{"id":1244,"href":"https:\/\/www.related.dk\/macao-tradekit\/wp-json\/wp\/v2\/pages\/1051\/revisions\/1244"}],"wp:attachment":[{"href":"https:\/\/www.related.dk\/macao-tradekit\/wp-json\/wp\/v2\/media?parent=1051"}],"curies":[{"name":"wp","href":"https:\/\/api.w.org\/{rel}","templated":true}]}}